{"id":9353,"date":"2022-09-13T16:36:15","date_gmt":"2022-09-13T14:36:15","guid":{"rendered":"https:\/\/sc.informatik.rwth-aachen.de\/?page_id=9353"},"modified":"2023-11-06T06:35:09","modified_gmt":"2023-11-06T05:35:09","slug":"einfuhrung-in-die-informatik","status":"publish","type":"page","link":"https:\/\/sc.informatik.rwth-aachen.de\/en\/lehre\/einfuhrung-in-die-informatik\/","title":{"rendered":"Einf\u00fchrung in die Informatik (Winter 22\/23)"},"content":{"rendered":"<div data-elementor-type=\"wp-page\" data-elementor-id=\"9353\" class=\"elementor elementor-9353\" data-elementor-post-type=\"page\">\n\t\t\t\t\t\t<section class=\"elementor-section elementor-top-section elementor-element elementor-element-668aba0 elementor-section-height-min-height elementor-section-boxed elementor-section-height-default elementor-section-items-middle\" data-id=\"668aba0\" data-element_type=\"section\" data-e-type=\"section\" data-settings=\"{&quot;background_background&quot;:&quot;classic&quot;}\">\n\t\t\t\t\t\t\t<div class=\"elementor-background-overlay\"><\/div>\n\t\t\t\t\t\t\t<div class=\"elementor-container elementor-column-gap-default\">\n\t\t\t\t\t<div class=\"elementor-column elementor-col-100 elementor-top-column elementor-element elementor-element-6c76dc2\" data-id=\"6c76dc2\" data-element_type=\"column\" data-e-type=\"column\">\n\t\t\t<div class=\"elementor-widget-wrap\">\n\t\t\t\t\t\t\t<\/div>\n\t\t<\/div>\n\t\t\t\t\t<\/div>\n\t\t<\/section>\n\t\t\t\t<section class=\"elementor-section elementor-top-section elementor-element elementor-element-9be3f3e elementor-reverse-mobile elementor-section-boxed elementor-section-height-default elementor-section-height-default\" data-id=\"9be3f3e\" data-element_type=\"section\" data-e-type=\"section\">\n\t\t\t\t\t\t<div class=\"elementor-container elementor-column-gap-wide\">\n\t\t\t\t\t<div class=\"elementor-column elementor-col-50 elementor-top-column elementor-element elementor-element-8163f10\" data-id=\"8163f10\" data-element_type=\"column\" data-e-type=\"column\">\n\t\t\t<div class=\"elementor-widget-wrap elementor-element-populated\">\n\t\t\t\t\t\t<div class=\"elementor-element elementor-element-566dfb0 elementor-widget elementor-widget-heading\" data-id=\"566dfb0\" data-element_type=\"widget\" data-e-type=\"widget\" data-widget_type=\"heading.default\">\n\t\t\t\t<div class=\"elementor-widget-container\">\n\t\t\t\t\t<h1 class=\"elementor-heading-title elementor-size-default\">Introduction to computer science<\/h1>\t\t\t\t<\/div>\n\t\t\t\t<\/div>\n\t\t\t\t<div class=\"elementor-element elementor-element-bc8a34d elementor-widget elementor-widget-heading\" data-id=\"bc8a34d\" data-element_type=\"widget\" data-e-type=\"widget\" data-widget_type=\"heading.default\">\n\t\t\t\t<div class=\"elementor-widget-container\">\n\t\t\t\t\t<h3 class=\"elementor-heading-title elementor-size-default\">Winter 2022\/2023<\/h3>\t\t\t\t<\/div>\n\t\t\t\t<\/div>\n\t\t\t\t<div class=\"elementor-element elementor-element-e28f044 elementor-widget elementor-widget-spacer\" data-id=\"e28f044\" data-element_type=\"widget\" data-e-type=\"widget\" data-widget_type=\"spacer.default\">\n\t\t\t\t<div class=\"elementor-widget-container\">\n\t\t\t\t\t\t\t<div class=\"elementor-spacer\">\n\t\t\t<div class=\"elementor-spacer-inner\"><\/div>\n\t\t<\/div>\n\t\t\t\t\t\t<\/div>\n\t\t\t\t<\/div>\n\t\t\t\t<div class=\"elementor-element elementor-element-4702be7 elementor-widget elementor-widget-heading\" data-id=\"4702be7\" data-element_type=\"widget\" data-e-type=\"widget\" data-widget_type=\"heading.default\">\n\t\t\t\t<div class=\"elementor-widget-container\">\n\t\t\t\t\t<h2 class=\"elementor-heading-title elementor-size-default\">Content<\/h2>\t\t\t\t<\/div>\n\t\t\t\t<\/div>\n\t\t\t\t<div class=\"elementor-element elementor-element-bd9cd0c elementor-widget__width-auto elementor-widget elementor-widget-text-editor\" data-id=\"bd9cd0c\" data-element_type=\"widget\" data-e-type=\"widget\" data-widget_type=\"text-editor.default\">\n\t\t\t\t<div class=\"elementor-widget-container\">\n\t\t\t\t\t\t\t\t\t<p>TBA<\/p>\t\t\t\t\t\t\t\t<\/div>\n\t\t\t\t<\/div>\n\t\t\t\t<div class=\"elementor-element elementor-element-4d4f58a elementor-widget elementor-widget-spacer\" data-id=\"4d4f58a\" data-element_type=\"widget\" data-e-type=\"widget\" data-widget_type=\"spacer.default\">\n\t\t\t\t<div class=\"elementor-widget-container\">\n\t\t\t\t\t\t\t<div class=\"elementor-spacer\">\n\t\t\t<div class=\"elementor-spacer-inner\"><\/div>\n\t\t<\/div>\n\t\t\t\t\t\t<\/div>\n\t\t\t\t<\/div>\n\t\t\t\t<div class=\"elementor-element elementor-element-44c3aca elementor-widget elementor-widget-heading\" data-id=\"44c3aca\" data-element_type=\"widget\" data-e-type=\"widget\" data-widget_type=\"heading.default\">\n\t\t\t\t<div class=\"elementor-widget-container\">\n\t\t\t\t\t<h2 class=\"elementor-heading-title elementor-size-default\">Exercise<\/h2>\t\t\t\t<\/div>\n\t\t\t\t<\/div>\n\t\t\t\t<div class=\"elementor-element elementor-element-b59f956 elementor-widget__width-auto elementor-widget elementor-widget-text-editor\" data-id=\"b59f956\" data-element_type=\"widget\" data-e-type=\"widget\" data-widget_type=\"text-editor.default\">\n\t\t\t\t<div class=\"elementor-widget-container\">\n\t\t\t\t\t\t\t\t\t<p>Start of the exercises approx. 1-2 weeks after the first lecture date, 2-weekly 2 exercise hours each. The exercises are organized via the RWTHMoodle course room. Access is granted with the registration for the lecture in RWTHonline. Registration for the exercise in RWTHonline is not provided.<\/p>\t\t\t\t\t\t\t\t<\/div>\n\t\t\t\t<\/div>\n\t\t\t\t<div class=\"elementor-element elementor-element-2a7f8d9 elementor-widget elementor-widget-spacer\" data-id=\"2a7f8d9\" data-element_type=\"widget\" data-e-type=\"widget\" data-widget_type=\"spacer.default\">\n\t\t\t\t<div class=\"elementor-widget-container\">\n\t\t\t\t\t\t\t<div class=\"elementor-spacer\">\n\t\t\t<div class=\"elementor-spacer-inner\"><\/div>\n\t\t<\/div>\n\t\t\t\t\t\t<\/div>\n\t\t\t\t<\/div>\n\t\t\t\t<div class=\"elementor-element elementor-element-931bb60 elementor-widget elementor-widget-heading\" data-id=\"931bb60\" data-element_type=\"widget\" data-e-type=\"widget\" data-widget_type=\"heading.default\">\n\t\t\t\t<div class=\"elementor-widget-container\">\n\t\t\t\t\t<h2 class=\"elementor-heading-title elementor-size-default\">Contact<\/h2>\t\t\t\t<\/div>\n\t\t\t\t<\/div>\n\t\t\t\t<div class=\"elementor-element elementor-element-cb8cd8c elementor-widget__width-auto elementor-widget elementor-widget-image\" data-id=\"cb8cd8c\" data-element_type=\"widget\" data-e-type=\"widget\" data-widget_type=\"image.default\">\n\t\t\t\t<div class=\"elementor-widget-container\">\n\t\t\t\t\t\t\t\t\t\t\t\t<figure class=\"wp-caption\">\n\t\t\t\t\t\t\t\t\t\t\t<a href=\"https:\/\/sc.informatik.rwth-aachen.de\/en\/voelker\/\">\n\t\t\t\t\t\t\t<img decoding=\"async\" src=\"https:\/\/sc.informatik.rwth-aachen.de\/wp-content\/uploads\/elementor\/thumbs\/voelker_img-p6h0afpj7207q0wnf8uqj5tadnapypok0dqjfn35s8.png\" title=\"voelker_img\" alt=\"voelker_img\" loading=\"lazy\" \/>\t\t\t\t\t\t\t\t<\/a>\n\t\t\t\t\t\t\t\t\t\t\t<figcaption class=\"widget-image-caption wp-caption-text\">Dr. Simon V\u00f6lker<\/figcaption>\n\t\t\t\t\t\t\t\t\t\t<\/figure>\n\t\t\t\t\t\t\t\t\t<\/div>\n\t\t\t\t<\/div>\n\t\t\t\t<div class=\"elementor-element elementor-element-5e0449d elementor-widget__width-auto elementor-widget elementor-widget-image\" data-id=\"5e0449d\" data-element_type=\"widget\" data-e-type=\"widget\" data-widget_type=\"image.default\">\n\t\t\t\t<div class=\"elementor-widget-container\">\n\t\t\t\t\t\t\t\t\t\t\t\t<figure class=\"wp-caption\">\n\t\t\t\t\t\t\t\t\t\t\t<a href=\"https:\/\/sc.informatik.rwth-aachen.de\/en\/thissen\/\">\n\t\t\t\t\t\t\t<img decoding=\"async\" src=\"https:\/\/sc.informatik.rwth-aachen.de\/wp-content\/uploads\/elementor\/thumbs\/thissen_img-p6h0aerp07yxeey0kqg3yo1ts9fcr0kto931yd4jyg.png\" title=\"thissen_img\" alt=\"thissen_img\" loading=\"lazy\" \/>\t\t\t\t\t\t\t\t<\/a>\n\t\t\t\t\t\t\t\t\t\t\t<figcaption class=\"widget-image-caption wp-caption-text\">Dr. Dirk Thi\u00dfen<\/figcaption>\n\t\t\t\t\t\t\t\t\t\t<\/figure>\n\t\t\t\t\t\t\t\t\t<\/div>\n\t\t\t\t<\/div>\n\t\t\t\t\t<\/div>\n\t\t<\/div>\n\t\t\t\t<div class=\"elementor-column elementor-col-50 elementor-top-column elementor-element elementor-element-79cba35\" data-id=\"79cba35\" data-element_type=\"column\" data-e-type=\"column\">\n\t\t\t<div class=\"elementor-widget-wrap elementor-element-populated\">\n\t\t\t\t\t\t<section class=\"elementor-section elementor-inner-section elementor-element elementor-element-4e9a643 animated-fast glass-blur-2 elementor-section-boxed elementor-section-height-default elementor-section-height-default elementor-invisible\" data-id=\"4e9a643\" data-element_type=\"section\" data-e-type=\"section\" data-settings=\"{&quot;background_background&quot;:&quot;classic&quot;,&quot;animation&quot;:&quot;fadeIn&quot;}\">\n\t\t\t\t\t\t<div class=\"elementor-container elementor-column-gap-default\">\n\t\t\t\t\t<div class=\"elementor-column elementor-col-100 elementor-inner-column elementor-element elementor-element-95b0154\" data-id=\"95b0154\" data-element_type=\"column\" data-e-type=\"column\">\n\t\t\t<div class=\"elementor-widget-wrap elementor-element-populated\">\n\t\t\t\t\t\t<div class=\"elementor-element elementor-element-a9dbb0e elementor-widget elementor-widget-heading\" data-id=\"a9dbb0e\" data-element_type=\"widget\" data-e-type=\"widget\" data-widget_type=\"heading.default\">\n\t\t\t\t<div class=\"elementor-widget-container\">\n\t\t\t\t\t<h4 class=\"elementor-heading-title elementor-size-default\">Course<\/h4>\t\t\t\t<\/div>\n\t\t\t\t<\/div>\n\t\t\t\t<div class=\"elementor-element elementor-element-c39a07f elementor-widget elementor-widget-text-editor\" data-id=\"c39a07f\" data-element_type=\"widget\" data-e-type=\"widget\" data-widget_type=\"text-editor.default\">\n\t\t\t\t<div class=\"elementor-widget-container\">\n\t\t\t\t\t\t\t\t\t<p><strong>Language<\/strong><br \/><strong>Credits<\/strong><\/p><p style=\"text-align: right;\">German<br \/>Depending on course of studies<\/p>\t\t\t\t\t\t\t\t<\/div>\n\t\t\t\t<\/div>\n\t\t\t\t\t<\/div>\n\t\t<\/div>\n\t\t\t\t\t<\/div>\n\t\t<\/section>\n\t\t\t\t<section class=\"elementor-section elementor-inner-section elementor-element elementor-element-635c501 animated-fast glass-blur-2 elementor-section-boxed elementor-section-height-default elementor-section-height-default elementor-invisible\" data-id=\"635c501\" data-element_type=\"section\" data-e-type=\"section\" data-settings=\"{&quot;background_background&quot;:&quot;classic&quot;,&quot;animation&quot;:&quot;fadeIn&quot;}\">\n\t\t\t\t\t\t<div class=\"elementor-container elementor-column-gap-default\">\n\t\t\t\t\t<div class=\"elementor-column elementor-col-100 elementor-inner-column elementor-element elementor-element-8759864\" data-id=\"8759864\" data-element_type=\"column\" data-e-type=\"column\">\n\t\t\t<div class=\"elementor-widget-wrap elementor-element-populated\">\n\t\t\t\t\t\t<div class=\"elementor-element elementor-element-9f7e98f elementor-widget elementor-widget-heading\" data-id=\"9f7e98f\" data-element_type=\"widget\" data-e-type=\"widget\" data-widget_type=\"heading.default\">\n\t\t\t\t<div class=\"elementor-widget-container\">\n\t\t\t\t\t<h4 class=\"elementor-heading-title elementor-size-default\">Dates<\/h4>\t\t\t\t<\/div>\n\t\t\t\t<\/div>\n\t\t\t\t<div class=\"elementor-element elementor-element-ca961fa elementor-widget elementor-widget-text-editor\" data-id=\"ca961fa\" data-element_type=\"widget\" data-e-type=\"widget\" data-widget_type=\"text-editor.default\">\n\t\t\t\t<div class=\"elementor-widget-container\">\n\t\t\t\t\t\t\t\t\t<p><strong>Lecture<\/strong><\/p><p style=\"text-align: right;\"><a href=\"https:\/\/online.rwth-aachen.de\/RWTHonline\/ee\/ui\/ca2\/app\/desktop\/#\/slc.tm.cp\/student\/courses\/458606?$ctx=design=ca;lang=de&amp;$scrollTo=toc_appointments\">Fridays<br \/>10:30 &#8211; 12:00<\/a><br \/><a href=\"https:\/\/online.rwth-aachen.de\/RWTHonline\/ee\/ui\/ca2\/app\/desktop\/#\/pl\/ui\/$ctx\/ris.einzelRaum?raumKey=26105\">in H08 (1385|219)<\/a><\/p>\t\t\t\t\t\t\t\t<\/div>\n\t\t\t\t<\/div>\n\t\t\t\t\t<\/div>\n\t\t<\/div>\n\t\t\t\t\t<\/div>\n\t\t<\/section>\n\t\t\t\t<section class=\"elementor-section elementor-inner-section elementor-element elementor-element-19ed7a9 animated-fast glass-blur-2 elementor-section-boxed elementor-section-height-default elementor-section-height-default elementor-invisible\" data-id=\"19ed7a9\" data-element_type=\"section\" data-e-type=\"section\" data-settings=\"{&quot;background_background&quot;:&quot;classic&quot;,&quot;animation&quot;:&quot;fadeIn&quot;}\">\n\t\t\t\t\t\t<div class=\"elementor-container elementor-column-gap-default\">\n\t\t\t\t\t<div class=\"elementor-column elementor-col-100 elementor-inner-column elementor-element elementor-element-f9ec585\" data-id=\"f9ec585\" data-element_type=\"column\" data-e-type=\"column\">\n\t\t\t<div class=\"elementor-widget-wrap elementor-element-populated\">\n\t\t\t\t\t\t<div class=\"elementor-element elementor-element-8d2e66d elementor-widget elementor-widget-heading\" data-id=\"8d2e66d\" data-element_type=\"widget\" data-e-type=\"widget\" data-widget_type=\"heading.default\">\n\t\t\t\t<div class=\"elementor-widget-container\">\n\t\t\t\t\t<h4 class=\"elementor-heading-title elementor-size-default\">Materials<\/h4>\t\t\t\t<\/div>\n\t\t\t\t<\/div>\n\t\t\t\t<div class=\"elementor-element elementor-element-a5d51ba elementor-widget elementor-widget-text-editor\" data-id=\"a5d51ba\" data-element_type=\"widget\" data-e-type=\"widget\" data-widget_type=\"text-editor.default\">\n\t\t\t\t<div class=\"elementor-widget-container\">\n\t\t\t\t\t\t\t\t\t<ul><li><a href=\"https:\/\/online.rwth-aachen.de\/RWTHonline\/ee\/ui\/ca2\/app\/desktop\/#\/slc.tm.cp\/student\/courses\/458606?$ctx=design=ca;lang=en&amp;$scrollTo=toc_overview\"><span class=\"icon-arrow-right-3\">RWTHonline<\/span><\/a><\/li><li><span class=\"icon-arrow-right-3\"><a href=\"https:\/\/moodle.rwth-aachen.de\/enrol\/index.php?id=36866&amp;lang=en\">RWTHmoodle<\/a>\u00a0<\/span><\/li><\/ul>\t\t\t\t\t\t\t\t<\/div>\n\t\t\t\t<\/div>\n\t\t\t\t\t<\/div>\n\t\t<\/div>\n\t\t\t\t\t<\/div>\n\t\t<\/section>\n\t\t\t\t<section class=\"elementor-section elementor-inner-section elementor-element elementor-element-31eeaa3 animated-fast glass-blur-2 elementor-section-boxed elementor-section-height-default elementor-section-height-default elementor-invisible\" data-id=\"31eeaa3\" data-element_type=\"section\" data-e-type=\"section\" data-settings=\"{&quot;background_background&quot;:&quot;classic&quot;,&quot;animation&quot;:&quot;fadeIn&quot;}\">\n\t\t\t\t\t\t<div class=\"elementor-container elementor-column-gap-default\">\n\t\t\t\t\t<div class=\"elementor-column elementor-col-100 elementor-inner-column elementor-element elementor-element-ff6452d\" data-id=\"ff6452d\" data-element_type=\"column\" data-e-type=\"column\">\n\t\t\t<div class=\"elementor-widget-wrap elementor-element-populated\">\n\t\t\t\t\t\t<div class=\"elementor-element elementor-element-c872d80 elementor-widget elementor-widget-heading\" data-id=\"c872d80\" data-element_type=\"widget\" data-e-type=\"widget\" data-widget_type=\"heading.default\">\n\t\t\t\t<div class=\"elementor-widget-container\">\n\t\t\t\t\t<h4 class=\"elementor-heading-title elementor-size-default\">Study Programs<\/h4>\t\t\t\t<\/div>\n\t\t\t\t<\/div>\n\t\t\t\t<div class=\"elementor-element elementor-element-27d83c2 elementor-widget elementor-widget-text-editor\" data-id=\"27d83c2\" data-element_type=\"widget\" data-e-type=\"widget\" data-widget_type=\"text-editor.default\">\n\t\t\t\t<div class=\"elementor-widget-container\">\n\t\t\t\t\t\t\t\t\t<ul><li>Applied Geography (B.Sc.\/M.Sc.)<\/li><li>History (B.A.)<\/li><li>Basics of Computer Science (B.Sc.)<\/li><li>Philosophy, Literary and Linguistic Studies (B.A.)<\/li><li>Economic Geography (M.Sc.)<\/li><\/ul>\t\t\t\t\t\t\t\t<\/div>\n\t\t\t\t<\/div>\n\t\t\t\t\t<\/div>\n\t\t<\/div>\n\t\t\t\t\t<\/div>\n\t\t<\/section>\n\t\t\t\t\t<\/div>\n\t\t<\/div>\n\t\t\t\t\t<\/div>\n\t\t<\/section>\n\t\t\t\t<\/div>","protected":false},"excerpt":{"rendered":"<p>Einf\u00fchrung in die Informatik Winter 2022\/2023 Inhalt TBA \u00dcbung Beginn der \u00dcbungen ca. 1-2 Wochen nach dem ersten Vorlesungstermin, 2-w\u00f6chentlich jeweils 2 \u00dcbungsstunden. Der \u00dcbungsbetrieb wird \u00fcber den RWTHMoodle Kursraum organisiert. Der Zugang erfolgt mit der Anmeldung zur Vorlesung in RWTHonline. Eine Anmeldung zur \u00dcbung in RWTHonline ist nicht vorgesehen. Kontakt Dr. Simon V\u00f6lker Dr. [&hellip;]<\/p>\n","protected":false},"author":5,"featured_media":0,"parent":5024,"menu_order":0,"comment_status":"closed","ping_status":"closed","template":"","meta":{"inline_featured_image":false,"footnotes":""},"class_list":["post-9353","page","type-page","status-publish","hentry"],"_links":{"self":[{"href":"https:\/\/sc.informatik.rwth-aachen.de\/en\/wp-json\/wp\/v2\/pages\/9353","targetHints":{"allow":["GET"]}}],"collection":[{"href":"https:\/\/sc.informatik.rwth-aachen.de\/en\/wp-json\/wp\/v2\/pages"}],"about":[{"href":"https:\/\/sc.informatik.rwth-aachen.de\/en\/wp-json\/wp\/v2\/types\/page"}],"author":[{"embeddable":true,"href":"https:\/\/sc.informatik.rwth-aachen.de\/en\/wp-json\/wp\/v2\/users\/5"}],"replies":[{"embeddable":true,"href":"https:\/\/sc.informatik.rwth-aachen.de\/en\/wp-json\/wp\/v2\/comments?post=9353"}],"version-history":[{"count":41,"href":"https:\/\/sc.informatik.rwth-aachen.de\/en\/wp-json\/wp\/v2\/pages\/9353\/revisions"}],"predecessor-version":[{"id":16943,"href":"https:\/\/sc.informatik.rwth-aachen.de\/en\/wp-json\/wp\/v2\/pages\/9353\/revisions\/16943"}],"up":[{"embeddable":true,"href":"https:\/\/sc.informatik.rwth-aachen.de\/en\/wp-json\/wp\/v2\/pages\/5024"}],"wp:attachment":[{"href":"https:\/\/sc.informatik.rwth-aachen.de\/en\/wp-json\/wp\/v2\/media?parent=9353"}],"curies":[{"name":"wp","href":"https:\/\/api.w.org\/{rel}","templated":true}]}}