{"id":4780,"date":"2022-02-11T22:04:26","date_gmt":"2022-02-11T21:04:26","guid":{"rendered":"https:\/\/sc.informatik.rwth-aachen.de\/?page_id=4780"},"modified":"2022-07-27T13:00:48","modified_gmt":"2022-07-27T11:00:48","slug":"aktuelles","status":"publish","type":"page","link":"https:\/\/sc.informatik.rwth-aachen.de\/en\/aktuelles\/","title":{"rendered":"News"},"content":{"rendered":"<div data-elementor-type=\"wp-page\" data-elementor-id=\"4780\" class=\"elementor elementor-4780\" data-elementor-post-type=\"page\">\n\t\t\t\t\t\t<section class=\"elementor-section elementor-top-section elementor-element elementor-element-6435c7b elementor-section-boxed elementor-section-height-default elementor-section-height-default\" data-id=\"6435c7b\" data-element_type=\"section\" data-e-type=\"section\">\n\t\t\t\t\t\t<div class=\"elementor-container elementor-column-gap-default\">\n\t\t\t\t\t<div class=\"elementor-column elementor-col-100 elementor-top-column elementor-element elementor-element-4370e7a\" data-id=\"4370e7a\" data-element_type=\"column\" data-e-type=\"column\">\n\t\t\t<div class=\"elementor-widget-wrap elementor-element-populated\">\n\t\t\t\t\t\t<div class=\"elementor-element elementor-element-df265fd elementor-grid-1 elementor-posts--thumbnail-none elementor-posts--align-left elementor-grid-tablet-2 elementor-grid-mobile-1 elementor-widget elementor-widget-posts\" data-id=\"df265fd\" data-element_type=\"widget\" data-e-type=\"widget\" data-settings=\"{&quot;classic_columns&quot;:&quot;1&quot;,&quot;classic_row_gap&quot;:{&quot;unit&quot;:&quot;px&quot;,&quot;size&quot;:30,&quot;sizes&quot;:[]},&quot;pagination_type&quot;:&quot;load_more_infinite_scroll&quot;,&quot;load_more_spinner&quot;:{&quot;value&quot;:&quot;fas fa-circle-notch&quot;,&quot;library&quot;:&quot;fa-solid&quot;},&quot;classic_columns_tablet&quot;:&quot;2&quot;,&quot;classic_columns_mobile&quot;:&quot;1&quot;,&quot;classic_row_gap_tablet&quot;:{&quot;unit&quot;:&quot;px&quot;,&quot;size&quot;:&quot;&quot;,&quot;sizes&quot;:[]},&quot;classic_row_gap_mobile&quot;:{&quot;unit&quot;:&quot;px&quot;,&quot;size&quot;:&quot;&quot;,&quot;sizes&quot;:[]}}\" data-widget_type=\"posts.classic\">\n\t\t\t\t<div class=\"elementor-widget-container\">\n\t\t\t\t\t\t\t<div class=\"elementor-posts-container elementor-posts elementor-posts--skin-classic elementor-grid\" role=\"list\">\n\t\t\t\t<article class=\"elementor-post elementor-grid-item post-22475 post type-post status-publish format-standard hentry category-news\" role=\"listitem\">\n\t\t\t\t<div class=\"elementor-post__text\">\n\t\t\t\t<h2 class=\"elementor-post__title\">\n\t\t\t<a href=\"https:\/\/sc.informatik.rwth-aachen.de\/en\/wahlpflichtfaecher-im-sommersemester-2026-mit-ausblick-auf-die-nachfolgenden-semester\/\" >\n\t\t\t\tElective courses in summer semester 2026 (with preview to the coming semesters)\t\t\t<\/a>\n\t\t<\/h2>\n\t\t\t\t<div class=\"elementor-post__meta-data\">\n\t\t\t\t\t<span class=\"elementor-post-date\">\n\t\t\t4. April 2026\t\t<\/span>\n\t\t\t\t<\/div>\n\t\t\t\t<div class=\"elementor-post__excerpt\">\n\t\t\t<p>As of now, an overview of all electives is available here.<\/p>\n\t\t<\/div>\n\t\t\t\t<\/div>\n\t\t\t\t<\/article>\n\t\t\t\t<article class=\"elementor-post elementor-grid-item post-22393 post type-post status-publish format-standard hentry category-news\" role=\"listitem\">\n\t\t\t\t<div class=\"elementor-post__text\">\n\t\t\t\t<h2 class=\"elementor-post__title\">\n\t\t\t<a href=\"https:\/\/sc.informatik.rwth-aachen.de\/en\/einfuehrungsveranstaltungen-fuer-erstis-im-sommersemester-2026\/\" >\n\t\t\t\tEinf\u00fchrungsveranstaltungen f\u00fcr Erstis im Sommersemester 2026\t\t\t<\/a>\n\t\t<\/h2>\n\t\t\t\t<div class=\"elementor-post__meta-data\">\n\t\t\t\t\t<span class=\"elementor-post-date\">\n\t\t\t13. March 2026\t\t<\/span>\n\t\t\t\t<\/div>\n\t\t\t\t<div class=\"elementor-post__excerpt\">\n\t\t\t<p>F\u00fcr alle Erstsemester-Studierende im Sommersemester gibt es eigene Einf\u00fchrungsveranstaltungen mit Informationen zum Studium und der Organisation. Datum Uhrzeit Ort Veranstaltung Folien Montag, 13.04.2026 13:00 Uhr AH5, Informatikzentrum Einf\u00fchrung zu M.Sc. Informatik TBA Mittwoch, 08.04.2026 10:00 Uhr AH4, Informatikzentrum Einf\u00fchrung zu M.Sc. Data Science Slides<\/p>\n\t\t<\/div>\n\t\t\t\t<\/div>\n\t\t\t\t<\/article>\n\t\t\t\t<article class=\"elementor-post elementor-grid-item post-22220 post type-post status-publish format-standard hentry category-news\" role=\"listitem\">\n\t\t\t\t<div class=\"elementor-post__text\">\n\t\t\t\t<h2 class=\"elementor-post__title\">\n\t\t\t<a href=\"https:\/\/sc.informatik.rwth-aachen.de\/en\/supra-wahlphase-fuer-sommersemester-2026\/\" >\n\t\t\t\tSuPra Wahlphase f\u00fcr das Sommersemester 2026\t\t\t<\/a>\n\t\t<\/h2>\n\t\t\t\t<div class=\"elementor-post__meta-data\">\n\t\t\t\t\t<span class=\"elementor-post-date\">\n\t\t\t3. December 2025\t\t<\/span>\n\t\t\t\t<\/div>\n\t\t\t\t<div class=\"elementor-post__excerpt\">\n\t\t\t<p>Montag, 12. Januar bis Montag, 19. Januar, 18 Uhr Liebe Studierende, die Wahlphase f\u00fcr Proseminare, Seminare und Praktika in der Informatik f\u00fcr das Sommersemester 2026 beginnt am Montag, den 12.01.2026. Bis Montag, den 19.01.2026, 18:00 Uhr k\u00f6nnen Sie die Angebote einsehen und priorisieren. Eine ausf\u00fchrliche Beschreibung des Wahlprozesses k\u00f6nnen Sie in SuPra einsehen. Die Fakult\u00e4t Informatik ist stets bem\u00fcht, Ihnen trotz der weit \u00fcber Deputat liegenden Lehrauslastung ein an den Bedarf angepasstes Angebot zu pr\u00e4sentieren. Daher kann es im Fall einer starken Differenz von Angebot und Nachfrage sein, dass einzelne wenig nachgefragte Angebote umgewidmet werden, um zus\u00e4tzlich st\u00e4rker nachgefragte Angebote zu schaffen. In dem Fall wird Ihnen vom Donnerstag, 22.01.2026, 13:00 bis Sonntag, 25.01.2026, 23:59 Uhr die M\u00f6glichkeit geboten, Ihre Wahlen anzupassen, wenn Sie von einem der umgewidmeten Angebote betroffen sind. Es k\u00f6nnen nur diejenigen von Ihnen Wahlen anpassen, die auch an der ersten Wahlphase teilgenommen haben. Vom Montag, 26.01.2026, bis Donnerstag, 29.01.2026, versuchen wir, Ihre gew\u00e4hlten Kurse mit m\u00f6glichst hoher Priorit\u00e4t zu verteilen (siehe Prozessbeschreibung in SuPra). Sie werden \u00fcber den Abschluss der Zuteilungen per Mail informiert. Anschlie\u00dfend haben Sie von Freitag, 30.01.2026, 8:00 Uhr bis Dienstag, 03.02.2026, 23:59 Uhr die M\u00f6glichkeit, f\u00fcr eine zweite Verteilung der verbliebenen Restangebote<\/p>\n\t\t<\/div>\n\t\t\t\t<\/div>\n\t\t\t\t<\/article>\n\t\t\t\t<article class=\"elementor-post elementor-grid-item post-21844 post type-post status-publish format-standard hentry category-news\" role=\"listitem\">\n\t\t\t\t<div class=\"elementor-post__text\">\n\t\t\t\t<h2 class=\"elementor-post__title\">\n\t\t\t<a href=\"https:\/\/sc.informatik.rwth-aachen.de\/en\/wahlpflichtfaecher-im-wintersemester-2025-26-mit-ausblick-auf-die-nachfolgenden-semester\/\" >\n\t\t\t\tElective courses in Winter semester 2025\/26 (with preview to the coming semesters)\t\t\t<\/a>\n\t\t<\/h2>\n\t\t\t\t<div class=\"elementor-post__meta-data\">\n\t\t\t\t\t<span class=\"elementor-post-date\">\n\t\t\t4. October 2025\t\t<\/span>\n\t\t\t\t<\/div>\n\t\t\t\t<div class=\"elementor-post__excerpt\">\n\t\t\t<p>As of now, an overview of all electives is available here.<\/p>\n\t\t<\/div>\n\t\t\t\t<\/div>\n\t\t\t\t<\/article>\n\t\t\t\t<article class=\"elementor-post elementor-grid-item post-21796 post type-post status-publish format-standard hentry category-news\" role=\"listitem\">\n\t\t\t\t<div class=\"elementor-post__text\">\n\t\t\t\t<h2 class=\"elementor-post__title\">\n\t\t\t<a href=\"https:\/\/sc.informatik.rwth-aachen.de\/en\/auslandsaufenthalte-fuer-studierende-der-fakultaet-informatik\/\" >\n\t\t\t\tStaying abroad for students of the Faculty of Computer Science\t\t\t<\/a>\n\t\t<\/h2>\n\t\t\t\t<div class=\"elementor-post__meta-data\">\n\t\t\t\t\t<span class=\"elementor-post-date\">\n\t\t\t2. October 2025\t\t<\/span>\n\t\t\t\t<\/div>\n\t\t\t\t<div class=\"elementor-post__excerpt\">\n\t\t\t<p>An information event on staying abroad will take place on 15 October at 10:30 in lecture hall AH 1. Anyone considering spending one or two semesters abroad during their studies is invited to attend the event.<\/p>\n\t\t<\/div>\n\t\t\t\t<\/div>\n\t\t\t\t<\/article>\n\t\t\t\t<article class=\"elementor-post elementor-grid-item post-21588 post type-post status-publish format-standard hentry category-news\" role=\"listitem\">\n\t\t\t\t<div class=\"elementor-post__text\">\n\t\t\t\t<h2 class=\"elementor-post__title\">\n\t\t\t<a href=\"https:\/\/sc.informatik.rwth-aachen.de\/en\/einfuehrungsveranstaltungen-fuer-erstis-im-wintersemester-2025-26\/\" >\n\t\t\t\tIntroductory events for first-semester students in winter semester 2025\/26\t\t\t<\/a>\n\t\t<\/h2>\n\t\t\t\t<div class=\"elementor-post__meta-data\">\n\t\t\t\t\t<span class=\"elementor-post-date\">\n\t\t\t26. September 2025\t\t<\/span>\n\t\t\t\t<\/div>\n\t\t\t\t<div class=\"elementor-post__excerpt\">\n\t\t\t<p>F\u00fcr alle Erstsemester-Studierenden im Wintersemester gibt es eigene Einf\u00fchrungsveranstaltungen mit Informationen zum Studium und der Organisation. Datum Uhrzeit Ort Veranstaltung Folien Mittwoch, 01.10.2025 10:00 Uhr Raum 9007, Informatikzentrum E3 Einf\u00fchrung f\u00fcr Austauschstudierende Folien Montag, 06.10.2025 10:00 Uhr Raum 5056, Informatikzentrum Einf\u00fchrung zu M.Sc. Software Systems Engineering Folien Dienstag, 07.10.2025 08:30 Uhr H\u00f6rsaal H11, Geb\u00e4ude C.A.R.L. Einf\u00fchrung zu B.Sc. und M.Sc. Lehramt Informatik Folien Dienstag, 07.10.2025 10:00 Uhr Gro\u00dfer H\u00f6rsaal, Geb\u00e4ude Audimax Einf\u00fchrung zu B.Sc. Informatik Folien Mittwoch, 08.10.2025 10:30 Uhr online via ZoomStream in Raum 9222 Einf\u00fchrung zu M.Sc. Informatik Folien Freitag, 10.10.2025 10:00 Uhr online via Zoom oder in Raum 9222 Einf\u00fchrung zu M.Sc. Data Science Folien Freitag, 10.10.2025 11:00 Uhr online via Zoom Einf\u00fchrung zu M.Sc. Human-Centered Intelligent Systems Folien<\/p>\n\t\t<\/div>\n\t\t\t\t<\/div>\n\t\t\t\t<\/article>\n\t\t\t\t<article class=\"elementor-post elementor-grid-item post-21360 post type-post status-publish format-standard hentry category-news\" role=\"listitem\">\n\t\t\t\t<div class=\"elementor-post__text\">\n\t\t\t\t<h2 class=\"elementor-post__title\">\n\t\t\t<a href=\"https:\/\/sc.informatik.rwth-aachen.de\/en\/studienstart-informatik-zum-wintersemester-2025-26-folien\/\" >\n\t\t\t\tStudienstart Informatik zum Wintersemester 2025\/26 &#8211; Folien\t\t\t<\/a>\n\t\t<\/h2>\n\t\t\t\t<div class=\"elementor-post__meta-data\">\n\t\t\t\t\t<span class=\"elementor-post-date\">\n\t\t\t7. July 2025\t\t<\/span>\n\t\t\t\t<\/div>\n\t\t\t\t<div class=\"elementor-post__excerpt\">\n\t\t\t<p>Am 07.07.2025 hat eine Info-Veranstaltung f\u00fcr Studieninteressierte des Bachelor Informatik stattgefunden. Die Folien der Veranstaltung sind hier zu finden:<\/p>\n\t\t<\/div>\n\t\t\t\t<\/div>\n\t\t\t\t<\/article>\n\t\t\t\t<article class=\"elementor-post elementor-grid-item post-21070 post type-post status-publish format-standard has-post-thumbnail hentry category-news\" role=\"listitem\">\n\t\t\t\t<div class=\"elementor-post__text\">\n\t\t\t\t<h2 class=\"elementor-post__title\">\n\t\t\t<a href=\"https:\/\/sc.informatik.rwth-aachen.de\/en\/anmeldung-fuer-seminare-praktika-startet-am-16-6-2025\/\" >\n\t\t\t\tRegistration for seminars &amp; internships starts on 16.6.2025.\t\t\t<\/a>\n\t\t<\/h2>\n\t\t\t\t<div class=\"elementor-post__meta-data\">\n\t\t\t\t\t<span class=\"elementor-post-date\">\n\t\t\t21. May 2025\t\t<\/span>\n\t\t\t\t<\/div>\n\t\t\t\t<div class=\"elementor-post__excerpt\">\n\t\t\t<p>Anmeldung f\u00fcr Seminare &amp; Praktika startet am 16.6.2025 \u00fcber Supra.<\/p>\n\t\t<\/div>\n\t\t\t\t<\/div>\n\t\t\t\t<\/article>\n\t\t\t\t<article class=\"elementor-post elementor-grid-item post-20835 post type-post status-publish format-standard hentry category-news\" role=\"listitem\">\n\t\t\t\t<div class=\"elementor-post__text\">\n\t\t\t\t<h2 class=\"elementor-post__title\">\n\t\t\t<a href=\"https:\/\/sc.informatik.rwth-aachen.de\/en\/wahlpflichtfaecher-im-sommer-2025-with-preview-to-the-next-semesters\/\" >\n\t\t\t\tElective courses in summer 2025 (with preview to the next semesters)\t\t\t<\/a>\n\t\t<\/h2>\n\t\t\t\t<div class=\"elementor-post__meta-data\">\n\t\t\t\t\t<span class=\"elementor-post-date\">\n\t\t\t2. April 2025\t\t<\/span>\n\t\t\t\t<\/div>\n\t\t\t\t<div class=\"elementor-post__excerpt\">\n\t\t\t<p>As of now, an overview of all electives is available here.<\/p>\n\t\t<\/div>\n\t\t\t\t<\/div>\n\t\t\t\t<\/article>\n\t\t\t\t<article class=\"elementor-post elementor-grid-item post-19903 post type-post status-publish format-standard has-post-thumbnail hentry category-news\" role=\"listitem\">\n\t\t\t\t<div class=\"elementor-post__text\">\n\t\t\t\t<h2 class=\"elementor-post__title\">\n\t\t\t<a href=\"https:\/\/sc.informatik.rwth-aachen.de\/en\/anmeldung-fuer-seminare-praktika-startet-am-6-1-2024\/\" >\n\t\t\t\tAnmeldung f\u00fcr Seminare &amp; Praktika startet am 6.1.2025\t\t\t<\/a>\n\t\t<\/h2>\n\t\t\t\t<div class=\"elementor-post__meta-data\">\n\t\t\t\t\t<span class=\"elementor-post-date\">\n\t\t\t11. November 2024\t\t<\/span>\n\t\t\t\t<\/div>\n\t\t\t\t<div class=\"elementor-post__excerpt\">\n\t\t\t<p class=\"translation-block\"><a href=\"https:\/\/supra.informatik.rwth-aachen.de\/\" target=\"_self\">Registration<\/a>for proseminars, seminars and practical labs in computer science <\/a>starts on Monday the 16.06.2025 via <a href=\"https:\/\/sc.informatik.rwth-aachen.de\/en\/supra\/\" target=\"_self\">Supra<\/a>.<\/p>\n\t\t<\/div>\n\t\t\t\t<\/div>\n\t\t\t\t<\/article>\n\t\t\t\t<\/div>\n\t\t\t\t\t<span class=\"e-load-more-spinner\">\n\t\t\t\t<i aria-hidden=\"true\" class=\"fas fa-circle-notch\"><\/i>\t\t\t<\/span>\n\t\t\n\t\t\t\t<div class=\"e-load-more-anchor\" data-page=\"1\" data-max-page=\"5\" data-next-page=\"https:\/\/sc.informatik.rwth-aachen.de\/en\/wp-json\/wp\/v2\/pages\/4780\/page\/2\/\"><\/div>\n\t\t\t\t<div class=\"e-load-more-message\">Es gibt keine weiteren Eintr\u00e4ge<\/div>\n\t\t\t\t\t\t<\/div>\n\t\t\t\t<\/div>\n\t\t\t\t\t<\/div>\n\t\t<\/div>\n\t\t\t\t\t<\/div>\n\t\t<\/section>\n\t\t\t\t<\/div>","protected":false},"excerpt":{"rendered":"","protected":false},"author":5,"featured_media":0,"parent":0,"menu_order":0,"comment_status":"closed","ping_status":"closed","template":"","meta":{"inline_featured_image":false,"footnotes":""},"class_list":["post-4780","page","type-page","status-publish","hentry"],"_links":{"self":[{"href":"https:\/\/sc.informatik.rwth-aachen.de\/en\/wp-json\/wp\/v2\/pages\/4780","targetHints":{"allow":["GET"]}}],"collection":[{"href":"https:\/\/sc.informatik.rwth-aachen.de\/en\/wp-json\/wp\/v2\/pages"}],"about":[{"href":"https:\/\/sc.informatik.rwth-aachen.de\/en\/wp-json\/wp\/v2\/types\/page"}],"author":[{"embeddable":true,"href":"https:\/\/sc.informatik.rwth-aachen.de\/en\/wp-json\/wp\/v2\/users\/5"}],"replies":[{"embeddable":true,"href":"https:\/\/sc.informatik.rwth-aachen.de\/en\/wp-json\/wp\/v2\/comments?post=4780"}],"version-history":[{"count":35,"href":"https:\/\/sc.informatik.rwth-aachen.de\/en\/wp-json\/wp\/v2\/pages\/4780\/revisions"}],"predecessor-version":[{"id":8920,"href":"https:\/\/sc.informatik.rwth-aachen.de\/en\/wp-json\/wp\/v2\/pages\/4780\/revisions\/8920"}],"wp:attachment":[{"href":"https:\/\/sc.informatik.rwth-aachen.de\/en\/wp-json\/wp\/v2\/media?parent=4780"}],"curies":[{"name":"wp","href":"https:\/\/api.w.org\/{rel}","templated":true}]}}