{"id":3979,"date":"2021-12-22T10:17:28","date_gmt":"2021-12-22T09:17:28","guid":{"rendered":"https:\/\/sc.informatik.rwth-aachen.de\/?page_id=3979"},"modified":"2022-03-15T14:40:55","modified_gmt":"2022-03-15T13:40:55","slug":"digitale-gamebooks-22","status":"publish","type":"page","link":"https:\/\/sc.informatik.rwth-aachen.de\/en\/digitale-gamebooks-22\/","title":{"rendered":"Einsatzm\u00f6glichkeiten digitaler Gamebooks in der Lehre (Sommer 22)"},"content":{"rendered":"<div data-elementor-type=\"wp-page\" data-elementor-id=\"3979\" class=\"elementor elementor-3979\" data-elementor-post-type=\"page\">\n\t\t\t\t\t\t<section class=\"elementor-section elementor-top-section elementor-element elementor-element-2f0a0e19 elementor-section-height-min-height elementor-section-boxed elementor-section-height-default elementor-section-items-middle\" data-id=\"2f0a0e19\" data-element_type=\"section\" data-e-type=\"section\" data-settings=\"{&quot;background_background&quot;:&quot;classic&quot;}\">\n\t\t\t\t\t\t<div class=\"elementor-container elementor-column-gap-default\">\n\t\t\t\t\t<div class=\"elementor-column elementor-col-100 elementor-top-column elementor-element elementor-element-6c87de5f\" data-id=\"6c87de5f\" data-element_type=\"column\" data-e-type=\"column\">\n\t\t\t<div class=\"elementor-widget-wrap\">\n\t\t\t\t\t\t\t<\/div>\n\t\t<\/div>\n\t\t\t\t\t<\/div>\n\t\t<\/section>\n\t\t\t\t<section class=\"elementor-section elementor-top-section elementor-element elementor-element-34646337 elementor-reverse-mobile elementor-section-boxed elementor-section-height-default elementor-section-height-default\" data-id=\"34646337\" data-element_type=\"section\" data-e-type=\"section\">\n\t\t\t\t\t\t<div class=\"elementor-container elementor-column-gap-wide\">\n\t\t\t\t\t<div class=\"elementor-column elementor-col-50 elementor-top-column elementor-element elementor-element-65956c04\" data-id=\"65956c04\" data-element_type=\"column\" data-e-type=\"column\">\n\t\t\t<div class=\"elementor-widget-wrap elementor-element-populated\">\n\t\t\t\t\t\t<div class=\"elementor-element elementor-element-617fd6ae elementor-widget elementor-widget-heading\" data-id=\"617fd6ae\" data-element_type=\"widget\" data-e-type=\"widget\" data-widget_type=\"heading.default\">\n\t\t\t\t<div class=\"elementor-widget-container\">\n\t\t\t\t\t<h1 class=\"elementor-heading-title elementor-size-default\">Possible Applications of Digital Gamebooks in Education<\/h1>\t\t\t\t<\/div>\n\t\t\t\t<\/div>\n\t\t\t\t<div class=\"elementor-element elementor-element-3e14bb5 elementor-widget__width-auto elementor-widget elementor-widget-text-editor\" data-id=\"3e14bb5\" data-element_type=\"widget\" data-e-type=\"widget\" data-widget_type=\"text-editor.default\">\n\t\t\t\t<div class=\"elementor-widget-container\">\n\t\t\t\t\t\t\t\t\t<p>The idea of gamebooks originally comes from the entertainment sector. The basic idea here is to let the readers themselves determine the further course of the story. By transferring this principle from classic books to digital environments, it can also be used in a teaching\/learning context. The preparation of teaching\/learning materials as gamebooks offers great potential in terms of feedback and individual, personalized learning paths. This proseminar gives an introduction to the topic of digital gamebooks. It follows a conference-like sequence, in which different topics are developed over the semester and presented in a block at the end. The focus is on learning the scientific work process and is accompanied by weekly work assignments. Thematically, the seminar focuses in particular on possible applications, potentials and challenges for different target groups, topics and teaching\/learning scenarios.<\/p>\t\t\t\t\t\t\t\t<\/div>\n\t\t\t\t<\/div>\n\t\t\t\t<div class=\"elementor-element elementor-element-9700a08 elementor-widget elementor-widget-spacer\" data-id=\"9700a08\" data-element_type=\"widget\" data-e-type=\"widget\" data-widget_type=\"spacer.default\">\n\t\t\t\t<div class=\"elementor-widget-container\">\n\t\t\t\t\t\t\t<div class=\"elementor-spacer\">\n\t\t\t<div class=\"elementor-spacer-inner\"><\/div>\n\t\t<\/div>\n\t\t\t\t\t\t<\/div>\n\t\t\t\t<\/div>\n\t\t\t\t<div class=\"elementor-element elementor-element-10fc866 elementor-widget elementor-widget-heading\" data-id=\"10fc866\" data-element_type=\"widget\" data-e-type=\"widget\" data-widget_type=\"heading.default\">\n\t\t\t\t<div class=\"elementor-widget-container\">\n\t\t\t\t\t<h2 class=\"elementor-heading-title elementor-size-default\">Contact<\/h2>\t\t\t\t<\/div>\n\t\t\t\t<\/div>\n\t\t\t\t<div class=\"elementor-element elementor-element-2191a5da elementor-widget__width-auto elementor-widget elementor-widget-image\" data-id=\"2191a5da\" data-element_type=\"widget\" data-e-type=\"widget\" data-widget_type=\"image.default\">\n\t\t\t\t<div class=\"elementor-widget-container\">\n\t\t\t\t\t\t\t\t\t\t\t\t<figure class=\"wp-caption\">\n\t\t\t\t\t\t\t\t\t\t\t<a href=\"https:\/\/sc.informatik.rwth-aachen.de\/en\/noichl\/\">\n\t\t\t\t\t\t\t<img decoding=\"async\" src=\"https:\/\/sc.informatik.rwth-aachen.de\/wp-content\/uploads\/elementor\/thumbs\/noichl-phuqio8ja68uskm2z5lfeg7yhfr34azbr34lytx97g.png\" title=\"noichl\" alt=\"noichl\" loading=\"lazy\" \/>\t\t\t\t\t\t\t\t<\/a>\n\t\t\t\t\t\t\t\t\t\t\t<figcaption class=\"widget-image-caption wp-caption-text\">Dr. Svenja Noichl<\/figcaption>\n\t\t\t\t\t\t\t\t\t\t<\/figure>\n\t\t\t\t\t\t\t\t\t<\/div>\n\t\t\t\t<\/div>\n\t\t\t\t<div class=\"elementor-element elementor-element-53c9e92 elementor-widget elementor-widget-spacer\" data-id=\"53c9e92\" data-element_type=\"widget\" data-e-type=\"widget\" data-widget_type=\"spacer.default\">\n\t\t\t\t<div class=\"elementor-widget-container\">\n\t\t\t\t\t\t\t<div class=\"elementor-spacer\">\n\t\t\t<div class=\"elementor-spacer-inner\"><\/div>\n\t\t<\/div>\n\t\t\t\t\t\t<\/div>\n\t\t\t\t<\/div>\n\t\t\t\t\t<\/div>\n\t\t<\/div>\n\t\t\t\t<div class=\"elementor-column elementor-col-50 elementor-top-column elementor-element elementor-element-6ea043f0\" data-id=\"6ea043f0\" data-element_type=\"column\" data-e-type=\"column\">\n\t\t\t<div class=\"elementor-widget-wrap elementor-element-populated\">\n\t\t\t\t\t\t<section class=\"elementor-section elementor-inner-section elementor-element elementor-element-bd2e775 animated-fast elementor-section-boxed elementor-section-height-default elementor-section-height-default elementor-invisible\" data-id=\"bd2e775\" data-element_type=\"section\" data-e-type=\"section\" data-settings=\"{&quot;background_background&quot;:&quot;classic&quot;,&quot;animation&quot;:&quot;fadeIn&quot;}\">\n\t\t\t\t\t\t<div class=\"elementor-container elementor-column-gap-default\">\n\t\t\t\t\t<div class=\"elementor-column elementor-col-100 elementor-inner-column elementor-element elementor-element-6f06894\" data-id=\"6f06894\" data-element_type=\"column\" data-e-type=\"column\">\n\t\t\t<div class=\"elementor-widget-wrap elementor-element-populated\">\n\t\t\t\t\t\t<div class=\"elementor-element elementor-element-77811d4 elementor-widget elementor-widget-heading\" data-id=\"77811d4\" data-element_type=\"widget\" data-e-type=\"widget\" data-widget_type=\"heading.default\">\n\t\t\t\t<div class=\"elementor-widget-container\">\n\t\t\t\t\t<h4 class=\"elementor-heading-title elementor-size-default\">Course Information<\/h4>\t\t\t\t<\/div>\n\t\t\t\t<\/div>\n\t\t\t\t<div class=\"elementor-element elementor-element-cca53ba elementor-widget elementor-widget-text-editor\" data-id=\"cca53ba\" data-element_type=\"widget\" data-e-type=\"widget\" data-widget_type=\"text-editor.default\">\n\t\t\t\t<div class=\"elementor-widget-container\">\n\t\t\t\t\t\t\t\t\t<div class=\"key-value-container\"><span class=\"key\">Language<\/span><span class=\"value\">German<\/span><\/div>\n<div class=\"key-value-container\">\n\n<span class=\"key\">Credits<\/span><span class=\"value\">3 ECTS<\/span>\n\n<\/div>\t\t\t\t\t\t\t\t<\/div>\n\t\t\t\t<\/div>\n\t\t\t\t\t<\/div>\n\t\t<\/div>\n\t\t\t\t\t<\/div>\n\t\t<\/section>\n\t\t\t\t<section class=\"elementor-section elementor-inner-section elementor-element elementor-element-5fc2bdd animated-fast elementor-section-boxed elementor-section-height-default elementor-section-height-default elementor-invisible\" data-id=\"5fc2bdd\" data-element_type=\"section\" data-e-type=\"section\" data-settings=\"{&quot;background_background&quot;:&quot;classic&quot;,&quot;animation&quot;:&quot;fadeIn&quot;}\">\n\t\t\t\t\t\t<div class=\"elementor-container elementor-column-gap-default\">\n\t\t\t\t\t<div class=\"elementor-column elementor-col-100 elementor-inner-column elementor-element elementor-element-37a9a058\" data-id=\"37a9a058\" data-element_type=\"column\" data-e-type=\"column\">\n\t\t\t<div class=\"elementor-widget-wrap elementor-element-populated\">\n\t\t\t\t\t\t<div class=\"elementor-element elementor-element-53efdcc5 elementor-widget elementor-widget-heading\" data-id=\"53efdcc5\" data-element_type=\"widget\" data-e-type=\"widget\" data-widget_type=\"heading.default\">\n\t\t\t\t<div class=\"elementor-widget-container\">\n\t\t\t\t\t<h4 class=\"elementor-heading-title elementor-size-default\">Dates<\/h4>\t\t\t\t<\/div>\n\t\t\t\t<\/div>\n\t\t\t\t<div class=\"elementor-element elementor-element-1404f742 elementor-widget elementor-widget-text-editor\" data-id=\"1404f742\" data-element_type=\"widget\" data-e-type=\"widget\" data-widget_type=\"text-editor.default\">\n\t\t\t\t<div class=\"elementor-widget-container\">\n\t\t\t\t\t\t\t\t\t<div class=\"key-value-container\"><span class=\"key\">Kickoff Meeting<\/span><span class=\"value\">04.04.2022, 16:00 (5056)<\/span><\/div>\n<div class=\"key-value-container\">\n\n<span class=\"key\">Meetings<\/span><span class=\"value\">After arrangement (s. Dates)<\/span>\n\n<\/div>\n<div class=\"key-value-container\">\n\n<span class=\"key\">Presentations<\/span><span class=\"value\">18.+19.07.2022<\/span>\n\n<\/div>\t\t\t\t\t\t\t\t<\/div>\n\t\t\t\t<\/div>\n\t\t\t\t\t<\/div>\n\t\t<\/div>\n\t\t\t\t\t<\/div>\n\t\t<\/section>\n\t\t\t\t<section class=\"elementor-section elementor-inner-section elementor-element elementor-element-6ed251ad animated-fast elementor-section-boxed elementor-section-height-default elementor-section-height-default elementor-invisible\" data-id=\"6ed251ad\" data-element_type=\"section\" data-e-type=\"section\" data-settings=\"{&quot;background_background&quot;:&quot;classic&quot;,&quot;animation&quot;:&quot;fadeIn&quot;}\">\n\t\t\t\t\t\t<div class=\"elementor-container elementor-column-gap-default\">\n\t\t\t\t\t<div class=\"elementor-column elementor-col-100 elementor-inner-column elementor-element elementor-element-21162677\" data-id=\"21162677\" data-element_type=\"column\" data-e-type=\"column\">\n\t\t\t<div class=\"elementor-widget-wrap elementor-element-populated\">\n\t\t\t\t\t\t<div class=\"elementor-element elementor-element-79c194ca elementor-widget elementor-widget-heading\" data-id=\"79c194ca\" data-element_type=\"widget\" data-e-type=\"widget\" data-widget_type=\"heading.default\">\n\t\t\t\t<div class=\"elementor-widget-container\">\n\t\t\t\t\t<h4 class=\"elementor-heading-title elementor-size-default\">Ressourcen<\/h4>\t\t\t\t<\/div>\n\t\t\t\t<\/div>\n\t\t\t\t<div class=\"elementor-element elementor-element-0a25242 elementor-widget elementor-widget-text-editor\" data-id=\"0a25242\" data-element_type=\"widget\" data-e-type=\"widget\" data-widget_type=\"text-editor.default\">\n\t\t\t\t<div class=\"elementor-widget-container\">\n\t\t\t\t\t\t\t\t\t<p><a href=\"https:\/\/swofi.net:30000\/free\/welcome\">SWOFI<\/a><\/p>\t\t\t\t\t\t\t\t<\/div>\n\t\t\t\t<\/div>\n\t\t\t\t\t<\/div>\n\t\t<\/div>\n\t\t\t\t\t<\/div>\n\t\t<\/section>\n\t\t\t\t<section class=\"elementor-section elementor-inner-section elementor-element elementor-element-21817d54 animated-fast elementor-section-boxed elementor-section-height-default elementor-section-height-default elementor-invisible\" data-id=\"21817d54\" data-element_type=\"section\" data-e-type=\"section\" data-settings=\"{&quot;background_background&quot;:&quot;classic&quot;,&quot;animation&quot;:&quot;fadeIn&quot;}\">\n\t\t\t\t\t\t<div class=\"elementor-container elementor-column-gap-default\">\n\t\t\t\t\t<div class=\"elementor-column elementor-col-100 elementor-inner-column elementor-element elementor-element-1263845\" data-id=\"1263845\" data-element_type=\"column\" data-e-type=\"column\">\n\t\t\t<div class=\"elementor-widget-wrap elementor-element-populated\">\n\t\t\t\t\t\t<div class=\"elementor-element elementor-element-76472651 elementor-widget elementor-widget-heading\" data-id=\"76472651\" data-element_type=\"widget\" data-e-type=\"widget\" data-widget_type=\"heading.default\">\n\t\t\t\t<div class=\"elementor-widget-container\">\n\t\t\t\t\t<h4 class=\"elementor-heading-title elementor-size-default\">Study Programs<\/h4>\t\t\t\t<\/div>\n\t\t\t\t<\/div>\n\t\t\t\t<div class=\"elementor-element elementor-element-13504aae elementor-widget elementor-widget-text-editor\" data-id=\"13504aae\" data-element_type=\"widget\" data-e-type=\"widget\" data-widget_type=\"text-editor.default\">\n\t\t\t\t<div class=\"elementor-widget-container\">\n\t\t\t\t\t\t\t\t\t<ul><li>Computer Science (B.Sc.)<\/li><\/ul>\t\t\t\t\t\t\t\t<\/div>\n\t\t\t\t<\/div>\n\t\t\t\t\t<\/div>\n\t\t<\/div>\n\t\t\t\t\t<\/div>\n\t\t<\/section>\n\t\t\t\t\t<\/div>\n\t\t<\/div>\n\t\t\t\t\t<\/div>\n\t\t<\/section>\n\t\t\t\t<section class=\"elementor-section elementor-top-section elementor-element elementor-element-69bb864 elementor-reverse-mobile elementor-section-boxed elementor-section-height-default elementor-section-height-default\" data-id=\"69bb864\" data-element_type=\"section\" data-e-type=\"section\">\n\t\t\t\t\t\t<div class=\"elementor-container elementor-column-gap-wide\">\n\t\t\t\t\t<div class=\"elementor-column elementor-col-100 elementor-top-column elementor-element elementor-element-990c100\" data-id=\"990c100\" data-element_type=\"column\" data-e-type=\"column\">\n\t\t\t<div class=\"elementor-widget-wrap elementor-element-populated\">\n\t\t\t\t\t\t<div class=\"elementor-element elementor-element-1c181399 elementor-widget elementor-widget-heading\" data-id=\"1c181399\" data-element_type=\"widget\" data-e-type=\"widget\" data-widget_type=\"heading.default\">\n\t\t\t\t<div class=\"elementor-widget-container\">\n\t\t\t\t\t<h2 class=\"elementor-heading-title elementor-size-default\">Grading<\/h2>\t\t\t\t<\/div>\n\t\t\t\t<\/div>\n\t\t\t\t<div class=\"elementor-element elementor-element-747ef585 elementor-widget__width-auto elementor-widget elementor-widget-text-editor\" data-id=\"747ef585\" data-element_type=\"widget\" data-e-type=\"widget\" data-widget_type=\"text-editor.default\">\n\t\t\t\t<div class=\"elementor-widget-container\">\n\t\t\t\t\t\t\t\t\t<p>The grade is composed of:<\/p><ul><li>written elaboration (paper): 50%<\/li><li>Presentation: 50%<\/li><\/ul>\t\t\t\t\t\t\t\t<\/div>\n\t\t\t\t<\/div>\n\t\t\t\t<div class=\"elementor-element elementor-element-9cfba97 elementor-widget elementor-widget-spacer\" data-id=\"9cfba97\" data-element_type=\"widget\" data-e-type=\"widget\" data-widget_type=\"spacer.default\">\n\t\t\t\t<div class=\"elementor-widget-container\">\n\t\t\t\t\t\t\t<div class=\"elementor-spacer\">\n\t\t\t<div class=\"elementor-spacer-inner\"><\/div>\n\t\t<\/div>\n\t\t\t\t\t\t<\/div>\n\t\t\t\t<\/div>\n\t\t\t\t<div class=\"elementor-element elementor-element-aaafbb1 elementor-widget elementor-widget-heading\" data-id=\"aaafbb1\" data-element_type=\"widget\" data-e-type=\"widget\" data-widget_type=\"heading.default\">\n\t\t\t\t<div class=\"elementor-widget-container\">\n\t\t\t\t\t<h2 class=\"elementor-heading-title elementor-size-default\">Presence<\/h2>\t\t\t\t<\/div>\n\t\t\t\t<\/div>\n\t\t\t\t<div class=\"elementor-element elementor-element-e00a4df elementor-widget__width-auto elementor-widget elementor-widget-text-editor\" data-id=\"e00a4df\" data-element_type=\"widget\" data-e-type=\"widget\" data-widget_type=\"text-editor.default\">\n\t\t\t\t<div class=\"elementor-widget-container\">\n\t\t\t\t\t\t\t\t\t<p>To pass, participation in kick-off, the individual meetings as well as the presentations* is mandatory.<\/p><p>\u00a0<\/p><p style=\"margin: 0in;font-family: Calibri;font-size: 11.0pt\">*) The presentations will take place on two days. Attendance on the day of your own presentation is mandatory, attendance on the other presentation day is voluntary.<\/p>\t\t\t\t\t\t\t\t<\/div>\n\t\t\t\t<\/div>\n\t\t\t\t<div class=\"elementor-element elementor-element-e5fc267 elementor-widget elementor-widget-spacer\" data-id=\"e5fc267\" data-element_type=\"widget\" data-e-type=\"widget\" data-widget_type=\"spacer.default\">\n\t\t\t\t<div class=\"elementor-widget-container\">\n\t\t\t\t\t\t\t<div class=\"elementor-spacer\">\n\t\t\t<div class=\"elementor-spacer-inner\"><\/div>\n\t\t<\/div>\n\t\t\t\t\t\t<\/div>\n\t\t\t\t<\/div>\n\t\t\t\t<div class=\"elementor-element elementor-element-9a1bf17 elementor-widget elementor-widget-heading\" data-id=\"9a1bf17\" data-element_type=\"widget\" data-e-type=\"widget\" data-widget_type=\"heading.default\">\n\t\t\t\t<div class=\"elementor-widget-container\">\n\t\t\t\t\t<h2 class=\"elementor-heading-title elementor-size-default\">Milestones and deliverables<\/h2>\t\t\t\t<\/div>\n\t\t\t\t<\/div>\n\t\t\t\t<div class=\"elementor-element elementor-element-ede2732 elementor-widget__width-auto elementor-widget elementor-widget-text-editor\" data-id=\"ede2732\" data-element_type=\"widget\" data-e-type=\"widget\" data-widget_type=\"text-editor.default\">\n\t\t\t\t<div class=\"elementor-widget-container\">\n\t\t\t\t\t\t\t\t\t<p><span style=\"color: #111111;font-family: Lato, Helvetica Neue, Helvetica, Tahoma, Geneva, Arial, sans-serif\">\n<table id=\"tablepress-7\" class=\"tablepress tablepress-id-7\">\n<thead>\n<tr class=\"row-1\">\n\t<th class=\"column-1\">Phase<\/th><th class=\"column-2\">Abgabe<\/th><th class=\"column-3\">Abgabefrist<\/th>\n<\/tr>\n<\/thead>\n<tbody class=\"row-striping row-hover\">\n<tr class=\"row-2\">\n\t<td class=\"column-1\">Recherche<\/td><td class=\"column-2\">Begriffstabelle, Themenbeschreibung<\/td><td class=\"column-3\">Di., 19.04.2022, 08:00 Uhr<\/td>\n<\/tr>\n<tr class=\"row-3\">\n\t<td class=\"column-1\">Recherche<\/td><td class=\"column-2\">Literaturrecherche<\/td><td class=\"column-3\">Mo., 25.04.2022, 08:00 Uhr<\/td>\n<\/tr>\n<tr class=\"row-4\">\n\t<td class=\"column-1\">Fragestellung<\/td><td class=\"column-2\">Bearbeitete SOTA-Werke, Research Community Map, Erweiterte Liste der Literatur<\/td><td class=\"column-3\">Mo., 02.05.2022, 08:00 Uhr<\/td>\n<\/tr>\n<tr class=\"row-5\">\n\t<td class=\"column-1\">Fragestellung, Wertsch\u00f6pfung<\/td><td class=\"column-2\">Export der Literaturliste, Gelesene und bearbeitete Publikationen, Beschreibung der Paper-Idee<\/td><td class=\"column-3\">Mo., 09.05.2022, 08:00 Uhr<\/td>\n<\/tr>\n<tr class=\"row-6\">\n\t<td class=\"column-1\">Wertsch\u00f6pfung<\/td><td class=\"column-2\">Literaturbeitragstabelle, Visualisierung der Kernaussage\/des Mehrwerts<\/td><td class=\"column-3\">Mo., 16.05.2022, 08:00 Uhr<\/td>\n<\/tr>\n<tr class=\"row-7\">\n\t<td class=\"column-1\">Wertsch\u00f6pfung<\/td><td class=\"column-2\">Illustration des Kerninhalts\/Mehrwerts des Papers<\/td><td class=\"column-3\">Mo., 23.05.2022, 08:00 Uhr<\/td>\n<\/tr>\n<tr class=\"row-8\">\n\t<td class=\"column-1\">Paper<\/td><td class=\"column-2\">Ausgearbeitete Struktur<\/td><td class=\"column-3\">Di., 07.06.2022, 08:00 Uhr<\/td>\n<\/tr>\n<tr class=\"row-9\">\n\t<td class=\"column-1\">Paper<\/td><td class=\"column-2\">Paper<\/td><td class=\"column-3\">Mo., 20.06.2022, 08:00 Uhr<\/td>\n<\/tr>\n<tr class=\"row-10\">\n\t<td class=\"column-1\">Paper<\/td><td class=\"column-2\">Paper, Peer-Review<\/td><td class=\"column-3\">Mo., 27.06.2022, 08:00 Uhr<\/td>\n<\/tr>\n<tr class=\"row-11\">\n\t<td class=\"column-1\">Vortrag<\/td><td class=\"column-2\">Fertige Vortragsfolien<\/td><td class=\"column-3\">Mo., 11.07.2022, 08:00 Uhr<\/td>\n<\/tr>\n<tr class=\"row-12\">\n\t<td class=\"column-1\">Vortrag<\/td><td class=\"column-2\">\u00dcberarbeitete Vortragsfolien f\u00fcr den Vortrag<\/td><td class=\"column-3\">Mo., 18.07.2022, 08:00 Uhr<\/td>\n<\/tr>\n<tr class=\"row-13\">\n\t<td class=\"column-1\">Abschluss<\/td><td class=\"column-2\">Finales Paper, verwendete Materialien<\/td><td class=\"column-3\">Mo., 08.08.2022, 08:00 Uhr<\/td>\n<\/tr>\n<\/tbody>\n<\/table>\n<!-- #tablepress-7 from cache --><\/span><\/p>\t\t\t\t\t\t\t\t<\/div>\n\t\t\t\t<\/div>\n\t\t\t\t<div class=\"elementor-element elementor-element-83a25e4 elementor-widget elementor-widget-spacer\" data-id=\"83a25e4\" data-element_type=\"widget\" data-e-type=\"widget\" data-widget_type=\"spacer.default\">\n\t\t\t\t<div class=\"elementor-widget-container\">\n\t\t\t\t\t\t\t<div class=\"elementor-spacer\">\n\t\t\t<div class=\"elementor-spacer-inner\"><\/div>\n\t\t<\/div>\n\t\t\t\t\t\t<\/div>\n\t\t\t\t<\/div>\n\t\t\t\t<div class=\"elementor-element elementor-element-3a212c3 elementor-widget elementor-widget-heading\" data-id=\"3a212c3\" data-element_type=\"widget\" data-e-type=\"widget\" data-widget_type=\"heading.default\">\n\t\t\t\t<div class=\"elementor-widget-container\">\n\t\t\t\t\t<h2 class=\"elementor-heading-title elementor-size-default\">Dates<\/h2>\t\t\t\t<\/div>\n\t\t\t\t<\/div>\n\t\t\t\t<div class=\"elementor-element elementor-element-f1f4ccf elementor-widget elementor-widget-text-editor\" data-id=\"f1f4ccf\" data-element_type=\"widget\" data-e-type=\"widget\" data-widget_type=\"text-editor.default\">\n\t\t\t\t<div class=\"elementor-widget-container\">\n\t\t\t\t\t\t\t\t\t<p><strong>Kickoff Meeting: <\/strong><\/p><ul><li>Montag, 04.04.2022 (16:00 Uhr)<\/li><\/ul><p><strong>Topic - Individual Meetings (15 minutes)<\/strong><\/p><ul><li>Mittwoch, 20.04.2022<\/li><\/ul><p><strong>Fokus, Idee &#8211; Individuelle Termine (20 Minuten):<\/strong><\/p><ul><li>Montag, 09.05.2022; Dienstag, 10.05.2022; Mittwoch, 11.05.2022<\/li><\/ul><p><strong>Illustration \u2013 Individual Meetings (30 minutes):<\/strong><\/p><ul><li>Montag, 23.05.2022; Dienstag, 24.05.2022; Mittwoch, 25.05.2022<\/li><\/ul><p><strong>Presentation \u2013 Individual Meetings (30 minutes): <\/strong><\/p><ul><li>Montag, 11.07.2022; Dienstag, 12.07.2022; Mittwoch, 13.07.2022<\/li><\/ul><p><strong>Conference <\/strong><\/p><ul><li>Montag, 18.07.2022 (10:30 Uhr &#8211; 16:00 Uhr) &amp; Dienstag, 19.07.2022 (10:30 Uhr &#8211; 16:00 Uhr)<\/li><\/ul>\t\t\t\t\t\t\t\t<\/div>\n\t\t\t\t<\/div>\n\t\t\t\t<div class=\"elementor-element elementor-element-fefe4c6 elementor-widget elementor-widget-spacer\" data-id=\"fefe4c6\" data-element_type=\"widget\" data-e-type=\"widget\" data-widget_type=\"spacer.default\">\n\t\t\t\t<div class=\"elementor-widget-container\">\n\t\t\t\t\t\t\t<div class=\"elementor-spacer\">\n\t\t\t<div class=\"elementor-spacer-inner\"><\/div>\n\t\t<\/div>\n\t\t\t\t\t\t<\/div>\n\t\t\t\t<\/div>\n\t\t\t\t<div class=\"elementor-element elementor-element-9cf9921 elementor-widget elementor-widget-heading\" data-id=\"9cf9921\" data-element_type=\"widget\" data-e-type=\"widget\" data-widget_type=\"heading.default\">\n\t\t\t\t<div class=\"elementor-widget-container\">\n\t\t\t\t\t<h2 class=\"elementor-heading-title elementor-size-default\">Topics<\/h2>\t\t\t\t<\/div>\n\t\t\t\t<\/div>\n\t\t\t\t<div class=\"elementor-element elementor-element-cafef88 elementor-widget elementor-widget-text-editor\" data-id=\"cafef88\" data-element_type=\"widget\" data-e-type=\"widget\" data-widget_type=\"text-editor.default\">\n\t\t\t\t<div class=\"elementor-widget-container\">\n\t\t\t\t\t\t\t\t\t<p>There are a total of 10 different themes, which can be divided into two subject areas. All topics are assigned twice. The work is done in individual work.<\/p><p><strong>Topic 1: Possible Applications<\/strong><\/p><p>How could digital gamebooks be used in the respective areas? Which perspectives need to be taken into account? For which topics or in which areas of application would digital gamebooks be suitable in the respective environment? Which already established forms of teaching are perhaps already similar to the gamebook principle or could be well supplemented or perhaps even replaced by it? This is only a selection of questions that arise in connection with these topics.<\/p><ul><li>Possible applications of digital gamebooks in school<\/li><li>Possible applications of digital gamebooks in higher education<\/li><li>Possible applications of digital gamebooks in training<\/li><li>Possible applications of digital gamebooks in everyday life<\/li><li>Possible applications of digital gamebooks for older adults<\/li><\/ul><p><strong>Topic 2: Potentials and Challenges<\/strong><\/p><p>Different target groups are served in different areas. This results in different potentials and challenges. What is the target group to be addressed by the gamebook? What needs to be considered when creating gamebooks for this target group? What skills and knowledge do the users of the gamebooks have or need? These are just a few of the questions that arise in connection with these topics.<\/p><ul><li>Potentials and challenges of digital gamebooks in schools<\/li><li>Potentials and challenges of digital gamebooks in higher education<\/li><li>Potentials and challenges of digital gamebooks in training<\/li><li>Potentials and challenges of digital gamebooks in everyday life<\/li><li>Potentials and challenges of digital gamebooks for older adults<\/li><\/ul>\t\t\t\t\t\t\t\t<\/div>\n\t\t\t\t<\/div>\n\t\t\t\t\t<\/div>\n\t\t<\/div>\n\t\t\t\t\t<\/div>\n\t\t<\/section>\n\t\t\t\t<\/div>","protected":false},"excerpt":{"rendered":"<p>Einsatzm\u00f6glichkeiten digitaler Gamebooks in der Lehre Die Idee von Gamebooks stammt urspr\u00fcnglich aus dem Unterhaltungsbereich. Die Grundidee hierbei ist es, die Lesenden selbst \u00fcber den weiteren Verlauf der Geschichte bestimmen zu lassen. Mit einer \u00dcbertragung dieses Prinzips von klassischen B\u00fcchern in digitale Umgebungen entstehen hieraus auch Einsatzm\u00f6glichkeiten in einem Lehr-\/Lernkontext. Die Aufbereitung von Lehr-\/Lernmaterialen als [&hellip;]<\/p>\n","protected":false},"author":8,"featured_media":0,"parent":0,"menu_order":0,"comment_status":"closed","ping_status":"closed","template":"","meta":{"inline_featured_image":false,"footnotes":""},"class_list":["post-3979","page","type-page","status-publish","hentry"],"_links":{"self":[{"href":"https:\/\/sc.informatik.rwth-aachen.de\/en\/wp-json\/wp\/v2\/pages\/3979","targetHints":{"allow":["GET"]}}],"collection":[{"href":"https:\/\/sc.informatik.rwth-aachen.de\/en\/wp-json\/wp\/v2\/pages"}],"about":[{"href":"https:\/\/sc.informatik.rwth-aachen.de\/en\/wp-json\/wp\/v2\/types\/page"}],"author":[{"embeddable":true,"href":"https:\/\/sc.informatik.rwth-aachen.de\/en\/wp-json\/wp\/v2\/users\/8"}],"replies":[{"embeddable":true,"href":"https:\/\/sc.informatik.rwth-aachen.de\/en\/wp-json\/wp\/v2\/comments?post=3979"}],"version-history":[{"count":27,"href":"https:\/\/sc.informatik.rwth-aachen.de\/en\/wp-json\/wp\/v2\/pages\/3979\/revisions"}],"predecessor-version":[{"id":5981,"href":"https:\/\/sc.informatik.rwth-aachen.de\/en\/wp-json\/wp\/v2\/pages\/3979\/revisions\/5981"}],"wp:attachment":[{"href":"https:\/\/sc.informatik.rwth-aachen.de\/en\/wp-json\/wp\/v2\/media?parent=3979"}],"curies":[{"name":"wp","href":"https:\/\/api.w.org\/{rel}","templated":true}]}}