{"id":3301,"date":"2021-09-28T08:39:01","date_gmt":"2021-09-28T06:39:01","guid":{"rendered":"https:\/\/sc.informatik.rwth-aachen.de\/?page_id=3301"},"modified":"2021-10-05T19:40:44","modified_gmt":"2021-10-05T17:40:44","slug":"hybride-semester","status":"publish","type":"page","link":"https:\/\/sc.informatik.rwth-aachen.de\/en\/hybride-semester\/","title":{"rendered":"Hybrid semesters"},"content":{"rendered":"<div data-elementor-type=\"wp-post\" data-elementor-id=\"3301\" class=\"elementor elementor-3301\" data-elementor-post-type=\"page\">\n\t\t\t\t\t\t<section class=\"elementor-section elementor-top-section elementor-element elementor-element-d9d5c82 elementor-section-boxed elementor-section-height-default elementor-section-height-default\" data-id=\"d9d5c82\" data-element_type=\"section\" data-e-type=\"section\">\n\t\t\t\t\t\t<div class=\"elementor-container elementor-column-gap-default\">\n\t\t\t\t\t<div class=\"elementor-column elementor-col-100 elementor-top-column elementor-element elementor-element-5a065f7\" data-id=\"5a065f7\" data-element_type=\"column\" data-e-type=\"column\">\n\t\t\t<div class=\"elementor-widget-wrap elementor-element-populated\">\n\t\t\t\t\t\t<div class=\"elementor-element elementor-element-471fb38 elementor-widget elementor-widget-heading\" data-id=\"471fb38\" data-element_type=\"widget\" data-e-type=\"widget\" data-widget_type=\"heading.default\">\n\t\t\t\t<div class=\"elementor-widget-container\">\n\t\t\t\t\t<h1 class=\"elementor-heading-title elementor-size-default\">Hybrid Semester<\/h1>\t\t\t\t<\/div>\n\t\t\t\t<\/div>\n\t\t\t\t\t<\/div>\n\t\t<\/div>\n\t\t\t\t\t<\/div>\n\t\t<\/section>\n\t\t\t\t<section class=\"elementor-section elementor-top-section elementor-element elementor-element-71656ed elementor-section-boxed elementor-section-height-default elementor-section-height-default\" data-id=\"71656ed\" data-element_type=\"section\" data-e-type=\"section\">\n\t\t\t\t\t\t<div class=\"elementor-container elementor-column-gap-default\">\n\t\t\t\t\t<div class=\"elementor-column elementor-col-100 elementor-top-column elementor-element elementor-element-f957c9a\" data-id=\"f957c9a\" data-element_type=\"column\" data-e-type=\"column\">\n\t\t\t<div class=\"elementor-widget-wrap elementor-element-populated\">\n\t\t\t\t\t\t<div class=\"elementor-element elementor-element-92cd203 elementor-widget elementor-widget-text-editor\" data-id=\"92cd203\" data-element_type=\"widget\" data-e-type=\"widget\" data-widget_type=\"text-editor.default\">\n\t\t\t\t<div class=\"elementor-widget-container\">\n\t\t\t\t\t\t\t\t\t<p>In this semester (WS 21\/22) some courses (especially for the 1st and 3rd semester) are offered in hybrid mode. This means that some lectures will be offered in presence on certain days (e.g. like in the plan below). However, since only a maximum of 200 students will attend the lecture in presence, you will be divided into groups. Each group (or cohort) can then take turns to attend the lecture on one day, while the other groups can watch the lecture via livestream.<\/p><p>\u00a0<\/p>\t\t\t\t\t\t\t\t<\/div>\n\t\t\t\t<\/div>\n\t\t\t\t\t<\/div>\n\t\t<\/div>\n\t\t\t\t\t<\/div>\n\t\t<\/section>\n\t\t\t\t<section class=\"elementor-section elementor-top-section elementor-element elementor-element-c484d9c elementor-section-boxed elementor-section-height-default elementor-section-height-default\" data-id=\"c484d9c\" data-element_type=\"section\" data-e-type=\"section\">\n\t\t\t\t\t\t<div class=\"elementor-container elementor-column-gap-default\">\n\t\t\t\t\t<div class=\"elementor-column elementor-col-100 elementor-top-column elementor-element elementor-element-cc3feb9\" data-id=\"cc3feb9\" data-element_type=\"column\" data-e-type=\"column\">\n\t\t\t<div class=\"elementor-widget-wrap elementor-element-populated\">\n\t\t\t\t\t\t<div class=\"elementor-element elementor-element-1ba0602 elementor-widget elementor-widget-text-editor\" data-id=\"1ba0602\" data-element_type=\"widget\" data-e-type=\"widget\" data-widget_type=\"text-editor.default\">\n\t\t\t\t<div class=\"elementor-widget-container\">\n\t\t\t\t\t\t\t\t\t<p>\n<table id=\"tablepress-2\" class=\"tablepress tablepress-id-2\">\n<thead>\n<tr class=\"row-1\">\n\t<td class=\"column-1\"><\/td><th class=\"column-2\">Monday (Online)<\/th><th class=\"column-3\">Tuesday (presence)<\/th><th class=\"column-4\">Wednesday (Online)<\/th><th class=\"column-5\">Thursday (presence)<\/th><th class=\"column-6\">Friday (Online)<\/th>\n<\/tr>\n<\/thead>\n<tbody class=\"row-striping row-hover\">\n<tr class=\"row-2\">\n\t<td class=\"column-1\">08:30<\/td><td class=\"column-2\"><a href=\"https:\/\/online.rwth-aachen.de\/RWTHonline\/ee\/ui\/ca2\/app\/desktop\/#\/slc.tm.cp\/student\/courses\/434072\" rel=\"noopener\" target=\"_blank\">Analysis f\u00fcr Informatiker (VL)<\/a><\/td><td class=\"column-3\"><\/td><td class=\"column-4\"><\/td><td class=\"column-5\"><\/td><td class=\"column-6\"><\/td>\n<\/tr>\n<tr class=\"row-3\">\n\t<td class=\"column-1\">10:30<\/td><td class=\"column-2\"><\/td><td class=\"column-3\"><\/td><td class=\"column-4\"><\/td><td class=\"column-5\"><\/td><td class=\"column-6\"><a href=\"https:\/\/online.rwth-aachen.de\/RWTHonline\/ee\/ui\/ca2\/app\/desktop\/#\/slc.tm.cp\/student\/courses\/435922\" rel=\"noopener\" target=\"_blank\">Programmierung (VL)<\/a><\/td>\n<\/tr>\n<tr class=\"row-4\">\n\t<td class=\"column-1\">12:30<\/td><td class=\"column-2\"><a href=\"https:\/\/online.rwth-aachen.de\/RWTHonline\/ee\/ui\/ca2\/app\/desktop\/#\/slc.tm.cp\/student\/courses\/434101\" rel=\"noopener\" target=\"_blank\">Einf\u00fchrung in die Technische Informatik (VL\/\u00dcbung)<\/a><\/td><td class=\"column-3\"><a href=\"https:\/\/online.rwth-aachen.de\/RWTHonline\/ee\/ui\/ca2\/app\/desktop\/#\/slc.tm.cp\/student\/courses\/435416\" rel=\"noopener\" target=\"_blank\">Diskrete Strukturen (VL)<\/a><\/td><td class=\"column-4\"><\/td><td class=\"column-5\"><a href=\"https:\/\/online.rwth-aachen.de\/RWTHonline\/ee\/ui\/ca2\/app\/desktop\/#\/slc.tm.cp\/student\/courses\/434072\" rel=\"noopener\" target=\"_blank\">Analysis f\u00fcr Informatiker (VL)<\/a><\/td><td class=\"column-6\"><a href=\"https:\/\/online.rwth-aachen.de\/RWTHonline\/ee\/ui\/ca2\/app\/desktop\/#\/slc.tm.cp\/student\/courses\/433648\" rel=\"noopener\" target=\"_blank\">Diskrete Strukturen (Tutorium)<\/a><\/td>\n<\/tr>\n<tr class=\"row-5\">\n\t<td class=\"column-1\">14:30<\/td><td class=\"column-2\"><\/td><td class=\"column-3\"><a href=\"https:\/\/online.rwth-aachen.de\/RWTHonline\/ee\/ui\/ca2\/app\/desktop\/#\/slc.tm.cp\/student\/courses\/435922\" rel=\"noopener\" target=\"_blank\">Programmierung (VL)<\/a><\/td><td class=\"column-4\"><\/td><td class=\"column-5\"><a href=\"https:\/\/online.rwth-aachen.de\/RWTHonline\/ee\/ui\/ca2\/app\/desktop\/#\/slc.tm.cp\/student\/courses\/435416\" rel=\"noopener\" target=\"_blank\">Diskrete Strukturen (VL)<\/a><\/td><td class=\"column-6\"><a href=\"https:\/\/online.rwth-aachen.de\/RWTHonline\/ee\/ui\/ca2\/app\/desktop\/#\/slc.tm.cp\/student\/courses\/433186\" rel=\"noopener\" target=\"_blank\">Analysis f\u00fcr Informatiker (\u00dcbung)<\/a><\/td>\n<\/tr>\n<tr class=\"row-6\">\n\t<td class=\"column-1\">16:30<\/td><td class=\"column-2\"><\/td><td class=\"column-3\"><a href=\"https:\/\/online.rwth-aachen.de\/RWTHonline\/ee\/ui\/ca2\/app\/desktop\/#\/slc.tm.cp\/student\/courses\/434101\" rel=\"noopener\" target=\"_blank\">Einf\u00fchrung in die Technische Informatik (VL\/\u00dcbung)<\/a><\/td><td class=\"column-4\"><\/td><td class=\"column-5\"><a href=\"https:\/\/online.rwth-aachen.de\/RWTHonline\/ee\/ui\/ca2\/app\/desktop\/#\/slc.tm.cp\/student\/courses\/434101\" rel=\"noopener\" target=\"_blank\">Einf\u00fchrung in die Technische Informatik (VL\/\u00dcbung)<\/a><\/td><td class=\"column-6\"><\/td>\n<\/tr>\n<tr class=\"row-7\">\n\t<td class=\"column-1\">18:30<\/td><td class=\"column-2\"><\/td><td class=\"column-3\"><\/td><td class=\"column-4\"><\/td><td class=\"column-5\"><a href=\"https:\/\/online.rwth-aachen.de\/RWTHonline\/ee\/ui\/ca2\/app\/desktop\/#\/slc.tm.cp\/student\/courses\/435752\" rel=\"noopener\" target=\"_blank\">Programmierung (Global\u00fcbung)<\/a><\/td><td class=\"column-6\"><\/td>\n<\/tr>\n<\/tbody>\n<\/table>\n<!-- #tablepress-2 from cache --><\/p>\t\t\t\t\t\t\t\t<\/div>\n\t\t\t\t<\/div>\n\t\t\t\t\t<\/div>\n\t\t<\/div>\n\t\t\t\t\t<\/div>\n\t\t<\/section>\n\t\t\t\t<section class=\"elementor-section elementor-top-section elementor-element elementor-element-18551da elementor-section-boxed elementor-section-height-default elementor-section-height-default\" data-id=\"18551da\" data-element_type=\"section\" data-e-type=\"section\">\n\t\t\t\t\t\t<div class=\"elementor-container elementor-column-gap-default\">\n\t\t\t\t\t<div class=\"elementor-column elementor-col-100 elementor-top-column elementor-element elementor-element-1d64e34\" data-id=\"1d64e34\" data-element_type=\"column\" data-e-type=\"column\">\n\t\t\t<div class=\"elementor-widget-wrap elementor-element-populated\">\n\t\t\t\t\t\t<div class=\"elementor-element elementor-element-5aae6c3 elementor-widget elementor-widget-text-editor\" data-id=\"5aae6c3\" data-element_type=\"widget\" data-e-type=\"widget\" data-widget_type=\"text-editor.default\">\n\t\t\t\t<div class=\"elementor-widget-container\">\n\t\t\t\t\t\t\t\t\t<p>Regarding the organization of teaching in the winter semester 21\/22, there will be no uniform model; and since the latest Corona ordinance of the state of NRW was published only this week, we can give you first information only now - broken down by semesters:<\/p>\t\t\t\t\t\t\t\t<\/div>\n\t\t\t\t<\/div>\n\t\t\t\t<div class=\"elementor-element elementor-element-7c38bf9 elementor-widget elementor-widget-heading\" data-id=\"7c38bf9\" data-element_type=\"widget\" data-e-type=\"widget\" data-widget_type=\"heading.default\">\n\t\t\t\t<div class=\"elementor-widget-container\">\n\t\t\t\t\t<h2 class=\"elementor-heading-title elementor-size-default\">Events of the first semester Bachelor Computer Science<\/h2>\t\t\t\t<\/div>\n\t\t\t\t<\/div>\n\t\t\t\t<div class=\"elementor-element elementor-element-7ec408f elementor-widget elementor-widget-text-editor\" data-id=\"7ec408f\" data-element_type=\"widget\" data-e-type=\"widget\" data-widget_type=\"text-editor.default\">\n\t\t\t\t<div class=\"elementor-widget-container\">\n\t\t\t\t\t\t\t\t\t<p class=\"translation-block\">The affected dates are those of the lectures and global exercises of the courses \"Programmierung\", \"Einf\u00fchrung in die Technische Informatik\", \"Analysis f\u00fcr Informatiker\" and \"Diskrete Strukturen\". These will take place on Tuesdays from 12:30 - 18:00 and on Thursdays from 12:30 - 20:00, one after the other and in the same lecture hall.<\/p><p>This is intended to enable the smoothest possible participation in the face-to-face events and to avoid problems caused by scarce alternations between face-to-face and online teaching. Further dates of the events will be held online.<\/p><p class=\"translation-block\">Since this so-called alternating operation initially requires some organization and coordination, the first week of lectures (11.10. to <span style=\"font-size: 1rem\">15.10) initially <\/span><b style=\"font-size: 1rem\">all<\/b><span style=\"font-size: 1rem\"> events online via zoom.<\/span>.<\/p><p class=\"translation-block\">This week (11.10. to 15.10.) we will explain the modalities of the hybrid lectures to you and conduct the division into cohorts via RWTHonline. There will be the possibility that you can be assigned to the same cohort in smaller groups - for this purpose it is possible to register as a team, indicating the same team name. Registration is done via the event <span style=\"font-size: 1rem\"><i>12.00101\u00a0 Hybride Lehrveranstaltungen \u2013 erstes Semester Bachelor Informatik.<\/i> <\/span><\/p><p class=\"translation-block\"><span style=\"font-size: 1rem\">You can sign up for this <\/span><a href=\"https:\/\/online.rwth-aachen.de\/RWTHonline\/ee\/ui\/ca2\/app\/desktop\/#\/slc.tm.cp\/student\/courses\/446228?$ctx=design=ca;lang=en\" target=\"_self\" rel=\"noopener\"><b>here<\/b><\/a><span style=\"font-size: 1rem\">.<\/span><\/p><p class=\"translation-block\">Please register in time. Those who wish to follow the events completely online do not need to register. However, we strongly recommend that all students take advantage of the face-to-face events offered.\u00a0<span style=\"font-size: 1rem\">After registration closes, we will divide and announce the cohorts.\u00a0<\/span><span style=\"font-size: 1rem\">From the second week of lectures (from 19.10.) then begin the classroom events for the respective active cohort.\u00a0<\/span><span style=\"font-size: 1rem\">Further details will be announced after the division of the cohorts in the Moodle room for the event <i>12.00101\u00a0 Hybride Lehrveranstaltungen \u2013 erstes Semester Bachelor Informatik<\/i>.<\/p><p class=\"translation-block\"><b>Small group exercises<\/b> (tutorials, mentoring) can be done <b>entirely in presence<\/b>. Further information is available in the lectures during the first week of lectures or during the introductory week.<\/p><p class=\"translation-block\">Please note: the <b>3G<\/b> rule applies to access to the event rooms. There will be admission controls. To speed up the process of control, we would like to ask you to bring your <b>proofs in digital form<\/b>.<\/p><p>We further recommend that all students for whom there are no medical reasons be vaccinated against COVID-19.<\/p>\t\t\t\t\t\t\t\t<\/div>\n\t\t\t\t<\/div>\n\t\t\t\t<div class=\"elementor-element elementor-element-854eef7 elementor-widget elementor-widget-heading\" data-id=\"854eef7\" data-element_type=\"widget\" data-e-type=\"widget\" data-widget_type=\"heading.default\">\n\t\t\t\t<div class=\"elementor-widget-container\">\n\t\t\t\t\t<h2 class=\"elementor-heading-title elementor-size-default\">Events of the third semester Bachelor Computer Science<\/h2>\t\t\t\t<\/div>\n\t\t\t\t<\/div>\n\t\t\t\t<div class=\"elementor-element elementor-element-f5b1e64 elementor-widget elementor-widget-text-editor\" data-id=\"f5b1e64\" data-element_type=\"widget\" data-e-type=\"widget\" data-widget_type=\"text-editor.default\">\n\t\t\t\t<div class=\"elementor-widget-container\">\n\t\t\t\t\t\t\t\t\t<p>F\u00fcr Studierende im dritten Semester des Bachelor Informatik erfolgt f\u00fcr die Veranstaltungen \u201e<b>Berechenbarkeit und Komplexit\u00e4t<\/b>\u201c und \u201e<b>Einf\u00fchrung in\u00a0<\/b><span style=\"font-size: 1rem;\"><b>die Softwaretechnik<\/b>\u201c eine analoge Organisation wie f\u00fcr Erstsemesterstudierende.<\/span><\/p><p>Es werden <b>dienstags<\/b> von <b>8:30 \u2013 12:00 Uhr<\/b> and <b>mittwochs<\/b> von <b>16:30 \u2013 20:00 Uhr<\/b> Termine der Vorlesungen und Global\u00fcbungen im Block in Pr\u00e4senz\u00a0<span style=\"font-size: 1rem;\">angeboten; weitere Termine finden online statt.<\/span><\/p><p>Auch hier startet der Wechselbetrieb in der zweiten Vorlesungswoche (ab dem 19.10.); in der ersten Woche werden alle Termine online\u00a0<span style=\"font-size: 1rem;\">durchgef\u00fchrt. Auch hier l\u00e4uft vom 11. \u2013 15. Oktober die Anmeldung zur Teilnahme am Wechselbetrieb \u00fcber RWTHonline zur Veranstaltung\u00a0<\/span><span style=\"font-size: 1rem;\"><i>12.00103\u00a0 Hybride Lehrveranstaltungen &#8211; drittes Semester Bachelor Informatik<\/i>.<\/span><\/p><p class=\"translation-block\"><span style=\"font-size: 1rem\">You can sign up for this <\/span><a href=\"https:\/\/online.rwth-aachen.de\/RWTHonline\/ee\/ui\/ca2\/app\/desktop\/#\/slc.tm.cp\/student\/courses\/446228?$ctx=design=ca;lang=en\" target=\"_self\" rel=\"noopener\"><b>here<\/b><\/a><span style=\"font-size: 1rem\">.<\/span><\/p><p><span style=\"font-size: 1rem;\">Bitte meldet euch rechtzeitig an. Wer den Veranstaltungen komplett online folgen m\u00f6chte, muss sich nicht anmelden. Wir empfehlen auch\u00a0<\/span><span style=\"font-size: 1rem;\">allen Drittsemesterstudierenden das Angebot der Pr\u00e4senzveranstaltungen wahrzunehmen.<\/span><\/p><p><span style=\"font-size: 1rem;\">Weitere Details werden nach Einteilung der Kohorten im Moodle-Raum zur Veranstaltung <i>12.00103\u00a0 Hybride Lehrveranstaltungen &#8211; drittes Semester Bachelor Informatik\u00a0<\/i>bekanntgeben.<\/span><\/p><p><span style=\"font-size: 1rem;\">Bitte beachtet: <b>Die Freiversuchsregelung gilt ab dem Wintersemester nicht mehr.<\/b><\/span><\/p><p><b>Tutorien<\/b> k\u00f6nnen vollst\u00e4ndig in Pr\u00e4senz durchgef\u00fchrt werden. Weitere Informationen dazu gibt es in den Veranstaltungen in der ersten\u00a0<span style=\"font-size: 1rem;\">Vorlesungswoche.<\/span><\/p><p><span style=\"font-size: 1rem;\">Auch hier gilt f\u00fcr den Zugang zu den Veranstaltungsr\u00e4umen die <b>3G<\/b>-Regel. Um den Prozess bei der Einlasskontrolle\u00a0<\/span><span style=\"font-size: 1rem;\">zu beschleunigen, m\u00f6chten wir euch bitten, eure <b>Nachweise in digitaler Form<\/b> dabeizuhaben.\u00a0<\/span><span style=\"font-size: 1rem;\">Und nochmals empfehlen wir allen Studierenden nachdr\u00fccklich, sich gegen COVID-19 impfen zu lassen, wenn keine medizinische Indikation\u00a0<\/span><span style=\"font-size: 1rem;\">dagegen spricht.<\/span><\/p>\t\t\t\t\t\t\t\t<\/div>\n\t\t\t\t<\/div>\n\t\t\t\t<div class=\"elementor-element elementor-element-4d08c92 elementor-widget elementor-widget-heading\" data-id=\"4d08c92\" data-element_type=\"widget\" data-e-type=\"widget\" data-widget_type=\"heading.default\">\n\t\t\t\t<div class=\"elementor-widget-container\">\n\t\t\t\t\t<h2 class=\"elementor-heading-title elementor-size-default\">Events for higher semesters<\/h2>\t\t\t\t<\/div>\n\t\t\t\t<\/div>\n\t\t\t\t<div class=\"elementor-element elementor-element-191e8a6 elementor-widget elementor-widget-text-editor\" data-id=\"191e8a6\" data-element_type=\"widget\" data-e-type=\"widget\" data-widget_type=\"text-editor.default\">\n\t\t\t\t<div class=\"elementor-widget-container\">\n\t\t\t\t\t\t\t\t\t<p><span style=\"color: var( --e-global-color-text ); font-family: var( --e-global-typography-text-font-family ), Sans-serif; font-size: 1rem;\">There will be no uniform regulations for courses in higher semesters due to the variety of courses.<\/span><\/p><div><div>It is up to the individual lecturers whether they want to organize their courses in presence, online, or in alternating mode. Information on the organization will be announced by the lecturers either in advance or at the beginning of the course.<\/div><div><span style=\"color: var( --e-global-color-text ); font-family: var( --e-global-typography-text-font-family ), Sans-serif; font-size: 1rem;\">\u00a0<\/span><\/div><div class=\"translation-block\">If presence is provided, <b>3G<\/b> checks will also be conducted here upon entry to the event space.<\/div><div>\u00a0<\/div><div><div>Als abschlie\u00dfende Information m\u00f6chten wir nochmals alle Studierenden darauf hinweisen, dass die <b>Freiversuchsregelung im WS 21\/22 nicht\u00a0<\/b><\/div><div><b>valid anymore.<\/b>.<\/div><\/div><\/div>\t\t\t\t\t\t\t\t<\/div>\n\t\t\t\t<\/div>\n\t\t\t\t\t<\/div>\n\t\t<\/div>\n\t\t\t\t\t<\/div>\n\t\t<\/section>\n\t\t\t\t<\/div>","protected":false},"excerpt":{"rendered":"<p>Hybrid-Semester In diesem Semester (WS 21\/22) werden einige Veranstaltungen (vor allem f\u00fcr das 1. und 3. Semester) im Hybrid-Modus angeboten. D.h., dass einige Vorlesung an bestimmten Tagen in Pr\u00e4senz angeboten werden (z.B. so wie im Plan unten). Da aber nur maximal 200 Student*innen die Vorlesung in Pr\u00e4senz besuchen werden, werdet ihr in Gruppen aufgeteilt. Jede [&hellip;]<\/p>\n","protected":false},"author":9,"featured_media":0,"parent":0,"menu_order":0,"comment_status":"closed","ping_status":"closed","template":"","meta":{"inline_featured_image":false,"footnotes":""},"class_list":["post-3301","page","type-page","status-publish","hentry"],"_links":{"self":[{"href":"https:\/\/sc.informatik.rwth-aachen.de\/en\/wp-json\/wp\/v2\/pages\/3301","targetHints":{"allow":["GET"]}}],"collection":[{"href":"https:\/\/sc.informatik.rwth-aachen.de\/en\/wp-json\/wp\/v2\/pages"}],"about":[{"href":"https:\/\/sc.informatik.rwth-aachen.de\/en\/wp-json\/wp\/v2\/types\/page"}],"author":[{"embeddable":true,"href":"https:\/\/sc.informatik.rwth-aachen.de\/en\/wp-json\/wp\/v2\/users\/9"}],"replies":[{"embeddable":true,"href":"https:\/\/sc.informatik.rwth-aachen.de\/en\/wp-json\/wp\/v2\/comments?post=3301"}],"version-history":[{"count":38,"href":"https:\/\/sc.informatik.rwth-aachen.de\/en\/wp-json\/wp\/v2\/pages\/3301\/revisions"}],"predecessor-version":[{"id":3463,"href":"https:\/\/sc.informatik.rwth-aachen.de\/en\/wp-json\/wp\/v2\/pages\/3301\/revisions\/3463"}],"wp:attachment":[{"href":"https:\/\/sc.informatik.rwth-aachen.de\/en\/wp-json\/wp\/v2\/media?parent=3301"}],"curies":[{"name":"wp","href":"https:\/\/api.w.org\/{rel}","templated":true}]}}