{"id":21591,"date":"2025-09-30T13:01:47","date_gmt":"2025-09-30T11:01:47","guid":{"rendered":"https:\/\/sc.informatik.rwth-aachen.de\/?page_id=21591"},"modified":"2025-09-30T13:15:49","modified_gmt":"2025-09-30T11:15:49","slug":"digital-learning","status":"publish","type":"page","link":"https:\/\/sc.informatik.rwth-aachen.de\/en\/lehre\/digital-learning\/","title":{"rendered":"Selected Topics in Digital Learning (Winter 24\/25)"},"content":{"rendered":"<div data-elementor-type=\"wp-page\" data-elementor-id=\"21591\" class=\"elementor elementor-21591\" data-elementor-post-type=\"page\">\n\t\t\t\t\t\t<section class=\"elementor-section elementor-top-section elementor-element elementor-element-2f0a0e19 elementor-section-height-min-height elementor-section-boxed elementor-section-height-default elementor-section-items-middle\" data-id=\"2f0a0e19\" data-element_type=\"section\" data-e-type=\"section\" data-settings=\"{&quot;background_background&quot;:&quot;classic&quot;}\">\n\t\t\t\t\t\t\t<div class=\"elementor-background-overlay\"><\/div>\n\t\t\t\t\t\t\t<div class=\"elementor-container elementor-column-gap-default\">\n\t\t\t\t\t<div class=\"elementor-column elementor-col-100 elementor-top-column elementor-element elementor-element-6c87de5f\" data-id=\"6c87de5f\" data-element_type=\"column\" data-e-type=\"column\">\n\t\t\t<div class=\"elementor-widget-wrap\">\n\t\t\t\t\t\t\t<\/div>\n\t\t<\/div>\n\t\t\t\t\t<\/div>\n\t\t<\/section>\n\t\t\t\t<section class=\"elementor-section elementor-top-section elementor-element elementor-element-34646337 elementor-reverse-mobile elementor-section-boxed elementor-section-height-default elementor-section-height-default\" data-id=\"34646337\" data-element_type=\"section\" data-e-type=\"section\">\n\t\t\t\t\t\t<div class=\"elementor-container elementor-column-gap-wide\">\n\t\t\t\t\t<div class=\"elementor-column elementor-col-50 elementor-top-column elementor-element elementor-element-65956c04\" data-id=\"65956c04\" data-element_type=\"column\" data-e-type=\"column\">\n\t\t\t<div class=\"elementor-widget-wrap elementor-element-populated\">\n\t\t\t\t\t\t<div class=\"elementor-element elementor-element-617fd6ae elementor-widget elementor-widget-heading\" data-id=\"617fd6ae\" data-element_type=\"widget\" data-e-type=\"widget\" data-widget_type=\"heading.default\">\n\t\t\t\t<div class=\"elementor-widget-container\">\n\t\t\t\t\t<h1 class=\"elementor-heading-title elementor-size-default\">Selected Topics in Digital Learning<\/h1>\t\t\t\t<\/div>\n\t\t\t\t<\/div>\n\t\t\t\t<div class=\"elementor-element elementor-element-34771cb elementor-widget elementor-widget-heading\" data-id=\"34771cb\" data-element_type=\"widget\" data-e-type=\"widget\" data-widget_type=\"heading.default\">\n\t\t\t\t<div class=\"elementor-widget-container\">\n\t\t\t\t\t<h3 class=\"elementor-heading-title elementor-size-default\">Winter 2025\/2026<\/h3>\t\t\t\t<\/div>\n\t\t\t\t<\/div>\n\t\t\t\t<div class=\"elementor-element elementor-element-3e14bb5 elementor-widget__width-auto elementor-widget elementor-widget-text-editor\" data-id=\"3e14bb5\" data-element_type=\"widget\" data-e-type=\"widget\" data-widget_type=\"text-editor.default\">\n\t\t\t\t<div class=\"elementor-widget-container\">\n\t\t\t\t\t\t\t\t\t<p>Digital learning is a generic term for all types of technology-supported learning. Both Distance Learning and In-Person Learning can be included to varying degrees. All can include Digital Learning in one way or another. According to Georgiagov, digital learning consists of three aspects: technology, digital content, and instruction.<\/p>\t\t\t\t\t\t\t\t<\/div>\n\t\t\t\t<\/div>\n\t\t\t\t<div class=\"elementor-element elementor-element-2216598 elementor-widget__width-auto elementor-widget elementor-widget-text-editor\" data-id=\"2216598\" data-element_type=\"widget\" data-e-type=\"widget\" data-widget_type=\"text-editor.default\">\n\t\t\t\t<div class=\"elementor-widget-container\">\n\t\t\t\t\t\t\t\t\t<p>Students in the Master's explore selected sub-aspects of digital learning in a broader and more open context. In doing so, the aspects of technology, digital content, instruction, feedback as well as potentials and challenges for impaired and technology-impaired learners are investigated and transferred into well-founded guidelines that are finally applied to a self-selected, concrete learning scenario.<\/p><p>More detailed explanations of the individual topics can be found below.<\/p><p class=\"translation-block\"><b>Note on language:<\/b> The kick-off event will be held in English. The individual meetings can take place in German as well as in English.<\/p>\t\t\t\t\t\t\t\t<\/div>\n\t\t\t\t<\/div>\n\t\t\t\t<div class=\"elementor-element elementor-element-9700a08 elementor-widget elementor-widget-spacer\" data-id=\"9700a08\" data-element_type=\"widget\" data-e-type=\"widget\" data-widget_type=\"spacer.default\">\n\t\t\t\t<div class=\"elementor-widget-container\">\n\t\t\t\t\t\t\t<div class=\"elementor-spacer\">\n\t\t\t<div class=\"elementor-spacer-inner\"><\/div>\n\t\t<\/div>\n\t\t\t\t\t\t<\/div>\n\t\t\t\t<\/div>\n\t\t\t\t<div class=\"elementor-element elementor-element-10fc866 elementor-widget elementor-widget-heading\" data-id=\"10fc866\" data-element_type=\"widget\" data-e-type=\"widget\" data-widget_type=\"heading.default\">\n\t\t\t\t<div class=\"elementor-widget-container\">\n\t\t\t\t\t<h2 class=\"elementor-heading-title elementor-size-default\">Contact<\/h2>\t\t\t\t<\/div>\n\t\t\t\t<\/div>\n\t\t\t\t<div class=\"elementor-element elementor-element-2191a5da elementor-widget__width-auto elementor-widget elementor-widget-image\" data-id=\"2191a5da\" data-element_type=\"widget\" data-e-type=\"widget\" data-widget_type=\"image.default\">\n\t\t\t\t<div class=\"elementor-widget-container\">\n\t\t\t\t\t\t\t\t\t\t\t\t<figure class=\"wp-caption\">\n\t\t\t\t\t\t\t\t\t\t\t<a href=\"https:\/\/sc.informatik.rwth-aachen.de\/en\/noichl\/\">\n\t\t\t\t\t\t\t<img decoding=\"async\" src=\"https:\/\/sc.informatik.rwth-aachen.de\/wp-content\/uploads\/elementor\/thumbs\/noichl-phuqio8ja68uskm2z5lfeg7yhfr34azbr34lytx97g.png\" title=\"noichl\" alt=\"noichl\" loading=\"lazy\" \/>\t\t\t\t\t\t\t\t<\/a>\n\t\t\t\t\t\t\t\t\t\t\t<figcaption class=\"widget-image-caption wp-caption-text\">Dr. Svenja Noichl<\/figcaption>\n\t\t\t\t\t\t\t\t\t\t<\/figure>\n\t\t\t\t\t\t\t\t\t<\/div>\n\t\t\t\t<\/div>\n\t\t\t\t<div class=\"elementor-element elementor-element-53c9e92 elementor-widget elementor-widget-spacer\" data-id=\"53c9e92\" data-element_type=\"widget\" data-e-type=\"widget\" data-widget_type=\"spacer.default\">\n\t\t\t\t<div class=\"elementor-widget-container\">\n\t\t\t\t\t\t\t<div class=\"elementor-spacer\">\n\t\t\t<div class=\"elementor-spacer-inner\"><\/div>\n\t\t<\/div>\n\t\t\t\t\t\t<\/div>\n\t\t\t\t<\/div>\n\t\t\t\t\t<\/div>\n\t\t<\/div>\n\t\t\t\t<div class=\"elementor-column elementor-col-50 elementor-top-column elementor-element elementor-element-6ea043f0\" data-id=\"6ea043f0\" data-element_type=\"column\" data-e-type=\"column\">\n\t\t\t<div class=\"elementor-widget-wrap elementor-element-populated\">\n\t\t\t\t\t\t<section class=\"elementor-section elementor-inner-section elementor-element elementor-element-a45caea animated-fast glass-blur-2 elementor-section-boxed elementor-section-height-default elementor-section-height-default elementor-invisible\" data-id=\"a45caea\" data-element_type=\"section\" data-e-type=\"section\" data-settings=\"{&quot;background_background&quot;:&quot;classic&quot;,&quot;animation&quot;:&quot;fadeIn&quot;}\">\n\t\t\t\t\t\t<div class=\"elementor-container elementor-column-gap-default\">\n\t\t\t\t\t<div class=\"elementor-column elementor-col-100 elementor-inner-column elementor-element elementor-element-3353bfa\" data-id=\"3353bfa\" data-element_type=\"column\" data-e-type=\"column\">\n\t\t\t<div class=\"elementor-widget-wrap elementor-element-populated\">\n\t\t\t\t\t\t<div class=\"elementor-element elementor-element-d2d9ca8 elementor-widget elementor-widget-heading\" data-id=\"d2d9ca8\" data-element_type=\"widget\" data-e-type=\"widget\" data-widget_type=\"heading.default\">\n\t\t\t\t<div class=\"elementor-widget-container\">\n\t\t\t\t\t<h4 class=\"elementor-heading-title elementor-size-default\">Course<\/h4>\t\t\t\t<\/div>\n\t\t\t\t<\/div>\n\t\t\t\t<div class=\"elementor-element elementor-element-671dd70 elementor-widget elementor-widget-text-editor\" data-id=\"671dd70\" data-element_type=\"widget\" data-e-type=\"widget\" data-widget_type=\"text-editor.default\">\n\t\t\t\t<div class=\"elementor-widget-container\">\n\t\t\t\t\t\t\t\t\t<p><strong>Language<\/strong><br \/><strong>Credits<\/strong><\/p><p>\u00a0<\/p><p style=\"text-align: right;\">German\/English<br \/>4 ECTS for M.Sc.<\/p>\t\t\t\t\t\t\t\t<\/div>\n\t\t\t\t<\/div>\n\t\t\t\t\t<\/div>\n\t\t<\/div>\n\t\t\t\t\t<\/div>\n\t\t<\/section>\n\t\t\t\t<section class=\"elementor-section elementor-inner-section elementor-element elementor-element-5fc2bdd animated-fast glass-blur-2 elementor-section-boxed elementor-section-height-default elementor-section-height-default elementor-invisible\" data-id=\"5fc2bdd\" data-element_type=\"section\" data-e-type=\"section\" data-settings=\"{&quot;background_background&quot;:&quot;classic&quot;,&quot;animation&quot;:&quot;fadeIn&quot;}\">\n\t\t\t\t\t\t<div class=\"elementor-container elementor-column-gap-default\">\n\t\t\t\t\t<div class=\"elementor-column elementor-col-100 elementor-inner-column elementor-element elementor-element-37a9a058\" data-id=\"37a9a058\" data-element_type=\"column\" data-e-type=\"column\">\n\t\t\t<div class=\"elementor-widget-wrap elementor-element-populated\">\n\t\t\t\t\t\t<div class=\"elementor-element elementor-element-53efdcc5 elementor-widget elementor-widget-heading\" data-id=\"53efdcc5\" data-element_type=\"widget\" data-e-type=\"widget\" data-widget_type=\"heading.default\">\n\t\t\t\t<div class=\"elementor-widget-container\">\n\t\t\t\t\t<h4 class=\"elementor-heading-title elementor-size-default\">Dates<\/h4>\t\t\t\t<\/div>\n\t\t\t\t<\/div>\n\t\t\t\t<div class=\"elementor-element elementor-element-1404f742 elementor-widget elementor-widget-text-editor\" data-id=\"1404f742\" data-element_type=\"widget\" data-e-type=\"widget\" data-widget_type=\"text-editor.default\">\n\t\t\t\t<div class=\"elementor-widget-container\">\n\t\t\t\t\t\t\t\t\t<p><strong>Kickoff Meeting: <\/strong><\/p><p><strong>Presentations<\/strong><\/p><p>13.10.2025, 15-16<\/p><p>10.02.2026, 9-16<\/p>\t\t\t\t\t\t\t\t<\/div>\n\t\t\t\t<\/div>\n\t\t\t\t\t<\/div>\n\t\t<\/div>\n\t\t\t\t\t<\/div>\n\t\t<\/section>\n\t\t\t\t<section class=\"elementor-section elementor-inner-section elementor-element elementor-element-6ed251ad animated-fast glass-blur-2 elementor-section-boxed elementor-section-height-default elementor-section-height-default elementor-invisible\" data-id=\"6ed251ad\" data-element_type=\"section\" data-e-type=\"section\" data-settings=\"{&quot;background_background&quot;:&quot;classic&quot;,&quot;animation&quot;:&quot;fadeIn&quot;}\">\n\t\t\t\t\t\t<div class=\"elementor-container elementor-column-gap-default\">\n\t\t\t\t\t<div class=\"elementor-column elementor-col-100 elementor-inner-column elementor-element elementor-element-21162677\" data-id=\"21162677\" data-element_type=\"column\" data-e-type=\"column\">\n\t\t\t<div class=\"elementor-widget-wrap elementor-element-populated\">\n\t\t\t\t\t\t<div class=\"elementor-element elementor-element-79c194ca elementor-widget elementor-widget-heading\" data-id=\"79c194ca\" data-element_type=\"widget\" data-e-type=\"widget\" data-widget_type=\"heading.default\">\n\t\t\t\t<div class=\"elementor-widget-container\">\n\t\t\t\t\t<h4 class=\"elementor-heading-title elementor-size-default\">Ressourcen<\/h4>\t\t\t\t<\/div>\n\t\t\t\t<\/div>\n\t\t\t\t<div class=\"elementor-element elementor-element-0a25242 elementor-widget elementor-widget-text-editor\" data-id=\"0a25242\" data-element_type=\"widget\" data-e-type=\"widget\" data-widget_type=\"text-editor.default\">\n\t\t\t\t<div class=\"elementor-widget-container\">\n\t\t\t\t\t\t\t\t\t<p><a href=\"https:\/\/swofi.net:30000\/free\/welcome\">SWOFI<\/a><\/p>\t\t\t\t\t\t\t\t<\/div>\n\t\t\t\t<\/div>\n\t\t\t\t\t<\/div>\n\t\t<\/div>\n\t\t\t\t\t<\/div>\n\t\t<\/section>\n\t\t\t\t<section class=\"elementor-section elementor-inner-section elementor-element elementor-element-21817d54 animated-fast glass-blur-2 elementor-section-boxed elementor-section-height-default elementor-section-height-default elementor-invisible\" data-id=\"21817d54\" data-element_type=\"section\" data-e-type=\"section\" data-settings=\"{&quot;background_background&quot;:&quot;classic&quot;,&quot;animation&quot;:&quot;fadeIn&quot;}\">\n\t\t\t\t\t\t<div class=\"elementor-container elementor-column-gap-default\">\n\t\t\t\t\t<div class=\"elementor-column elementor-col-100 elementor-inner-column elementor-element elementor-element-1263845\" data-id=\"1263845\" data-element_type=\"column\" data-e-type=\"column\">\n\t\t\t<div class=\"elementor-widget-wrap elementor-element-populated\">\n\t\t\t\t\t\t<div class=\"elementor-element elementor-element-76472651 elementor-widget elementor-widget-heading\" data-id=\"76472651\" data-element_type=\"widget\" data-e-type=\"widget\" data-widget_type=\"heading.default\">\n\t\t\t\t<div class=\"elementor-widget-container\">\n\t\t\t\t\t<h4 class=\"elementor-heading-title elementor-size-default\">Study Programs<\/h4>\t\t\t\t<\/div>\n\t\t\t\t<\/div>\n\t\t\t\t<div class=\"elementor-element elementor-element-13504aae elementor-widget elementor-widget-text-editor\" data-id=\"13504aae\" data-element_type=\"widget\" data-e-type=\"widget\" data-widget_type=\"text-editor.default\">\n\t\t\t\t<div class=\"elementor-widget-container\">\n\t\t\t\t\t\t\t\t\t<ul><li>Master Computer Science<\/li><li>Master Data Science<\/li><li>Master Media Informatics<\/li><li>Master Software Systems Engeneering<\/li><li>Master Mensch-Technik-Interaktion und -Kommunikation<\/li><\/ul>\t\t\t\t\t\t\t\t<\/div>\n\t\t\t\t<\/div>\n\t\t\t\t\t<\/div>\n\t\t<\/div>\n\t\t\t\t\t<\/div>\n\t\t<\/section>\n\t\t\t\t\t<\/div>\n\t\t<\/div>\n\t\t\t\t\t<\/div>\n\t\t<\/section>\n\t\t\t\t<section class=\"elementor-section elementor-top-section elementor-element elementor-element-69bb864 elementor-reverse-mobile elementor-section-boxed elementor-section-height-default elementor-section-height-default\" data-id=\"69bb864\" data-element_type=\"section\" data-e-type=\"section\">\n\t\t\t\t\t\t<div class=\"elementor-container elementor-column-gap-wide\">\n\t\t\t\t\t<div class=\"elementor-column elementor-col-100 elementor-top-column elementor-element elementor-element-990c100\" data-id=\"990c100\" data-element_type=\"column\" data-e-type=\"column\">\n\t\t\t<div class=\"elementor-widget-wrap elementor-element-populated\">\n\t\t\t\t\t\t<div class=\"elementor-element elementor-element-1c181399 elementor-widget elementor-widget-heading\" data-id=\"1c181399\" data-element_type=\"widget\" data-e-type=\"widget\" data-widget_type=\"heading.default\">\n\t\t\t\t<div class=\"elementor-widget-container\">\n\t\t\t\t\t<h2 class=\"elementor-heading-title elementor-size-default\">Grading<\/h2>\t\t\t\t<\/div>\n\t\t\t\t<\/div>\n\t\t\t\t<div class=\"elementor-element elementor-element-747ef585 elementor-widget__width-auto elementor-widget elementor-widget-text-editor\" data-id=\"747ef585\" data-element_type=\"widget\" data-e-type=\"widget\" data-widget_type=\"text-editor.default\">\n\t\t\t\t<div class=\"elementor-widget-container\">\n\t\t\t\t\t\t\t\t\t<p>The grade is composed of:<\/p><ul><li>written elaboration (intermidiate submissions + paper): 60%<\/li><li>presentation + discussion: 40%<\/li><\/ul>\t\t\t\t\t\t\t\t<\/div>\n\t\t\t\t<\/div>\n\t\t\t\t<div class=\"elementor-element elementor-element-9cfba97 elementor-widget elementor-widget-spacer\" data-id=\"9cfba97\" data-element_type=\"widget\" data-e-type=\"widget\" data-widget_type=\"spacer.default\">\n\t\t\t\t<div class=\"elementor-widget-container\">\n\t\t\t\t\t\t\t<div class=\"elementor-spacer\">\n\t\t\t<div class=\"elementor-spacer-inner\"><\/div>\n\t\t<\/div>\n\t\t\t\t\t\t<\/div>\n\t\t\t\t<\/div>\n\t\t\t\t<div class=\"elementor-element elementor-element-aaafbb1 elementor-widget elementor-widget-heading\" data-id=\"aaafbb1\" data-element_type=\"widget\" data-e-type=\"widget\" data-widget_type=\"heading.default\">\n\t\t\t\t<div class=\"elementor-widget-container\">\n\t\t\t\t\t<h2 class=\"elementor-heading-title elementor-size-default\">Presence<\/h2>\t\t\t\t<\/div>\n\t\t\t\t<\/div>\n\t\t\t\t<div class=\"elementor-element elementor-element-e00a4df elementor-widget__width-auto elementor-widget elementor-widget-text-editor\" data-id=\"e00a4df\" data-element_type=\"widget\" data-e-type=\"widget\" data-widget_type=\"text-editor.default\">\n\t\t\t\t<div class=\"elementor-widget-container\">\n\t\t\t\t\t\t\t\t\t<p>To pass, participation in kick-off, the individual meetings as well as the presentations is mandatory.<\/p>\t\t\t\t\t\t\t\t<\/div>\n\t\t\t\t<\/div>\n\t\t\t\t<div class=\"elementor-element elementor-element-e5fc267 elementor-widget elementor-widget-spacer\" data-id=\"e5fc267\" data-element_type=\"widget\" data-e-type=\"widget\" data-widget_type=\"spacer.default\">\n\t\t\t\t<div class=\"elementor-widget-container\">\n\t\t\t\t\t\t\t<div class=\"elementor-spacer\">\n\t\t\t<div class=\"elementor-spacer-inner\"><\/div>\n\t\t<\/div>\n\t\t\t\t\t\t<\/div>\n\t\t\t\t<\/div>\n\t\t\t\t<div class=\"elementor-element elementor-element-9a1bf17 elementor-widget elementor-widget-heading\" data-id=\"9a1bf17\" data-element_type=\"widget\" data-e-type=\"widget\" data-widget_type=\"heading.default\">\n\t\t\t\t<div class=\"elementor-widget-container\">\n\t\t\t\t\t<h2 class=\"elementor-heading-title elementor-size-default\">Milestones and deliverables<\/h2>\t\t\t\t<\/div>\n\t\t\t\t<\/div>\n\t\t\t\t<div class=\"elementor-element elementor-element-29bf575 elementor-widget elementor-widget-text-editor\" data-id=\"29bf575\" data-element_type=\"widget\" data-e-type=\"widget\" data-widget_type=\"text-editor.default\">\n\t\t\t\t<div class=\"elementor-widget-container\">\n\t\t\t\t\t\t\t\t\t<p><strong>Deadline for all submissions is on mondays at 8 a.m.<\/strong><\/p><ul><li>Initial Literature: 27.10.2025<\/li><li>Topic and Research Questions: 03.11.2025<\/li><li>Extended Collection: 10.11.2025<\/li><li>Idea: 17.11.2025<\/li><li>Literature Contribution + Visualization: 24.11.2025<\/li><li>Visualization: 01.12.2025<\/li><li>Skeleton: 08.12.2025<\/li><li>Writing: 15.12.2025<\/li><li>Finished Paper for Review: 12.01.2026<\/li><li>Review: 19.01.2026<\/li><li>Presentation: 02.02.2026<\/li><li>Camera-Ready: 09.02.2026<\/li><li>Polished Paper: 02.03.2026<\/li><\/ul>\t\t\t\t\t\t\t\t<\/div>\n\t\t\t\t<\/div>\n\t\t\t\t<div class=\"elementor-element elementor-element-3a212c3 elementor-widget elementor-widget-heading\" data-id=\"3a212c3\" data-element_type=\"widget\" data-e-type=\"widget\" data-widget_type=\"heading.default\">\n\t\t\t\t<div class=\"elementor-widget-container\">\n\t\t\t\t\t<h2 class=\"elementor-heading-title elementor-size-default\">Dates<\/h2>\t\t\t\t<\/div>\n\t\t\t\t<\/div>\n\t\t\t\t<div class=\"elementor-element elementor-element-abddf3d elementor-widget elementor-widget-text-editor\" data-id=\"abddf3d\" data-element_type=\"widget\" data-e-type=\"widget\" data-widget_type=\"text-editor.default\">\n\t\t\t\t<div class=\"elementor-widget-container\">\n\t\t\t\t\t\t\t\t\t<p><strong>Kickoff Meeting: <\/strong><\/p><ul><li>Montag, 13.10.2025\u00a0<\/li><\/ul><p><strong>Thema und Forschungsfragen &#8211; Individuelle Termine (30 Minuten, 2-3 Personen pro Termin):<\/strong><\/p><ul><li>Montag, 03.11.2025; Dienstag, 04.11.2025<\/li><\/ul><p><strong>Visualisierung- Individuelle Termine (30 Minuten, 2-3 Personen pro Termin):<\/strong><\/p><ul><li>Montag, 01.12.2025; Dienstag, 02.12.2025<\/li><\/ul><p><strong>Ausgestaltung Vortrag &#8211; Individuelle Termine (30 Minuten, 1 Person pro Termin): <\/strong><\/p><ul><li>Montag, 02.02.2026; Dienstag, 03.02.2026<\/li><\/ul><p><strong>Conference <\/strong><\/p><ul><li>Dienstag, 10.02.2026 (09:00 Uhr &#8211; 16:00 Uhr)<\/li><\/ul>\t\t\t\t\t\t\t\t<\/div>\n\t\t\t\t<\/div>\n\t\t\t\t<div class=\"elementor-element elementor-element-fefe4c6 elementor-widget elementor-widget-spacer\" data-id=\"fefe4c6\" data-element_type=\"widget\" data-e-type=\"widget\" data-widget_type=\"spacer.default\">\n\t\t\t\t<div class=\"elementor-widget-container\">\n\t\t\t\t\t\t\t<div class=\"elementor-spacer\">\n\t\t\t<div class=\"elementor-spacer-inner\"><\/div>\n\t\t<\/div>\n\t\t\t\t\t\t<\/div>\n\t\t\t\t<\/div>\n\t\t\t\t<div class=\"elementor-element elementor-element-9cf9921 elementor-widget elementor-widget-heading\" data-id=\"9cf9921\" data-element_type=\"widget\" data-e-type=\"widget\" data-widget_type=\"heading.default\">\n\t\t\t\t<div class=\"elementor-widget-container\">\n\t\t\t\t\t<h2 class=\"elementor-heading-title elementor-size-default\">Topics<\/h2>\t\t\t\t<\/div>\n\t\t\t\t<\/div>\n\t\t\t\t<div class=\"elementor-element elementor-element-cafef88 elementor-widget elementor-widget-text-editor\" data-id=\"cafef88\" data-element_type=\"widget\" data-e-type=\"widget\" data-widget_type=\"text-editor.default\">\n\t\t\t\t<div class=\"elementor-widget-container\">\n\t\t\t\t\t\t\t\t\t<p>\u00a0All topics are assigned twice. The work is done individually. The examples given are only intended as a guide, but the design of your topic is not limited to these examples.<\/p><ul><li>Technology<ul><li>In this topic, you deal with the aspect of technology. Technology is the tool here. For example, you deal with which technology is used in the context of digital learning, under which conditions, which requirements arise for teachers or learners when using this technology, ...<\/li><\/ul><\/li><li>Digital content<ul><li>In this topic, you will deal with the aspect of digial content. This involves digital learning materials that are provided with the help of technology. For example, you will look at what types of digital content are already being used, what other content could be used in what context, what the requirements are for technology to provide the digital content, what content is suitable for which target groups, ...<\/li><\/ul><\/li><li>Instruction<ul><li>In this topic, you will deal with the aspect of instruction. Digital learning changes the role of teachers. For example, you will look at how the role of teachers is changing, what challenges this brings, how digital learning can be integrated into traditional teaching, ...<\/li><\/ul><\/li><li>Feedback<ul><li>In this topic you will deal with e.g. how feedback can be given, how feedback can be automated, how the quality of feedback can be ensured, ...<\/li><\/ul><\/li><li>Potentials and challenges for impaired and technology-impaired learners.<ul><li>In this topic you will deal with the potentials and challenges of digital learning for learners with impairments and those who are not familiar with technology. For example, you will look at how assistive technologies can be used, what requirements people in your target group have for digital learning, ...<\/li><\/ul><\/li><\/ul>\t\t\t\t\t\t\t\t<\/div>\n\t\t\t\t<\/div>\n\t\t\t\t<div class=\"elementor-element elementor-element-ee083d3 elementor-widget elementor-widget-heading\" data-id=\"ee083d3\" data-element_type=\"widget\" data-e-type=\"widget\" data-widget_type=\"heading.default\">\n\t\t\t\t<div class=\"elementor-widget-container\">\n\t\t\t\t\t<h2 class=\"elementor-heading-title elementor-size-default\">Previous courses<\/h2>\t\t\t\t<\/div>\n\t\t\t\t<\/div>\n\t\t\t\t<div class=\"elementor-element elementor-element-93b3570 elementor-widget elementor-widget-text-editor\" data-id=\"93b3570\" data-element_type=\"widget\" data-e-type=\"widget\" data-widget_type=\"text-editor.default\">\n\t\t\t\t<div class=\"elementor-widget-container\">\n\t\t\t\t\t\t\t\t\t<ul><li><a href=\"https:\/\/sc.informatik.rwth-aachen.de\/en\/lehre\/digital-learning2425\/\">Selected Topics in Digital Learning (WS 24\/25)<\/a><\/li><li><a href=\"https:\/\/sc.informatik.rwth-aachen.de\/en\/lehre\/digital-learning-23-24\/\">Selected Topics in Digital Learning (WS 23\/24)<\/a><\/li><li><a href=\"https:\/\/sc.informatik.rwth-aachen.de\/en\/lehre\/digital-learning22-23\/\">Selected Topics in Digital Learning (WS 22\/23)<\/a><\/li><\/ul>\t\t\t\t\t\t\t\t<\/div>\n\t\t\t\t<\/div>\n\t\t\t\t\t<\/div>\n\t\t<\/div>\n\t\t\t\t\t<\/div>\n\t\t<\/section>\n\t\t\t\t<\/div>","protected":false},"excerpt":{"rendered":"<p>Selected Topics in Digital Learning Winter 2025\/2026 Digital Learning ist ein Oberbegriff f\u00fcr alle Arten des technologiegest\u00fctzten Lernens. Sowohl Distance Learning als auch In-Person Learning k\u00f6nnen in unterschiedlichem Ma\u00dfe dazugeh\u00f6ren. Alle k\u00f6nnen auf die eine oder andere Weise Digital Learning beinhalten. Nach Georgiagov besteht Digital Learning aus den drei Aspekten Technologie, Digitale Inhalte sowie Instruktion. [&hellip;]<\/p>\n","protected":false},"author":8,"featured_media":0,"parent":5024,"menu_order":0,"comment_status":"closed","ping_status":"closed","template":"","meta":{"inline_featured_image":false,"footnotes":""},"class_list":["post-21591","page","type-page","status-publish","hentry"],"_links":{"self":[{"href":"https:\/\/sc.informatik.rwth-aachen.de\/en\/wp-json\/wp\/v2\/pages\/21591","targetHints":{"allow":["GET"]}}],"collection":[{"href":"https:\/\/sc.informatik.rwth-aachen.de\/en\/wp-json\/wp\/v2\/pages"}],"about":[{"href":"https:\/\/sc.informatik.rwth-aachen.de\/en\/wp-json\/wp\/v2\/types\/page"}],"author":[{"embeddable":true,"href":"https:\/\/sc.informatik.rwth-aachen.de\/en\/wp-json\/wp\/v2\/users\/8"}],"replies":[{"embeddable":true,"href":"https:\/\/sc.informatik.rwth-aachen.de\/en\/wp-json\/wp\/v2\/comments?post=21591"}],"version-history":[{"count":8,"href":"https:\/\/sc.informatik.rwth-aachen.de\/en\/wp-json\/wp\/v2\/pages\/21591\/revisions"}],"predecessor-version":[{"id":21619,"href":"https:\/\/sc.informatik.rwth-aachen.de\/en\/wp-json\/wp\/v2\/pages\/21591\/revisions\/21619"}],"up":[{"embeddable":true,"href":"https:\/\/sc.informatik.rwth-aachen.de\/en\/wp-json\/wp\/v2\/pages\/5024"}],"wp:attachment":[{"href":"https:\/\/sc.informatik.rwth-aachen.de\/en\/wp-json\/wp\/v2\/media?parent=21591"}],"curies":[{"name":"wp","href":"https:\/\/api.w.org\/{rel}","templated":true}]}}