{"id":21016,"date":"2025-05-15T17:41:22","date_gmt":"2025-05-15T15:41:22","guid":{"rendered":"https:\/\/sc.informatik.rwth-aachen.de\/?page_id=21016"},"modified":"2025-06-28T17:26:43","modified_gmt":"2025-06-28T15:26:43","slug":"beratung","status":"publish","type":"page","link":"https:\/\/sc.informatik.rwth-aachen.de\/en\/studium\/bachelor\/mentoring\/beratung\/","title":{"rendered":"Counseling &amp; Support"},"content":{"rendered":"<div data-elementor-type=\"wp-page\" data-elementor-id=\"21016\" class=\"elementor elementor-21016\" data-elementor-post-type=\"page\">\n\t\t\t\t\t\t<section class=\"elementor-section elementor-top-section elementor-element elementor-element-e4cb663 elementor-section-boxed elementor-section-height-default elementor-section-height-default\" data-id=\"e4cb663\" data-element_type=\"section\" data-e-type=\"section\">\n\t\t\t\t\t\t<div class=\"elementor-container elementor-column-gap-default\">\n\t\t\t\t\t<div class=\"elementor-column elementor-col-100 elementor-top-column elementor-element elementor-element-86c81df\" data-id=\"86c81df\" data-element_type=\"column\" data-e-type=\"column\">\n\t\t\t<div class=\"elementor-widget-wrap elementor-element-populated\">\n\t\t\t\t\t\t<div class=\"elementor-element elementor-element-fd288dc elementor-widget elementor-widget-template\" data-id=\"fd288dc\" data-element_type=\"widget\" data-e-type=\"widget\" data-widget_type=\"template.default\">\n\t\t\t\t<div class=\"elementor-widget-container\">\n\t\t\t\t\t\t\t<div class=\"elementor-template\">\n\t\t\t\t\t<div data-elementor-type=\"page\" data-elementor-id=\"21043\" class=\"elementor elementor-21043\" data-elementor-post-type=\"elementor_library\">\n\t\t\t\t\t\t<section class=\"elementor-section elementor-top-section elementor-element elementor-element-1d5eedc0 elementor-section-boxed elementor-section-height-default elementor-section-height-default\" data-id=\"1d5eedc0\" data-element_type=\"section\" data-e-type=\"section\">\n\t\t\t\t\t\t<div class=\"elementor-container elementor-column-gap-default\">\n\t\t\t\t\t<div class=\"elementor-column elementor-col-100 elementor-top-column elementor-element elementor-element-cb5e063\" data-id=\"cb5e063\" data-element_type=\"column\" data-e-type=\"column\">\n\t\t\t<div class=\"elementor-widget-wrap elementor-element-populated\">\n\t\t\t\t\t\t<div class=\"elementor-element elementor-element-41d4a326 elementor-widget elementor-widget-heading\" data-id=\"41d4a326\" data-element_type=\"widget\" data-e-type=\"widget\" data-widget_type=\"heading.default\">\n\t\t\t\t<div class=\"elementor-widget-container\">\n\t\t\t\t\t<h2 class=\"elementor-heading-title elementor-size-default\">Mentoring Bachelor Computer Science<\/h2>\t\t\t\t<\/div>\n\t\t\t\t<\/div>\n\t\t\t\t<div class=\"elementor-element elementor-element-4c15ffcd elementor-nav-menu__align-center elementor-nav-menu--dropdown-none elementor-widget__width-auto elementor-widget elementor-widget-nav-menu\" data-id=\"4c15ffcd\" data-element_type=\"widget\" data-e-type=\"widget\" data-settings=\"{&quot;layout&quot;:&quot;horizontal&quot;,&quot;submenu_icon&quot;:{&quot;value&quot;:&quot;&lt;i class=\\&quot;fas fa-caret-down\\&quot; aria-hidden=\\&quot;true\\&quot;&gt;&lt;\\\/i&gt;&quot;,&quot;library&quot;:&quot;fa-solid&quot;}}\" data-widget_type=\"nav-menu.default\">\n\t\t\t\t<div class=\"elementor-widget-container\">\n\t\t\t\t\t\t\t\t<nav aria-label=\"Men\u00fc\" class=\"elementor-nav-menu--main elementor-nav-menu__container elementor-nav-menu--layout-horizontal e--pointer-background e--animation-fade\">\n\t\t\t\t<ul id=\"menu-1-4c15ffcd\" class=\"elementor-nav-menu\"><li class=\"menu-item menu-item-type-post_type menu-item-object-page menu-item-21040\"><a href=\"https:\/\/sc.informatik.rwth-aachen.de\/en\/studium\/bachelor\/mentoring\/\" class=\"elementor-item\">Overview<\/a><\/li>\n<li class=\"menu-item menu-item-type-post_type menu-item-object-page menu-item-21135\"><a href=\"https:\/\/sc.informatik.rwth-aachen.de\/en\/studium\/bachelor\/mentoring\/beratung\/\" class=\"elementor-item\">Counseling &amp; Support<\/a><\/li>\n<li class=\"menu-item menu-item-type-post_type menu-item-object-page menu-item-21131\"><a href=\"https:\/\/sc.informatik.rwth-aachen.de\/en\/studium\/bachelor\/mentoring\/mentoring-konzept\/\" class=\"elementor-item\">Mentoring Konzept<\/a><\/li>\n<li class=\"menu-item menu-item-type-post_type menu-item-object-page menu-item-21164\"><a href=\"https:\/\/sc.informatik.rwth-aachen.de\/en\/studium\/bachelor\/mentoring\/faq\/\" class=\"elementor-item\">FAQ - Frequently Asked Questions<\/a><\/li>\n<li class=\"menu-item menu-item-type-post_type menu-item-object-page menu-item-21130\"><a href=\"https:\/\/sc.informatik.rwth-aachen.de\/en\/studium\/bachelor\/mentoring\/mentor_in-werden\/\" class=\"elementor-item\">Become a mentor<\/a><\/li>\n<li class=\"menu-item menu-item-type-post_type menu-item-object-page menu-item-22306\"><a href=\"https:\/\/sc.informatik.rwth-aachen.de\/en\/studium\/bachelor\/mentoring\/mentoring-team-2\/\" class=\"elementor-item\">Team &amp; Contact<\/a><\/li>\n<\/ul>\t\t\t<\/nav>\n\t\t\t\t\t\t<nav class=\"elementor-nav-menu--dropdown elementor-nav-menu__container\" aria-hidden=\"true\">\n\t\t\t\t<ul id=\"menu-2-4c15ffcd\" class=\"elementor-nav-menu\"><li class=\"menu-item menu-item-type-post_type menu-item-object-page menu-item-21040\"><a href=\"https:\/\/sc.informatik.rwth-aachen.de\/en\/studium\/bachelor\/mentoring\/\" class=\"elementor-item\" tabindex=\"-1\">Overview<\/a><\/li>\n<li class=\"menu-item menu-item-type-post_type menu-item-object-page menu-item-21135\"><a href=\"https:\/\/sc.informatik.rwth-aachen.de\/en\/studium\/bachelor\/mentoring\/beratung\/\" class=\"elementor-item\" tabindex=\"-1\">Counseling &amp; Support<\/a><\/li>\n<li class=\"menu-item menu-item-type-post_type menu-item-object-page menu-item-21131\"><a href=\"https:\/\/sc.informatik.rwth-aachen.de\/en\/studium\/bachelor\/mentoring\/mentoring-konzept\/\" class=\"elementor-item\" tabindex=\"-1\">Mentoring Konzept<\/a><\/li>\n<li class=\"menu-item menu-item-type-post_type menu-item-object-page menu-item-21164\"><a href=\"https:\/\/sc.informatik.rwth-aachen.de\/en\/studium\/bachelor\/mentoring\/faq\/\" class=\"elementor-item\" tabindex=\"-1\">FAQ - Frequently Asked Questions<\/a><\/li>\n<li class=\"menu-item menu-item-type-post_type menu-item-object-page menu-item-21130\"><a href=\"https:\/\/sc.informatik.rwth-aachen.de\/en\/studium\/bachelor\/mentoring\/mentor_in-werden\/\" class=\"elementor-item\" tabindex=\"-1\">Become a mentor<\/a><\/li>\n<li class=\"menu-item menu-item-type-post_type menu-item-object-page menu-item-22306\"><a href=\"https:\/\/sc.informatik.rwth-aachen.de\/en\/studium\/bachelor\/mentoring\/mentoring-team-2\/\" class=\"elementor-item\" tabindex=\"-1\">Team &amp; Contact<\/a><\/li>\n<\/ul>\t\t\t<\/nav>\n\t\t\t\t\t\t<\/div>\n\t\t\t\t<\/div>\n\t\t\t\t\t<\/div>\n\t\t<\/div>\n\t\t\t\t\t<\/div>\n\t\t<\/section>\n\t\t\t\t<\/div>\n\t\t\t\t<\/div>\n\t\t\t\t\t\t<\/div>\n\t\t\t\t<\/div>\n\t\t\t\t\t<\/div>\n\t\t<\/div>\n\t\t\t\t\t<\/div>\n\t\t<\/section>\n\t\t\t\t<section class=\"elementor-section elementor-top-section elementor-element elementor-element-fbc2503 elementor-section-boxed elementor-section-height-default elementor-section-height-default\" data-id=\"fbc2503\" data-element_type=\"section\" data-e-type=\"section\">\n\t\t\t\t\t\t<div class=\"elementor-container elementor-column-gap-default\">\n\t\t\t\t\t<div class=\"elementor-column elementor-col-100 elementor-top-column elementor-element elementor-element-7d19af6\" data-id=\"7d19af6\" data-element_type=\"column\" data-e-type=\"column\">\n\t\t\t<div class=\"elementor-widget-wrap\">\n\t\t\t\t\t\t\t<\/div>\n\t\t<\/div>\n\t\t\t\t\t<\/div>\n\t\t<\/section>\n\t\t\t\t<section class=\"elementor-section elementor-top-section elementor-element elementor-element-1569812 elementor-section-boxed elementor-section-height-default elementor-section-height-default\" data-id=\"1569812\" data-element_type=\"section\" data-e-type=\"section\">\n\t\t\t\t\t\t<div class=\"elementor-container elementor-column-gap-default\">\n\t\t\t\t\t<div class=\"elementor-column elementor-col-100 elementor-top-column elementor-element elementor-element-bd731ab\" data-id=\"bd731ab\" data-element_type=\"column\" data-e-type=\"column\">\n\t\t\t<div class=\"elementor-widget-wrap elementor-element-populated\">\n\t\t\t\t\t\t<div class=\"elementor-element elementor-element-3c2f42c elementor-widget elementor-widget-heading\" data-id=\"3c2f42c\" data-element_type=\"widget\" data-e-type=\"widget\" data-widget_type=\"heading.default\">\n\t\t\t\t<div class=\"elementor-widget-container\">\n\t\t\t\t\t<h1 class=\"elementor-heading-title elementor-size-default\">Our advisory services for computer science students<\/h1>\t\t\t\t<\/div>\n\t\t\t\t<\/div>\n\t\t\t\t\t<\/div>\n\t\t<\/div>\n\t\t\t\t\t<\/div>\n\t\t<\/section>\n\t\t\t\t<section class=\"elementor-section elementor-top-section elementor-element elementor-element-9232a4d elementor-section-boxed elementor-section-height-default elementor-section-height-default\" data-id=\"9232a4d\" data-element_type=\"section\" data-e-type=\"section\">\n\t\t\t\t\t\t<div class=\"elementor-container elementor-column-gap-default\">\n\t\t\t\t\t<div class=\"elementor-column elementor-col-100 elementor-top-column elementor-element elementor-element-b8853aa\" data-id=\"b8853aa\" data-element_type=\"column\" data-e-type=\"column\">\n\t\t\t<div class=\"elementor-widget-wrap elementor-element-populated\">\n\t\t\t\t\t\t<div class=\"elementor-element elementor-element-bcd8659 elementor-widget elementor-widget-text-editor\" data-id=\"bcd8659\" data-element_type=\"widget\" data-e-type=\"widget\" data-widget_type=\"text-editor.default\">\n\t\t\t\t<div class=\"elementor-widget-container\">\n\t\t\t\t\t\t\t\t\t<h6>An open ear for your problems and questions...<\/h6><p class=\"intro\">We invite you to seek advice during your Bachelor's degree course if you are experiencing stress or difficulties that affect the course of your studies. Counseling is always tailored to your individual questions and needs and is conducted in absolute confidentiality. Our aim is to help you discover your potential, develop solutions together and support you in implementing them.<\/p>\t\t\t\t\t\t\t\t<\/div>\n\t\t\t\t<\/div>\n\t\t\t\t\t<\/div>\n\t\t<\/div>\n\t\t\t\t\t<\/div>\n\t\t<\/section>\n\t\t\t\t<section class=\"elementor-section elementor-top-section elementor-element elementor-element-db11edd elementor-section-boxed elementor-section-height-default elementor-section-height-default\" data-id=\"db11edd\" data-element_type=\"section\" data-e-type=\"section\">\n\t\t\t\t\t\t<div class=\"elementor-container elementor-column-gap-default\">\n\t\t\t\t\t<div class=\"elementor-column elementor-col-66 elementor-top-column elementor-element elementor-element-d5d71fc\" data-id=\"d5d71fc\" data-element_type=\"column\" data-e-type=\"column\">\n\t\t\t<div class=\"elementor-widget-wrap elementor-element-populated\">\n\t\t\t\t\t\t<div class=\"elementor-element elementor-element-ddcff2e elementor-widget elementor-widget-text-editor\" data-id=\"ddcff2e\" data-element_type=\"widget\" data-e-type=\"widget\" data-widget_type=\"text-editor.default\">\n\t\t\t\t<div class=\"elementor-widget-container\">\n\t\t\t\t\t\t\t\t\t<h3>Making an appointment<\/h3><p>Please book an appointment in our <a class=\"external\" href=\"https:\/\/terminplaner6.dfn.de\/b\/34b5f15b8a55101762154cd911cab2c4-11956\">booking portal<\/a>Consultations can take place in person or online.<\/p><h3 class=\"Zwischenueberschrift\">Brief consultation by email<\/h3><p>In addition to a personal meeting, we also offer a brief consultation by email. A brief consultation is useful for simple, clearly defined questions or if you are unsure whether mentoring is the right place to go for your concerns.<\/p><p><a class=\"email\" title=\"Kurzberatung-E-Mail\" href=\"mailto:mentoring@informatik.rwth-aachen.de?subject=Kurzberatung%20per%20E-Mail\">Request brief advice by e-mail<\/a><\/p>\t\t\t\t\t\t\t\t<\/div>\n\t\t\t\t<\/div>\n\t\t\t\t\t<\/div>\n\t\t<\/div>\n\t\t\t\t<div class=\"elementor-column elementor-col-33 elementor-top-column elementor-element elementor-element-52ae2ac\" data-id=\"52ae2ac\" data-element_type=\"column\" data-e-type=\"column\">\n\t\t\t<div class=\"elementor-widget-wrap elementor-element-populated\">\n\t\t\t\t\t\t<div class=\"elementor-element elementor-element-afc43c7 elementor-alert elementor-alert-success elementor-widget elementor-widget-text-editor\" data-id=\"afc43c7\" data-element_type=\"widget\" data-e-type=\"widget\" data-widget_type=\"text-editor.default\">\n\t\t\t\t<div class=\"elementor-widget-container\">\n\t\t\t\t\t\t\t\t\t<p><strong>Contact person<\/strong><\/p><p>Marion Brandt-R\u00f6hrig<\/p><p><em>Mentoring project management<\/em><\/p><p>Phone: <strong>+49 241 80-21007<\/strong><\/p><p>Mail: <a class=\"email\" title=\"E-Mail schreiben an Marion Brandt-R\u00f6hrig\" href=\"mailto:brandt@informatik.rwth-aachen.de\">Write Email<\/a><\/p>\t\t\t\t\t\t\t\t<\/div>\n\t\t\t\t<\/div>\n\t\t\t\t\t<\/div>\n\t\t<\/div>\n\t\t\t\t\t<\/div>\n\t\t<\/section>\n\t\t\t\t<section class=\"elementor-section elementor-top-section elementor-element elementor-element-29aa295 elementor-section-boxed elementor-section-height-default elementor-section-height-default\" data-id=\"29aa295\" data-element_type=\"section\" data-e-type=\"section\">\n\t\t\t\t\t\t<div class=\"elementor-container elementor-column-gap-default\">\n\t\t\t\t\t<div class=\"elementor-column elementor-col-100 elementor-top-column elementor-element elementor-element-867b0d8\" data-id=\"867b0d8\" data-element_type=\"column\" data-e-type=\"column\">\n\t\t\t<div class=\"elementor-widget-wrap elementor-element-populated\">\n\t\t\t\t\t\t<div class=\"elementor-element elementor-element-25ce3a1 elementor-widget elementor-widget-text-editor\" data-id=\"25ce3a1\" data-element_type=\"widget\" data-e-type=\"widget\" data-widget_type=\"text-editor.default\">\n\t\t\t\t<div class=\"elementor-widget-container\">\n\t\t\t\t\t\t\t\t\t<h3 class=\"Zwischenueberschrift\">We are not a substitute for the academic advisory service<\/h3><p>Mentoring is intended as a supplement to subject-specific academic advisory service with a view to the overall study and life situation. If you have any specialist questions about course content, subject combinations, individual adjustments to the course of study, examination regulations and the recognition of examinations from other subjects as well as placement in a higher semester, please contact the <a class=\"internal\" href=\"https:\/\/sc.informatik.rwth-aachen.de\/en\/fachstudienberatung\/\" target=\"_self\">academic advisor.<\/a><\/p>\t\t\t\t\t\t\t\t<\/div>\n\t\t\t\t<\/div>\n\t\t\t\t\t<\/div>\n\t\t<\/div>\n\t\t\t\t\t<\/div>\n\t\t<\/section>\n\t\t\t\t<\/div>","protected":false},"excerpt":{"rendered":"<p>Unser Beratungsangebot f\u00fcr Informatik-Studierende Ein offenes Ohr f\u00fcr deine Probleme und Fragen&#8230; Wir laden dich herzlich ein, dich w\u00e4hrend des Bachelor-Studiums bei Belastungen und Schwierigkeiten, die sich auf deinen Studienverlauf auswirken, beraten zu lassen. Die Beratung ist immer individuell auf deine Fragen und Bed\u00fcrfnisse zugeschnitten unter Einhaltung absoluter Schweigepflicht. Unser Ziel ist es, mit dir [&hellip;]<\/p>\n","protected":false},"author":12,"featured_media":0,"parent":20988,"menu_order":0,"comment_status":"closed","ping_status":"closed","template":"","meta":{"inline_featured_image":false,"footnotes":""},"class_list":["post-21016","page","type-page","status-publish","hentry"],"_links":{"self":[{"href":"https:\/\/sc.informatik.rwth-aachen.de\/en\/wp-json\/wp\/v2\/pages\/21016","targetHints":{"allow":["GET"]}}],"collection":[{"href":"https:\/\/sc.informatik.rwth-aachen.de\/en\/wp-json\/wp\/v2\/pages"}],"about":[{"href":"https:\/\/sc.informatik.rwth-aachen.de\/en\/wp-json\/wp\/v2\/types\/page"}],"author":[{"embeddable":true,"href":"https:\/\/sc.informatik.rwth-aachen.de\/en\/wp-json\/wp\/v2\/users\/12"}],"replies":[{"embeddable":true,"href":"https:\/\/sc.informatik.rwth-aachen.de\/en\/wp-json\/wp\/v2\/comments?post=21016"}],"version-history":[{"count":15,"href":"https:\/\/sc.informatik.rwth-aachen.de\/en\/wp-json\/wp\/v2\/pages\/21016\/revisions"}],"predecessor-version":[{"id":21256,"href":"https:\/\/sc.informatik.rwth-aachen.de\/en\/wp-json\/wp\/v2\/pages\/21016\/revisions\/21256"}],"up":[{"embeddable":true,"href":"https:\/\/sc.informatik.rwth-aachen.de\/en\/wp-json\/wp\/v2\/pages\/20988"}],"wp:attachment":[{"href":"https:\/\/sc.informatik.rwth-aachen.de\/en\/wp-json\/wp\/v2\/media?parent=21016"}],"curies":[{"name":"wp","href":"https:\/\/api.w.org\/{rel}","templated":true}]}}