{"id":2,"date":"2020-09-16T13:09:05","date_gmt":"2020-09-16T11:09:05","guid":{"rendered":"http:\/\/sc.informatik.rwth-aachen.de\/?page_id=2"},"modified":"2025-09-30T16:20:30","modified_gmt":"2025-09-30T14:20:30","slug":"beispiel-seite","status":"publish","type":"page","link":"https:\/\/sc.informatik.rwth-aachen.de\/en\/","title":{"rendered":"Home"},"content":{"rendered":"\t\t<div data-elementor-type=\"wp-page\" data-elementor-id=\"2\" class=\"elementor elementor-2\" data-elementor-post-type=\"page\">\n\t\t\t\t\t\t<section class=\"elementor-section elementor-top-section elementor-element elementor-element-5b074a95 elementor-section-height-min-height elementor-section-boxed elementor-section-height-default elementor-section-items-middle\" data-id=\"5b074a95\" data-element_type=\"section\" data-e-type=\"section\" data-settings=\"{&quot;background_background&quot;:&quot;slideshow&quot;,&quot;background_slideshow_gallery&quot;:[{&quot;id&quot;:814,&quot;url&quot;:&quot;https:\\\/\\\/sc.informatik.rwth-aachen.de\\\/wp-content\\\/uploads\\\/2021\\\/04\\\/201104-IA-Informatik-0108.jpg&quot;},{&quot;id&quot;:16436,&quot;url&quot;:&quot;https:\\\/\\\/sc.informatik.rwth-aachen.de\\\/wp-content\\\/uploads\\\/2023\\\/10\\\/Fachgruppe-Informatik-52-scaled.jpg&quot;},{&quot;id&quot;:16432,&quot;url&quot;:&quot;https:\\\/\\\/sc.informatik.rwth-aachen.de\\\/wp-content\\\/uploads\\\/2023\\\/10\\\/Fachgruppe-Informatik-20-scaled.jpg&quot;},{&quot;id&quot;:16435,&quot;url&quot;:&quot;https:\\\/\\\/sc.informatik.rwth-aachen.de\\\/wp-content\\\/uploads\\\/2023\\\/10\\\/Fachgruppe-Informatik-48-Kopie-scaled.jpg&quot;},{&quot;id&quot;:8694,&quot;url&quot;:&quot;https:\\\/\\\/sc.informatik.rwth-aachen.de\\\/wp-content\\\/uploads\\\/2022\\\/06\\\/show_picture.jpg&quot;},{&quot;id&quot;:16430,&quot;url&quot;:&quot;https:\\\/\\\/sc.informatik.rwth-aachen.de\\\/wp-content\\\/uploads\\\/2023\\\/10\\\/Fachgruppe-Informatik-7-scaled.jpg&quot;},{&quot;id&quot;:16415,&quot;url&quot;:&quot;https:\\\/\\\/sc.informatik.rwth-aachen.de\\\/wp-content\\\/uploads\\\/2023\\\/10\\\/201104-IA-Informatik-0072_1-scaled.jpg&quot;},{&quot;id&quot;:16433,&quot;url&quot;:&quot;https:\\\/\\\/sc.informatik.rwth-aachen.de\\\/wp-content\\\/uploads\\\/2023\\\/10\\\/Fachgruppe-Informatik-24-scaled.jpg&quot;},{&quot;id&quot;:16434,&quot;url&quot;:&quot;https:\\\/\\\/sc.informatik.rwth-aachen.de\\\/wp-content\\\/uploads\\\/2023\\\/10\\\/Fachgruppe-Informatik-42-scaled.jpg&quot;},{&quot;id&quot;:9812,&quot;url&quot;:&quot;https:\\\/\\\/sc.informatik.rwth-aachen.de\\\/wp-content\\\/uploads\\\/2022\\\/09\\\/Aussenansicht_HBH.jpg&quot;},{&quot;id&quot;:16414,&quot;url&quot;:&quot;https:\\\/\\\/sc.informatik.rwth-aachen.de\\\/wp-content\\\/uploads\\\/2023\\\/10\\\/201104-IA-Informatik-0015-scaled.jpg&quot;},{&quot;id&quot;:16431,&quot;url&quot;:&quot;https:\\\/\\\/sc.informatik.rwth-aachen.de\\\/wp-content\\\/uploads\\\/2023\\\/10\\\/Fachgruppe-Informatik-8-scaled.jpg&quot;},{&quot;id&quot;:16416,&quot;url&quot;:&quot;https:\\\/\\\/sc.informatik.rwth-aachen.de\\\/wp-content\\\/uploads\\\/2023\\\/10\\\/201104-IA-Informatik-0010_1-scaled.jpg&quot;},{&quot;id&quot;:6047,&quot;url&quot;:&quot;https:\\\/\\\/sc.informatik.rwth-aachen.de\\\/wp-content\\\/uploads\\\/2021\\\/04\\\/201104-IA-Informatik-0067.jpg&quot;},{&quot;id&quot;:6046,&quot;url&quot;:&quot;https:\\\/\\\/sc.informatik.rwth-aachen.de\\\/wp-content\\\/uploads\\\/2021\\\/04\\\/201104-IA-Informatik-0092.jpg&quot;}],&quot;background_slideshow_slide_duration&quot;:3000,&quot;background_slideshow_transition_duration&quot;:1000,&quot;background_slideshow_ken_burns&quot;:&quot;yes&quot;,&quot;background_slideshow_ken_burns_zoom_direction&quot;:&quot;out&quot;,&quot;background_motion_fx_devices&quot;:[&quot;desktop&quot;,&quot;tablet&quot;],&quot;animation&quot;:&quot;none&quot;,&quot;background_slideshow_loop&quot;:&quot;yes&quot;,&quot;background_slideshow_slide_transition&quot;:&quot;fade&quot;}\">\n\t\t\t\t\t\t\t<div class=\"elementor-background-overlay\"><\/div>\n\t\t\t\t\t\t\t<div class=\"elementor-container elementor-column-gap-default\">\n\t\t\t\t\t<div class=\"elementor-column elementor-col-50 elementor-top-column elementor-element elementor-element-6a4aa512\" data-id=\"6a4aa512\" data-element_type=\"column\" data-e-type=\"column\" data-settings=\"{&quot;background_background&quot;:&quot;classic&quot;}\">\n\t\t\t<div class=\"elementor-widget-wrap elementor-element-populated\">\n\t\t\t\t\t\t<div class=\"elementor-element elementor-element-e0cc314 img-copyright elementor-fixed elementor-widget__width-auto elementor-widget elementor-widget-text-editor\" data-id=\"e0cc314\" data-element_type=\"widget\" data-e-type=\"widget\" data-settings=\"{&quot;_position&quot;:&quot;fixed&quot;}\" data-widget_type=\"text-editor.default\">\n\t\t\t\t<div class=\"elementor-widget-container\">\n\t\t\t\t\t\t\t\t\t<p>\u00a9 Martin Braun, Lukas Netz<\/p>\t\t\t\t\t\t\t\t<\/div>\n\t\t\t\t<\/div>\n\t\t\t\t<div class=\"elementor-element elementor-element-297823e1 elementor-widget elementor-widget-heading\" data-id=\"297823e1\" data-element_type=\"widget\" data-e-type=\"widget\" data-widget_type=\"heading.default\">\n\t\t\t\t<div class=\"elementor-widget-container\">\n\t\t\t\t\t<h1 class=\"elementor-heading-title elementor-size-default\">Studiencenter\nInformatik<\/h1>\t\t\t\t<\/div>\n\t\t\t\t<\/div>\n\t\t\t\t<section class=\"elementor-section elementor-inner-section elementor-element elementor-element-d5f7ac3 glass-blur-2 elementor-section-boxed elementor-section-height-default elementor-section-height-default\" data-id=\"d5f7ac3\" data-element_type=\"section\" data-e-type=\"section\" data-settings=\"{&quot;background_background&quot;:&quot;gradient&quot;}\">\n\t\t\t\t\t\t<div class=\"elementor-container elementor-column-gap-default\">\n\t\t\t\t\t<div class=\"elementor-column elementor-col-100 elementor-inner-column elementor-element elementor-element-8027ff0 glass-blur-2\" data-id=\"8027ff0\" data-element_type=\"column\" data-e-type=\"column\">\n\t\t\t<div class=\"elementor-widget-wrap elementor-element-populated\">\n\t\t\t\t\t\t<div class=\"elementor-element elementor-element-1f1ac041 elementor-widget elementor-widget-heading\" data-id=\"1f1ac041\" data-element_type=\"widget\" data-e-type=\"widget\" data-widget_type=\"heading.default\">\n\t\t\t\t<div class=\"elementor-widget-container\">\n\t\t\t\t\t<h3 class=\"elementor-heading-title elementor-size-default\">RWTH Aachen University<\/h3>\t\t\t\t<\/div>\n\t\t\t\t<\/div>\n\t\t\t\t<div class=\"elementor-element elementor-element-0f2613e elementor-widget elementor-widget-text-editor\" data-id=\"0f2613e\" data-element_type=\"widget\" data-e-type=\"widget\" data-widget_type=\"text-editor.default\">\n\t\t\t\t<div class=\"elementor-widget-container\">\n\t\t\t\t\t\t\t\t\t<p>Das Studiencenter Informatik ist zust\u00e4ndig f\u00fcr das Lehr- und Pr\u00fcfungsmanagement der Fakult\u00e4t Informatik der RWTH Aachen University. In diesen Aufgabenbereich fallen der Pr\u00fcfungsausschuss Informatik, Modulorganisation, Fachstudienberatungen, Organisation von Auslandsaufenthalten und die Koordination der Lehre der&nbsp;Fakult\u00e4t&nbsp;Informatik.<\/p>\t\t\t\t\t\t\t\t<\/div>\n\t\t\t\t<\/div>\n\t\t\t\t\t<\/div>\n\t\t<\/div>\n\t\t\t\t\t<\/div>\n\t\t<\/section>\n\t\t\t\t\t<\/div>\n\t\t<\/div>\n\t\t\t\t<div class=\"elementor-column elementor-col-50 elementor-top-column elementor-element elementor-element-6b83e89e\" data-id=\"6b83e89e\" data-element_type=\"column\" data-e-type=\"column\" data-settings=\"{&quot;background_background&quot;:&quot;gradient&quot;}\">\n\t\t\t<div class=\"elementor-widget-wrap elementor-element-populated\">\n\t\t\t\t\t\t<div class=\"elementor-element elementor-element-379f469 elementor-widget elementor-widget-heading\" data-id=\"379f469\" data-element_type=\"widget\" data-e-type=\"widget\" data-widget_type=\"heading.default\">\n\t\t\t\t<div class=\"elementor-widget-container\">\n\t\t\t\t\t<h3 class=\"elementor-heading-title elementor-size-default\">Aktuelles<\/h3>\t\t\t\t<\/div>\n\t\t\t\t<\/div>\n\t\t\t\t<div class=\"elementor-element elementor-element-0073b45 elementor-grid-1 elementor-posts--thumbnail-none elementor-grid-tablet-2 elementor-grid-mobile-1 elementor-widget elementor-widget-posts\" data-id=\"0073b45\" data-element_type=\"widget\" data-e-type=\"widget\" data-settings=\"{&quot;classic_columns&quot;:&quot;1&quot;,&quot;classic_row_gap&quot;:{&quot;unit&quot;:&quot;px&quot;,&quot;size&quot;:12,&quot;sizes&quot;:[]},&quot;classic_columns_tablet&quot;:&quot;2&quot;,&quot;classic_columns_mobile&quot;:&quot;1&quot;,&quot;classic_row_gap_tablet&quot;:{&quot;unit&quot;:&quot;px&quot;,&quot;size&quot;:&quot;&quot;,&quot;sizes&quot;:[]},&quot;classic_row_gap_mobile&quot;:{&quot;unit&quot;:&quot;px&quot;,&quot;size&quot;:&quot;&quot;,&quot;sizes&quot;:[]}}\" data-widget_type=\"posts.classic\">\n\t\t\t\t<div class=\"elementor-widget-container\">\n\t\t\t\t\t\t\t<div class=\"elementor-posts-container elementor-posts elementor-posts--skin-classic elementor-grid\" role=\"list\">\n\t\t\t\t<article class=\"elementor-post elementor-grid-item post-22475 post type-post status-publish format-standard hentry category-news\" role=\"listitem\">\n\t\t\t\t<div class=\"elementor-post__text\">\n\t\t\t\t<h2 class=\"elementor-post__title\">\n\t\t\t<a href=\"https:\/\/sc.informatik.rwth-aachen.de\/en\/wahlpflichtfaecher-im-sommersemester-2026-mit-ausblick-auf-die-nachfolgenden-semester\/\" >\n\t\t\t\tWahlpflichtf\u00e4cher im Sommersemester 2026 (mit Ausblick auf die nachfolgenden Semester)\t\t\t<\/a>\n\t\t<\/h2>\n\t\t\t\t<div class=\"elementor-post__meta-data\">\n\t\t\t\t\t<span class=\"elementor-post-date\">\n\t\t\t4. April 2026\t\t<\/span>\n\t\t\t\t<\/div>\n\t\t\n\t\t<a class=\"elementor-post__read-more\" href=\"https:\/\/sc.informatik.rwth-aachen.de\/en\/wahlpflichtfaecher-im-sommersemester-2026-mit-ausblick-auf-die-nachfolgenden-semester\/\" aria-label=\"Read more about Wahlpflichtf\u00e4cher im Sommersemester 2026 (mit Ausblick auf die nachfolgenden Semester)\" tabindex=\"-1\" >\n\t\t\tMehr\t\t<\/a>\n\n\t\t\t\t<\/div>\n\t\t\t\t<\/article>\n\t\t\t\t<article class=\"elementor-post elementor-grid-item post-22393 post type-post status-publish format-standard hentry category-news\" role=\"listitem\">\n\t\t\t\t<div class=\"elementor-post__text\">\n\t\t\t\t<h2 class=\"elementor-post__title\">\n\t\t\t<a href=\"https:\/\/sc.informatik.rwth-aachen.de\/en\/einfuehrungsveranstaltungen-fuer-erstis-im-sommersemester-2026\/\" >\n\t\t\t\tEinf\u00fchrungsveranstaltungen f\u00fcr Erstis im Sommersemester 2026\t\t\t<\/a>\n\t\t<\/h2>\n\t\t\t\t<div class=\"elementor-post__meta-data\">\n\t\t\t\t\t<span class=\"elementor-post-date\">\n\t\t\t13. March 2026\t\t<\/span>\n\t\t\t\t<\/div>\n\t\t\n\t\t<a class=\"elementor-post__read-more\" href=\"https:\/\/sc.informatik.rwth-aachen.de\/en\/einfuehrungsveranstaltungen-fuer-erstis-im-sommersemester-2026\/\" aria-label=\"Read more about Einf\u00fchrungsveranstaltungen f\u00fcr Erstis im Sommersemester 2026\" tabindex=\"-1\" >\n\t\t\tMehr\t\t<\/a>\n\n\t\t\t\t<\/div>\n\t\t\t\t<\/article>\n\t\t\t\t<article class=\"elementor-post elementor-grid-item post-22220 post type-post status-publish format-standard hentry category-news\" role=\"listitem\">\n\t\t\t\t<div class=\"elementor-post__text\">\n\t\t\t\t<h2 class=\"elementor-post__title\">\n\t\t\t<a href=\"https:\/\/sc.informatik.rwth-aachen.de\/en\/supra-wahlphase-fuer-sommersemester-2026\/\" >\n\t\t\t\tSuPra Wahlphase f\u00fcr das Sommersemester 2026\t\t\t<\/a>\n\t\t<\/h2>\n\t\t\t\t<div class=\"elementor-post__meta-data\">\n\t\t\t\t\t<span class=\"elementor-post-date\">\n\t\t\t3. December 2025\t\t<\/span>\n\t\t\t\t<\/div>\n\t\t\n\t\t<a class=\"elementor-post__read-more\" href=\"https:\/\/sc.informatik.rwth-aachen.de\/en\/supra-wahlphase-fuer-sommersemester-2026\/\" aria-label=\"Read more about SuPra Wahlphase f\u00fcr das Sommersemester 2026\" tabindex=\"-1\" >\n\t\t\tMehr\t\t<\/a>\n\n\t\t\t\t<\/div>\n\t\t\t\t<\/article>\n\t\t\t\t<article class=\"elementor-post elementor-grid-item post-21844 post type-post status-publish format-standard hentry category-news\" role=\"listitem\">\n\t\t\t\t<div class=\"elementor-post__text\">\n\t\t\t\t<h2 class=\"elementor-post__title\">\n\t\t\t<a href=\"https:\/\/sc.informatik.rwth-aachen.de\/en\/wahlpflichtfaecher-im-wintersemester-2025-26-mit-ausblick-auf-die-nachfolgenden-semester\/\" >\n\t\t\t\tWahlpflichtf\u00e4cher im Wintersemester 2025\/26 (mit Ausblick auf die nachfolgenden Semester)\t\t\t<\/a>\n\t\t<\/h2>\n\t\t\t\t<div class=\"elementor-post__meta-data\">\n\t\t\t\t\t<span class=\"elementor-post-date\">\n\t\t\t4. October 2025\t\t<\/span>\n\t\t\t\t<\/div>\n\t\t\n\t\t<a class=\"elementor-post__read-more\" href=\"https:\/\/sc.informatik.rwth-aachen.de\/en\/wahlpflichtfaecher-im-wintersemester-2025-26-mit-ausblick-auf-die-nachfolgenden-semester\/\" aria-label=\"Read more about Wahlpflichtf\u00e4cher im Wintersemester 2025\/26 (mit Ausblick auf die nachfolgenden Semester)\" tabindex=\"-1\" >\n\t\t\tMehr\t\t<\/a>\n\n\t\t\t\t<\/div>\n\t\t\t\t<\/article>\n\t\t\t\t<\/div>\n\t\t\n\t\t\t\t\t\t<\/div>\n\t\t\t\t<\/div>\n\t\t\t\t<div class=\"elementor-element elementor-element-880934f elementor-widget elementor-widget-heading\" data-id=\"880934f\" data-element_type=\"widget\" data-e-type=\"widget\" data-widget_type=\"heading.default\">\n\t\t\t\t<div class=\"elementor-widget-container\">\n\t\t\t\t\t<p class=\"elementor-heading-title elementor-size-default\"><a href=\"https:\/\/sc.informatik.rwth-aachen.de\/aktuelles\/\">Archiv<\/a><\/p>\t\t\t\t<\/div>\n\t\t\t\t<\/div>\n\t\t\t\t\t<\/div>\n\t\t<\/div>\n\t\t\t\t\t<\/div>\n\t\t<\/section>\n\t\t\t\t<\/div>\n\t\t","protected":false},"excerpt":{"rendered":"<p>\u00a9<\/p>","protected":false},"author":5,"featured_media":0,"parent":0,"menu_order":0,"comment_status":"closed","ping_status":"open","template":"","meta":{"inline_featured_image":false,"footnotes":""},"class_list":["post-2","page","type-page","status-publish","hentry"],"_links":{"self":[{"href":"https:\/\/sc.informatik.rwth-aachen.de\/en\/wp-json\/wp\/v2\/pages\/2","targetHints":{"allow":["GET"]}}],"collection":[{"href":"https:\/\/sc.informatik.rwth-aachen.de\/en\/wp-json\/wp\/v2\/pages"}],"about":[{"href":"https:\/\/sc.informatik.rwth-aachen.de\/en\/wp-json\/wp\/v2\/types\/page"}],"author":[{"embeddable":true,"href":"https:\/\/sc.informatik.rwth-aachen.de\/en\/wp-json\/wp\/v2\/users\/5"}],"replies":[{"embeddable":true,"href":"https:\/\/sc.informatik.rwth-aachen.de\/en\/wp-json\/wp\/v2\/comments?post=2"}],"version-history":[{"count":483,"href":"https:\/\/sc.informatik.rwth-aachen.de\/en\/wp-json\/wp\/v2\/pages\/2\/revisions"}],"predecessor-version":[{"id":21679,"href":"https:\/\/sc.informatik.rwth-aachen.de\/en\/wp-json\/wp\/v2\/pages\/2\/revisions\/21679"}],"wp:attachment":[{"href":"https:\/\/sc.informatik.rwth-aachen.de\/en\/wp-json\/wp\/v2\/media?parent=2"}],"curies":[{"name":"wp","href":"https:\/\/api.w.org\/{rel}","templated":true}]}}