{"id":9747,"date":"2022-09-26T14:26:03","date_gmt":"2022-09-26T12:26:03","guid":{"rendered":"https:\/\/sc.informatik.rwth-aachen.de\/?page_id=9747"},"modified":"2023-11-24T13:09:59","modified_gmt":"2023-11-24T12:09:59","slug":"informatik","status":"publish","type":"page","link":"https:\/\/sc.informatik.rwth-aachen.de\/de\/studium\/master\/informatik\/","title":{"rendered":"Master Informatik"},"content":{"rendered":"\t\t<div data-elementor-type=\"wp-page\" data-elementor-id=\"9747\" class=\"elementor elementor-9747\" data-elementor-post-type=\"page\">\n\t\t\t\t\t\t<section class=\"elementor-section elementor-top-section elementor-element elementor-element-3cc5784 elementor-section-boxed elementor-section-height-default elementor-section-height-default\" data-id=\"3cc5784\" data-element_type=\"section\" data-e-type=\"section\">\n\t\t\t\t\t\t<div class=\"elementor-container elementor-column-gap-default\">\n\t\t\t\t\t<div class=\"elementor-column elementor-col-100 elementor-top-column elementor-element elementor-element-0f4a02f\" data-id=\"0f4a02f\" data-element_type=\"column\" data-e-type=\"column\">\n\t\t\t<div class=\"elementor-widget-wrap elementor-element-populated\">\n\t\t\t\t\t\t<div class=\"elementor-element elementor-element-f7d4ba1 img-copyright elementor-fixed elementor-hidden-tablet elementor-hidden-mobile elementor-widget elementor-widget-text-editor\" data-id=\"f7d4ba1\" data-element_type=\"widget\" data-e-type=\"widget\" data-settings=\"{&quot;_position&quot;:&quot;fixed&quot;}\" data-widget_type=\"text-editor.default\">\n\t\t\t\t<div class=\"elementor-widget-container\">\n\t\t\t\t\t\t\t\t\t<p>\u00a9 Bild: Helen Bolke-Hermanns<\/p>\t\t\t\t\t\t\t\t<\/div>\n\t\t\t\t<\/div>\n\t\t\t\t<div class=\"elementor-element elementor-element-5e18e8d elementor-widget elementor-widget-image\" data-id=\"5e18e8d\" data-element_type=\"widget\" data-e-type=\"widget\" data-widget_type=\"image.default\">\n\t\t\t\t<div class=\"elementor-widget-container\">\n\t\t\t\t\t\t\t\t\t\t\t\t<figure class=\"wp-caption\">\n\t\t\t\t\t\t\t\t\t\t<img fetchpriority=\"high\" decoding=\"async\" width=\"1886\" height=\"1255\" src=\"https:\/\/sc.informatik.rwth-aachen.de\/wp-content\/uploads\/2022\/09\/Aussenansicht_HBH.jpg\" class=\"attachment-full size-full wp-image-9812\" alt=\"\" srcset=\"https:\/\/sc.informatik.rwth-aachen.de\/wp-content\/uploads\/2022\/09\/Aussenansicht_HBH.jpg 1886w, https:\/\/sc.informatik.rwth-aachen.de\/wp-content\/uploads\/2022\/09\/Aussenansicht_HBH-300x200.jpg 300w, https:\/\/sc.informatik.rwth-aachen.de\/wp-content\/uploads\/2022\/09\/Aussenansicht_HBH-1024x681.jpg 1024w, https:\/\/sc.informatik.rwth-aachen.de\/wp-content\/uploads\/2022\/09\/Aussenansicht_HBH-768x511.jpg 768w, https:\/\/sc.informatik.rwth-aachen.de\/wp-content\/uploads\/2022\/09\/Aussenansicht_HBH-1536x1022.jpg 1536w, https:\/\/sc.informatik.rwth-aachen.de\/wp-content\/uploads\/2022\/09\/Aussenansicht_HBH-18x12.jpg 18w\" sizes=\"(max-width: 1886px) 100vw, 1886px\" \/>\t\t\t\t\t\t\t\t\t\t\t<figcaption class=\"widget-image-caption wp-caption-text\"><\/figcaption>\n\t\t\t\t\t\t\t\t\t\t<\/figure>\n\t\t\t\t\t\t\t\t\t<\/div>\n\t\t\t\t<\/div>\n\t\t\t\t\t<\/div>\n\t\t<\/div>\n\t\t\t\t\t<\/div>\n\t\t<\/section>\n\t\t\t\t<section class=\"elementor-section elementor-top-section elementor-element elementor-element-a628131 elementor-section-boxed elementor-section-height-default elementor-section-height-default\" data-id=\"a628131\" data-element_type=\"section\" data-e-type=\"section\">\n\t\t\t\t\t\t<div class=\"elementor-container elementor-column-gap-default\">\n\t\t\t\t\t<div class=\"elementor-column elementor-col-100 elementor-top-column elementor-element elementor-element-bda99c6 animated-fast elementor-invisible\" data-id=\"bda99c6\" data-element_type=\"column\" data-e-type=\"column\" data-settings=\"{&quot;background_background&quot;:&quot;classic&quot;,&quot;animation&quot;:&quot;fadeIn&quot;}\">\n\t\t\t<div class=\"elementor-widget-wrap elementor-element-populated\">\n\t\t\t\t\t\t<div class=\"elementor-element elementor-element-6daccca elementor-blockquote--skin-quotation elementor-blockquote--align-left elementor-widget elementor-widget-blockquote\" data-id=\"6daccca\" data-element_type=\"widget\" data-e-type=\"widget\" data-widget_type=\"blockquote.default\">\n\t\t\t\t<div class=\"elementor-widget-container\">\n\t\t\t\t\t\t\t<blockquote class=\"elementor-blockquote\">\n\t\t\t<p class=\"elementor-blockquote__content\">\n\t\t\t\tHumans are allergic to change. They love to say, \u2018We\u2019ve always done it this way.\u2019 I try to fight that. That\u2019s why I have a clock on my wall that runs counterclockwise.\t\t\t<\/p>\n\t\t\t\t\t\t\t<div class=\"e-q-footer\">\n\t\t\t\t\t\t\t\t\t\t\t<cite class=\"elementor-blockquote__author\">Grace Hopper, Informatikerin, sp\u00e4tere Admiralin der US Navy und Autorin des ersten Programmierhandbuchs der Welt (f\u00fcr den Harvard Mark I Computer).<\/cite>\n\t\t\t\t\t\t\t\t\t\t\t\t\t\t<\/div>\n\t\t\t\t\t<\/blockquote>\n\t\t\t\t\t\t<\/div>\n\t\t\t\t<\/div>\n\t\t\t\t<div class=\"elementor-element elementor-element-3495c7b elementor-widget elementor-widget-text-editor\" data-id=\"3495c7b\" data-element_type=\"widget\" data-e-type=\"widget\" data-widget_type=\"text-editor.default\">\n\t\t\t\t<div class=\"elementor-widget-container\">\n\t\t\t\t\t\t\t\t\t<p>Eine Uhr, die sich r\u00fcckw\u00e4rts dreht, brauchst du nicht, um an der RWTH den Informatik Master anzugehen. Jedoch in einem Punkt hatte sie recht: Wir in der Fachgruppe Informatik schauen in die Zukunft und uns wird es nie unbequem, etwas Neues auszuprobieren, zu erforschen und umzusetzen.\u00a0<\/p><p>Dein Bachelorstudium hat dir Spa\u00df gemacht und du m\u00f6chtest dich weiter vertiefen in die Informatik? Dann ist das Masterstudium genau das Richtige.\u00a0<\/p><p>In Aachen wirst du darin ausgebildet, mit wissenschaftlichen Methoden und Erkenntnissen der Informatik selbstst\u00e4ndig zu arbeiten. Die Analyse, Planung und Leitung anspruchsvoller Projekte werden zum sp\u00e4teren Berufsalltag geh\u00f6ren. Mit einem Master der RWTH wirst du in der Lage sein, L\u00f6sungen zu definieren, die dem h\u00f6chsten Stand der Informatik in technologischer und wissenschaftlicher Hinsicht gen\u00fcgen.<\/p><p>Der Master ist obendrein der zweite berufsqualifizierende Abschluss und Voraussetzung f\u00fcr einen m\u00f6glichen akademischen Werdegang mit anschlie\u00dfender Promotion.<\/p>\t\t\t\t\t\t\t\t<\/div>\n\t\t\t\t<\/div>\n\t\t\t\t<section class=\"elementor-section elementor-inner-section elementor-element elementor-element-0d34efc elementor-section-boxed elementor-section-height-default elementor-section-height-default\" data-id=\"0d34efc\" data-element_type=\"section\" data-e-type=\"section\">\n\t\t\t\t\t\t<div class=\"elementor-container elementor-column-gap-default\">\n\t\t\t\t\t<div class=\"elementor-column elementor-col-25 elementor-inner-column elementor-element elementor-element-4c7ea8b\" data-id=\"4c7ea8b\" data-element_type=\"column\" data-e-type=\"column\">\n\t\t\t<div class=\"elementor-widget-wrap elementor-element-populated\">\n\t\t\t\t\t\t<div class=\"elementor-element elementor-element-cecfb51 elementor-align-justify elementor-mobile-align-justify elementor-widget elementor-widget-button\" data-id=\"cecfb51\" data-element_type=\"widget\" data-e-type=\"widget\" data-widget_type=\"button.default\">\n\t\t\t\t<div class=\"elementor-widget-container\">\n\t\t\t\t\t\t\t\t\t<div class=\"elementor-button-wrapper\">\n\t\t\t\t\t<a class=\"elementor-button elementor-button-link elementor-size-md\" href=\"https:\/\/sc.informatik.rwth-aachen.de\/de\/studium\/master\/informatik\/start-ins-studium\/\">\n\t\t\t\t\t\t<span class=\"elementor-button-content-wrapper\">\n\t\t\t\t\t\t\t\t\t<span class=\"elementor-button-text\">Start ins Studium<\/span>\n\t\t\t\t\t<\/span>\n\t\t\t\t\t<\/a>\n\t\t\t\t<\/div>\n\t\t\t\t\t\t\t\t<\/div>\n\t\t\t\t<\/div>\n\t\t\t\t\t<\/div>\n\t\t<\/div>\n\t\t\t\t<div class=\"elementor-column elementor-col-25 elementor-inner-column elementor-element elementor-element-8ce9c2f\" data-id=\"8ce9c2f\" data-element_type=\"column\" data-e-type=\"column\">\n\t\t\t<div class=\"elementor-widget-wrap elementor-element-populated\">\n\t\t\t\t\t\t<div class=\"elementor-element elementor-element-c463db4 elementor-align-justify elementor-mobile-align-justify elementor-widget elementor-widget-button\" data-id=\"c463db4\" data-element_type=\"widget\" data-e-type=\"widget\" data-widget_type=\"button.default\">\n\t\t\t\t<div class=\"elementor-widget-container\">\n\t\t\t\t\t\t\t\t\t<div class=\"elementor-button-wrapper\">\n\t\t\t\t\t<a class=\"elementor-button elementor-button-link elementor-size-md\" href=\"https:\/\/sc.informatik.rwth-aachen.de\/de\/studium\/master\/informatik\/aufbau-und-ablauf-master-po-2023\/\">\n\t\t\t\t\t\t<span class=\"elementor-button-content-wrapper\">\n\t\t\t\t\t\t\t\t\t<span class=\"elementor-button-text\">Aufbau und Ablauf<\/span>\n\t\t\t\t\t<\/span>\n\t\t\t\t\t<\/a>\n\t\t\t\t<\/div>\n\t\t\t\t\t\t\t\t<\/div>\n\t\t\t\t<\/div>\n\t\t\t\t\t<\/div>\n\t\t<\/div>\n\t\t\t\t<div class=\"elementor-column elementor-col-25 elementor-inner-column elementor-element elementor-element-1716a34\" data-id=\"1716a34\" data-element_type=\"column\" data-e-type=\"column\">\n\t\t\t<div class=\"elementor-widget-wrap elementor-element-populated\">\n\t\t\t\t\t\t<div class=\"elementor-element elementor-element-064146c elementor-align-justify elementor-mobile-align-justify elementor-widget elementor-widget-button\" data-id=\"064146c\" data-element_type=\"widget\" data-e-type=\"widget\" data-widget_type=\"button.default\">\n\t\t\t\t<div class=\"elementor-widget-container\">\n\t\t\t\t\t\t\t\t\t<div class=\"elementor-button-wrapper\">\n\t\t\t\t\t<a class=\"elementor-button elementor-button-link elementor-size-md\" href=\"https:\/\/sc.informatik.rwth-aachen.de\/de\/studium\/master\/informatik\/waehrend-des-studiums\/\">\n\t\t\t\t\t\t<span class=\"elementor-button-content-wrapper\">\n\t\t\t\t\t\t\t\t\t<span class=\"elementor-button-text\">W\u00e4hrend des Studiums<\/span>\n\t\t\t\t\t<\/span>\n\t\t\t\t\t<\/a>\n\t\t\t\t<\/div>\n\t\t\t\t\t\t\t\t<\/div>\n\t\t\t\t<\/div>\n\t\t\t\t\t<\/div>\n\t\t<\/div>\n\t\t\t\t<div class=\"elementor-column elementor-col-25 elementor-inner-column elementor-element elementor-element-2ac0142\" data-id=\"2ac0142\" data-element_type=\"column\" data-e-type=\"column\">\n\t\t\t<div class=\"elementor-widget-wrap elementor-element-populated\">\n\t\t\t\t\t\t<div class=\"elementor-element elementor-element-99d6e91 elementor-align-justify elementor-mobile-align-justify elementor-widget elementor-widget-button\" data-id=\"99d6e91\" data-element_type=\"widget\" data-e-type=\"widget\" data-widget_type=\"button.default\">\n\t\t\t\t<div class=\"elementor-widget-container\">\n\t\t\t\t\t\t\t\t\t<div class=\"elementor-button-wrapper\">\n\t\t\t\t\t<a class=\"elementor-button elementor-button-link elementor-size-md\" href=\"https:\/\/sc.informatik.rwth-aachen.de\/de\/studium\/master\/informatik\/faq\/\">\n\t\t\t\t\t\t<span class=\"elementor-button-content-wrapper\">\n\t\t\t\t\t\t\t\t\t<span class=\"elementor-button-text\">FAQ<\/span>\n\t\t\t\t\t<\/span>\n\t\t\t\t\t<\/a>\n\t\t\t\t<\/div>\n\t\t\t\t\t\t\t\t<\/div>\n\t\t\t\t<\/div>\n\t\t\t\t\t<\/div>\n\t\t<\/div>\n\t\t\t\t\t<\/div>\n\t\t<\/section>\n\t\t\t\t\t<\/div>\n\t\t<\/div>\n\t\t\t\t\t<\/div>\n\t\t<\/section>\n\t\t\t\t<\/div>\n\t\t","protected":false},"excerpt":{"rendered":"<p>\u00a9 Bild: Helen Bolke-Hermanns Humans are allergic to change. They love to say, \u2018We\u2019ve always done it this way.\u2019 I try to fight that. That\u2019s why I have a clock on my wall that runs counterclockwise. Grace Hopper, Informatikerin, sp\u00e4tere Admiralin der US Navy und Autorin des ersten Programmierhandbuchs der Welt (f\u00fcr den Harvard Mark [&hellip;]<\/p>\n","protected":false},"author":11,"featured_media":0,"parent":11542,"menu_order":0,"comment_status":"closed","ping_status":"closed","template":"","meta":{"inline_featured_image":false,"footnotes":""},"class_list":["post-9747","page","type-page","status-publish","hentry"],"_links":{"self":[{"href":"https:\/\/sc.informatik.rwth-aachen.de\/de\/wp-json\/wp\/v2\/pages\/9747","targetHints":{"allow":["GET"]}}],"collection":[{"href":"https:\/\/sc.informatik.rwth-aachen.de\/de\/wp-json\/wp\/v2\/pages"}],"about":[{"href":"https:\/\/sc.informatik.rwth-aachen.de\/de\/wp-json\/wp\/v2\/types\/page"}],"author":[{"embeddable":true,"href":"https:\/\/sc.informatik.rwth-aachen.de\/de\/wp-json\/wp\/v2\/users\/11"}],"replies":[{"embeddable":true,"href":"https:\/\/sc.informatik.rwth-aachen.de\/de\/wp-json\/wp\/v2\/comments?post=9747"}],"version-history":[{"count":101,"href":"https:\/\/sc.informatik.rwth-aachen.de\/de\/wp-json\/wp\/v2\/pages\/9747\/revisions"}],"predecessor-version":[{"id":16978,"href":"https:\/\/sc.informatik.rwth-aachen.de\/de\/wp-json\/wp\/v2\/pages\/9747\/revisions\/16978"}],"up":[{"embeddable":true,"href":"https:\/\/sc.informatik.rwth-aachen.de\/de\/wp-json\/wp\/v2\/pages\/11542"}],"wp:attachment":[{"href":"https:\/\/sc.informatik.rwth-aachen.de\/de\/wp-json\/wp\/v2\/media?parent=9747"}],"curies":[{"name":"wp","href":"https:\/\/api.w.org\/{rel}","templated":true}]}}