{"id":766,"date":"2021-04-01T14:24:17","date_gmt":"2021-04-01T12:24:17","guid":{"rendered":"https:\/\/sc.informatik.rwth-aachen.de\/?page_id=766"},"modified":"2025-06-16T16:21:33","modified_gmt":"2025-06-16T14:21:33","slug":"exchange-students","status":"publish","type":"page","link":"https:\/\/sc.informatik.rwth-aachen.de\/de\/exchange-students\/","title":{"rendered":"Auslandsaufenthalt"},"content":{"rendered":"\t\t<div data-elementor-type=\"wp-page\" data-elementor-id=\"766\" class=\"elementor elementor-766\" data-elementor-post-type=\"page\">\n\t\t\t\t\t\t<section class=\"elementor-section elementor-top-section elementor-element elementor-element-b341a73 elementor-section-boxed elementor-section-height-default elementor-section-height-default\" data-id=\"b341a73\" data-element_type=\"section\" data-e-type=\"section\">\n\t\t\t\t\t\t<div class=\"elementor-container elementor-column-gap-default\">\n\t\t\t\t\t<div class=\"elementor-column elementor-col-100 elementor-top-column elementor-element elementor-element-eddc50e\" data-id=\"eddc50e\" data-element_type=\"column\" data-e-type=\"column\">\n\t\t\t<div class=\"elementor-widget-wrap elementor-element-populated\">\n\t\t\t\t\t\t<div class=\"elementor-element elementor-element-98a597c elementor-blockquote--skin-quotation elementor-blockquote--align-left elementor-widget elementor-widget-blockquote\" data-id=\"98a597c\" data-element_type=\"widget\" data-e-type=\"widget\" data-widget_type=\"blockquote.default\">\n\t\t\t\t<div class=\"elementor-widget-container\">\n\t\t\t\t\t\t\t<blockquote class=\"elementor-blockquote\">\n\t\t\t<p class=\"elementor-blockquote__content\">\n\t\t\t\tReisen bedeutet herauszufinden, dass alle Unrecht haben mit dem, was sie \u00fcber andere L\u00e4nder denken.\t\t\t<\/p>\n\t\t\t\t\t\t\t<div class=\"e-q-footer\">\n\t\t\t\t\t\t\t\t\t\t\t<cite class=\"elementor-blockquote__author\">Aldous Huxley<\/cite>\n\t\t\t\t\t\t\t\t\t\t\t\t\t\t<\/div>\n\t\t\t\t\t<\/blockquote>\n\t\t\t\t\t\t<\/div>\n\t\t\t\t<\/div>\n\t\t\t\t<div class=\"elementor-element elementor-element-1edae8d elementor-widget elementor-widget-text-editor\" data-id=\"1edae8d\" data-element_type=\"widget\" data-e-type=\"widget\" data-widget_type=\"text-editor.default\">\n\t\t\t\t<div class=\"elementor-widget-container\">\n\t\t\t\t\t\t\t\t\t<p>Entdecke die Welt w\u00e4hrend deines Studiums! Ein Auslandsaufenthalt im Studium \u00f6ffnet dir die T\u00fcren zu einer F\u00fclle von M\u00f6glichkeiten. Tauche ein in eine neue Kultur, erweitere deinen Horizont und entwickele interkulturelles Verst\u00e4ndnis. Unsere internationalen\u00a0 Austauschprogramme bieten dir die einmalige Chance, in einer fremden Umgebung zu leben und zu lernen. Verbessere deine Sprachkenntnisse und werde flie\u00dfend in einer neuen Sprache. Kn\u00fcpfe wertvolle Kontakte, baue ein globales Netzwerk auf und bereite dich auf eine erfolgreiche berufliche Zukunft vor. <\/p><p>Hier findest du eine \u00dcbersicht aller Austauschm\u00f6glichkeiten, die die RWTH anbietet, und weitere Informationen dazu. <\/p>\t\t\t\t\t\t\t\t<\/div>\n\t\t\t\t<\/div>\n\t\t\t\t\t<\/div>\n\t\t<\/div>\n\t\t\t\t\t<\/div>\n\t\t<\/section>\n\t\t\t\t<section class=\"elementor-section elementor-top-section elementor-element elementor-element-3b370f8 elementor-section-boxed elementor-section-height-default elementor-section-height-default\" data-id=\"3b370f8\" data-element_type=\"section\" data-e-type=\"section\">\n\t\t\t\t\t\t<div class=\"elementor-container elementor-column-gap-default\">\n\t\t\t\t\t<div class=\"elementor-column elementor-col-100 elementor-top-column elementor-element elementor-element-3d0355d\" data-id=\"3d0355d\" data-element_type=\"column\" data-e-type=\"column\">\n\t\t\t<div class=\"elementor-widget-wrap elementor-element-populated\">\n\t\t\t\t\t\t<div class=\"elementor-element elementor-element-c223450 elementor-widget elementor-widget-heading\" data-id=\"c223450\" data-element_type=\"widget\" data-e-type=\"widget\" data-widget_type=\"heading.default\">\n\t\t\t\t<div class=\"elementor-widget-container\">\n\t\t\t\t\t<h2 class=\"elementor-heading-title elementor-size-default\">Austauschm\u00f6glichkeiten<\/h2>\t\t\t\t<\/div>\n\t\t\t\t<\/div>\n\t\t\t\t<section class=\"elementor-section elementor-inner-section elementor-element elementor-element-0574849 elementor-section-boxed elementor-section-height-default elementor-section-height-default\" data-id=\"0574849\" data-element_type=\"section\" data-e-type=\"section\">\n\t\t\t\t\t\t<div class=\"elementor-container elementor-column-gap-default\">\n\t\t\t\t\t<div class=\"elementor-column elementor-col-50 elementor-inner-column elementor-element elementor-element-ad6e72c\" data-id=\"ad6e72c\" data-element_type=\"column\" data-e-type=\"column\">\n\t\t\t<div class=\"elementor-widget-wrap elementor-element-populated\">\n\t\t\t\t\t\t<div class=\"elementor-element elementor-element-983ba9b elementor-alert elementor-alert-info elementor-widget elementor-widget-text-editor\" data-id=\"983ba9b\" data-element_type=\"widget\" data-e-type=\"widget\" data-widget_type=\"text-editor.default\">\n\t\t\t\t<div class=\"elementor-widget-container\">\n\t\t\t\t\t\t\t\t\t<p><strong>Incoming<\/strong><\/p><p>Du interessierst dich f\u00fcr einen Austausch an der RWTH? <a href=\"https:\/\/www.comsys.rwth-aachen.de\/teaching\/incomings\">Hier <\/a>findest du alle Informationen zu der Bewerbung, Kursen, dem Semesterablauf und mehr.<\/p>\t\t\t\t\t\t\t\t<\/div>\n\t\t\t\t<\/div>\n\t\t\t\t\t<\/div>\n\t\t<\/div>\n\t\t\t\t<div class=\"elementor-column elementor-col-50 elementor-inner-column elementor-element elementor-element-888ac3f\" data-id=\"888ac3f\" data-element_type=\"column\" data-e-type=\"column\">\n\t\t\t<div class=\"elementor-widget-wrap elementor-element-populated\">\n\t\t\t\t\t\t<div class=\"elementor-element elementor-element-8e51257 elementor-alert elementor-alert-info elementor-widget elementor-widget-text-editor\" data-id=\"8e51257\" data-element_type=\"widget\" data-e-type=\"widget\" data-widget_type=\"text-editor.default\">\n\t\t\t\t<div class=\"elementor-widget-container\">\n\t\t\t\t\t\t\t\t\t<p><b>Outgoing<\/b><\/p><p>Du willst ein oder mehrere Semester im Ausland studieren? <a href=\"https:\/\/sc.informatik.rwth-aachen.de\/de\/staying-abroad\/\">Hier<\/a> findest du Informationen zu Partnerunis, Austauschm\u00f6glichkeiten, dem Bewerbungsablauf und mehr.<\/p>\t\t\t\t\t\t\t\t<\/div>\n\t\t\t\t<\/div>\n\t\t\t\t\t<\/div>\n\t\t<\/div>\n\t\t\t\t\t<\/div>\n\t\t<\/section>\n\t\t\t\t\t<\/div>\n\t\t<\/div>\n\t\t\t\t\t<\/div>\n\t\t<\/section>\n\t\t\t\t<\/div>\n\t\t","protected":false},"excerpt":{"rendered":"<p>Reisen bedeutet herauszufinden, dass alle Unrecht haben mit dem, was sie \u00fcber andere L\u00e4nder denken. Aldous Huxley Entdecke die Welt w\u00e4hrend deines Studiums! Ein Auslandsaufenthalt im Studium \u00f6ffnet dir die T\u00fcren zu einer F\u00fclle von M\u00f6glichkeiten. Tauche ein in eine neue Kultur, erweitere deinen Horizont und entwickele interkulturelles Verst\u00e4ndnis. Unsere internationalen\u00a0 Austauschprogramme bieten dir die [&hellip;]<\/p>\n","protected":false},"author":5,"featured_media":0,"parent":0,"menu_order":0,"comment_status":"closed","ping_status":"closed","template":"","meta":{"inline_featured_image":false,"footnotes":""},"class_list":["post-766","page","type-page","status-publish","hentry"],"_links":{"self":[{"href":"https:\/\/sc.informatik.rwth-aachen.de\/de\/wp-json\/wp\/v2\/pages\/766","targetHints":{"allow":["GET"]}}],"collection":[{"href":"https:\/\/sc.informatik.rwth-aachen.de\/de\/wp-json\/wp\/v2\/pages"}],"about":[{"href":"https:\/\/sc.informatik.rwth-aachen.de\/de\/wp-json\/wp\/v2\/types\/page"}],"author":[{"embeddable":true,"href":"https:\/\/sc.informatik.rwth-aachen.de\/de\/wp-json\/wp\/v2\/users\/5"}],"replies":[{"embeddable":true,"href":"https:\/\/sc.informatik.rwth-aachen.de\/de\/wp-json\/wp\/v2\/comments?post=766"}],"version-history":[{"count":37,"href":"https:\/\/sc.informatik.rwth-aachen.de\/de\/wp-json\/wp\/v2\/pages\/766\/revisions"}],"predecessor-version":[{"id":21244,"href":"https:\/\/sc.informatik.rwth-aachen.de\/de\/wp-json\/wp\/v2\/pages\/766\/revisions\/21244"}],"wp:attachment":[{"href":"https:\/\/sc.informatik.rwth-aachen.de\/de\/wp-json\/wp\/v2\/media?parent=766"}],"curies":[{"name":"wp","href":"https:\/\/api.w.org\/{rel}","templated":true}]}}