{"id":6549,"date":"2022-03-28T17:38:47","date_gmt":"2022-03-28T15:38:47","guid":{"rendered":"https:\/\/sc.informatik.rwth-aachen.de\/?page_id=6549"},"modified":"2023-03-30T15:25:42","modified_gmt":"2023-03-30T13:25:42","slug":"gaming-lab-sommer-2022","status":"publish","type":"page","link":"https:\/\/sc.informatik.rwth-aachen.de\/de\/lehre\/gaming-lab-sommer-2022\/","title":{"rendered":"Gaming Lab (Sommer 2022)"},"content":{"rendered":"\t\t<div data-elementor-type=\"wp-page\" data-elementor-id=\"6549\" class=\"elementor elementor-6549\" data-elementor-post-type=\"page\">\n\t\t\t\t\t\t<section class=\"elementor-section elementor-top-section elementor-element elementor-element-430130b elementor-section-height-min-height elementor-section-boxed elementor-section-height-default elementor-section-items-middle\" data-id=\"430130b\" data-element_type=\"section\" data-e-type=\"section\" data-settings=\"{&quot;background_background&quot;:&quot;classic&quot;}\">\n\t\t\t\t\t\t<div class=\"elementor-container elementor-column-gap-default\">\n\t\t\t\t\t<div class=\"elementor-column elementor-col-100 elementor-top-column elementor-element elementor-element-e2cbeb4\" data-id=\"e2cbeb4\" data-element_type=\"column\" data-e-type=\"column\">\n\t\t\t<div class=\"elementor-widget-wrap\">\n\t\t\t\t\t\t\t<\/div>\n\t\t<\/div>\n\t\t\t\t\t<\/div>\n\t\t<\/section>\n\t\t\t\t<section class=\"elementor-section elementor-top-section elementor-element elementor-element-5dcae3e elementor-reverse-mobile elementor-section-boxed elementor-section-height-default elementor-section-height-default\" data-id=\"5dcae3e\" data-element_type=\"section\" data-e-type=\"section\">\n\t\t\t\t\t\t<div class=\"elementor-container elementor-column-gap-wide\">\n\t\t\t\t\t<div class=\"elementor-column elementor-col-50 elementor-top-column elementor-element elementor-element-45ea2bb\" data-id=\"45ea2bb\" data-element_type=\"column\" data-e-type=\"column\">\n\t\t\t<div class=\"elementor-widget-wrap elementor-element-populated\">\n\t\t\t\t\t\t<div class=\"elementor-element elementor-element-ab94e88 elementor-widget__width-auto elementor-widget elementor-widget-text-editor\" data-id=\"ab94e88\" data-element_type=\"widget\" data-e-type=\"widget\" data-widget_type=\"text-editor.default\">\n\t\t\t\t<div class=\"elementor-widget-container\">\n\t\t\t\t\t\t\t\t\t<p>Dieser Kurs wird nur auf Englisch abgehalten.<\/p>\t\t\t\t\t\t\t\t<\/div>\n\t\t\t\t<\/div>\n\t\t\t\t<div class=\"elementor-element elementor-element-d1e00a7 elementor-widget elementor-widget-heading\" data-id=\"d1e00a7\" data-element_type=\"widget\" data-e-type=\"widget\" data-widget_type=\"heading.default\">\n\t\t\t\t<div class=\"elementor-widget-container\">\n\t\t\t\t\t<h1 class=\"elementor-heading-title elementor-size-default\">Gaming Lab (Sommer 2022)<\/h1>\t\t\t\t<\/div>\n\t\t\t\t<\/div>\n\t\t\t\t<div class=\"elementor-element elementor-element-dbef0d4 elementor-widget__width-auto elementor-widget elementor-widget-text-editor\" data-id=\"dbef0d4\" data-element_type=\"widget\" data-e-type=\"widget\" data-widget_type=\"text-editor.default\">\n\t\t\t\t<div class=\"elementor-widget-container\">\n\t\t\t\t\t\t\t\t\t<p>Das <strong>Interactive Game Developing Lab<\/strong> ist ein Praktikum, in dem du ein interaktives Spiel entwickelst, das \u00fcber ein typisches Handy- oder Desktopspiel hinausgeht. In diesem Praktikum wirst du andere Eingabemethoden wie Blickeerkennung, K\u00f6rperhaltung oder Ger\u00e4tebewegungen erforschen. Wir schauen uns auch wichtige andere Spiel-Entwicklungsaspekte, wie z.B. Spieldesign, Storytelling oder grafische Assets an.<\/p>\t\t\t\t\t\t\t\t<\/div>\n\t\t\t\t<\/div>\n\t\t\t\t<div class=\"elementor-element elementor-element-01688c1 elementor-widget elementor-widget-spacer\" data-id=\"01688c1\" data-element_type=\"widget\" data-e-type=\"widget\" data-widget_type=\"spacer.default\">\n\t\t\t\t<div class=\"elementor-widget-container\">\n\t\t\t\t\t\t\t<div class=\"elementor-spacer\">\n\t\t\t<div class=\"elementor-spacer-inner\"><\/div>\n\t\t<\/div>\n\t\t\t\t\t\t<\/div>\n\t\t\t\t<\/div>\n\t\t\t\t<div class=\"elementor-element elementor-element-8899a4a elementor-widget elementor-widget-heading\" data-id=\"8899a4a\" data-element_type=\"widget\" data-e-type=\"widget\" data-widget_type=\"heading.default\">\n\t\t\t\t<div class=\"elementor-widget-container\">\n\t\t\t\t\t<h2 class=\"elementor-heading-title elementor-size-default\">Kontakt<\/h2>\t\t\t\t<\/div>\n\t\t\t\t<\/div>\n\t\t\t\t<div class=\"elementor-element elementor-element-af12c44 elementor-widget__width-auto elementor-widget elementor-widget-image\" data-id=\"af12c44\" data-element_type=\"widget\" data-e-type=\"widget\" data-widget_type=\"image.default\">\n\t\t\t\t<div class=\"elementor-widget-container\">\n\t\t\t\t\t\t\t\t\t\t\t\t<figure class=\"wp-caption\">\n\t\t\t\t\t\t\t\t\t\t\t<a href=\"https:\/\/sc.informatik.rwth-aachen.de\/voelker\">\n\t\t\t\t\t\t\t<img decoding=\"async\" src=\"https:\/\/sc.informatik.rwth-aachen.de\/wp-content\/uploads\/elementor\/thumbs\/voelker_img-p6h0afpj7201l1pd4f8zz12a9hrgky378c36tr4o2k.png\" title=\"voelker_img\" alt=\"voelker_img\" loading=\"lazy\" \/>\t\t\t\t\t\t\t\t<\/a>\n\t\t\t\t\t\t\t\t\t\t\t<figcaption class=\"widget-image-caption wp-caption-text\">Dr. Simon V\u00f6lker<\/figcaption>\n\t\t\t\t\t\t\t\t\t\t<\/figure>\n\t\t\t\t\t\t\t\t\t<\/div>\n\t\t\t\t<\/div>\n\t\t\t\t<div class=\"elementor-element elementor-element-01f13f1 elementor-widget__width-auto elementor-widget elementor-widget-image\" data-id=\"01f13f1\" data-element_type=\"widget\" data-e-type=\"widget\" data-widget_type=\"image.default\">\n\t\t\t\t<div class=\"elementor-widget-container\">\n\t\t\t\t\t\t\t\t\t\t\t\t<figure class=\"wp-caption\">\n\t\t\t\t\t\t\t\t\t\t\t<a href=\"https:\/\/sc.informatik.rwth-aachen.de\/busch\">\n\t\t\t\t\t\t\t<img decoding=\"async\" src=\"https:\/\/sc.informatik.rwth-aachen.de\/wp-content\/uploads\/elementor\/thumbs\/busch_img-p6h0adtutdxgxts3fefqu1jd2q0q5jvqk2s7v77gf0.png\" title=\"busch_img\" alt=\"busch_img\" loading=\"lazy\" \/>\t\t\t\t\t\t\t\t<\/a>\n\t\t\t\t\t\t\t\t\t\t\t<figcaption class=\"widget-image-caption wp-caption-text\">Florian Busch<\/figcaption>\n\t\t\t\t\t\t\t\t\t\t<\/figure>\n\t\t\t\t\t\t\t\t\t<\/div>\n\t\t\t\t<\/div>\n\t\t\t\t\t<\/div>\n\t\t<\/div>\n\t\t\t\t<div class=\"elementor-column elementor-col-50 elementor-top-column elementor-element elementor-element-f45777e\" data-id=\"f45777e\" data-element_type=\"column\" data-e-type=\"column\">\n\t\t\t<div class=\"elementor-widget-wrap elementor-element-populated\">\n\t\t\t\t\t\t<section class=\"elementor-section elementor-inner-section elementor-element elementor-element-6fa8109 animated-fast elementor-section-boxed elementor-section-height-default elementor-section-height-default elementor-invisible\" data-id=\"6fa8109\" data-element_type=\"section\" data-e-type=\"section\" data-settings=\"{&quot;background_background&quot;:&quot;classic&quot;,&quot;animation&quot;:&quot;fadeIn&quot;}\">\n\t\t\t\t\t\t<div class=\"elementor-container elementor-column-gap-default\">\n\t\t\t\t\t<div class=\"elementor-column elementor-col-100 elementor-inner-column elementor-element elementor-element-e7dedaf\" data-id=\"e7dedaf\" data-element_type=\"column\" data-e-type=\"column\">\n\t\t\t<div class=\"elementor-widget-wrap elementor-element-populated\">\n\t\t\t\t\t\t<div class=\"elementor-element elementor-element-6ccbc9c elementor-widget elementor-widget-heading\" data-id=\"6ccbc9c\" data-element_type=\"widget\" data-e-type=\"widget\" data-widget_type=\"heading.default\">\n\t\t\t\t<div class=\"elementor-widget-container\">\n\t\t\t\t\t<h4 class=\"elementor-heading-title elementor-size-default\">Kurs<\/h4>\t\t\t\t<\/div>\n\t\t\t\t<\/div>\n\t\t\t\t<div class=\"elementor-element elementor-element-b1d8307 elementor-widget elementor-widget-text-editor\" data-id=\"b1d8307\" data-element_type=\"widget\" data-e-type=\"widget\" data-widget_type=\"text-editor.default\">\n\t\t\t\t<div class=\"elementor-widget-container\">\n\t\t\t\t\t\t\t\t\t<div class=\"key-value-container\"><span class=\"key\">Lab<\/span><span class=\"value\">Tuesdays 10:30 &#8211; 12:00<\/span><\/div><div class=\"key-value-container\"><span class=\"key\">Sprache<\/span><span class=\"value\">Englisch<\/span><\/div><div class=\"key-value-container\"><span class=\"key\">Credits<\/span><span class=\"value\">7\u00a0 ECTS<\/span><\/div>\t\t\t\t\t\t\t\t<\/div>\n\t\t\t\t<\/div>\n\t\t\t\t\t<\/div>\n\t\t<\/div>\n\t\t\t\t\t<\/div>\n\t\t<\/section>\n\t\t\t\t<section class=\"elementor-section elementor-inner-section elementor-element elementor-element-f4c574c animated-fast elementor-section-boxed elementor-section-height-default elementor-section-height-default elementor-invisible\" data-id=\"f4c574c\" data-element_type=\"section\" data-e-type=\"section\" data-settings=\"{&quot;background_background&quot;:&quot;classic&quot;,&quot;animation&quot;:&quot;fadeIn&quot;}\">\n\t\t\t\t\t\t<div class=\"elementor-container elementor-column-gap-default\">\n\t\t\t\t\t<div class=\"elementor-column elementor-col-100 elementor-inner-column elementor-element elementor-element-6a5c54d\" data-id=\"6a5c54d\" data-element_type=\"column\" data-e-type=\"column\">\n\t\t\t<div class=\"elementor-widget-wrap elementor-element-populated\">\n\t\t\t\t\t\t<div class=\"elementor-element elementor-element-fa3890c elementor-widget elementor-widget-heading\" data-id=\"fa3890c\" data-element_type=\"widget\" data-e-type=\"widget\" data-widget_type=\"heading.default\">\n\t\t\t\t<div class=\"elementor-widget-container\">\n\t\t\t\t\t<h4 class=\"elementor-heading-title elementor-size-default\">Termine<\/h4>\t\t\t\t<\/div>\n\t\t\t\t<\/div>\n\t\t\t\t<div class=\"elementor-element elementor-element-130b3ac elementor-widget elementor-widget-text-editor\" data-id=\"130b3ac\" data-element_type=\"widget\" data-e-type=\"widget\" data-widget_type=\"text-editor.default\">\n\t\t\t\t<div class=\"elementor-widget-container\">\n\t\t\t\t\t\t\t\t\t<div class=\"key-value-container\"><span class=\"key\">Kickoff<br \/><\/span><span class=\"value\">05.04.2022<\/span><\/div>\t\t\t\t\t\t\t\t<\/div>\n\t\t\t\t<\/div>\n\t\t\t\t\t<\/div>\n\t\t<\/div>\n\t\t\t\t\t<\/div>\n\t\t<\/section>\n\t\t\t\t<section class=\"elementor-section elementor-inner-section elementor-element elementor-element-dbd64b2 animated-fast elementor-section-boxed elementor-section-height-default elementor-section-height-default elementor-invisible\" data-id=\"dbd64b2\" data-element_type=\"section\" data-e-type=\"section\" data-settings=\"{&quot;background_background&quot;:&quot;classic&quot;,&quot;animation&quot;:&quot;fadeIn&quot;}\">\n\t\t\t\t\t\t<div class=\"elementor-container elementor-column-gap-default\">\n\t\t\t\t\t<div class=\"elementor-column elementor-col-100 elementor-inner-column elementor-element elementor-element-44d6d13\" data-id=\"44d6d13\" data-element_type=\"column\" data-e-type=\"column\">\n\t\t\t<div class=\"elementor-widget-wrap elementor-element-populated\">\n\t\t\t\t\t\t<div class=\"elementor-element elementor-element-fe1a62c elementor-widget elementor-widget-heading\" data-id=\"fe1a62c\" data-element_type=\"widget\" data-e-type=\"widget\" data-widget_type=\"heading.default\">\n\t\t\t\t<div class=\"elementor-widget-container\">\n\t\t\t\t\t<h4 class=\"elementor-heading-title elementor-size-default\">Materialien<\/h4>\t\t\t\t<\/div>\n\t\t\t\t<\/div>\n\t\t\t\t<div class=\"elementor-element elementor-element-8dd95e6 elementor-widget elementor-widget-text-editor\" data-id=\"8dd95e6\" data-element_type=\"widget\" data-e-type=\"widget\" data-widget_type=\"text-editor.default\">\n\t\t\t\t<div class=\"elementor-widget-container\">\n\t\t\t\t\t\t\t\t\t<ul><li><a href=\"https:\/\/online.rwth-aachen.de\/RWTHonline\/pl\/ui\/$ctx\/wbLv.wbShowLVDetail?pStpSpNr=398090\"><span class=\"icon-arrow-right-3\">RWTHonline<\/span><\/a><\/li><li><a href=\"https:\/\/moodle.rwth-aachen.de\/course\/view.php?id=9949\"><span class=\"icon-arrow-right-3\">RWTHmoodle<\/span><\/a><\/li><\/ul>\t\t\t\t\t\t\t\t<\/div>\n\t\t\t\t<\/div>\n\t\t\t\t\t<\/div>\n\t\t<\/div>\n\t\t\t\t\t<\/div>\n\t\t<\/section>\n\t\t\t\t<section class=\"elementor-section elementor-inner-section elementor-element elementor-element-7178084 animated-fast elementor-section-boxed elementor-section-height-default elementor-section-height-default elementor-invisible\" data-id=\"7178084\" data-element_type=\"section\" data-e-type=\"section\" data-settings=\"{&quot;background_background&quot;:&quot;classic&quot;,&quot;animation&quot;:&quot;fadeIn&quot;}\">\n\t\t\t\t\t\t<div class=\"elementor-container elementor-column-gap-default\">\n\t\t\t\t\t<div class=\"elementor-column elementor-col-100 elementor-inner-column elementor-element elementor-element-3609826\" data-id=\"3609826\" data-element_type=\"column\" data-e-type=\"column\">\n\t\t\t<div class=\"elementor-widget-wrap elementor-element-populated\">\n\t\t\t\t\t\t<div class=\"elementor-element elementor-element-18a53eb elementor-widget elementor-widget-heading\" data-id=\"18a53eb\" data-element_type=\"widget\" data-e-type=\"widget\" data-widget_type=\"heading.default\">\n\t\t\t\t<div class=\"elementor-widget-container\">\n\t\t\t\t\t<h4 class=\"elementor-heading-title elementor-size-default\">Studieng\u00e4nge<\/h4>\t\t\t\t<\/div>\n\t\t\t\t<\/div>\n\t\t\t\t<div class=\"elementor-element elementor-element-b8921f2 elementor-widget elementor-widget-text-editor\" data-id=\"b8921f2\" data-element_type=\"widget\" data-e-type=\"widget\" data-widget_type=\"text-editor.default\">\n\t\t\t\t<div class=\"elementor-widget-container\">\n\t\t\t\t\t\t\t\t\t<ul><li>Informatik (M.Sc.)<\/li><li>Media Informatics (M.Sc.)<\/li><li>Software Systems Engineering (M.Sc.)<\/li><li>\u00a0Data Science (M.Sc.)<\/li><li>Technical Communication (M. Sc.)<\/li><\/ul>\t\t\t\t\t\t\t\t<\/div>\n\t\t\t\t<\/div>\n\t\t\t\t\t<\/div>\n\t\t<\/div>\n\t\t\t\t\t<\/div>\n\t\t<\/section>\n\t\t\t\t\t<\/div>\n\t\t<\/div>\n\t\t\t\t\t<\/div>\n\t\t<\/section>\n\t\t\t\t<section class=\"elementor-section elementor-top-section elementor-element elementor-element-1fcc041 elementor-section-boxed elementor-section-height-default elementor-section-height-default\" data-id=\"1fcc041\" data-element_type=\"section\" data-e-type=\"section\">\n\t\t\t\t\t\t<div class=\"elementor-container elementor-column-gap-default\">\n\t\t\t\t\t<div class=\"elementor-column elementor-col-100 elementor-top-column elementor-element elementor-element-2c2b8ef\" data-id=\"2c2b8ef\" data-element_type=\"column\" data-e-type=\"column\">\n\t\t\t<div class=\"elementor-widget-wrap elementor-element-populated\">\n\t\t\t\t\t\t<div class=\"elementor-element elementor-element-ec2168a elementor-widget elementor-widget-heading\" data-id=\"ec2168a\" data-element_type=\"widget\" data-e-type=\"widget\" data-widget_type=\"heading.default\">\n\t\t\t\t<div class=\"elementor-widget-container\">\n\t\t\t\t\t<h2 class=\"elementor-heading-title elementor-size-default\">Benotung<\/h2>\t\t\t\t<\/div>\n\t\t\t\t<\/div>\n\t\t\t\t<div class=\"elementor-element elementor-element-683c0e6 elementor-widget__width-auto elementor-widget elementor-widget-text-editor\" data-id=\"683c0e6\" data-element_type=\"widget\" data-e-type=\"widget\" data-widget_type=\"text-editor.default\">\n\t\t\t\t<div class=\"elementor-widget-container\">\n\t\t\t\t\t\t\t\t\t<p>\u00dcbungen und Aufgaben werden nach der folgenden Skala benotet:<\/p><table border=\"0\"><tbody><tr><td>1.0<\/td><td>Eine au\u00dfergew\u00f6hnliche Arbeit, die deutlich \u00fcber das hinausging, was in den Aufgaben vorgegeben war<\/td><\/tr><tr><td>2.0<\/td><td>Die Aufgaben wurden gem\u00e4\u00df der Aufgabenstellung zufriedenstellend abgeschlossen<\/td><\/tr><tr><td>3.0<\/td><td>Aufgaben wurden abgeschlossen, haben aber einige Probleme<\/td><\/tr><tr><td>4.0<\/td><td>Unvollst\u00e4ndige Abgaben<\/td><\/tr><tr><td>5.0<\/td><td>Wenig oder gar keine Anstrengungen f\u00fcr die Aufgaben unternommen wurden<\/td><\/tr><\/tbody><\/table><p>\u00a0<\/p>\t\t\t\t\t\t\t\t<\/div>\n\t\t\t\t<\/div>\n\t\t\t\t\t<\/div>\n\t\t<\/div>\n\t\t\t\t\t<\/div>\n\t\t<\/section>\n\t\t\t\t<section class=\"elementor-section elementor-top-section elementor-element elementor-element-eb8d8f2 elementor-section-boxed elementor-section-height-default elementor-section-height-default\" data-id=\"eb8d8f2\" data-element_type=\"section\" data-e-type=\"section\">\n\t\t\t\t\t\t<div class=\"elementor-container elementor-column-gap-default\">\n\t\t\t\t\t<div class=\"elementor-column elementor-col-100 elementor-top-column elementor-element elementor-element-94c36a7\" data-id=\"94c36a7\" data-element_type=\"column\" data-e-type=\"column\">\n\t\t\t<div class=\"elementor-widget-wrap elementor-element-populated\">\n\t\t\t\t\t\t<div class=\"elementor-element elementor-element-f5238c2 elementor-widget elementor-widget-heading\" data-id=\"f5238c2\" data-element_type=\"widget\" data-e-type=\"widget\" data-widget_type=\"heading.default\">\n\t\t\t\t<div class=\"elementor-widget-container\">\n\t\t\t\t\t<h2 class=\"elementor-heading-title elementor-size-default\">Kursvergabe- und Anmeldeleitfaden<\/h2>\t\t\t\t<\/div>\n\t\t\t\t<\/div>\n\t\t\t\t<div class=\"elementor-element elementor-element-c38bea0 elementor-widget__width-auto elementor-widget elementor-widget-text-editor\" data-id=\"c38bea0\" data-element_type=\"widget\" data-e-type=\"widget\" data-widget_type=\"text-editor.default\">\n\t\t\t\t<div class=\"elementor-widget-container\">\n\t\t\t\t\t\t\t\t\t<p>Anzahl der SWS: P3 (Aachen)<br \/>ECTS Credits: 7<br \/>Sprache: Englisch\u00a0f\u00fcr alle Vorlesungen, Aufgaben, und Pr\u00fcfungen<\/p><p>Lie\u00df die\u00a0<a href=\"https:\/\/hci.rwth-aachen.de\/files\/mcp\/Declaration-of-Compliance.pdf\"><img decoding=\"async\" class=\"wf_file_icon\" src=\"https:\/\/hci.rwth-aachen.de\/media\/jce\/icons\/pdf.png\" alt=\"pdf\" \/><\/a><a href=\"https:\/\/hci.rwth-aachen.de\/files\/migrated\/files\/1282-Ethical-Guidelines-for-the_Authoring-of-Academic-Work.pdf\" rel=\"\">Ethical Guidelines for the Authoring of Academic Work<\/a>\u00a0(<a href=\"https:\/\/hci.rwth-aachen.de\/files\/mcp\/Declaration-of-Compliance.pdf\"><img decoding=\"async\" class=\"wf_file_icon\" src=\"https:\/\/hci.rwth-aachen.de\/media\/jce\/icons\/pdf.png\" alt=\"pdf\" \/><\/a><a href=\"https:\/\/hci.rwth-aachen.de\/files\/migrated\/files\/1284-Ethische_Richtlinien_fu-r_das_Verfassen_wissenschaftlicher_Arbeiten.pdf\" rel=\"\">Ethische Richtlinien f\u00fcr das Verfassen wissenschaftlicher Arbeiten<\/a>), unterschreibe die\u00a0<a href=\"https:\/\/hci.rwth-aachen.de\/files\/mcp\/Declaration-of-Compliance.pdf\"><img decoding=\"async\" class=\"wf_file_icon\" src=\"https:\/\/hci.rwth-aachen.de\/media\/jce\/icons\/pdf.png\" alt=\"pdf\" \/><span class=\"wf_file_text\">Declaration of Compliance<\/span><\/a>\u00a0und reiche sie vor dem ersten Termin ein.<\/p>\t\t\t\t\t\t\t\t<\/div>\n\t\t\t\t<\/div>\n\t\t\t\t\t<\/div>\n\t\t<\/div>\n\t\t\t\t\t<\/div>\n\t\t<\/section>\n\t\t\t\t<section class=\"elementor-section elementor-top-section elementor-element elementor-element-36412f4 elementor-section-boxed elementor-section-height-default elementor-section-height-default\" data-id=\"36412f4\" data-element_type=\"section\" data-e-type=\"section\">\n\t\t\t\t\t\t<div class=\"elementor-container elementor-column-gap-default\">\n\t\t\t\t\t<div class=\"elementor-column elementor-col-100 elementor-top-column elementor-element elementor-element-9762dbe\" data-id=\"9762dbe\" data-element_type=\"column\" data-e-type=\"column\">\n\t\t\t<div class=\"elementor-widget-wrap elementor-element-populated\">\n\t\t\t\t\t\t<div class=\"elementor-element elementor-element-2682b30 elementor-widget elementor-widget-heading\" data-id=\"2682b30\" data-element_type=\"widget\" data-e-type=\"widget\" data-widget_type=\"heading.default\">\n\t\t\t\t<div class=\"elementor-widget-container\">\n\t\t\t\t\t<h2 class=\"elementor-heading-title elementor-size-default\">Fr\u00fchere Veranstaltungen<\/h2>\t\t\t\t<\/div>\n\t\t\t\t<\/div>\n\t\t\t\t<div class=\"elementor-element elementor-element-3169190 elementor-widget__width-auto elementor-widget elementor-widget-text-editor\" data-id=\"3169190\" data-element_type=\"widget\" data-e-type=\"widget\" data-widget_type=\"text-editor.default\">\n\t\t\t\t<div class=\"elementor-widget-container\">\n\t\t\t\t\t\t\t\t\t<ul><li><a href=\"https:\/\/sc.informatik.rwth-aachen.de\/gaminglab-21-22\/\">Gaming Lab Winter 21\/22<\/a><\/li><\/ul>\t\t\t\t\t\t\t\t<\/div>\n\t\t\t\t<\/div>\n\t\t\t\t\t<\/div>\n\t\t<\/div>\n\t\t\t\t\t<\/div>\n\t\t<\/section>\n\t\t\t\t<\/div>\n\t\t","protected":false},"excerpt":{"rendered":"<p>Dieser Kurs wird nur auf Englisch abgehalten. Gaming Lab (Sommer 2022) Das Interactive Game Developing Lab ist ein Praktikum, in dem du ein interaktives Spiel entwickelst, das \u00fcber ein typisches Handy- oder Desktopspiel hinausgeht. In diesem Praktikum wirst du andere Eingabemethoden wie Blickeerkennung, K\u00f6rperhaltung oder Ger\u00e4tebewegungen erforschen. Wir schauen uns auch wichtige andere Spiel-Entwicklungsaspekte, wie [&hellip;]<\/p>\n","protected":false},"author":5,"featured_media":0,"parent":5024,"menu_order":0,"comment_status":"closed","ping_status":"closed","template":"","meta":{"inline_featured_image":false,"footnotes":""},"class_list":["post-6549","page","type-page","status-publish","hentry"],"_links":{"self":[{"href":"https:\/\/sc.informatik.rwth-aachen.de\/de\/wp-json\/wp\/v2\/pages\/6549","targetHints":{"allow":["GET"]}}],"collection":[{"href":"https:\/\/sc.informatik.rwth-aachen.de\/de\/wp-json\/wp\/v2\/pages"}],"about":[{"href":"https:\/\/sc.informatik.rwth-aachen.de\/de\/wp-json\/wp\/v2\/types\/page"}],"author":[{"embeddable":true,"href":"https:\/\/sc.informatik.rwth-aachen.de\/de\/wp-json\/wp\/v2\/users\/5"}],"replies":[{"embeddable":true,"href":"https:\/\/sc.informatik.rwth-aachen.de\/de\/wp-json\/wp\/v2\/comments?post=6549"}],"version-history":[{"count":45,"href":"https:\/\/sc.informatik.rwth-aachen.de\/de\/wp-json\/wp\/v2\/pages\/6549\/revisions"}],"predecessor-version":[{"id":14042,"href":"https:\/\/sc.informatik.rwth-aachen.de\/de\/wp-json\/wp\/v2\/pages\/6549\/revisions\/14042"}],"up":[{"embeddable":true,"href":"https:\/\/sc.informatik.rwth-aachen.de\/de\/wp-json\/wp\/v2\/pages\/5024"}],"wp:attachment":[{"href":"https:\/\/sc.informatik.rwth-aachen.de\/de\/wp-json\/wp\/v2\/media?parent=6549"}],"curies":[{"name":"wp","href":"https:\/\/api.w.org\/{rel}","templated":true}]}}