{"id":3753,"date":"2021-11-23T10:36:59","date_gmt":"2021-11-23T09:36:59","guid":{"rendered":"https:\/\/sc.informatik.rwth-aachen.de\/?page_id=3753"},"modified":"2023-09-06T14:30:53","modified_gmt":"2023-09-06T12:30:53","slug":"tdi","status":"publish","type":"page","link":"https:\/\/sc.informatik.rwth-aachen.de\/de\/tdi\/","title":{"rendered":"Tag der Informatik"},"content":{"rendered":"\t\t<div data-elementor-type=\"wp-page\" data-elementor-id=\"3753\" class=\"elementor elementor-3753\" data-elementor-post-type=\"page\">\n\t\t\t\t\t\t<section class=\"elementor-section elementor-top-section elementor-element elementor-element-8a5933c elementor-section-boxed elementor-section-height-default elementor-section-height-default\" data-id=\"8a5933c\" data-element_type=\"section\" data-e-type=\"section\">\n\t\t\t\t\t\t<div class=\"elementor-container elementor-column-gap-default\">\n\t\t\t\t\t<div class=\"elementor-column elementor-col-100 elementor-top-column elementor-element elementor-element-8ea4bc4\" data-id=\"8ea4bc4\" data-element_type=\"column\" data-e-type=\"column\">\n\t\t\t<div class=\"elementor-widget-wrap elementor-element-populated\">\n\t\t\t\t\t\t<div class=\"elementor-element elementor-element-67ff76c elementor-widget elementor-widget-heading\" data-id=\"67ff76c\" data-element_type=\"widget\" data-e-type=\"widget\" data-widget_type=\"heading.default\">\n\t\t\t\t<div class=\"elementor-widget-container\">\n\t\t\t\t\t<h1 class=\"elementor-heading-title elementor-size-default\">Tag der Informatik 2021<\/h1>\t\t\t\t<\/div>\n\t\t\t\t<\/div>\n\t\t\t\t<section class=\"elementor-section elementor-inner-section elementor-element elementor-element-7f40d40 elementor-section-boxed elementor-section-height-default elementor-section-height-default\" data-id=\"7f40d40\" data-element_type=\"section\" data-e-type=\"section\">\n\t\t\t\t\t\t<div class=\"elementor-container elementor-column-gap-default\">\n\t\t\t\t\t<div class=\"elementor-column elementor-col-100 elementor-inner-column elementor-element elementor-element-77f3343\" data-id=\"77f3343\" data-element_type=\"column\" data-e-type=\"column\">\n\t\t\t<div class=\"elementor-widget-wrap elementor-element-populated\">\n\t\t\t\t\t\t<div class=\"elementor-element elementor-element-04948ef elementor-widget elementor-widget-text-editor\" data-id=\"04948ef\" data-element_type=\"widget\" data-e-type=\"widget\" data-widget_type=\"text-editor.default\">\n\t\t\t\t<div class=\"elementor-widget-container\">\n\t\t\t\t\t\t\t\t\t<p><b>Freitag, 03.12.2021 &#8211; 12-17 Uhr<\/b><\/p>\n<p><b style=\"font-size: 1rem\">Zum&nbsp;<\/b><a href=\"https:\/\/informatikfeste2021.expo-ip.com\/\" target=\"_blank\"><b>Event<\/b><\/a><b style=\"font-size: 1rem\">&nbsp;<\/b><br><\/p>\n<p><b>Zur&nbsp;<\/b><a href=\"https:\/\/informatikfeste2021.expo-ip.com\/anmelden\" target=\"_blank\"><b>Registrierung<\/b><\/a>&nbsp;<br><\/p>\n<p>Der Tag der Informatik verbleibt 2021 in der virtuellen Welt und bietet im Rahmen einer Firmenkontaktmesse die M\u00f6glichkeit, mit bekannten Unternehmen in Kontakt zu treten. Es wird Informationsst\u00e4nde geben, an denen Sie sich direkt mit den Besch\u00e4ftigten in Verbindung setzen und mehr \u00fcber deren Angebote erfahren k\u00f6nnen. Dar\u00fcber hinaus gibt es Kurzvortr\u00e4ge der Unternehmen sowie der Informatiklehrst\u00fchle, die sich auf unterhaltsame Weise vorstellen werden.<\/p>\t\t\t\t\t\t\t\t<\/div>\n\t\t\t\t<\/div>\n\t\t\t\t<div class=\"elementor-element elementor-element-e4eb3fd elementor-widget elementor-widget-image\" data-id=\"e4eb3fd\" data-element_type=\"widget\" data-e-type=\"widget\" data-widget_type=\"image.default\">\n\t\t\t\t<div class=\"elementor-widget-container\">\n\t\t\t\t\t\t\t\t\t\t\t\t\t\t\t<img fetchpriority=\"high\" decoding=\"async\" width=\"800\" height=\"303\" src=\"https:\/\/sc.informatik.rwth-aachen.de\/wp-content\/uploads\/2021\/12\/TDI21_Eingang_01.12.21-1024x388.jpg\" class=\"attachment-large size-large wp-image-3921\" alt=\"\" srcset=\"https:\/\/sc.informatik.rwth-aachen.de\/wp-content\/uploads\/2021\/12\/TDI21_Eingang_01.12.21-1024x388.jpg 1024w, https:\/\/sc.informatik.rwth-aachen.de\/wp-content\/uploads\/2021\/12\/TDI21_Eingang_01.12.21-300x114.jpg 300w, https:\/\/sc.informatik.rwth-aachen.de\/wp-content\/uploads\/2021\/12\/TDI21_Eingang_01.12.21-768x291.jpg 768w, https:\/\/sc.informatik.rwth-aachen.de\/wp-content\/uploads\/2021\/12\/TDI21_Eingang_01.12.21-1536x582.jpg 1536w, https:\/\/sc.informatik.rwth-aachen.de\/wp-content\/uploads\/2021\/12\/TDI21_Eingang_01.12.21-2048x776.jpg 2048w, https:\/\/sc.informatik.rwth-aachen.de\/wp-content\/uploads\/2021\/12\/TDI21_Eingang_01.12.21-18x7.jpg 18w\" sizes=\"(max-width: 800px) 100vw, 800px\" \/>\t\t\t\t\t\t\t\t\t\t\t\t\t\t\t<\/div>\n\t\t\t\t<\/div>\n\t\t\t\t<div class=\"elementor-element elementor-element-84472b9 elementor-widget elementor-widget-text-editor\" data-id=\"84472b9\" data-element_type=\"widget\" data-e-type=\"widget\" data-widget_type=\"text-editor.default\">\n\t\t\t\t<div class=\"elementor-widget-container\">\n\t\t\t\t\t\t\t\t\t<p>\n<table id=\"tablepress-4\" class=\"tablepress tablepress-id-4\">\n<thead>\n<tr class=\"row-1\">\n\t<th class=\"column-1\">Virtueller Ort<\/th><th class=\"column-2\">Programmpunkt<\/th>\n<\/tr>\n<\/thead>\n<tbody class=\"row-striping row-hover\">\n<tr class=\"row-2\">\n\t<td class=\"column-1\">Messehalle<\/td><td class=\"column-2\">Firmenkontaktmesse<\/td>\n<\/tr>\n<tr class=\"row-3\">\n\t<td class=\"column-1\">B\u00fchne<\/td><td class=\"column-2\">3MM (&#8220;three-minute madness&#8221;) der Unternehmen<br \/>\n<br \/>\n2MM (&#8220;two-minute madness&#8221;) von Promovierenden der Lehrst\u00fchle<\/td>\n<\/tr>\n<tr class=\"row-4\">\n\t<td class=\"column-1\">Foyer<\/td><td class=\"column-2\">Vorstellung der Lehrst\u00fchle<br \/>\n<br \/>\nGewinnspiel<br \/>\n<br \/>\nEhrung ausgezeichneter Abschlussarbeiten<br \/>\n<br \/>\nGl\u00fcckw\u00fcnsche und Geschenke f\u00fcr die Absolventen<\/td>\n<\/tr>\n<tr class=\"row-5\">\n\t<td class=\"column-1\">Caf\u00e9<\/td><td class=\"column-2\">Networking<\/td>\n<\/tr>\n<\/tbody>\n<\/table>\n<!-- #tablepress-4 from cache --><\/p>\t\t\t\t\t\t\t\t<\/div>\n\t\t\t\t<\/div>\n\t\t\t\t\t<\/div>\n\t\t<\/div>\n\t\t\t\t\t<\/div>\n\t\t<\/section>\n\t\t\t\t\t<\/div>\n\t\t<\/div>\n\t\t\t\t\t<\/div>\n\t\t<\/section>\n\t\t\t\t<section class=\"elementor-section elementor-top-section elementor-element elementor-element-0ab7610 elementor-section-boxed elementor-section-height-default elementor-section-height-default\" data-id=\"0ab7610\" data-element_type=\"section\" data-e-type=\"section\">\n\t\t\t\t\t\t<div class=\"elementor-container elementor-column-gap-default\">\n\t\t\t\t\t<div class=\"elementor-column elementor-col-100 elementor-top-column elementor-element elementor-element-1a10d30 elementor-hidden-desktop elementor-hidden-tablet elementor-hidden-mobile\" data-id=\"1a10d30\" data-element_type=\"column\" data-e-type=\"column\">\n\t\t\t<div class=\"elementor-widget-wrap elementor-element-populated\">\n\t\t\t\t\t\t<div class=\"elementor-element elementor-element-2254b0a elementor-widget__width-auto elementor-invisible elementor-widget elementor-widget-image\" data-id=\"2254b0a\" data-element_type=\"widget\" data-e-type=\"widget\" data-settings=\"{&quot;_animation&quot;:&quot;fadeIn&quot;}\" data-widget_type=\"image.default\">\n\t\t\t\t<div class=\"elementor-widget-container\">\n\t\t\t\t\t\t\t\t\t\t\t\t\t\t\t\t<a href=\"https:\/\/www.andrena.de\/\" target=\"_blank\">\n\t\t\t\t\t\t\t<img decoding=\"async\" width=\"300\" height=\"144\" src=\"https:\/\/sc.informatik.rwth-aachen.de\/wp-content\/uploads\/2021\/11\/andrena-logo-exp-RGB-300x144.png\" class=\"attachment-medium size-medium wp-image-3799\" alt=\"\" srcset=\"https:\/\/sc.informatik.rwth-aachen.de\/wp-content\/uploads\/2021\/11\/andrena-logo-exp-RGB-300x144.png 300w, https:\/\/sc.informatik.rwth-aachen.de\/wp-content\/uploads\/2021\/11\/andrena-logo-exp-RGB-1024x491.png 1024w, https:\/\/sc.informatik.rwth-aachen.de\/wp-content\/uploads\/2021\/11\/andrena-logo-exp-RGB-768x368.png 768w, https:\/\/sc.informatik.rwth-aachen.de\/wp-content\/uploads\/2021\/11\/andrena-logo-exp-RGB-18x9.png 18w, https:\/\/sc.informatik.rwth-aachen.de\/wp-content\/uploads\/2021\/11\/andrena-logo-exp-RGB.png 1231w\" sizes=\"(max-width: 300px) 100vw, 300px\" \/>\t\t\t\t\t\t\t\t<\/a>\n\t\t\t\t\t\t\t\t\t\t\t\t\t\t\t<\/div>\n\t\t\t\t<\/div>\n\t\t\t\t<div class=\"elementor-element elementor-element-d214de7 elementor-widget__width-auto elementor-invisible elementor-widget elementor-widget-image\" data-id=\"d214de7\" data-element_type=\"widget\" data-e-type=\"widget\" data-settings=\"{&quot;_animation&quot;:&quot;fadeIn&quot;}\" data-widget_type=\"image.default\">\n\t\t\t\t<div class=\"elementor-widget-container\">\n\t\t\t\t\t\t\t\t\t\t\t\t\t\t\t\t<a href=\"https:\/\/www.dsa.de\/de\/\" target=\"_blank\">\n\t\t\t\t\t\t\t<img decoding=\"async\" width=\"300\" height=\"161\" src=\"https:\/\/sc.informatik.rwth-aachen.de\/wp-content\/uploads\/2021\/11\/DSA-Logo_2018_002_colour_solo-300x161.png\" class=\"attachment-medium size-medium wp-image-3805\" alt=\"\" srcset=\"https:\/\/sc.informatik.rwth-aachen.de\/wp-content\/uploads\/2021\/11\/DSA-Logo_2018_002_colour_solo-300x161.png 300w, https:\/\/sc.informatik.rwth-aachen.de\/wp-content\/uploads\/2021\/11\/DSA-Logo_2018_002_colour_solo-18x10.png 18w, https:\/\/sc.informatik.rwth-aachen.de\/wp-content\/uploads\/2021\/11\/DSA-Logo_2018_002_colour_solo.png 556w\" sizes=\"(max-width: 300px) 100vw, 300px\" \/>\t\t\t\t\t\t\t\t<\/a>\n\t\t\t\t\t\t\t\t\t\t\t\t\t\t\t<\/div>\n\t\t\t\t<\/div>\n\t\t\t\t<div class=\"elementor-element elementor-element-7910ddc elementor-widget__width-auto elementor-invisible elementor-widget elementor-widget-image\" data-id=\"7910ddc\" data-element_type=\"widget\" data-e-type=\"widget\" data-settings=\"{&quot;_animation&quot;:&quot;fadeIn&quot;}\" data-widget_type=\"image.default\">\n\t\t\t\t<div class=\"elementor-widget-container\">\n\t\t\t\t\t\t\t\t\t\t\t\t\t\t\t\t<a href=\"https:\/\/itestra.com\/\" target=\"_blank\">\n\t\t\t\t\t\t\t<img loading=\"lazy\" decoding=\"async\" width=\"300\" height=\"113\" src=\"https:\/\/sc.informatik.rwth-aachen.de\/wp-content\/uploads\/2021\/11\/itestra_Logo_4c-300x113.jpg\" class=\"attachment-medium size-medium wp-image-3812\" alt=\"\" srcset=\"https:\/\/sc.informatik.rwth-aachen.de\/wp-content\/uploads\/2021\/11\/itestra_Logo_4c-300x113.jpg 300w, https:\/\/sc.informatik.rwth-aachen.de\/wp-content\/uploads\/2021\/11\/itestra_Logo_4c-1024x387.jpg 1024w, https:\/\/sc.informatik.rwth-aachen.de\/wp-content\/uploads\/2021\/11\/itestra_Logo_4c-768x290.jpg 768w, https:\/\/sc.informatik.rwth-aachen.de\/wp-content\/uploads\/2021\/11\/itestra_Logo_4c-1536x580.jpg 1536w, https:\/\/sc.informatik.rwth-aachen.de\/wp-content\/uploads\/2021\/11\/itestra_Logo_4c-18x7.jpg 18w, https:\/\/sc.informatik.rwth-aachen.de\/wp-content\/uploads\/2021\/11\/itestra_Logo_4c.jpg 1920w\" sizes=\"(max-width: 300px) 100vw, 300px\" \/>\t\t\t\t\t\t\t\t<\/a>\n\t\t\t\t\t\t\t\t\t\t\t\t\t\t\t<\/div>\n\t\t\t\t<\/div>\n\t\t\t\t<div class=\"elementor-element elementor-element-645d1a3 elementor-widget__width-auto elementor-invisible elementor-widget elementor-widget-image\" data-id=\"645d1a3\" data-element_type=\"widget\" data-e-type=\"widget\" data-settings=\"{&quot;_animation&quot;:&quot;fadeIn&quot;}\" data-widget_type=\"image.default\">\n\t\t\t\t<div class=\"elementor-widget-container\">\n\t\t\t\t\t\t\t\t\t\t\t\t\t\t\t\t<a href=\"https:\/\/www.capgemini.com\/de-de\/\" target=\"_blank\">\n\t\t\t\t\t\t\t<img loading=\"lazy\" decoding=\"async\" width=\"300\" height=\"66\" src=\"https:\/\/sc.informatik.rwth-aachen.de\/wp-content\/uploads\/2021\/11\/Capgemini_Logo_2017_CMYK-300x66.jpg\" class=\"attachment-medium size-medium wp-image-3804\" alt=\"\" srcset=\"https:\/\/sc.informatik.rwth-aachen.de\/wp-content\/uploads\/2021\/11\/Capgemini_Logo_2017_CMYK-300x66.jpg 300w, https:\/\/sc.informatik.rwth-aachen.de\/wp-content\/uploads\/2021\/11\/Capgemini_Logo_2017_CMYK-18x4.jpg 18w, https:\/\/sc.informatik.rwth-aachen.de\/wp-content\/uploads\/2021\/11\/Capgemini_Logo_2017_CMYK.jpg 400w\" sizes=\"(max-width: 300px) 100vw, 300px\" \/>\t\t\t\t\t\t\t\t<\/a>\n\t\t\t\t\t\t\t\t\t\t\t\t\t\t\t<\/div>\n\t\t\t\t<\/div>\n\t\t\t\t<div class=\"elementor-element elementor-element-76d6d45 elementor-widget__width-auto elementor-invisible elementor-widget elementor-widget-image\" data-id=\"76d6d45\" data-element_type=\"widget\" data-e-type=\"widget\" data-settings=\"{&quot;_animation&quot;:&quot;fadeIn&quot;}\" data-widget_type=\"image.default\">\n\t\t\t\t<div class=\"elementor-widget-container\">\n\t\t\t\t\t\t\t\t\t\t\t\t\t\t\t\t<a href=\"https:\/\/www.inform-software.de\/\" target=\"_blank\">\n\t\t\t\t\t\t\t<img loading=\"lazy\" decoding=\"async\" width=\"300\" height=\"107\" src=\"https:\/\/sc.informatik.rwth-aachen.de\/wp-content\/uploads\/2021\/11\/INFORM_RGB_Hintergrund-weiss-300x107.png\" class=\"attachment-medium size-medium wp-image-3810\" alt=\"\" srcset=\"https:\/\/sc.informatik.rwth-aachen.de\/wp-content\/uploads\/2021\/11\/INFORM_RGB_Hintergrund-weiss-300x107.png 300w, https:\/\/sc.informatik.rwth-aachen.de\/wp-content\/uploads\/2021\/11\/INFORM_RGB_Hintergrund-weiss-1024x366.png 1024w, https:\/\/sc.informatik.rwth-aachen.de\/wp-content\/uploads\/2021\/11\/INFORM_RGB_Hintergrund-weiss-768x274.png 768w, https:\/\/sc.informatik.rwth-aachen.de\/wp-content\/uploads\/2021\/11\/INFORM_RGB_Hintergrund-weiss-1536x549.png 1536w, https:\/\/sc.informatik.rwth-aachen.de\/wp-content\/uploads\/2021\/11\/INFORM_RGB_Hintergrund-weiss-18x6.png 18w, https:\/\/sc.informatik.rwth-aachen.de\/wp-content\/uploads\/2021\/11\/INFORM_RGB_Hintergrund-weiss.png 1680w\" sizes=\"(max-width: 300px) 100vw, 300px\" \/>\t\t\t\t\t\t\t\t<\/a>\n\t\t\t\t\t\t\t\t\t\t\t\t\t\t\t<\/div>\n\t\t\t\t<\/div>\n\t\t\t\t<div class=\"elementor-element elementor-element-ce40b1a elementor-widget__width-auto elementor-invisible elementor-widget elementor-widget-image\" data-id=\"ce40b1a\" data-element_type=\"widget\" data-e-type=\"widget\" data-settings=\"{&quot;_animation&quot;:&quot;fadeIn&quot;}\" data-widget_type=\"image.default\">\n\t\t\t\t<div class=\"elementor-widget-container\">\n\t\t\t\t\t\t\t\t\t\t\t\t\t\t\t\t<a href=\"https:\/\/amadeus.com\/de\" target=\"_blank\">\n\t\t\t\t\t\t\t<img loading=\"lazy\" decoding=\"async\" width=\"300\" height=\"40\" src=\"https:\/\/sc.informatik.rwth-aachen.de\/wp-content\/uploads\/2021\/11\/Logo-Positive-RGB-300x40.png\" class=\"attachment-medium size-medium wp-image-3820\" alt=\"\" srcset=\"https:\/\/sc.informatik.rwth-aachen.de\/wp-content\/uploads\/2021\/11\/Logo-Positive-RGB-300x40.png 300w, https:\/\/sc.informatik.rwth-aachen.de\/wp-content\/uploads\/2021\/11\/Logo-Positive-RGB-1024x137.png 1024w, https:\/\/sc.informatik.rwth-aachen.de\/wp-content\/uploads\/2021\/11\/Logo-Positive-RGB-768x103.png 768w, https:\/\/sc.informatik.rwth-aachen.de\/wp-content\/uploads\/2021\/11\/Logo-Positive-RGB-18x2.png 18w, https:\/\/sc.informatik.rwth-aachen.de\/wp-content\/uploads\/2021\/11\/Logo-Positive-RGB.png 1062w\" sizes=\"(max-width: 300px) 100vw, 300px\" \/>\t\t\t\t\t\t\t\t<\/a>\n\t\t\t\t\t\t\t\t\t\t\t\t\t\t\t<\/div>\n\t\t\t\t<\/div>\n\t\t\t\t<div class=\"elementor-element elementor-element-5701988 elementor-widget__width-auto elementor-invisible elementor-widget elementor-widget-image\" data-id=\"5701988\" data-element_type=\"widget\" data-e-type=\"widget\" data-settings=\"{&quot;_animation&quot;:&quot;fadeIn&quot;}\" data-widget_type=\"image.default\">\n\t\t\t\t<div class=\"elementor-widget-container\">\n\t\t\t\t\t\t\t\t\t\t\t\t\t\t\t\t<a href=\"https:\/\/www.bayer.com\/de\/\" target=\"_blank\">\n\t\t\t\t\t\t\t<img loading=\"lazy\" decoding=\"async\" width=\"289\" height=\"289\" src=\"https:\/\/sc.informatik.rwth-aachen.de\/wp-content\/uploads\/2021\/12\/corp-logo_bg_bayer-cross_basic_72dpi_on-screen_rgb.png\" class=\"attachment-medium size-medium wp-image-3892\" alt=\"\" srcset=\"https:\/\/sc.informatik.rwth-aachen.de\/wp-content\/uploads\/2021\/12\/corp-logo_bg_bayer-cross_basic_72dpi_on-screen_rgb.png 289w, https:\/\/sc.informatik.rwth-aachen.de\/wp-content\/uploads\/2021\/12\/corp-logo_bg_bayer-cross_basic_72dpi_on-screen_rgb-150x150.png 150w, https:\/\/sc.informatik.rwth-aachen.de\/wp-content\/uploads\/2021\/12\/corp-logo_bg_bayer-cross_basic_72dpi_on-screen_rgb-12x12.png 12w\" sizes=\"(max-width: 289px) 100vw, 289px\" \/>\t\t\t\t\t\t\t\t<\/a>\n\t\t\t\t\t\t\t\t\t\t\t\t\t\t\t<\/div>\n\t\t\t\t<\/div>\n\t\t\t\t<div class=\"elementor-element elementor-element-94b0813 elementor-widget__width-auto elementor-invisible elementor-widget elementor-widget-image\" data-id=\"94b0813\" data-element_type=\"widget\" data-e-type=\"widget\" data-settings=\"{&quot;_animation&quot;:&quot;fadeIn&quot;}\" data-widget_type=\"image.default\">\n\t\t\t\t<div class=\"elementor-widget-container\">\n\t\t\t\t\t\t\t\t\t\t\t\t\t\t\t\t<a href=\"https:\/\/www.ivu.de\/\" target=\"_blank\">\n\t\t\t\t\t\t\t<img loading=\"lazy\" decoding=\"async\" width=\"300\" height=\"111\" src=\"https:\/\/sc.informatik.rwth-aachen.de\/wp-content\/uploads\/2021\/11\/IVU_Logo_2017-300x111.jpg\" class=\"attachment-medium size-medium wp-image-3811\" alt=\"\" srcset=\"https:\/\/sc.informatik.rwth-aachen.de\/wp-content\/uploads\/2021\/11\/IVU_Logo_2017-300x111.jpg 300w, https:\/\/sc.informatik.rwth-aachen.de\/wp-content\/uploads\/2021\/11\/IVU_Logo_2017-18x7.jpg 18w, https:\/\/sc.informatik.rwth-aachen.de\/wp-content\/uploads\/2021\/11\/IVU_Logo_2017.jpg 472w\" sizes=\"(max-width: 300px) 100vw, 300px\" \/>\t\t\t\t\t\t\t\t<\/a>\n\t\t\t\t\t\t\t\t\t\t\t\t\t\t\t<\/div>\n\t\t\t\t<\/div>\n\t\t\t\t<div class=\"elementor-element elementor-element-3e8b189 elementor-widget__width-auto elementor-invisible elementor-widget elementor-widget-image\" data-id=\"3e8b189\" data-element_type=\"widget\" data-e-type=\"widget\" data-settings=\"{&quot;_animation&quot;:&quot;fadeIn&quot;}\" data-widget_type=\"image.default\">\n\t\t\t\t<div class=\"elementor-widget-container\">\n\t\t\t\t\t\t\t\t\t\t\t\t\t\t\t\t<a href=\"https:\/\/www.fz-juelich.de\/portal\/DE\/Home\/home_node.html\" target=\"_blank\">\n\t\t\t\t\t\t\t<img loading=\"lazy\" decoding=\"async\" width=\"300\" height=\"86\" src=\"https:\/\/sc.informatik.rwth-aachen.de\/wp-content\/uploads\/2021\/11\/Logo_FZ_Juelich_RGB-300x86.jpg\" class=\"attachment-medium size-medium wp-image-3806\" alt=\"\" srcset=\"https:\/\/sc.informatik.rwth-aachen.de\/wp-content\/uploads\/2021\/11\/Logo_FZ_Juelich_RGB-300x86.jpg 300w, https:\/\/sc.informatik.rwth-aachen.de\/wp-content\/uploads\/2021\/11\/Logo_FZ_Juelich_RGB-768x221.jpg 768w, https:\/\/sc.informatik.rwth-aachen.de\/wp-content\/uploads\/2021\/11\/Logo_FZ_Juelich_RGB-18x5.jpg 18w, https:\/\/sc.informatik.rwth-aachen.de\/wp-content\/uploads\/2021\/11\/Logo_FZ_Juelich_RGB.jpg 850w\" sizes=\"(max-width: 300px) 100vw, 300px\" \/>\t\t\t\t\t\t\t\t<\/a>\n\t\t\t\t\t\t\t\t\t\t\t\t\t\t\t<\/div>\n\t\t\t\t<\/div>\n\t\t\t\t<div class=\"elementor-element elementor-element-de9ee0d elementor-widget elementor-widget-image\" data-id=\"de9ee0d\" data-element_type=\"widget\" data-e-type=\"widget\" data-widget_type=\"image.default\">\n\t\t\t\t<div class=\"elementor-widget-container\">\n\t\t\t\t\t\t\t\t\t\t\t\t\t\t\t\t<a href=\"https:\/\/www.celonis.com\/de\" target=\"_blank\">\n\t\t\t\t\t\t\t<img loading=\"lazy\" decoding=\"async\" width=\"300\" height=\"150\" src=\"https:\/\/sc.informatik.rwth-aachen.de\/wp-content\/uploads\/2021\/12\/PrimaryLogo-RGB-mono-black-300x150.jpg\" class=\"attachment-medium size-medium wp-image-3899\" alt=\"\" srcset=\"https:\/\/sc.informatik.rwth-aachen.de\/wp-content\/uploads\/2021\/12\/PrimaryLogo-RGB-mono-black-300x150.jpg 300w, https:\/\/sc.informatik.rwth-aachen.de\/wp-content\/uploads\/2021\/12\/PrimaryLogo-RGB-mono-black-1024x512.jpg 1024w, https:\/\/sc.informatik.rwth-aachen.de\/wp-content\/uploads\/2021\/12\/PrimaryLogo-RGB-mono-black-768x384.jpg 768w, https:\/\/sc.informatik.rwth-aachen.de\/wp-content\/uploads\/2021\/12\/PrimaryLogo-RGB-mono-black-1536x768.jpg 1536w, https:\/\/sc.informatik.rwth-aachen.de\/wp-content\/uploads\/2021\/12\/PrimaryLogo-RGB-mono-black-2048x1024.jpg 2048w, https:\/\/sc.informatik.rwth-aachen.de\/wp-content\/uploads\/2021\/12\/PrimaryLogo-RGB-mono-black-18x9.jpg 18w\" sizes=\"(max-width: 300px) 100vw, 300px\" \/>\t\t\t\t\t\t\t\t<\/a>\n\t\t\t\t\t\t\t\t\t\t\t\t\t\t\t<\/div>\n\t\t\t\t<\/div>\n\t\t\t\t\t<\/div>\n\t\t<\/div>\n\t\t\t\t\t<\/div>\n\t\t<\/section>\n\t\t\t\t<\/div>\n\t\t","protected":false},"excerpt":{"rendered":"<p>Tag der Informatik 2021 Freitag, 03.12.2021 &#8211; 12-17 Uhr Zum&nbsp;Event&nbsp; Zur&nbsp;Registrierung&nbsp; Der Tag der Informatik verbleibt 2021 in der virtuellen Welt und bietet im Rahmen einer Firmenkontaktmesse die M\u00f6glichkeit, mit bekannten Unternehmen in Kontakt zu treten. Es wird Informationsst\u00e4nde geben, an denen Sie sich direkt mit den Besch\u00e4ftigten in Verbindung setzen und mehr \u00fcber deren [&hellip;]<\/p>\n","protected":false},"author":5,"featured_media":0,"parent":0,"menu_order":0,"comment_status":"closed","ping_status":"closed","template":"","meta":{"inline_featured_image":false,"footnotes":""},"class_list":["post-3753","page","type-page","status-publish","hentry"],"_links":{"self":[{"href":"https:\/\/sc.informatik.rwth-aachen.de\/de\/wp-json\/wp\/v2\/pages\/3753","targetHints":{"allow":["GET"]}}],"collection":[{"href":"https:\/\/sc.informatik.rwth-aachen.de\/de\/wp-json\/wp\/v2\/pages"}],"about":[{"href":"https:\/\/sc.informatik.rwth-aachen.de\/de\/wp-json\/wp\/v2\/types\/page"}],"author":[{"embeddable":true,"href":"https:\/\/sc.informatik.rwth-aachen.de\/de\/wp-json\/wp\/v2\/users\/5"}],"replies":[{"embeddable":true,"href":"https:\/\/sc.informatik.rwth-aachen.de\/de\/wp-json\/wp\/v2\/comments?post=3753"}],"version-history":[{"count":124,"href":"https:\/\/sc.informatik.rwth-aachen.de\/de\/wp-json\/wp\/v2\/pages\/3753\/revisions"}],"predecessor-version":[{"id":16118,"href":"https:\/\/sc.informatik.rwth-aachen.de\/de\/wp-json\/wp\/v2\/pages\/3753\/revisions\/16118"}],"wp:attachment":[{"href":"https:\/\/sc.informatik.rwth-aachen.de\/de\/wp-json\/wp\/v2\/media?parent=3753"}],"curies":[{"name":"wp","href":"https:\/\/api.w.org\/{rel}","templated":true}]}}