{"id":3746,"date":"2021-11-19T00:54:06","date_gmt":"2021-11-18T23:54:06","guid":{"rendered":"https:\/\/sc.informatik.rwth-aachen.de\/?page_id=3746"},"modified":"2022-01-19T17:02:43","modified_gmt":"2022-01-19T16:02:43","slug":"lernraeume-im-informatikzentrum","status":"publish","type":"page","link":"https:\/\/sc.informatik.rwth-aachen.de\/de\/lernraeume-im-informatikzentrum\/","title":{"rendered":"Lernr\u00e4ume im Informatikzentrum"},"content":{"rendered":"\n<p>Ab sofort stehen im Informatikzentrum Lernr\u00e4ume zur Verf\u00fcgung. Die \u00d6ffnungszeiten k\u00f6nnen w\u00f6chentlich wechseln und werden immer im Voraus hier ver\u00f6ffentlicht.<\/p>\n\n\n\n<h2 class=\"wp-block-heading\">\u00d6ffnungszeiten 10. &#8211; 14. Januar<\/h2>\n\n\n\n<h3 class=\"wp-block-heading\">R\u00e4ume 4U17, 4U15 \u2014 Anmeldung in 4U18<\/h3>\n\n\n\n<ul class=\"wp-block-list\"><li>Mo &#8211; Fr 9 &#8211; 17 Uhr<\/li><\/ul>\n\n\n\n<h3 class=\"wp-block-heading\">R\u00e4ume 6U07, 6U09 \u2014 Anmeldung in 6U11<\/h3>\n\n\n\n<ul class=\"wp-block-list\"><li>Mo &#8211; Mi 9 &#8211; 17 Uhr<\/li><li>Do 13 &#8211; 17 Uhr<\/li><li>Fr 9 &#8211; 17 Uhr<\/li><\/ul>\n\n\n\n<div style=\"height:32px\" aria-hidden=\"true\" class=\"wp-block-spacer\"><\/div>\n\n\n\n<p>Ab dem 17. Januar 2022 bleiben die Lernr\u00e4ume leider vorerst geschlossen.<\/p>\n","protected":false},"excerpt":{"rendered":"<p>Ab sofort stehen im Informatikzentrum Lernr\u00e4ume zur Verf\u00fcgung. Die \u00d6ffnungszeiten k\u00f6nnen w\u00f6chentlich wechseln und werden immer im Voraus hier ver\u00f6ffentlicht. \u00d6ffnungszeiten 10. &#8211; 14. Januar R\u00e4ume 4U17, 4U15 \u2014 Anmeldung in 4U18 Mo &#8211; Fr 9 &#8211; 17 Uhr R\u00e4ume 6U07, 6U09 \u2014 Anmeldung in 6U11 Mo &#8211; Mi 9 &#8211; 17 Uhr Do 13 [&hellip;]<\/p>\n","protected":false},"author":3,"featured_media":0,"parent":0,"menu_order":0,"comment_status":"closed","ping_status":"closed","template":"","meta":{"inline_featured_image":false,"footnotes":""},"class_list":["post-3746","page","type-page","status-publish","hentry"],"_links":{"self":[{"href":"https:\/\/sc.informatik.rwth-aachen.de\/de\/wp-json\/wp\/v2\/pages\/3746","targetHints":{"allow":["GET"]}}],"collection":[{"href":"https:\/\/sc.informatik.rwth-aachen.de\/de\/wp-json\/wp\/v2\/pages"}],"about":[{"href":"https:\/\/sc.informatik.rwth-aachen.de\/de\/wp-json\/wp\/v2\/types\/page"}],"author":[{"embeddable":true,"href":"https:\/\/sc.informatik.rwth-aachen.de\/de\/wp-json\/wp\/v2\/users\/3"}],"replies":[{"embeddable":true,"href":"https:\/\/sc.informatik.rwth-aachen.de\/de\/wp-json\/wp\/v2\/comments?post=3746"}],"version-history":[{"count":37,"href":"https:\/\/sc.informatik.rwth-aachen.de\/de\/wp-json\/wp\/v2\/pages\/3746\/revisions"}],"predecessor-version":[{"id":4096,"href":"https:\/\/sc.informatik.rwth-aachen.de\/de\/wp-json\/wp\/v2\/pages\/3746\/revisions\/4096"}],"wp:attachment":[{"href":"https:\/\/sc.informatik.rwth-aachen.de\/de\/wp-json\/wp\/v2\/media?parent=3746"}],"curies":[{"name":"wp","href":"https:\/\/api.w.org\/{rel}","templated":true}]}}