{"id":355,"date":"2021-01-11T19:19:32","date_gmt":"2021-01-11T18:19:32","guid":{"rendered":"http:\/\/sc.informatik.rwth-aachen.de\/?page_id=355"},"modified":"2022-10-05T17:46:24","modified_gmt":"2022-10-05T15:46:24","slug":"impressum","status":"publish","type":"page","link":"https:\/\/sc.informatik.rwth-aachen.de\/de\/impressum\/","title":{"rendered":"Impressum"},"content":{"rendered":"\t\t<div data-elementor-type=\"wp-page\" data-elementor-id=\"355\" class=\"elementor elementor-355\" data-elementor-post-type=\"page\">\n\t\t\t\t\t\t<section class=\"elementor-section elementor-top-section elementor-element elementor-element-6d1d4f2 elementor-section-boxed elementor-section-height-default elementor-section-height-default\" data-id=\"6d1d4f2\" data-element_type=\"section\" data-e-type=\"section\">\n\t\t\t\t\t\t<div class=\"elementor-container elementor-column-gap-default\">\n\t\t\t\t\t<div class=\"elementor-column elementor-col-100 elementor-top-column elementor-element elementor-element-e0a11ff\" data-id=\"e0a11ff\" data-element_type=\"column\" data-e-type=\"column\">\n\t\t\t<div class=\"elementor-widget-wrap elementor-element-populated\">\n\t\t\t\t\t\t<div class=\"elementor-element elementor-element-e7866ed elementor-widget elementor-widget-heading\" data-id=\"e7866ed\" data-element_type=\"widget\" data-e-type=\"widget\" data-widget_type=\"heading.default\">\n\t\t\t\t<div class=\"elementor-widget-container\">\n\t\t\t\t\t<h4 class=\"elementor-heading-title elementor-size-default\"><a href=\"https:\/\/sc.informatik.rwth-aachen.de\/de\/datenschutzerklaerung-sc-website\/\">Zur Datenschutzerkl\u00e4rung dieser Webseite<\/a><\/h4>\t\t\t\t<\/div>\n\t\t\t\t<\/div>\n\t\t\t\t<div class=\"elementor-element elementor-element-55fbb4b elementor-widget elementor-widget-heading\" data-id=\"55fbb4b\" data-element_type=\"widget\" data-e-type=\"widget\" data-widget_type=\"heading.default\">\n\t\t\t\t<div class=\"elementor-widget-container\">\n\t\t\t\t\t<h4 class=\"elementor-heading-title elementor-size-default\"><a href=\"https:\/\/sc.informatik.rwth-aachen.de\/de\/datenschutzerklarung-paperless\/\">Zur Datenschutzerkl\u00e4rung des Paperless-Systems<\/a><\/h4>\t\t\t\t<\/div>\n\t\t\t\t<\/div>\n\t\t\t\t\t<\/div>\n\t\t<\/div>\n\t\t\t\t\t<\/div>\n\t\t<\/section>\n\t\t\t\t<section class=\"elementor-section elementor-top-section elementor-element elementor-element-274fc4e elementor-section-boxed elementor-section-height-default elementor-section-height-default\" data-id=\"274fc4e\" data-element_type=\"section\" data-e-type=\"section\">\n\t\t\t\t\t\t<div class=\"elementor-container elementor-column-gap-default\">\n\t\t\t\t\t<div class=\"elementor-column elementor-col-100 elementor-top-column elementor-element elementor-element-ae56f30\" data-id=\"ae56f30\" data-element_type=\"column\" data-e-type=\"column\">\n\t\t\t<div class=\"elementor-widget-wrap elementor-element-populated\">\n\t\t\t\t\t\t<div class=\"elementor-element elementor-element-08c6228 elementor-widget elementor-widget-heading\" data-id=\"08c6228\" data-element_type=\"widget\" data-e-type=\"widget\" data-widget_type=\"heading.default\">\n\t\t\t\t<div class=\"elementor-widget-container\">\n\t\t\t\t\t<h1 class=\"elementor-heading-title elementor-size-default\">Impressum<\/h1>\t\t\t\t<\/div>\n\t\t\t\t<\/div>\n\t\t\t\t<div class=\"elementor-element elementor-element-1a08e70 elementor-widget elementor-widget-heading\" data-id=\"1a08e70\" data-element_type=\"widget\" data-e-type=\"widget\" data-widget_type=\"heading.default\">\n\t\t\t\t<div class=\"elementor-widget-container\">\n\t\t\t\t\t<h3 class=\"elementor-heading-title elementor-size-default\">Herausgeberin<\/h3>\t\t\t\t<\/div>\n\t\t\t\t<\/div>\n\t\t\t\t<div class=\"elementor-element elementor-element-6dfebba elementor-widget elementor-widget-text-editor\" data-id=\"6dfebba\" data-element_type=\"widget\" data-e-type=\"widget\" data-widget_type=\"text-editor.default\">\n\t\t\t\t<div class=\"elementor-widget-container\">\n\t\t\t\t\t\t\t\t\t<p>Herausgegeben vom Studiencenter Informatik der RWTH Aachen University.<\/p><p>Studiencenter Informatik<br \/>Ahornstra\u00dfe 55<br \/>52074 Aachen<\/p><p>Telefon: +49 241 80 21015<br \/>Telefax: +49 241 80 621015<br \/>E-Mail: sc@cs.rwth-aachen.de<\/p><p>Die RWTH Aachen University ist eine K\u00f6rperschaft des \u00f6ffentlichen Rechts. Sie wird durch den Rektor, Univ.-Prof. Dr. rer. nat. Dr. h.c. mult. Ulrich R\u00fcdiger, vertreten.<\/p>\t\t\t\t\t\t\t\t<\/div>\n\t\t\t\t<\/div>\n\t\t\t\t<div class=\"elementor-element elementor-element-fd744fb elementor-widget elementor-widget-heading\" data-id=\"fd744fb\" data-element_type=\"widget\" data-e-type=\"widget\" data-widget_type=\"heading.default\">\n\t\t\t\t<div class=\"elementor-widget-container\">\n\t\t\t\t\t<h3 class=\"elementor-heading-title elementor-size-default\">Zust\u00e4ndige Aufsichtsbeh\u00f6rde<\/h3>\t\t\t\t<\/div>\n\t\t\t\t<\/div>\n\t\t\t\t<div class=\"elementor-element elementor-element-86a8db0 elementor-widget elementor-widget-text-editor\" data-id=\"86a8db0\" data-element_type=\"widget\" data-e-type=\"widget\" data-widget_type=\"text-editor.default\">\n\t\t\t\t<div class=\"elementor-widget-container\">\n\t\t\t\t\t\t\t\t\t<p>Ministerium f\u00fcr Kultur und Wissenschaft des Landes Nordrhein Westfalen, V\u00f6lklinger Stra\u00dfe 49, 40221 D\u00fcsseldorf.<\/p>\t\t\t\t\t\t\t\t<\/div>\n\t\t\t\t<\/div>\n\t\t\t\t<div class=\"elementor-element elementor-element-56119a7 elementor-widget elementor-widget-heading\" data-id=\"56119a7\" data-element_type=\"widget\" data-e-type=\"widget\" data-widget_type=\"heading.default\">\n\t\t\t\t<div class=\"elementor-widget-container\">\n\t\t\t\t\t<h3 class=\"elementor-heading-title elementor-size-default\">Inhaltliche Verantwortlichkeit<\/h3>\t\t\t\t<\/div>\n\t\t\t\t<\/div>\n\t\t\t\t<div class=\"elementor-element elementor-element-e17d7ea elementor-widget elementor-widget-text-editor\" data-id=\"e17d7ea\" data-element_type=\"widget\" data-e-type=\"widget\" data-widget_type=\"text-editor.default\">\n\t\t\t\t<div class=\"elementor-widget-container\">\n\t\t\t\t\t\t\t\t\t<p>Dr. rer. nat. Simon V\u00f6lker<br \/>Studiencenter Informatik<br \/>Ahornstra\u00dfe 55<br \/>52074 Aachen<\/p><p>Telefon: +49 241 80 21015<br \/>Telefax: +49 241 80 621015<br \/>E-Mail: sc@cs.rwth-aachen.de<\/p>\t\t\t\t\t\t\t\t<\/div>\n\t\t\t\t<\/div>\n\t\t\t\t\t<\/div>\n\t\t<\/div>\n\t\t\t\t\t<\/div>\n\t\t<\/section>\n\t\t\t\t<\/div>\n\t\t","protected":false},"excerpt":{"rendered":"<p>Zur Datenschutzerkl\u00e4rung dieser Webseite Zur Datenschutzerkl\u00e4rung des Paperless-Systems Impressum Herausgeberin Herausgegeben vom Studiencenter Informatik der RWTH Aachen University. Studiencenter InformatikAhornstra\u00dfe 5552074 Aachen Telefon: +49 241 80 21015Telefax: +49 241 80 621015E-Mail: sc@cs.rwth-aachen.de Die RWTH Aachen University ist eine K\u00f6rperschaft des \u00f6ffentlichen Rechts. Sie wird durch den Rektor, Univ.-Prof. Dr. rer. nat. Dr. h.c. mult. Ulrich [&hellip;]<\/p>\n","protected":false},"author":5,"featured_media":0,"parent":0,"menu_order":0,"comment_status":"closed","ping_status":"closed","template":"","meta":{"inline_featured_image":false,"footnotes":""},"class_list":["post-355","page","type-page","status-publish","hentry"],"_links":{"self":[{"href":"https:\/\/sc.informatik.rwth-aachen.de\/de\/wp-json\/wp\/v2\/pages\/355","targetHints":{"allow":["GET"]}}],"collection":[{"href":"https:\/\/sc.informatik.rwth-aachen.de\/de\/wp-json\/wp\/v2\/pages"}],"about":[{"href":"https:\/\/sc.informatik.rwth-aachen.de\/de\/wp-json\/wp\/v2\/types\/page"}],"author":[{"embeddable":true,"href":"https:\/\/sc.informatik.rwth-aachen.de\/de\/wp-json\/wp\/v2\/users\/5"}],"replies":[{"embeddable":true,"href":"https:\/\/sc.informatik.rwth-aachen.de\/de\/wp-json\/wp\/v2\/comments?post=355"}],"version-history":[{"count":38,"href":"https:\/\/sc.informatik.rwth-aachen.de\/de\/wp-json\/wp\/v2\/pages\/355\/revisions"}],"predecessor-version":[{"id":10295,"href":"https:\/\/sc.informatik.rwth-aachen.de\/de\/wp-json\/wp\/v2\/pages\/355\/revisions\/10295"}],"wp:attachment":[{"href":"https:\/\/sc.informatik.rwth-aachen.de\/de\/wp-json\/wp\/v2\/media?parent=355"}],"curies":[{"name":"wp","href":"https:\/\/api.w.org\/{rel}","templated":true}]}}