{"id":3301,"date":"2021-09-28T08:39:01","date_gmt":"2021-09-28T06:39:01","guid":{"rendered":"https:\/\/sc.informatik.rwth-aachen.de\/?page_id=3301"},"modified":"2021-10-05T19:40:44","modified_gmt":"2021-10-05T17:40:44","slug":"hybride-semester","status":"publish","type":"page","link":"https:\/\/sc.informatik.rwth-aachen.de\/de\/hybride-semester\/","title":{"rendered":"Hybride Semester"},"content":{"rendered":"\t\t<div data-elementor-type=\"wp-post\" data-elementor-id=\"3301\" class=\"elementor elementor-3301\" data-elementor-post-type=\"page\">\n\t\t\t\t\t\t<section class=\"elementor-section elementor-top-section elementor-element elementor-element-d9d5c82 elementor-section-boxed elementor-section-height-default elementor-section-height-default\" data-id=\"d9d5c82\" data-element_type=\"section\" data-e-type=\"section\">\n\t\t\t\t\t\t<div class=\"elementor-container elementor-column-gap-default\">\n\t\t\t\t\t<div class=\"elementor-column elementor-col-100 elementor-top-column elementor-element elementor-element-5a065f7\" data-id=\"5a065f7\" data-element_type=\"column\" data-e-type=\"column\">\n\t\t\t<div class=\"elementor-widget-wrap elementor-element-populated\">\n\t\t\t\t\t\t<div class=\"elementor-element elementor-element-471fb38 elementor-widget elementor-widget-heading\" data-id=\"471fb38\" data-element_type=\"widget\" data-e-type=\"widget\" data-widget_type=\"heading.default\">\n\t\t\t\t<div class=\"elementor-widget-container\">\n\t\t\t\t\t<h1 class=\"elementor-heading-title elementor-size-default\">Hybrid-Semester<\/h1>\t\t\t\t<\/div>\n\t\t\t\t<\/div>\n\t\t\t\t\t<\/div>\n\t\t<\/div>\n\t\t\t\t\t<\/div>\n\t\t<\/section>\n\t\t\t\t<section class=\"elementor-section elementor-top-section elementor-element elementor-element-71656ed elementor-section-boxed elementor-section-height-default elementor-section-height-default\" data-id=\"71656ed\" data-element_type=\"section\" data-e-type=\"section\">\n\t\t\t\t\t\t<div class=\"elementor-container elementor-column-gap-default\">\n\t\t\t\t\t<div class=\"elementor-column elementor-col-100 elementor-top-column elementor-element elementor-element-f957c9a\" data-id=\"f957c9a\" data-element_type=\"column\" data-e-type=\"column\">\n\t\t\t<div class=\"elementor-widget-wrap elementor-element-populated\">\n\t\t\t\t\t\t<div class=\"elementor-element elementor-element-92cd203 elementor-widget elementor-widget-text-editor\" data-id=\"92cd203\" data-element_type=\"widget\" data-e-type=\"widget\" data-widget_type=\"text-editor.default\">\n\t\t\t\t<div class=\"elementor-widget-container\">\n\t\t\t\t\t\t\t\t\t<p>In diesem Semester (WS 21\/22) werden einige Veranstaltungen (vor allem f\u00fcr das 1. und 3. Semester) im Hybrid-Modus angeboten. D.h., dass einige Vorlesung an bestimmten Tagen in Pr\u00e4senz angeboten werden (z.B. so wie im Plan unten). Da aber nur maximal 200 Student*innen die Vorlesung in Pr\u00e4senz besuchen werden, werdet ihr in Gruppen aufgeteilt. Jede Gruppe (oder Kohorte) kann dann reihum an einem Tag in die Vorlesung kommen, w\u00e4hrend die anderen Gruppen die Vorlesung \u00fcber einen Livestream verfolgen k\u00f6nnen.<\/p><p>\u00a0<\/p>\t\t\t\t\t\t\t\t<\/div>\n\t\t\t\t<\/div>\n\t\t\t\t\t<\/div>\n\t\t<\/div>\n\t\t\t\t\t<\/div>\n\t\t<\/section>\n\t\t\t\t<section class=\"elementor-section elementor-top-section elementor-element elementor-element-c484d9c elementor-section-boxed elementor-section-height-default elementor-section-height-default\" data-id=\"c484d9c\" data-element_type=\"section\" data-e-type=\"section\">\n\t\t\t\t\t\t<div class=\"elementor-container elementor-column-gap-default\">\n\t\t\t\t\t<div class=\"elementor-column elementor-col-100 elementor-top-column elementor-element elementor-element-cc3feb9\" data-id=\"cc3feb9\" data-element_type=\"column\" data-e-type=\"column\">\n\t\t\t<div class=\"elementor-widget-wrap elementor-element-populated\">\n\t\t\t\t\t\t<div class=\"elementor-element elementor-element-1ba0602 elementor-widget elementor-widget-text-editor\" data-id=\"1ba0602\" data-element_type=\"widget\" data-e-type=\"widget\" data-widget_type=\"text-editor.default\">\n\t\t\t\t<div class=\"elementor-widget-container\">\n\t\t\t\t\t\t\t\t\t<p>\n<table id=\"tablepress-2\" class=\"tablepress tablepress-id-2\">\n<thead>\n<tr class=\"row-1\">\n\t<td class=\"column-1\"><\/td><th class=\"column-2\">Montag (Online)<\/th><th class=\"column-3\">Dienstag (Pr\u00e4senz)<\/th><th class=\"column-4\">Mittwoch (Online)<\/th><th class=\"column-5\">Donnerstag (Pr\u00e4senz)<\/th><th class=\"column-6\">Freitag (Online)<\/th>\n<\/tr>\n<\/thead>\n<tbody class=\"row-striping row-hover\">\n<tr class=\"row-2\">\n\t<td class=\"column-1\">08:30<\/td><td class=\"column-2\"><a href=\"https:\/\/online.rwth-aachen.de\/RWTHonline\/ee\/ui\/ca2\/app\/desktop\/#\/slc.tm.cp\/student\/courses\/434072\" rel=\"noopener\" target=\"_blank\">Analysis f\u00fcr Informatiker (VL)<\/a><\/td><td class=\"column-3\"><\/td><td class=\"column-4\"><\/td><td class=\"column-5\"><\/td><td class=\"column-6\"><\/td>\n<\/tr>\n<tr class=\"row-3\">\n\t<td class=\"column-1\">10:30<\/td><td class=\"column-2\"><\/td><td class=\"column-3\"><\/td><td class=\"column-4\"><\/td><td class=\"column-5\"><\/td><td class=\"column-6\"><a href=\"https:\/\/online.rwth-aachen.de\/RWTHonline\/ee\/ui\/ca2\/app\/desktop\/#\/slc.tm.cp\/student\/courses\/435922\" rel=\"noopener\" target=\"_blank\">Programmierung (VL)<\/a><\/td>\n<\/tr>\n<tr class=\"row-4\">\n\t<td class=\"column-1\">12:30<\/td><td class=\"column-2\"><a href=\"https:\/\/online.rwth-aachen.de\/RWTHonline\/ee\/ui\/ca2\/app\/desktop\/#\/slc.tm.cp\/student\/courses\/434101\" rel=\"noopener\" target=\"_blank\">Einf\u00fchrung in die Technische Informatik (VL\/\u00dcbung)<\/a><\/td><td class=\"column-3\"><a href=\"https:\/\/online.rwth-aachen.de\/RWTHonline\/ee\/ui\/ca2\/app\/desktop\/#\/slc.tm.cp\/student\/courses\/435416\" rel=\"noopener\" target=\"_blank\">Diskrete Strukturen (VL)<\/a><\/td><td class=\"column-4\"><\/td><td class=\"column-5\"><a href=\"https:\/\/online.rwth-aachen.de\/RWTHonline\/ee\/ui\/ca2\/app\/desktop\/#\/slc.tm.cp\/student\/courses\/434072\" rel=\"noopener\" target=\"_blank\">Analysis f\u00fcr Informatiker (VL)<\/a><\/td><td class=\"column-6\"><a href=\"https:\/\/online.rwth-aachen.de\/RWTHonline\/ee\/ui\/ca2\/app\/desktop\/#\/slc.tm.cp\/student\/courses\/433648\" rel=\"noopener\" target=\"_blank\">Diskrete Strukturen (Tutorium)<\/a><\/td>\n<\/tr>\n<tr class=\"row-5\">\n\t<td class=\"column-1\">14:30<\/td><td class=\"column-2\"><\/td><td class=\"column-3\"><a href=\"https:\/\/online.rwth-aachen.de\/RWTHonline\/ee\/ui\/ca2\/app\/desktop\/#\/slc.tm.cp\/student\/courses\/435922\" rel=\"noopener\" target=\"_blank\">Programmierung (VL)<\/a><\/td><td class=\"column-4\"><\/td><td class=\"column-5\"><a href=\"https:\/\/online.rwth-aachen.de\/RWTHonline\/ee\/ui\/ca2\/app\/desktop\/#\/slc.tm.cp\/student\/courses\/435416\" rel=\"noopener\" target=\"_blank\">Diskrete Strukturen (VL)<\/a><\/td><td class=\"column-6\"><a href=\"https:\/\/online.rwth-aachen.de\/RWTHonline\/ee\/ui\/ca2\/app\/desktop\/#\/slc.tm.cp\/student\/courses\/433186\" rel=\"noopener\" target=\"_blank\">Analysis f\u00fcr Informatiker (\u00dcbung)<\/a><\/td>\n<\/tr>\n<tr class=\"row-6\">\n\t<td class=\"column-1\">16:30<\/td><td class=\"column-2\"><\/td><td class=\"column-3\"><a href=\"https:\/\/online.rwth-aachen.de\/RWTHonline\/ee\/ui\/ca2\/app\/desktop\/#\/slc.tm.cp\/student\/courses\/434101\" rel=\"noopener\" target=\"_blank\">Einf\u00fchrung in die Technische Informatik (VL\/\u00dcbung)<\/a><\/td><td class=\"column-4\"><\/td><td class=\"column-5\"><a href=\"https:\/\/online.rwth-aachen.de\/RWTHonline\/ee\/ui\/ca2\/app\/desktop\/#\/slc.tm.cp\/student\/courses\/434101\" rel=\"noopener\" target=\"_blank\">Einf\u00fchrung in die Technische Informatik (VL\/\u00dcbung)<\/a><\/td><td class=\"column-6\"><\/td>\n<\/tr>\n<tr class=\"row-7\">\n\t<td class=\"column-1\">18:30<\/td><td class=\"column-2\"><\/td><td class=\"column-3\"><\/td><td class=\"column-4\"><\/td><td class=\"column-5\"><a href=\"https:\/\/online.rwth-aachen.de\/RWTHonline\/ee\/ui\/ca2\/app\/desktop\/#\/slc.tm.cp\/student\/courses\/435752\" rel=\"noopener\" target=\"_blank\">Programmierung (Global\u00fcbung)<\/a><\/td><td class=\"column-6\"><\/td>\n<\/tr>\n<\/tbody>\n<\/table>\n<\/p>\t\t\t\t\t\t\t\t<\/div>\n\t\t\t\t<\/div>\n\t\t\t\t\t<\/div>\n\t\t<\/div>\n\t\t\t\t\t<\/div>\n\t\t<\/section>\n\t\t\t\t<section class=\"elementor-section elementor-top-section elementor-element elementor-element-18551da elementor-section-boxed elementor-section-height-default elementor-section-height-default\" data-id=\"18551da\" data-element_type=\"section\" data-e-type=\"section\">\n\t\t\t\t\t\t<div class=\"elementor-container elementor-column-gap-default\">\n\t\t\t\t\t<div class=\"elementor-column elementor-col-100 elementor-top-column elementor-element elementor-element-1d64e34\" data-id=\"1d64e34\" data-element_type=\"column\" data-e-type=\"column\">\n\t\t\t<div class=\"elementor-widget-wrap elementor-element-populated\">\n\t\t\t\t\t\t<div class=\"elementor-element elementor-element-5aae6c3 elementor-widget elementor-widget-text-editor\" data-id=\"5aae6c3\" data-element_type=\"widget\" data-e-type=\"widget\" data-widget_type=\"text-editor.default\">\n\t\t\t\t<div class=\"elementor-widget-container\">\n\t\t\t\t\t\t\t\t\t<p>Hinsichtlich der Organisation der Lehre im Wintersemester 21\/22 wird es kein einheitliches Modell geben; und da die neueste Corona-Verordnung des Landes NRW erst in dieser Woche ver\u00f6ffentlicht wurde, k\u00f6nnen wir euch erst jetzt erste Informationen geben \u2013 nach Semestern aufgeteilt:<\/p>\t\t\t\t\t\t\t\t<\/div>\n\t\t\t\t<\/div>\n\t\t\t\t<div class=\"elementor-element elementor-element-7c38bf9 elementor-widget elementor-widget-heading\" data-id=\"7c38bf9\" data-element_type=\"widget\" data-e-type=\"widget\" data-widget_type=\"heading.default\">\n\t\t\t\t<div class=\"elementor-widget-container\">\n\t\t\t\t\t<h2 class=\"elementor-heading-title elementor-size-default\">Veranstaltungen des ersten Semesters Bachelor Informatik<\/h2>\t\t\t\t<\/div>\n\t\t\t\t<\/div>\n\t\t\t\t<div class=\"elementor-element elementor-element-7ec408f elementor-widget elementor-widget-text-editor\" data-id=\"7ec408f\" data-element_type=\"widget\" data-e-type=\"widget\" data-widget_type=\"text-editor.default\">\n\t\t\t\t<div class=\"elementor-widget-container\">\n\t\t\t\t\t\t\t\t\t<p>Die betroffenen Termine sind die der Vorlesungen und Global\u00fcbungen der Veranstaltungen \u201e<b>Programmierung<\/b>\u201c, \u201e<b>Einf\u00fchrung in die Technische Informatik<\/b>\u201c, \u201e<b>Analysis f\u00fcr Informatiker<\/b>\u201c und \u201e<b>Diskrete Strukturen<\/b>\u201c. Diese werden <b>dienstags<\/b> von <b>12:30 \u2013 18:00 Uhr <\/b>und <b>donnerstags<\/b> von <b>12:30 \u2013 20:00 Uhr<\/b> jeweils nacheinander und im gleichen H\u00f6rsaal stattfinden.<\/p><p>Dies soll eine m\u00f6glichst reibungslose Teilnahme an den Pr\u00e4senzveranstaltungen erm\u00f6glichen und Probleme durch knappe Wechsel zwischen Pr\u00e4senz- und Online-Lehre vermeiden. Weitere Termine der Veranstaltungen werden online durchgef\u00fchrt.<\/p><p>Da dieser sogenannte Wechselbetrieb anfangs etwas Organisation und Koordination erfordert, finden in der ersten Vorlesungswoche (11.10. bis\u00a0<span style=\"font-size: 1rem;\">15.10) zun\u00e4chst <\/span><b style=\"font-size: 1rem;\">alle<\/b><span style=\"font-size: 1rem;\"> Veranstaltungen online per Zoom statt.<\/span><\/p><p>In dieser Woche (11.10. bis 15.10) erl\u00e4utern wir euch die Modalit\u00e4ten der hybriden Vorlesungen und f\u00fchren die Einteilung in Kohorten \u00fcber RWTHonline durch. Dabei wird die M\u00f6glichkeit bestehen, dass ihr euch in kleineren Gruppen in die gleiche Kohorte einteilen lassen k\u00f6nnt &#8211; dazu ist eine Anmeldung als Team m\u00f6glich, unter Angabe des gleichen Teamnamens. Die Anmeldung erfolgt \u00fcber die Veranstaltung\u00a0<span style=\"font-size: 1rem;\"><i>12.00101\u00a0 Hybride Lehrveranstaltungen &#8211; erstes Semester Bachelor Informatik.<\/i>\u00a0<\/span><\/p><p><span style=\"font-size: 1rem;\">Ihr k\u00f6nnt euch dazu\u00a0<\/span><a href=\"https:\/\/online.rwth-aachen.de\/RWTHonline\/ee\/ui\/ca2\/app\/desktop\/#\/slc.tm.cp\/student\/courses\/446228?$ctx=design=ca;lang=de\" target=\"_blank\" rel=\"noopener\"><b>hier<\/b><\/a><span style=\"font-size: 1rem;\">\u00a0anmelden.<\/span><\/p><p>Bitte meldet euch rechtzeitig an. Wer den Veranstaltungen komplett online folgen m\u00f6chte, braucht sich nicht anzumelden. Wir empfehlen aber nachdr\u00fccklich, dass alle Studierenden das Angebot der Pr\u00e4senzveranstaltungen nutzen.\u00a0<span style=\"font-size: 1rem;\">Nach Ende der Anmeldungen werden wir die Kohorten einteilen und bekanntgeben.\u00a0<\/span><span style=\"font-size: 1rem;\">Ab der zweiten Vorlesungswoche (ab dem 19.10.) beginnen dann die Pr\u00e4senzveranstaltungen f\u00fcr die jeweils aktive Kohorte.\u00a0<\/span><span style=\"font-size: 1rem;\">Weitere Details werden nach Einteilung der Kohorten im Moodle-Raum zur Veranstaltung <i>12.00101\u00a0 Hybride Lehrveranstaltungen &#8211; erstes Semester Bachelor Informatik<\/i> bekanntgeben.<\/span><\/p><p><b>Kleingruppen\u00fcbungen<\/b> (Tutorien, Mentoring) k\u00f6nnen <b>vollst\u00e4ndig in Pr\u00e4senz<\/b> durchgef\u00fchrt werden. Weitere Informationen dazu gibt es in den Veranstaltungen in der ersten Vorlesungswoche bzw. in der Einf\u00fchrungswoche.<\/p><p>Bitte beachtet: f\u00fcr den Zugang zu den Veranstaltungsr\u00e4umen gilt die <b>3G<\/b>-Regel. Es werden Einlasskontrollen durchgef\u00fchrt. Um den Prozess der Kontrolle zu beschleunigen, m\u00f6chten wir euch bitten, eure <b>Nachweise in digitaler Form<\/b> dabeizuhaben.<\/p><p>Wir empfehlen des Weiteren allen Studierenden, f\u00fcr die es keine medizinischen Gr\u00fcnde gibt, sich gegen COVID-19 impfen zu lassen.<\/p>\t\t\t\t\t\t\t\t<\/div>\n\t\t\t\t<\/div>\n\t\t\t\t<div class=\"elementor-element elementor-element-854eef7 elementor-widget elementor-widget-heading\" data-id=\"854eef7\" data-element_type=\"widget\" data-e-type=\"widget\" data-widget_type=\"heading.default\">\n\t\t\t\t<div class=\"elementor-widget-container\">\n\t\t\t\t\t<h2 class=\"elementor-heading-title elementor-size-default\">Veranstaltungen des dritten Semesters Bachelor Informatik<\/h2>\t\t\t\t<\/div>\n\t\t\t\t<\/div>\n\t\t\t\t<div class=\"elementor-element elementor-element-f5b1e64 elementor-widget elementor-widget-text-editor\" data-id=\"f5b1e64\" data-element_type=\"widget\" data-e-type=\"widget\" data-widget_type=\"text-editor.default\">\n\t\t\t\t<div class=\"elementor-widget-container\">\n\t\t\t\t\t\t\t\t\t<p>F\u00fcr Studierende im dritten Semester des Bachelor Informatik erfolgt f\u00fcr die Veranstaltungen \u201e<b>Berechenbarkeit und Komplexit\u00e4t<\/b>\u201c und \u201e<b>Einf\u00fchrung in\u00a0<\/b><span style=\"font-size: 1rem;\"><b>die Softwaretechnik<\/b>\u201c eine analoge Organisation wie f\u00fcr Erstsemesterstudierende.<\/span><\/p><p>Es werden <b>dienstags<\/b> von <b>8:30 \u2013 12:00 Uhr<\/b> und <b>mittwochs<\/b> von <b>16:30 \u2013 20:00 Uhr<\/b> Termine der Vorlesungen und Global\u00fcbungen im Block in Pr\u00e4senz\u00a0<span style=\"font-size: 1rem;\">angeboten; weitere Termine finden online statt.<\/span><\/p><p>Auch hier startet der Wechselbetrieb in der zweiten Vorlesungswoche (ab dem 19.10.); in der ersten Woche werden alle Termine online\u00a0<span style=\"font-size: 1rem;\">durchgef\u00fchrt. Auch hier l\u00e4uft vom 11. \u2013 15. Oktober die Anmeldung zur Teilnahme am Wechselbetrieb \u00fcber RWTHonline zur Veranstaltung\u00a0<\/span><span style=\"font-size: 1rem;\"><i>12.00103\u00a0 Hybride Lehrveranstaltungen &#8211; drittes Semester Bachelor Informatik<\/i>.<\/span><\/p><p><span style=\"font-size: 1rem;\">Ihr k\u00f6nnt euch dazu\u00a0<\/span><a style=\"font-size: 1rem;\" href=\"https:\/\/online.rwth-aachen.de\/RWTHonline\/ee\/ui\/ca2\/app\/desktop\/#\/slc.tm.cp\/student\/courses\/446229?$ctx=design=ca;lang=de\" target=\"_blank\" rel=\"noopener\"><b>hier<\/b><\/a>\u00a0anmelden.<\/p><p><span style=\"font-size: 1rem;\">Bitte meldet euch rechtzeitig an. Wer den Veranstaltungen komplett online folgen m\u00f6chte, muss sich nicht anmelden. Wir empfehlen auch\u00a0<\/span><span style=\"font-size: 1rem;\">allen Drittsemesterstudierenden das Angebot der Pr\u00e4senzveranstaltungen wahrzunehmen.<\/span><\/p><p><span style=\"font-size: 1rem;\">Weitere Details werden nach Einteilung der Kohorten im Moodle-Raum zur Veranstaltung <i>12.00103\u00a0 Hybride Lehrveranstaltungen &#8211; drittes Semester Bachelor Informatik\u00a0<\/i>bekanntgeben.<\/span><\/p><p><span style=\"font-size: 1rem;\">Bitte beachtet: <b>Die Freiversuchsregelung gilt ab dem Wintersemester nicht mehr.<\/b><\/span><\/p><p><b>Tutorien<\/b> k\u00f6nnen vollst\u00e4ndig in Pr\u00e4senz durchgef\u00fchrt werden. Weitere Informationen dazu gibt es in den Veranstaltungen in der ersten\u00a0<span style=\"font-size: 1rem;\">Vorlesungswoche.<\/span><\/p><p><span style=\"font-size: 1rem;\">Auch hier gilt f\u00fcr den Zugang zu den Veranstaltungsr\u00e4umen die <b>3G<\/b>-Regel. Um den Prozess bei der Einlasskontrolle\u00a0<\/span><span style=\"font-size: 1rem;\">zu beschleunigen, m\u00f6chten wir euch bitten, eure <b>Nachweise in digitaler Form<\/b> dabeizuhaben.\u00a0<\/span><span style=\"font-size: 1rem;\">Und nochmals empfehlen wir allen Studierenden nachdr\u00fccklich, sich gegen COVID-19 impfen zu lassen, wenn keine medizinische Indikation\u00a0<\/span><span style=\"font-size: 1rem;\">dagegen spricht.<\/span><\/p>\t\t\t\t\t\t\t\t<\/div>\n\t\t\t\t<\/div>\n\t\t\t\t<div class=\"elementor-element elementor-element-4d08c92 elementor-widget elementor-widget-heading\" data-id=\"4d08c92\" data-element_type=\"widget\" data-e-type=\"widget\" data-widget_type=\"heading.default\">\n\t\t\t\t<div class=\"elementor-widget-container\">\n\t\t\t\t\t<h2 class=\"elementor-heading-title elementor-size-default\">Veranstaltungen f\u00fcr h\u00f6here Semester<\/h2>\t\t\t\t<\/div>\n\t\t\t\t<\/div>\n\t\t\t\t<div class=\"elementor-element elementor-element-191e8a6 elementor-widget elementor-widget-text-editor\" data-id=\"191e8a6\" data-element_type=\"widget\" data-e-type=\"widget\" data-widget_type=\"text-editor.default\">\n\t\t\t\t<div class=\"elementor-widget-container\">\n\t\t\t\t\t\t\t\t\t<p><span style=\"color: var( --e-global-color-text ); font-family: var( --e-global-typography-text-font-family ), Sans-serif; font-size: 1rem;\">F\u00fcr Veranstaltungen h\u00f6herer Semester wird es aufgrund der Vielfalt der Veranstaltungen keine einheitlichen Regelungen geben.<\/span><\/p><div><div>Es ist den einzelnen Dozierenden \u00fcberlassen, ob sie ihre Veranstaltungen in Pr\u00e4senz, online, oder im Wechselbetrieb organisieren m\u00f6chten. Informationen zur Organisation werden die Dozierenden entweder im Vorfeld oder zu Beginn der Veranstaltung bekanntgeben.<\/div><div><span style=\"color: var( --e-global-color-text ); font-family: var( --e-global-typography-text-font-family ), Sans-serif; font-size: 1rem;\">\u00a0<\/span><\/div><div>Ist Pr\u00e4senz vorgesehen, werden auch hier beim Einlass in die Veranstaltungsr\u00e4ume <b>3G<\/b>-Kontrollen durchgef\u00fchrt.<\/div><div>\u00a0<\/div><div><div>Als abschlie\u00dfende Information m\u00f6chten wir nochmals alle Studierenden darauf hinweisen, dass die <b>Freiversuchsregelung im WS 21\/22 nicht\u00a0<\/b><\/div><div><b>mehr gilt<\/b>.<\/div><\/div><\/div>\t\t\t\t\t\t\t\t<\/div>\n\t\t\t\t<\/div>\n\t\t\t\t\t<\/div>\n\t\t<\/div>\n\t\t\t\t\t<\/div>\n\t\t<\/section>\n\t\t\t\t<\/div>\n\t\t","protected":false},"excerpt":{"rendered":"<p>Hybrid-Semester In diesem Semester (WS 21\/22) werden einige Veranstaltungen (vor allem f\u00fcr das 1. und 3. Semester) im Hybrid-Modus angeboten. D.h., dass einige Vorlesung an bestimmten Tagen in Pr\u00e4senz angeboten werden (z.B. so wie im Plan unten). Da aber nur maximal 200 Student*innen die Vorlesung in Pr\u00e4senz besuchen werden, werdet ihr in Gruppen aufgeteilt. Jede [&hellip;]<\/p>\n","protected":false},"author":9,"featured_media":0,"parent":0,"menu_order":0,"comment_status":"closed","ping_status":"closed","template":"","meta":{"inline_featured_image":false,"footnotes":""},"class_list":["post-3301","page","type-page","status-publish","hentry"],"_links":{"self":[{"href":"https:\/\/sc.informatik.rwth-aachen.de\/de\/wp-json\/wp\/v2\/pages\/3301","targetHints":{"allow":["GET"]}}],"collection":[{"href":"https:\/\/sc.informatik.rwth-aachen.de\/de\/wp-json\/wp\/v2\/pages"}],"about":[{"href":"https:\/\/sc.informatik.rwth-aachen.de\/de\/wp-json\/wp\/v2\/types\/page"}],"author":[{"embeddable":true,"href":"https:\/\/sc.informatik.rwth-aachen.de\/de\/wp-json\/wp\/v2\/users\/9"}],"replies":[{"embeddable":true,"href":"https:\/\/sc.informatik.rwth-aachen.de\/de\/wp-json\/wp\/v2\/comments?post=3301"}],"version-history":[{"count":38,"href":"https:\/\/sc.informatik.rwth-aachen.de\/de\/wp-json\/wp\/v2\/pages\/3301\/revisions"}],"predecessor-version":[{"id":3463,"href":"https:\/\/sc.informatik.rwth-aachen.de\/de\/wp-json\/wp\/v2\/pages\/3301\/revisions\/3463"}],"wp:attachment":[{"href":"https:\/\/sc.informatik.rwth-aachen.de\/de\/wp-json\/wp\/v2\/media?parent=3301"}],"curies":[{"name":"wp","href":"https:\/\/api.w.org\/{rel}","templated":true}]}}