{"id":22296,"date":"2026-01-23T14:49:36","date_gmt":"2026-01-23T13:49:36","guid":{"rendered":"https:\/\/sc.informatik.rwth-aachen.de\/?page_id=22296"},"modified":"2026-02-21T13:18:38","modified_gmt":"2026-02-21T12:18:38","slug":"mentoring-team-2","status":"publish","type":"page","link":"https:\/\/sc.informatik.rwth-aachen.de\/de\/studium\/bachelor\/mentoring\/mentoring-team-2\/","title":{"rendered":"Mentoring Team"},"content":{"rendered":"\t\t<div data-elementor-type=\"wp-page\" data-elementor-id=\"22296\" class=\"elementor elementor-22296\" data-elementor-post-type=\"page\">\n\t\t\t\t\t\t<section class=\"elementor-section elementor-top-section elementor-element elementor-element-5ba1737 elementor-section-height-min-height elementor-section-boxed elementor-section-height-default elementor-section-items-middle\" data-id=\"5ba1737\" data-element_type=\"section\" data-e-type=\"section\" data-settings=\"{&quot;background_background&quot;:&quot;classic&quot;}\">\n\t\t\t\t\t\t\t<div class=\"elementor-background-overlay\"><\/div>\n\t\t\t\t\t\t\t<div class=\"elementor-container elementor-column-gap-default\">\n\t\t\t\t\t<div class=\"elementor-column elementor-col-100 elementor-top-column elementor-element elementor-element-8d5e3a2 glass-blur\" data-id=\"8d5e3a2\" data-element_type=\"column\" data-e-type=\"column\" data-settings=\"{&quot;background_background&quot;:&quot;classic&quot;}\">\n\t\t\t<div class=\"elementor-widget-wrap elementor-element-populated\">\n\t\t\t\t\t\t<div class=\"elementor-element elementor-element-4036514 elementor-widget elementor-widget-text-editor\" data-id=\"4036514\" data-element_type=\"widget\" data-e-type=\"widget\" data-settings=\"{&quot;motion_fx_motion_fx_scrolling&quot;:&quot;yes&quot;,&quot;motion_fx_devices&quot;:[&quot;desktop&quot;,&quot;tablet&quot;,&quot;mobile&quot;]}\" data-widget_type=\"text-editor.default\">\n\t\t\t\t<div class=\"elementor-widget-container\">\n\t\t\t\t\t\t\t\t\t<p>Das Informatik-Mentoring versteht sich als Erg\u00e4nzung zur Fachstudienberatung mit Blick auf die gesamte Studien- und Lebenssituation. Wir begleiten dich nicht nur im Rahmen unserer Mentoring-Module durch das erste Studienjahr, sondern laden dich herzlich ein, dich w\u00e4hrend des gesamten Bachelor-Studiums bei Belastungen und Schwierigkeiten, die sich auf deinen Studienverlauf auswirken, von uns beraten zu lassen.<\/p>\t\t\t\t\t\t\t\t<\/div>\n\t\t\t\t<\/div>\n\t\t\t\t\t<\/div>\n\t\t<\/div>\n\t\t\t\t\t<\/div>\n\t\t<\/section>\n\t\t\t\t<section class=\"elementor-section elementor-top-section elementor-element elementor-element-a153aba elementor-section-boxed elementor-section-height-default elementor-section-height-default\" data-id=\"a153aba\" data-element_type=\"section\" data-e-type=\"section\">\n\t\t\t\t\t\t<div class=\"elementor-container elementor-column-gap-default\">\n\t\t\t\t\t<div class=\"elementor-column elementor-col-100 elementor-top-column elementor-element elementor-element-c46295d\" data-id=\"c46295d\" data-element_type=\"column\" data-e-type=\"column\">\n\t\t\t<div class=\"elementor-widget-wrap elementor-element-populated\">\n\t\t\t\t\t\t<div class=\"elementor-element elementor-element-84256b1 elementor-widget__width-auto elementor-widget elementor-widget-table-of-contents\" data-id=\"84256b1\" data-element_type=\"widget\" data-e-type=\"widget\" data-settings=\"{&quot;headings_by_tags&quot;:[&quot;h1&quot;],&quot;exclude_headings_by_selector&quot;:[],&quot;marker_view&quot;:&quot;bullets&quot;,&quot;icon&quot;:{&quot;value&quot;:&quot;&quot;,&quot;library&quot;:&quot;&quot;},&quot;no_headings_message&quot;:&quot;No headings were found on this page.&quot;,&quot;hierarchical_view&quot;:&quot;yes&quot;,&quot;min_height&quot;:{&quot;unit&quot;:&quot;px&quot;,&quot;size&quot;:&quot;&quot;,&quot;sizes&quot;:[]},&quot;min_height_tablet&quot;:{&quot;unit&quot;:&quot;px&quot;,&quot;size&quot;:&quot;&quot;,&quot;sizes&quot;:[]},&quot;min_height_mobile&quot;:{&quot;unit&quot;:&quot;px&quot;,&quot;size&quot;:&quot;&quot;,&quot;sizes&quot;:[]}}\" data-widget_type=\"table-of-contents.default\">\n\t\t\t\t<div class=\"elementor-widget-container\">\n\t\t\t\t\t\t\t\t\t<div class=\"elementor-toc__header\">\n\t\t\t\t\t\t<h4 class=\"elementor-toc__header-title\">\n\t\t\t\tDirekt zu\t\t\t<\/h4>\n\t\t\t\t\t\t\t\t<\/div>\n\t\t\t\t<div id=\"elementor-toc__84256b1\" class=\"elementor-toc__body\">\n\t\t\t<div class=\"elementor-toc__spinner-container\">\n\t\t\t\t<i class=\"elementor-toc__spinner eicon-animation-spin eicon-loading\" aria-hidden=\"true\"><\/i>\t\t\t<\/div>\n\t\t<\/div>\n\t\t\t\t\t\t<\/div>\n\t\t\t\t<\/div>\n\t\t\t\t\t<\/div>\n\t\t<\/div>\n\t\t\t\t\t<\/div>\n\t\t<\/section>\n\t\t\t\t<section class=\"elementor-section elementor-top-section elementor-element elementor-element-98a4f99 elementor-section-boxed elementor-section-height-default elementor-section-height-default\" data-id=\"98a4f99\" data-element_type=\"section\" data-e-type=\"section\">\n\t\t\t\t\t\t<div class=\"elementor-container elementor-column-gap-default\">\n\t\t\t\t\t<div class=\"elementor-column elementor-col-100 elementor-top-column elementor-element elementor-element-7e6ad53\" data-id=\"7e6ad53\" data-element_type=\"column\" data-e-type=\"column\">\n\t\t\t<div class=\"elementor-widget-wrap elementor-element-populated\">\n\t\t\t\t\t\t<div class=\"elementor-element elementor-element-6f5c815 elementor-widget elementor-widget-template\" data-id=\"6f5c815\" data-element_type=\"widget\" data-e-type=\"widget\" data-widget_type=\"template.default\">\n\t\t\t\t<div class=\"elementor-widget-container\">\n\t\t\t\t\t\t\t<div class=\"elementor-template\">\n\t\t\t\t\t<div data-elementor-type=\"page\" data-elementor-id=\"21043\" class=\"elementor elementor-21043\" data-elementor-post-type=\"elementor_library\">\n\t\t\t\t\t\t<section class=\"elementor-section elementor-top-section elementor-element elementor-element-1d5eedc0 elementor-section-boxed elementor-section-height-default elementor-section-height-default\" data-id=\"1d5eedc0\" data-element_type=\"section\" data-e-type=\"section\">\n\t\t\t\t\t\t<div class=\"elementor-container elementor-column-gap-default\">\n\t\t\t\t\t<div class=\"elementor-column elementor-col-100 elementor-top-column elementor-element elementor-element-cb5e063\" data-id=\"cb5e063\" data-element_type=\"column\" data-e-type=\"column\">\n\t\t\t<div class=\"elementor-widget-wrap elementor-element-populated\">\n\t\t\t\t\t\t<div class=\"elementor-element elementor-element-41d4a326 elementor-widget elementor-widget-heading\" data-id=\"41d4a326\" data-element_type=\"widget\" data-e-type=\"widget\" data-widget_type=\"heading.default\">\n\t\t\t\t<div class=\"elementor-widget-container\">\n\t\t\t\t\t<h2 class=\"elementor-heading-title elementor-size-default\">Mentoring Bachelor Informatik<\/h2>\t\t\t\t<\/div>\n\t\t\t\t<\/div>\n\t\t\t\t<div class=\"elementor-element elementor-element-4c15ffcd elementor-nav-menu__align-center elementor-nav-menu--dropdown-none elementor-widget__width-auto elementor-widget elementor-widget-nav-menu\" data-id=\"4c15ffcd\" data-element_type=\"widget\" data-e-type=\"widget\" data-settings=\"{&quot;layout&quot;:&quot;horizontal&quot;,&quot;submenu_icon&quot;:{&quot;value&quot;:&quot;&lt;i class=\\&quot;fas fa-caret-down\\&quot; aria-hidden=\\&quot;true\\&quot;&gt;&lt;\\\/i&gt;&quot;,&quot;library&quot;:&quot;fa-solid&quot;}}\" data-widget_type=\"nav-menu.default\">\n\t\t\t\t<div class=\"elementor-widget-container\">\n\t\t\t\t\t\t\t\t<nav aria-label=\"Men\u00fc\" class=\"elementor-nav-menu--main elementor-nav-menu__container elementor-nav-menu--layout-horizontal e--pointer-background e--animation-fade\">\n\t\t\t\t<ul id=\"menu-1-4c15ffcd\" class=\"elementor-nav-menu\"><li class=\"menu-item menu-item-type-post_type menu-item-object-page menu-item-21040\"><a href=\"https:\/\/sc.informatik.rwth-aachen.de\/de\/studium\/bachelor\/mentoring\/\" class=\"elementor-item\">\u00dcbersicht<\/a><\/li>\n<li class=\"menu-item menu-item-type-post_type menu-item-object-page menu-item-21135\"><a href=\"https:\/\/sc.informatik.rwth-aachen.de\/de\/studium\/bachelor\/mentoring\/beratung\/\" class=\"elementor-item\">Beratung<\/a><\/li>\n<li class=\"menu-item menu-item-type-post_type menu-item-object-page menu-item-21131\"><a href=\"https:\/\/sc.informatik.rwth-aachen.de\/de\/studium\/bachelor\/mentoring\/mentoring-konzept\/\" class=\"elementor-item\">Mentoring Konzept<\/a><\/li>\n<li class=\"menu-item menu-item-type-post_type menu-item-object-page menu-item-21164\"><a href=\"https:\/\/sc.informatik.rwth-aachen.de\/de\/studium\/bachelor\/mentoring\/faq\/\" class=\"elementor-item\">FAQ \u2013 H\u00e4ufig Gestellte Fragen<\/a><\/li>\n<li class=\"menu-item menu-item-type-post_type menu-item-object-page menu-item-21130\"><a href=\"https:\/\/sc.informatik.rwth-aachen.de\/de\/studium\/bachelor\/mentoring\/mentor_in-werden\/\" class=\"elementor-item\">Mentorin\/Mentor werden<\/a><\/li>\n<li class=\"menu-item menu-item-type-post_type menu-item-object-page menu-item-22306\"><a href=\"https:\/\/sc.informatik.rwth-aachen.de\/de\/studium\/bachelor\/mentoring\/mentoring-team-2\/\" class=\"elementor-item\">Team &#038; Kontakt<\/a><\/li>\n<\/ul>\t\t\t<\/nav>\n\t\t\t\t\t\t<nav class=\"elementor-nav-menu--dropdown elementor-nav-menu__container\" aria-hidden=\"true\">\n\t\t\t\t<ul id=\"menu-2-4c15ffcd\" class=\"elementor-nav-menu\"><li class=\"menu-item menu-item-type-post_type menu-item-object-page menu-item-21040\"><a href=\"https:\/\/sc.informatik.rwth-aachen.de\/de\/studium\/bachelor\/mentoring\/\" class=\"elementor-item\" tabindex=\"-1\">\u00dcbersicht<\/a><\/li>\n<li class=\"menu-item menu-item-type-post_type menu-item-object-page menu-item-21135\"><a href=\"https:\/\/sc.informatik.rwth-aachen.de\/de\/studium\/bachelor\/mentoring\/beratung\/\" class=\"elementor-item\" tabindex=\"-1\">Beratung<\/a><\/li>\n<li class=\"menu-item menu-item-type-post_type menu-item-object-page menu-item-21131\"><a href=\"https:\/\/sc.informatik.rwth-aachen.de\/de\/studium\/bachelor\/mentoring\/mentoring-konzept\/\" class=\"elementor-item\" tabindex=\"-1\">Mentoring Konzept<\/a><\/li>\n<li class=\"menu-item menu-item-type-post_type menu-item-object-page menu-item-21164\"><a href=\"https:\/\/sc.informatik.rwth-aachen.de\/de\/studium\/bachelor\/mentoring\/faq\/\" class=\"elementor-item\" tabindex=\"-1\">FAQ \u2013 H\u00e4ufig Gestellte Fragen<\/a><\/li>\n<li class=\"menu-item menu-item-type-post_type menu-item-object-page menu-item-21130\"><a href=\"https:\/\/sc.informatik.rwth-aachen.de\/de\/studium\/bachelor\/mentoring\/mentor_in-werden\/\" class=\"elementor-item\" tabindex=\"-1\">Mentorin\/Mentor werden<\/a><\/li>\n<li class=\"menu-item menu-item-type-post_type menu-item-object-page menu-item-22306\"><a href=\"https:\/\/sc.informatik.rwth-aachen.de\/de\/studium\/bachelor\/mentoring\/mentoring-team-2\/\" class=\"elementor-item\" tabindex=\"-1\">Team &#038; Kontakt<\/a><\/li>\n<\/ul>\t\t\t<\/nav>\n\t\t\t\t\t\t<\/div>\n\t\t\t\t<\/div>\n\t\t\t\t\t<\/div>\n\t\t<\/div>\n\t\t\t\t\t<\/div>\n\t\t<\/section>\n\t\t\t\t<\/div>\n\t\t\t\t<\/div>\n\t\t\t\t\t\t<\/div>\n\t\t\t\t<\/div>\n\t\t\t\t\t<\/div>\n\t\t<\/div>\n\t\t\t\t\t<\/div>\n\t\t<\/section>\n\t\t\t\t<section class=\"elementor-section elementor-top-section elementor-element elementor-element-6fc0140 elementor-section-boxed elementor-section-height-default elementor-section-height-default\" data-id=\"6fc0140\" data-element_type=\"section\" data-e-type=\"section\">\n\t\t\t\t\t\t<div class=\"elementor-container elementor-column-gap-default\">\n\t\t\t\t\t<div class=\"elementor-column elementor-col-100 elementor-top-column elementor-element elementor-element-2d1c00b\" data-id=\"2d1c00b\" data-element_type=\"column\" data-e-type=\"column\" data-settings=\"{&quot;background_background&quot;:&quot;classic&quot;}\">\n\t\t\t<div class=\"elementor-widget-wrap elementor-element-populated\">\n\t\t\t\t\t\t<div class=\"elementor-element elementor-element-ac843b7 elementor-widget elementor-widget-heading\" data-id=\"ac843b7\" data-element_type=\"widget\" data-e-type=\"widget\" data-widget_type=\"heading.default\">\n\t\t\t\t<div class=\"elementor-widget-container\">\n\t\t\t\t\t<h1 class=\"elementor-heading-title elementor-size-default\">Mentoring - Team und Kontakt<\/h1>\t\t\t\t<\/div>\n\t\t\t\t<\/div>\n\t\t\t\t\t<\/div>\n\t\t<\/div>\n\t\t\t\t\t<\/div>\n\t\t<\/section>\n\t\t\t\t<section class=\"elementor-section elementor-top-section elementor-element elementor-element-090c654 elementor-section-boxed elementor-section-height-default elementor-section-height-default\" data-id=\"090c654\" data-element_type=\"section\" data-e-type=\"section\">\n\t\t\t\t\t\t<div class=\"elementor-container elementor-column-gap-default\">\n\t\t\t\t\t<div class=\"elementor-column elementor-col-100 elementor-top-column elementor-element elementor-element-8a93a38\" data-id=\"8a93a38\" data-element_type=\"column\" data-e-type=\"column\">\n\t\t\t<div class=\"elementor-widget-wrap elementor-element-populated\">\n\t\t\t\t\t\t<div class=\"elementor-element elementor-element-b66d51f elementor-widget elementor-widget-heading\" data-id=\"b66d51f\" data-element_type=\"widget\" data-e-type=\"widget\" data-widget_type=\"heading.default\">\n\t\t\t\t<div class=\"elementor-widget-container\">\n\t\t\t\t\t<h2 class=\"elementor-heading-title elementor-size-default\">Leitung<\/h2>\t\t\t\t<\/div>\n\t\t\t\t<\/div>\n\t\t\t\t\t<\/div>\n\t\t<\/div>\n\t\t\t\t\t<\/div>\n\t\t<\/section>\n\t\t\t\t<section class=\"elementor-section elementor-top-section elementor-element elementor-element-58c51aa elementor-section-content-middle elementor-section-boxed elementor-section-height-default elementor-section-height-default\" data-id=\"58c51aa\" data-element_type=\"section\" data-e-type=\"section\">\n\t\t\t\t\t\t<div class=\"elementor-container elementor-column-gap-default\">\n\t\t\t\t\t<div class=\"elementor-column elementor-col-50 elementor-top-column elementor-element elementor-element-cfc574c\" data-id=\"cfc574c\" data-element_type=\"column\" data-e-type=\"column\">\n\t\t\t<div class=\"elementor-widget-wrap elementor-element-populated\">\n\t\t\t\t\t\t<section class=\"elementor-section elementor-inner-section elementor-element elementor-element-c72d784 elementor-section-height-min-height elementor-section-boxed elementor-section-height-default\" data-id=\"c72d784\" data-element_type=\"section\" data-e-type=\"section\">\n\t\t\t\t\t\t<div class=\"elementor-container elementor-column-gap-default\">\n\t\t\t\t\t<div class=\"elementor-column elementor-col-50 elementor-inner-column elementor-element elementor-element-85854e9\" data-id=\"85854e9\" data-element_type=\"column\" data-e-type=\"column\" data-settings=\"{&quot;background_background&quot;:&quot;classic&quot;}\">\n\t\t\t<div class=\"elementor-widget-wrap elementor-element-populated\">\n\t\t\t\t\t\t<div class=\"elementor-element elementor-element-913d055 elementor-widget elementor-widget-image\" data-id=\"913d055\" data-element_type=\"widget\" data-e-type=\"widget\" data-widget_type=\"image.default\">\n\t\t\t\t<div class=\"elementor-widget-container\">\n\t\t\t\t\t\t\t\t\t\t\t\t\t\t\t<img fetchpriority=\"high\" decoding=\"async\" width=\"683\" height=\"1024\" src=\"https:\/\/sc.informatik.rwth-aachen.de\/wp-content\/uploads\/2025\/06\/Uwe-Naumann-683x1024.jpg\" class=\"attachment-large size-large wp-image-21176\" alt=\"\" srcset=\"https:\/\/sc.informatik.rwth-aachen.de\/wp-content\/uploads\/2025\/06\/Uwe-Naumann-683x1024.jpg 683w, https:\/\/sc.informatik.rwth-aachen.de\/wp-content\/uploads\/2025\/06\/Uwe-Naumann-200x300.jpg 200w, https:\/\/sc.informatik.rwth-aachen.de\/wp-content\/uploads\/2025\/06\/Uwe-Naumann-768x1152.jpg 768w, https:\/\/sc.informatik.rwth-aachen.de\/wp-content\/uploads\/2025\/06\/Uwe-Naumann-1024x1536.jpg 1024w, https:\/\/sc.informatik.rwth-aachen.de\/wp-content\/uploads\/2025\/06\/Uwe-Naumann-8x12.jpg 8w, https:\/\/sc.informatik.rwth-aachen.de\/wp-content\/uploads\/2025\/06\/Uwe-Naumann.jpg 1080w\" sizes=\"(max-width: 683px) 100vw, 683px\" \/>\t\t\t\t\t\t\t\t\t\t\t\t\t\t\t<\/div>\n\t\t\t\t<\/div>\n\t\t\t\t\t<\/div>\n\t\t<\/div>\n\t\t\t\t<div class=\"elementor-column elementor-col-50 elementor-inner-column elementor-element elementor-element-dffeaf2\" data-id=\"dffeaf2\" data-element_type=\"column\" data-e-type=\"column\">\n\t\t\t<div class=\"elementor-widget-wrap elementor-element-populated\">\n\t\t\t\t\t\t<div class=\"elementor-element elementor-element-e38c2ce elementor-widget elementor-widget-heading\" data-id=\"e38c2ce\" data-element_type=\"widget\" data-e-type=\"widget\" data-widget_type=\"heading.default\">\n\t\t\t\t<div class=\"elementor-widget-container\">\n\t\t\t\t\t<h3 class=\"elementor-heading-title elementor-size-default\">Uwe Naumannn<\/h3>\t\t\t\t<\/div>\n\t\t\t\t<\/div>\n\t\t\t\t<div class=\"elementor-element elementor-element-ac27e14 elementor-widget elementor-widget-text-editor\" data-id=\"ac27e14\" data-element_type=\"widget\" data-e-type=\"widget\" data-widget_type=\"text-editor.default\">\n\t\t\t\t<div class=\"elementor-widget-container\">\n\t\t\t\t\t\t\t\t\t<p>Univ.-Prof. Dr. rer. nat.<\/p><p>Professoraler Mentoring Beauftragter<\/p><p>Tel.: +49 241 80-28920<\/p><p>Mail: <a href=\"mailto:naumann@stce.rwth-aachen.de\">naumann@stce.rwth-aachen.de<\/a><\/p>\t\t\t\t\t\t\t\t<\/div>\n\t\t\t\t<\/div>\n\t\t\t\t\t<\/div>\n\t\t<\/div>\n\t\t\t\t\t<\/div>\n\t\t<\/section>\n\t\t\t\t\t<\/div>\n\t\t<\/div>\n\t\t\t\t<div class=\"elementor-column elementor-col-50 elementor-top-column elementor-element elementor-element-3f58b6d\" data-id=\"3f58b6d\" data-element_type=\"column\" data-e-type=\"column\">\n\t\t\t<div class=\"elementor-widget-wrap elementor-element-populated\">\n\t\t\t\t\t\t<section class=\"elementor-section elementor-inner-section elementor-element elementor-element-6fd6ca3 elementor-section-height-min-height elementor-section-boxed elementor-section-height-default\" data-id=\"6fd6ca3\" data-element_type=\"section\" data-e-type=\"section\">\n\t\t\t\t\t\t<div class=\"elementor-container elementor-column-gap-default\">\n\t\t\t\t\t<div class=\"elementor-column elementor-col-50 elementor-inner-column elementor-element elementor-element-e468d6f\" data-id=\"e468d6f\" data-element_type=\"column\" data-e-type=\"column\" data-settings=\"{&quot;background_background&quot;:&quot;classic&quot;}\">\n\t\t\t<div class=\"elementor-widget-wrap elementor-element-populated\">\n\t\t\t\t\t\t<div class=\"elementor-element elementor-element-93587a1 elementor-widget elementor-widget-image\" data-id=\"93587a1\" data-element_type=\"widget\" data-e-type=\"widget\" data-widget_type=\"image.default\">\n\t\t\t\t<div class=\"elementor-widget-container\">\n\t\t\t\t\t\t\t\t\t\t\t\t\t\t\t<img decoding=\"async\" width=\"200\" height=\"300\" src=\"https:\/\/sc.informatik.rwth-aachen.de\/wp-content\/uploads\/2025\/06\/Marion-Brandt-Roehrig-200x300.jpg\" class=\"attachment-medium size-medium wp-image-21175\" alt=\"\" srcset=\"https:\/\/sc.informatik.rwth-aachen.de\/wp-content\/uploads\/2025\/06\/Marion-Brandt-Roehrig-200x300.jpg 200w, https:\/\/sc.informatik.rwth-aachen.de\/wp-content\/uploads\/2025\/06\/Marion-Brandt-Roehrig-683x1024.jpg 683w, https:\/\/sc.informatik.rwth-aachen.de\/wp-content\/uploads\/2025\/06\/Marion-Brandt-Roehrig-768x1151.jpg 768w, https:\/\/sc.informatik.rwth-aachen.de\/wp-content\/uploads\/2025\/06\/Marion-Brandt-Roehrig-1025x1536.jpg 1025w, https:\/\/sc.informatik.rwth-aachen.de\/wp-content\/uploads\/2025\/06\/Marion-Brandt-Roehrig-8x12.jpg 8w, https:\/\/sc.informatik.rwth-aachen.de\/wp-content\/uploads\/2025\/06\/Marion-Brandt-Roehrig.jpg 1080w\" sizes=\"(max-width: 200px) 100vw, 200px\" \/>\t\t\t\t\t\t\t\t\t\t\t\t\t\t\t<\/div>\n\t\t\t\t<\/div>\n\t\t\t\t\t<\/div>\n\t\t<\/div>\n\t\t\t\t<div class=\"elementor-column elementor-col-50 elementor-inner-column elementor-element elementor-element-3b2b552\" data-id=\"3b2b552\" data-element_type=\"column\" data-e-type=\"column\">\n\t\t\t<div class=\"elementor-widget-wrap elementor-element-populated\">\n\t\t\t\t\t\t<div class=\"elementor-element elementor-element-ada5482 elementor-widget elementor-widget-heading\" data-id=\"ada5482\" data-element_type=\"widget\" data-e-type=\"widget\" data-widget_type=\"heading.default\">\n\t\t\t\t<div class=\"elementor-widget-container\">\n\t\t\t\t\t<h3 class=\"elementor-heading-title elementor-size-default\">Marion Brandt-R\u00f6hrig<\/h3>\t\t\t\t<\/div>\n\t\t\t\t<\/div>\n\t\t\t\t<div class=\"elementor-element elementor-element-04abb56 elementor-widget elementor-widget-text-editor\" data-id=\"04abb56\" data-element_type=\"widget\" data-e-type=\"widget\" data-widget_type=\"text-editor.default\">\n\t\t\t\t<div class=\"elementor-widget-container\">\n\t\t\t\t\t\t\t\t\t<p>M. A.<\/p><p>Leitung Mentoring<\/p><p>Tel.: +49 241 80-21007<\/p><p>Mail:\u00a0<a style=\"background-color: #ffffff; font-size: 1rem;\" href=\"mailto:brandt@informatik.rwth-aachen.de\" target=\"_blank\" rel=\"noopener\">brandt@informatik.rwth-aachen.de<\/a><\/p>\t\t\t\t\t\t\t\t<\/div>\n\t\t\t\t<\/div>\n\t\t\t\t\t<\/div>\n\t\t<\/div>\n\t\t\t\t\t<\/div>\n\t\t<\/section>\n\t\t\t\t\t<\/div>\n\t\t<\/div>\n\t\t\t\t\t<\/div>\n\t\t<\/section>\n\t\t\t\t<section class=\"elementor-section elementor-top-section elementor-element elementor-element-89bab9f elementor-section-boxed elementor-section-height-default elementor-section-height-default\" data-id=\"89bab9f\" data-element_type=\"section\" data-e-type=\"section\">\n\t\t\t\t\t\t<div class=\"elementor-container elementor-column-gap-default\">\n\t\t\t\t\t<div class=\"elementor-column elementor-col-100 elementor-top-column elementor-element elementor-element-26453bc\" data-id=\"26453bc\" data-element_type=\"column\" data-e-type=\"column\">\n\t\t\t<div class=\"elementor-widget-wrap elementor-element-populated\">\n\t\t\t\t\t\t<div class=\"elementor-element elementor-element-986bc2a elementor-widget elementor-widget-text-editor\" data-id=\"986bc2a\" data-element_type=\"widget\" data-e-type=\"widget\" data-widget_type=\"text-editor.default\">\n\t\t\t\t<div class=\"elementor-widget-container\">\n\t\t\t\t\t\t\t\t\t<h1>Adresse und Anfahrt<\/h1><p>Informatikzentrum auf der H\u00f6rn, Erweiterungsbau E2 (Geb\u00e4udenummer 2356), Untergeschoss, Mentoring-Flur (R\u00e4ume 6U07 bis 6U011).<\/p><p>In RWTHonline findest du die R\u00e4ume unter der Notation: 2356|U107 bis 2356|U111.<\/p><p>Der k\u00fcrzeste Weg zu uns f\u00fchrt \u00fcber den Haupteingang des Informatikzentrums auf der Mies-van-der-Rohe-Stra\u00dfe, links neben der Zufahrt zum Parkplatz.<\/p><p><strong>Unsere Postadresse:<\/strong><\/p><p>RWTH Aachen c\/o Mentoring Informatik<br \/>Ahornstra\u00dfe 55<br \/>52074 Aachen<\/p>\t\t\t\t\t\t\t\t<\/div>\n\t\t\t\t<\/div>\n\t\t\t\t\t<\/div>\n\t\t<\/div>\n\t\t\t\t\t<\/div>\n\t\t<\/section>\n\t\t\t\t<section class=\"elementor-section elementor-top-section elementor-element elementor-element-6d0d318 elementor-section-boxed elementor-section-height-default elementor-section-height-default\" data-id=\"6d0d318\" data-element_type=\"section\" data-e-type=\"section\">\n\t\t\t\t\t\t<div class=\"elementor-container elementor-column-gap-default\">\n\t\t\t\t\t<div class=\"elementor-column elementor-col-100 elementor-top-column elementor-element elementor-element-8516b5b\" data-id=\"8516b5b\" data-element_type=\"column\" data-e-type=\"column\">\n\t\t\t<div class=\"elementor-widget-wrap elementor-element-populated\">\n\t\t\t\t\t\t<div class=\"elementor-element elementor-element-74fe427 elementor-widget elementor-widget-heading\" data-id=\"74fe427\" data-element_type=\"widget\" data-e-type=\"widget\" data-widget_type=\"heading.default\">\n\t\t\t\t<div class=\"elementor-widget-container\">\n\t\t\t\t\t<h1 class=\"elementor-heading-title elementor-size-default\">Wegbeschreibung<\/h1>\t\t\t\t<\/div>\n\t\t\t\t<\/div>\n\t\t\t\t\t<\/div>\n\t\t<\/div>\n\t\t\t\t\t<\/div>\n\t\t<\/section>\n\t\t\t\t<section class=\"elementor-section elementor-top-section elementor-element elementor-element-05d1d13 elementor-section-boxed elementor-section-height-default elementor-section-height-default\" data-id=\"05d1d13\" data-element_type=\"section\" data-e-type=\"section\">\n\t\t\t\t\t\t<div class=\"elementor-container elementor-column-gap-default\">\n\t\t\t\t\t<div class=\"elementor-column elementor-col-100 elementor-top-column elementor-element elementor-element-4839a3d\" data-id=\"4839a3d\" data-element_type=\"column\" data-e-type=\"column\">\n\t\t\t<div class=\"elementor-widget-wrap elementor-element-populated\">\n\t\t\t\t\t\t<div class=\"elementor-element elementor-element-3008b22 elementor-widget elementor-widget-image\" data-id=\"3008b22\" data-element_type=\"widget\" data-e-type=\"widget\" data-widget_type=\"image.default\">\n\t\t\t\t<div class=\"elementor-widget-container\">\n\t\t\t\t\t\t\t\t\t\t\t\t\t\t\t<img decoding=\"async\" width=\"800\" height=\"837\" src=\"https:\/\/sc.informatik.rwth-aachen.de\/wp-content\/uploads\/2026\/01\/Lageplan-ohne-Gebaeudeteile-979x1024.png\" class=\"attachment-large size-large wp-image-22299\" alt=\"\u00dcbersicht \u00fcber das Informatikzentrum mit Wegbeschreibung zu den B\u00fcros f\u00fcr das Mentoring ind er Informatik.\" srcset=\"https:\/\/sc.informatik.rwth-aachen.de\/wp-content\/uploads\/2026\/01\/Lageplan-ohne-Gebaeudeteile-979x1024.png 979w, https:\/\/sc.informatik.rwth-aachen.de\/wp-content\/uploads\/2026\/01\/Lageplan-ohne-Gebaeudeteile-287x300.png 287w, https:\/\/sc.informatik.rwth-aachen.de\/wp-content\/uploads\/2026\/01\/Lageplan-ohne-Gebaeudeteile-768x803.png 768w, https:\/\/sc.informatik.rwth-aachen.de\/wp-content\/uploads\/2026\/01\/Lageplan-ohne-Gebaeudeteile-1469x1536.png 1469w, https:\/\/sc.informatik.rwth-aachen.de\/wp-content\/uploads\/2026\/01\/Lageplan-ohne-Gebaeudeteile-1958x2048.png 1958w, https:\/\/sc.informatik.rwth-aachen.de\/wp-content\/uploads\/2026\/01\/Lageplan-ohne-Gebaeudeteile-11x12.png 11w\" sizes=\"(max-width: 800px) 100vw, 800px\" \/>\t\t\t\t\t\t\t\t\t\t\t\t\t\t\t<\/div>\n\t\t\t\t<\/div>\n\t\t\t\t\t<\/div>\n\t\t<\/div>\n\t\t\t\t\t<\/div>\n\t\t<\/section>\n\t\t\t\t<\/div>\n\t\t","protected":false},"excerpt":{"rendered":"<p>Das Informatik-Mentoring versteht sich als Erg\u00e4nzung zur Fachstudienberatung mit Blick auf die gesamte Studien- und Lebenssituation. Wir begleiten dich nicht nur im Rahmen unserer Mentoring-Module durch das erste Studienjahr, sondern laden dich herzlich ein, dich w\u00e4hrend des gesamten Bachelor-Studiums bei Belastungen und Schwierigkeiten, die sich auf deinen Studienverlauf auswirken, von uns beraten zu lassen. Direkt [&hellip;]<\/p>\n","protected":false},"author":12,"featured_media":0,"parent":20988,"menu_order":0,"comment_status":"closed","ping_status":"closed","template":"","meta":{"inline_featured_image":false,"footnotes":""},"class_list":["post-22296","page","type-page","status-publish","hentry"],"_links":{"self":[{"href":"https:\/\/sc.informatik.rwth-aachen.de\/de\/wp-json\/wp\/v2\/pages\/22296","targetHints":{"allow":["GET"]}}],"collection":[{"href":"https:\/\/sc.informatik.rwth-aachen.de\/de\/wp-json\/wp\/v2\/pages"}],"about":[{"href":"https:\/\/sc.informatik.rwth-aachen.de\/de\/wp-json\/wp\/v2\/types\/page"}],"author":[{"embeddable":true,"href":"https:\/\/sc.informatik.rwth-aachen.de\/de\/wp-json\/wp\/v2\/users\/12"}],"replies":[{"embeddable":true,"href":"https:\/\/sc.informatik.rwth-aachen.de\/de\/wp-json\/wp\/v2\/comments?post=22296"}],"version-history":[{"count":9,"href":"https:\/\/sc.informatik.rwth-aachen.de\/de\/wp-json\/wp\/v2\/pages\/22296\/revisions"}],"predecessor-version":[{"id":22357,"href":"https:\/\/sc.informatik.rwth-aachen.de\/de\/wp-json\/wp\/v2\/pages\/22296\/revisions\/22357"}],"up":[{"embeddable":true,"href":"https:\/\/sc.informatik.rwth-aachen.de\/de\/wp-json\/wp\/v2\/pages\/20988"}],"wp:attachment":[{"href":"https:\/\/sc.informatik.rwth-aachen.de\/de\/wp-json\/wp\/v2\/media?parent=22296"}],"curies":[{"name":"wp","href":"https:\/\/api.w.org\/{rel}","templated":true}]}}