{"id":22137,"date":"2025-11-21T14:52:43","date_gmt":"2025-11-21T13:52:43","guid":{"rendered":"https:\/\/sc.informatik.rwth-aachen.de\/?page_id=22137"},"modified":"2025-11-26T11:56:54","modified_gmt":"2025-11-26T10:56:54","slug":"promotion","status":"publish","type":"page","link":"https:\/\/sc.informatik.rwth-aachen.de\/de\/studium\/promotion\/","title":{"rendered":"Promotion in der Informatik"},"content":{"rendered":"\t\t<div data-elementor-type=\"wp-page\" data-elementor-id=\"22137\" class=\"elementor elementor-22137\" data-elementor-post-type=\"page\">\n\t\t\t\t\t\t<section class=\"elementor-section elementor-top-section elementor-element elementor-element-3cc5784 elementor-section-boxed elementor-section-height-default elementor-section-height-default\" data-id=\"3cc5784\" data-element_type=\"section\" data-e-type=\"section\">\n\t\t\t\t\t\t<div class=\"elementor-container elementor-column-gap-default\">\n\t\t\t\t\t<div class=\"elementor-column elementor-col-100 elementor-top-column elementor-element elementor-element-0f4a02f\" data-id=\"0f4a02f\" data-element_type=\"column\" data-e-type=\"column\">\n\t\t\t<div class=\"elementor-widget-wrap elementor-element-populated\">\n\t\t\t\t\t\t<div class=\"elementor-element elementor-element-f7d4ba1 img-copyright elementor-fixed elementor-hidden-tablet elementor-hidden-mobile elementor-widget elementor-widget-text-editor\" data-id=\"f7d4ba1\" data-element_type=\"widget\" data-e-type=\"widget\" data-settings=\"{&quot;_position&quot;:&quot;fixed&quot;}\" data-widget_type=\"text-editor.default\">\n\t\t\t\t<div class=\"elementor-widget-container\">\n\t\t\t\t\t\t\t\t\t<p>\u00a9 Bild: Helen Bolke-Hermanns<\/p>\t\t\t\t\t\t\t\t<\/div>\n\t\t\t\t<\/div>\n\t\t\t\t<div class=\"elementor-element elementor-element-5e18e8d elementor-widget elementor-widget-image\" data-id=\"5e18e8d\" data-element_type=\"widget\" data-e-type=\"widget\" data-widget_type=\"image.default\">\n\t\t\t\t<div class=\"elementor-widget-container\">\n\t\t\t\t\t\t\t\t\t\t\t\t<figure class=\"wp-caption\">\n\t\t\t\t\t\t\t\t\t\t<img fetchpriority=\"high\" decoding=\"async\" width=\"1886\" height=\"1255\" src=\"https:\/\/sc.informatik.rwth-aachen.de\/wp-content\/uploads\/2022\/09\/Aussenansicht_HBH.jpg\" class=\"attachment-full size-full wp-image-9812\" alt=\"\" srcset=\"https:\/\/sc.informatik.rwth-aachen.de\/wp-content\/uploads\/2022\/09\/Aussenansicht_HBH.jpg 1886w, https:\/\/sc.informatik.rwth-aachen.de\/wp-content\/uploads\/2022\/09\/Aussenansicht_HBH-300x200.jpg 300w, https:\/\/sc.informatik.rwth-aachen.de\/wp-content\/uploads\/2022\/09\/Aussenansicht_HBH-1024x681.jpg 1024w, https:\/\/sc.informatik.rwth-aachen.de\/wp-content\/uploads\/2022\/09\/Aussenansicht_HBH-768x511.jpg 768w, https:\/\/sc.informatik.rwth-aachen.de\/wp-content\/uploads\/2022\/09\/Aussenansicht_HBH-1536x1022.jpg 1536w, https:\/\/sc.informatik.rwth-aachen.de\/wp-content\/uploads\/2022\/09\/Aussenansicht_HBH-18x12.jpg 18w\" sizes=\"(max-width: 1886px) 100vw, 1886px\" \/>\t\t\t\t\t\t\t\t\t\t\t<figcaption class=\"widget-image-caption wp-caption-text\"><\/figcaption>\n\t\t\t\t\t\t\t\t\t\t<\/figure>\n\t\t\t\t\t\t\t\t\t<\/div>\n\t\t\t\t<\/div>\n\t\t\t\t\t<\/div>\n\t\t<\/div>\n\t\t\t\t\t<\/div>\n\t\t<\/section>\n\t\t\t\t<section class=\"elementor-section elementor-top-section elementor-element elementor-element-a628131 elementor-section-boxed elementor-section-height-default elementor-section-height-default\" data-id=\"a628131\" data-element_type=\"section\" data-e-type=\"section\">\n\t\t\t\t\t\t<div class=\"elementor-container elementor-column-gap-default\">\n\t\t\t\t\t<div class=\"elementor-column elementor-col-100 elementor-top-column elementor-element elementor-element-bda99c6 animated-fast elementor-invisible\" data-id=\"bda99c6\" data-element_type=\"column\" data-e-type=\"column\" data-settings=\"{&quot;background_background&quot;:&quot;classic&quot;,&quot;animation&quot;:&quot;fadeIn&quot;}\">\n\t\t\t<div class=\"elementor-widget-wrap elementor-element-populated\">\n\t\t\t\t\t\t<div class=\"elementor-element elementor-element-6daccca elementor-blockquote--skin-quotation elementor-blockquote--align-left elementor-widget elementor-widget-blockquote\" data-id=\"6daccca\" data-element_type=\"widget\" data-e-type=\"widget\" data-widget_type=\"blockquote.default\">\n\t\t\t\t<div class=\"elementor-widget-container\">\n\t\t\t\t\t\t\t<blockquote class=\"elementor-blockquote\">\n\t\t\t<p class=\"elementor-blockquote__content\">\n\t\t\t\tPerfecting oneself is as much unlearning as it is learning.\t\t\t<\/p>\n\t\t\t\t\t\t\t<div class=\"e-q-footer\">\n\t\t\t\t\t\t\t\t\t\t\t<cite class=\"elementor-blockquote__author\">Edsger W. Dijkstra<\/cite>\n\t\t\t\t\t\t\t\t\t\t\t\t\t\t<\/div>\n\t\t\t\t\t<\/blockquote>\n\t\t\t\t\t\t<\/div>\n\t\t\t\t<\/div>\n\t\t\t\t<div class=\"elementor-element elementor-element-3495c7b elementor-widget elementor-widget-text-editor\" data-id=\"3495c7b\" data-element_type=\"widget\" data-e-type=\"widget\" data-widget_type=\"text-editor.default\">\n\t\t\t\t<div class=\"elementor-widget-container\">\n\t\t\t\t\t\t\t\t\t<div role=\"listitem\"><div><div aria-label=\"Am Freitag, 21. November um 13:42 schrieb Helen Bolke-Hermanns: *&quot;Eine Promotion dient dem Nachweis der Bef\u00e4higung zu besonders vertiefter wissenschaftlicher Arbeit. Sie qualifiziert sowohl f\u00fcr eine weitere akademische Laufbahn als auch f\u00fcr verantwortungsvolle T\u00e4tigkeiten auf einem hochqualifizierten Arbeitsmarkt au\u00dferhalb der RWTH. Die Promotion basiert auf * einer selbstst\u00e4ndig verfassten wissenschaftlichen Arbeit (**Dissertation**), * einer m\u00fcndlichen Pr\u00fcfung (**Rigorosum**) * und der Ver\u00f6ffentlichung der Dissertation in der **[Universit\u00e4tsbibliothek](https:\/\/www.ub.rwth-aachen.de\/cms\/~hame\/ub\/)**. Ziel ist die Verleihung des Doktorgrades in der Informatik als Dr.-Ing. oder Dr. rer. nat.. Eine Promotion dauert \u00fcblicherweise f\u00fcnf bis sechs Jahre. Was schon im Studium wichtig war \u2013 Organisationstalent, Selbstdisziplin, Motivation und eigenst\u00e4ndiges Arbeiten \u2013 ist w\u00e4hrend der Promotion in besonderem Ma\u00dfe gefragt. Da es \u00fcber die Promotionszeit hinweg weniger klar strukturierte Zwischenschritte gibt als im Studium, sind Durchhalteverm\u00f6gen, Leistungsbereitschaft und eine hohe intrinsische Motivation besonders wichtig. Der Weg zur Promotion ist h\u00e4ufig mit einer Anstellung als wissenschaftliche Mitarbeiterin oder wissenschaftlicher Mitarbeiter an einem [unserer Informatik-Lehrst\u00fchle](https:\/\/www.informatik.rwth-aachen.de\/cms\/informatik\/forschung\/Forschungsbereiche\/~bnrzti\/Liste-der-Forschungsgruppen2\/contextedit\/1\/) verbunden (\u201eAssistenzpromotion\u201c). Die Promovierenden bearbeiten dabei ein eigenes Forschungsprojekt, sind in Forschung und Lehre des Lehrstuhls eingebunden und werden durch eine Betreuerin oder einen Betreuer fachlich begleitet. Das **[RWTH Center for Young Academics (CYA](https:\/\/www.rwth-aachen.de\/go\/id\/psbp))** ber\u00e4t, f\u00f6rdert und unterst\u00fctzt Promovierende der Planung und Umsetzung individueller Karrierewege innerhalb und au\u00dferhalb der Wissenschaft. Durch ein vielf\u00e4ltiges Qualifizierungs- und Beratungsangebot bietet das CYA passgenaue Formate, Trainings und Orientierung f\u00fcr unterschiedliche Karriereziele.&quot;*\" data-testid=\"postView\"><div data-testid=\"postContent\"><div><div><div><div><div><div><div dir=\"auto\"><p>Eine Promotion dient dem Nachweis der Bef\u00e4higung zu besonders vertiefter wissenschaftlicher Arbeit. Sie qualifiziert sowohl f\u00fcr eine weitere akademische Laufbahn als auch f\u00fcr verantwortungsvolle T\u00e4tigkeiten auf einem hochqualifizierten Arbeitsmarkt au\u00dferhalb der RWTH.<\/p><p>Die Promotion basiert auf<\/p><ul><li>einer selbstst\u00e4ndig verfassten wissenschaftlichen Arbeit (<strong>Dissertation<\/strong>),<\/li><li>einer m\u00fcndlichen Pr\u00fcfung (<strong>Rigorosum<\/strong>)<\/li><li>und der Ver\u00f6ffentlichung der Dissertation in der\u00a0<strong><a href=\"https:\/\/www.ub.rwth-aachen.de\/cms\/~hame\/ub\/\" target=\"_blank\" rel=\"noopener noreferrer\">Universit\u00e4tsbibliothek<\/a><\/strong>.<\/li><\/ul><p><span style=\"font-size: 1rem;\">Eine Promotion dauert \u00fcblicherweise f\u00fcnf bis sechs Jahre und ihr\u00a0<\/span>Ziel ist die Verleihung des Doktorgrades in der Informatik als Dr.-Ing. oder Dr. rer. nat.\u00a0Was schon im Studium wichtig war \u2013 Organisationstalent, Selbstdisziplin, Motivation und eigenst\u00e4ndiges Arbeiten \u2013 ist w\u00e4hrend der Promotion in besonderem Ma\u00dfe gefragt. Da es \u00fcber die Promotionszeit hinweg weniger klar strukturierte Zwischenschritte gibt als im Studium, sind Durchhalteverm\u00f6gen, Leistungsbereitschaft und eine hohe intrinsische Motivation besonders wichtig.<\/p><p>Der Weg zur Promotion ist h\u00e4ufig mit einer Anstellung als wissenschaftliche Mitarbeiterin oder wissenschaftlicher Mitarbeiter an einem unserer <a href=\"https:\/\/www.informatik.rwth-aachen.de\/cms\/informatik\/forschung\/Forschungsbereiche\/~bnrzti\/Liste-der-Forschungsgruppen2\/contextedit\/1\/\">Informatik-Lehrst\u00fchle <\/a>verbunden (\u201eAssistenzpromotion\u201c). Die Promovierenden bearbeiten dabei ein eigenes Forschungsprojekt, sind in Forschung und Lehre des Lehrstuhls eingebunden und werden durch eine Betreuerin oder einen Betreuer fachlich begleitet.<\/p><p>Das <strong><a href=\"https:\/\/www.rwth-aachen.de\/go\/id\/psbp\" target=\"_blank\" rel=\"noopener noreferrer\">RWTH Center for Young Academics (CYA)<\/a><\/strong> ber\u00e4t, f\u00f6rdert und unterst\u00fctzt Promovierende bei der Planung und Umsetzung individueller Karrierewege innerhalb und au\u00dferhalb der Wissenschaft. Durch ein vielf\u00e4ltiges Qualifizierungs- und Beratungsangebot bietet das CYA passgenaue Formate, Trainings und Orientierung f\u00fcr unterschiedliche Karriereziele.<\/p><\/div><\/div><\/div><\/div><\/div><\/div><\/div><\/div><\/div><\/div><\/div>\t\t\t\t\t\t\t\t<\/div>\n\t\t\t\t<\/div>\n\t\t\t\t\t<\/div>\n\t\t<\/div>\n\t\t\t\t\t<\/div>\n\t\t<\/section>\n\t\t\t\t<section class=\"elementor-section elementor-top-section elementor-element elementor-element-20919b2 elementor-section-boxed elementor-section-height-default elementor-section-height-default\" data-id=\"20919b2\" data-element_type=\"section\" data-e-type=\"section\">\n\t\t\t\t\t\t<div class=\"elementor-container elementor-column-gap-default\">\n\t\t\t\t\t<div class=\"elementor-column elementor-col-100 elementor-top-column elementor-element elementor-element-86d2de1\" data-id=\"86d2de1\" data-element_type=\"column\" data-e-type=\"column\">\n\t\t\t<div class=\"elementor-widget-wrap elementor-element-populated\">\n\t\t\t\t\t\t<section class=\"elementor-section elementor-inner-section elementor-element elementor-element-06169cd elementor-section-boxed elementor-section-height-default elementor-section-height-default\" data-id=\"06169cd\" data-element_type=\"section\" data-e-type=\"section\">\n\t\t\t\t\t\t<div class=\"elementor-container elementor-column-gap-default\">\n\t\t\t\t\t<div class=\"elementor-column elementor-col-50 elementor-inner-column elementor-element elementor-element-297d5c2\" data-id=\"297d5c2\" data-element_type=\"column\" data-e-type=\"column\">\n\t\t\t<div class=\"elementor-widget-wrap elementor-element-populated\">\n\t\t\t\t\t\t<div class=\"elementor-element elementor-element-4ba080c elementor-align-justify elementor-mobile-align-justify elementor-widget elementor-widget-button\" data-id=\"4ba080c\" data-element_type=\"widget\" data-e-type=\"widget\" data-widget_type=\"button.default\">\n\t\t\t\t<div class=\"elementor-widget-container\">\n\t\t\t\t\t\t\t\t\t<div class=\"elementor-button-wrapper\">\n\t\t\t\t\t<a class=\"elementor-button elementor-button-link elementor-size-md\" href=\"https:\/\/sc.informatik.rwth-aachen.de\/de\/phd-informatik\/\">\n\t\t\t\t\t\t<span class=\"elementor-button-content-wrapper\">\n\t\t\t\t\t\t\t\t\t<span class=\"elementor-button-text\">Aufbau und Ablauf der Promotion<\/span>\n\t\t\t\t\t<\/span>\n\t\t\t\t\t<\/a>\n\t\t\t\t<\/div>\n\t\t\t\t\t\t\t\t<\/div>\n\t\t\t\t<\/div>\n\t\t\t\t\t<\/div>\n\t\t<\/div>\n\t\t\t\t<div class=\"elementor-column elementor-col-50 elementor-inner-column elementor-element elementor-element-15c4d0e\" data-id=\"15c4d0e\" data-element_type=\"column\" data-e-type=\"column\">\n\t\t\t<div class=\"elementor-widget-wrap elementor-element-populated\">\n\t\t\t\t\t\t<div class=\"elementor-element elementor-element-2e6d9e3 elementor-align-justify elementor-mobile-align-justify elementor-widget elementor-widget-button\" data-id=\"2e6d9e3\" data-element_type=\"widget\" data-e-type=\"widget\" data-widget_type=\"button.default\">\n\t\t\t\t<div class=\"elementor-widget-container\">\n\t\t\t\t\t\t\t\t\t<div class=\"elementor-button-wrapper\">\n\t\t\t\t\t<a class=\"elementor-button elementor-button-link elementor-size-md\" href=\"https:\/\/sc.informatik.rwth-aachen.de\/de\/phd-informatik\/promotionsbuero\/\">\n\t\t\t\t\t\t<span class=\"elementor-button-content-wrapper\">\n\t\t\t\t\t\t\t\t\t<span class=\"elementor-button-text\">Kontakt Promotionsb\u00fcro<\/span>\n\t\t\t\t\t<\/span>\n\t\t\t\t\t<\/a>\n\t\t\t\t<\/div>\n\t\t\t\t\t\t\t\t<\/div>\n\t\t\t\t<\/div>\n\t\t\t\t\t<\/div>\n\t\t<\/div>\n\t\t\t\t\t<\/div>\n\t\t<\/section>\n\t\t\t\t\t<\/div>\n\t\t<\/div>\n\t\t\t\t\t<\/div>\n\t\t<\/section>\n\t\t\t\t<\/div>\n\t\t","protected":false},"excerpt":{"rendered":"<p>\u00a9 Bild: Helen Bolke-Hermanns Perfecting oneself is as much unlearning as it is learning. Edsger W. Dijkstra Eine Promotion dient dem Nachweis der Bef\u00e4higung zu besonders vertiefter wissenschaftlicher Arbeit. Sie qualifiziert sowohl f\u00fcr eine weitere akademische Laufbahn als auch f\u00fcr verantwortungsvolle T\u00e4tigkeiten auf einem hochqualifizierten Arbeitsmarkt au\u00dferhalb der RWTH. Die Promotion basiert auf einer selbstst\u00e4ndig [&hellip;]<\/p>\n","protected":false},"author":12,"featured_media":0,"parent":738,"menu_order":0,"comment_status":"closed","ping_status":"closed","template":"","meta":{"inline_featured_image":false,"footnotes":""},"class_list":["post-22137","page","type-page","status-publish","hentry"],"_links":{"self":[{"href":"https:\/\/sc.informatik.rwth-aachen.de\/de\/wp-json\/wp\/v2\/pages\/22137","targetHints":{"allow":["GET"]}}],"collection":[{"href":"https:\/\/sc.informatik.rwth-aachen.de\/de\/wp-json\/wp\/v2\/pages"}],"about":[{"href":"https:\/\/sc.informatik.rwth-aachen.de\/de\/wp-json\/wp\/v2\/types\/page"}],"author":[{"embeddable":true,"href":"https:\/\/sc.informatik.rwth-aachen.de\/de\/wp-json\/wp\/v2\/users\/12"}],"replies":[{"embeddable":true,"href":"https:\/\/sc.informatik.rwth-aachen.de\/de\/wp-json\/wp\/v2\/comments?post=22137"}],"version-history":[{"count":13,"href":"https:\/\/sc.informatik.rwth-aachen.de\/de\/wp-json\/wp\/v2\/pages\/22137\/revisions"}],"predecessor-version":[{"id":22193,"href":"https:\/\/sc.informatik.rwth-aachen.de\/de\/wp-json\/wp\/v2\/pages\/22137\/revisions\/22193"}],"up":[{"embeddable":true,"href":"https:\/\/sc.informatik.rwth-aachen.de\/de\/wp-json\/wp\/v2\/pages\/738"}],"wp:attachment":[{"href":"https:\/\/sc.informatik.rwth-aachen.de\/de\/wp-json\/wp\/v2\/media?parent=22137"}],"curies":[{"name":"wp","href":"https:\/\/api.w.org\/{rel}","templated":true}]}}