{"id":21591,"date":"2025-09-30T13:01:47","date_gmt":"2025-09-30T11:01:47","guid":{"rendered":"https:\/\/sc.informatik.rwth-aachen.de\/?page_id=21591"},"modified":"2025-09-30T13:15:49","modified_gmt":"2025-09-30T11:15:49","slug":"digital-learning","status":"publish","type":"page","link":"https:\/\/sc.informatik.rwth-aachen.de\/de\/lehre\/digital-learning\/","title":{"rendered":"Selected Topics in Digital Learning (Winter 24\/25)"},"content":{"rendered":"\t\t<div data-elementor-type=\"wp-page\" data-elementor-id=\"21591\" class=\"elementor elementor-21591\" data-elementor-post-type=\"page\">\n\t\t\t\t\t\t<section class=\"elementor-section elementor-top-section elementor-element elementor-element-2f0a0e19 elementor-section-height-min-height elementor-section-boxed elementor-section-height-default elementor-section-items-middle\" data-id=\"2f0a0e19\" data-element_type=\"section\" data-e-type=\"section\" data-settings=\"{&quot;background_background&quot;:&quot;classic&quot;}\">\n\t\t\t\t\t\t\t<div class=\"elementor-background-overlay\"><\/div>\n\t\t\t\t\t\t\t<div class=\"elementor-container elementor-column-gap-default\">\n\t\t\t\t\t<div class=\"elementor-column elementor-col-100 elementor-top-column elementor-element elementor-element-6c87de5f\" data-id=\"6c87de5f\" data-element_type=\"column\" data-e-type=\"column\">\n\t\t\t<div class=\"elementor-widget-wrap\">\n\t\t\t\t\t\t\t<\/div>\n\t\t<\/div>\n\t\t\t\t\t<\/div>\n\t\t<\/section>\n\t\t\t\t<section class=\"elementor-section elementor-top-section elementor-element elementor-element-34646337 elementor-reverse-mobile elementor-section-boxed elementor-section-height-default elementor-section-height-default\" data-id=\"34646337\" data-element_type=\"section\" data-e-type=\"section\">\n\t\t\t\t\t\t<div class=\"elementor-container elementor-column-gap-wide\">\n\t\t\t\t\t<div class=\"elementor-column elementor-col-50 elementor-top-column elementor-element elementor-element-65956c04\" data-id=\"65956c04\" data-element_type=\"column\" data-e-type=\"column\">\n\t\t\t<div class=\"elementor-widget-wrap elementor-element-populated\">\n\t\t\t\t\t\t<div class=\"elementor-element elementor-element-617fd6ae elementor-widget elementor-widget-heading\" data-id=\"617fd6ae\" data-element_type=\"widget\" data-e-type=\"widget\" data-widget_type=\"heading.default\">\n\t\t\t\t<div class=\"elementor-widget-container\">\n\t\t\t\t\t<h1 class=\"elementor-heading-title elementor-size-default\">Selected Topics in Digital Learning<\/h1>\t\t\t\t<\/div>\n\t\t\t\t<\/div>\n\t\t\t\t<div class=\"elementor-element elementor-element-34771cb elementor-widget elementor-widget-heading\" data-id=\"34771cb\" data-element_type=\"widget\" data-e-type=\"widget\" data-widget_type=\"heading.default\">\n\t\t\t\t<div class=\"elementor-widget-container\">\n\t\t\t\t\t<h3 class=\"elementor-heading-title elementor-size-default\">Winter 2025\/2026<\/h3>\t\t\t\t<\/div>\n\t\t\t\t<\/div>\n\t\t\t\t<div class=\"elementor-element elementor-element-3e14bb5 elementor-widget__width-auto elementor-widget elementor-widget-text-editor\" data-id=\"3e14bb5\" data-element_type=\"widget\" data-e-type=\"widget\" data-widget_type=\"text-editor.default\">\n\t\t\t\t<div class=\"elementor-widget-container\">\n\t\t\t\t\t\t\t\t\t<p>Digital Learning ist ein Oberbegriff f\u00fcr alle Arten des technologiegest\u00fctzten Lernens. Sowohl Distance Learning als auch In-Person Learning k\u00f6nnen in unterschiedlichem Ma\u00dfe dazugeh\u00f6ren. Alle k\u00f6nnen auf die eine oder andere Weise Digital Learning beinhalten. Nach Georgiagov besteht Digital Learning aus den drei Aspekten Technologie, Digitale Inhalte sowie Instruktion.<\/p>\t\t\t\t\t\t\t\t<\/div>\n\t\t\t\t<\/div>\n\t\t\t\t<div class=\"elementor-element elementor-element-2216598 elementor-widget__width-auto elementor-widget elementor-widget-text-editor\" data-id=\"2216598\" data-element_type=\"widget\" data-e-type=\"widget\" data-widget_type=\"text-editor.default\">\n\t\t\t\t<div class=\"elementor-widget-container\">\n\t\t\t\t\t\t\t\t\t<p>Studierende im Master erkunden ausgew\u00e4hlte Teilaspekte des Digital Learning in einem breiteren und offeneren Kontext. Dabei werden die Aspekte Technologie, digitale Inhalte, Instruktion, Feedback sowie Potenziale und Herausforderungen f\u00fcr beeintr\u00e4chtigte und technikferne Lernende untersucht und in fundierte Guidelines\/Richtlinien \u00fcberf\u00fchrt, welche schlie\u00dflich auf ein selbstgew\u00e4hltes, konkretes Lernszenario \u00fcbertragen werden.<\/p><p>Detailliertere Erl\u00e4uterungen zu den einzelnen Themen sind weiter unten zu finden.<\/p><p><b>Hinweis zur Sprache:<\/b> Die Auftaktveranstaltung findet in englischer Sprache statt. Die individuellen Meetings k\u00f6nnen sowohl in deutscher als auch in englischer Sprache stattfinden.<\/p>\t\t\t\t\t\t\t\t<\/div>\n\t\t\t\t<\/div>\n\t\t\t\t<div class=\"elementor-element elementor-element-9700a08 elementor-widget elementor-widget-spacer\" data-id=\"9700a08\" data-element_type=\"widget\" data-e-type=\"widget\" data-widget_type=\"spacer.default\">\n\t\t\t\t<div class=\"elementor-widget-container\">\n\t\t\t\t\t\t\t<div class=\"elementor-spacer\">\n\t\t\t<div class=\"elementor-spacer-inner\"><\/div>\n\t\t<\/div>\n\t\t\t\t\t\t<\/div>\n\t\t\t\t<\/div>\n\t\t\t\t<div class=\"elementor-element elementor-element-10fc866 elementor-widget elementor-widget-heading\" data-id=\"10fc866\" data-element_type=\"widget\" data-e-type=\"widget\" data-widget_type=\"heading.default\">\n\t\t\t\t<div class=\"elementor-widget-container\">\n\t\t\t\t\t<h2 class=\"elementor-heading-title elementor-size-default\">Kontakt<\/h2>\t\t\t\t<\/div>\n\t\t\t\t<\/div>\n\t\t\t\t<div class=\"elementor-element elementor-element-2191a5da elementor-widget__width-auto elementor-widget elementor-widget-image\" data-id=\"2191a5da\" data-element_type=\"widget\" data-e-type=\"widget\" data-widget_type=\"image.default\">\n\t\t\t\t<div class=\"elementor-widget-container\">\n\t\t\t\t\t\t\t\t\t\t\t\t<figure class=\"wp-caption\">\n\t\t\t\t\t\t\t\t\t\t\t<a href=\"https:\/\/sc.informatik.rwth-aachen.de\/noichl\/\">\n\t\t\t\t\t\t\t<img decoding=\"async\" src=\"https:\/\/sc.informatik.rwth-aachen.de\/wp-content\/uploads\/elementor\/thumbs\/noichl-phuqio8ja68uskm2z5lfeg7yhfr34azbr34lytx97g.png\" title=\"noichl\" alt=\"noichl\" loading=\"lazy\" \/>\t\t\t\t\t\t\t\t<\/a>\n\t\t\t\t\t\t\t\t\t\t\t<figcaption class=\"widget-image-caption wp-caption-text\">Dr. Svenja Noichl<\/figcaption>\n\t\t\t\t\t\t\t\t\t\t<\/figure>\n\t\t\t\t\t\t\t\t\t<\/div>\n\t\t\t\t<\/div>\n\t\t\t\t<div class=\"elementor-element elementor-element-53c9e92 elementor-widget elementor-widget-spacer\" data-id=\"53c9e92\" data-element_type=\"widget\" data-e-type=\"widget\" data-widget_type=\"spacer.default\">\n\t\t\t\t<div class=\"elementor-widget-container\">\n\t\t\t\t\t\t\t<div class=\"elementor-spacer\">\n\t\t\t<div class=\"elementor-spacer-inner\"><\/div>\n\t\t<\/div>\n\t\t\t\t\t\t<\/div>\n\t\t\t\t<\/div>\n\t\t\t\t\t<\/div>\n\t\t<\/div>\n\t\t\t\t<div class=\"elementor-column elementor-col-50 elementor-top-column elementor-element elementor-element-6ea043f0\" data-id=\"6ea043f0\" data-element_type=\"column\" data-e-type=\"column\">\n\t\t\t<div class=\"elementor-widget-wrap elementor-element-populated\">\n\t\t\t\t\t\t<section class=\"elementor-section elementor-inner-section elementor-element elementor-element-a45caea animated-fast glass-blur-2 elementor-section-boxed elementor-section-height-default elementor-section-height-default elementor-invisible\" data-id=\"a45caea\" data-element_type=\"section\" data-e-type=\"section\" data-settings=\"{&quot;background_background&quot;:&quot;classic&quot;,&quot;animation&quot;:&quot;fadeIn&quot;}\">\n\t\t\t\t\t\t<div class=\"elementor-container elementor-column-gap-default\">\n\t\t\t\t\t<div class=\"elementor-column elementor-col-100 elementor-inner-column elementor-element elementor-element-3353bfa\" data-id=\"3353bfa\" data-element_type=\"column\" data-e-type=\"column\">\n\t\t\t<div class=\"elementor-widget-wrap elementor-element-populated\">\n\t\t\t\t\t\t<div class=\"elementor-element elementor-element-d2d9ca8 elementor-widget elementor-widget-heading\" data-id=\"d2d9ca8\" data-element_type=\"widget\" data-e-type=\"widget\" data-widget_type=\"heading.default\">\n\t\t\t\t<div class=\"elementor-widget-container\">\n\t\t\t\t\t<h4 class=\"elementor-heading-title elementor-size-default\">Kurs<\/h4>\t\t\t\t<\/div>\n\t\t\t\t<\/div>\n\t\t\t\t<div class=\"elementor-element elementor-element-671dd70 elementor-widget elementor-widget-text-editor\" data-id=\"671dd70\" data-element_type=\"widget\" data-e-type=\"widget\" data-widget_type=\"text-editor.default\">\n\t\t\t\t<div class=\"elementor-widget-container\">\n\t\t\t\t\t\t\t\t\t<p><strong>Sprache<\/strong><br \/><strong>Credits<\/strong><\/p><p>\u00a0<\/p><p style=\"text-align: right;\">Deutsch\/Englisch<br \/>4 ECTS f\u00fcr M.Sc.<\/p>\t\t\t\t\t\t\t\t<\/div>\n\t\t\t\t<\/div>\n\t\t\t\t\t<\/div>\n\t\t<\/div>\n\t\t\t\t\t<\/div>\n\t\t<\/section>\n\t\t\t\t<section class=\"elementor-section elementor-inner-section elementor-element elementor-element-5fc2bdd animated-fast glass-blur-2 elementor-section-boxed elementor-section-height-default elementor-section-height-default elementor-invisible\" data-id=\"5fc2bdd\" data-element_type=\"section\" data-e-type=\"section\" data-settings=\"{&quot;background_background&quot;:&quot;classic&quot;,&quot;animation&quot;:&quot;fadeIn&quot;}\">\n\t\t\t\t\t\t<div class=\"elementor-container elementor-column-gap-default\">\n\t\t\t\t\t<div class=\"elementor-column elementor-col-100 elementor-inner-column elementor-element elementor-element-37a9a058\" data-id=\"37a9a058\" data-element_type=\"column\" data-e-type=\"column\">\n\t\t\t<div class=\"elementor-widget-wrap elementor-element-populated\">\n\t\t\t\t\t\t<div class=\"elementor-element elementor-element-53efdcc5 elementor-widget elementor-widget-heading\" data-id=\"53efdcc5\" data-element_type=\"widget\" data-e-type=\"widget\" data-widget_type=\"heading.default\">\n\t\t\t\t<div class=\"elementor-widget-container\">\n\t\t\t\t\t<h4 class=\"elementor-heading-title elementor-size-default\">Daten<\/h4>\t\t\t\t<\/div>\n\t\t\t\t<\/div>\n\t\t\t\t<div class=\"elementor-element elementor-element-1404f742 elementor-widget elementor-widget-text-editor\" data-id=\"1404f742\" data-element_type=\"widget\" data-e-type=\"widget\" data-widget_type=\"text-editor.default\">\n\t\t\t\t<div class=\"elementor-widget-container\">\n\t\t\t\t\t\t\t\t\t<p><strong>Kickoff Meeting: <\/strong><\/p><p><strong>Pr\u00e4sentationen:<\/strong><\/p><p>13.10.2025, 15-16<\/p><p>10.02.2026, 9-16<\/p>\t\t\t\t\t\t\t\t<\/div>\n\t\t\t\t<\/div>\n\t\t\t\t\t<\/div>\n\t\t<\/div>\n\t\t\t\t\t<\/div>\n\t\t<\/section>\n\t\t\t\t<section class=\"elementor-section elementor-inner-section elementor-element elementor-element-6ed251ad animated-fast glass-blur-2 elementor-section-boxed elementor-section-height-default elementor-section-height-default elementor-invisible\" data-id=\"6ed251ad\" data-element_type=\"section\" data-e-type=\"section\" data-settings=\"{&quot;background_background&quot;:&quot;classic&quot;,&quot;animation&quot;:&quot;fadeIn&quot;}\">\n\t\t\t\t\t\t<div class=\"elementor-container elementor-column-gap-default\">\n\t\t\t\t\t<div class=\"elementor-column elementor-col-100 elementor-inner-column elementor-element elementor-element-21162677\" data-id=\"21162677\" data-element_type=\"column\" data-e-type=\"column\">\n\t\t\t<div class=\"elementor-widget-wrap elementor-element-populated\">\n\t\t\t\t\t\t<div class=\"elementor-element elementor-element-79c194ca elementor-widget elementor-widget-heading\" data-id=\"79c194ca\" data-element_type=\"widget\" data-e-type=\"widget\" data-widget_type=\"heading.default\">\n\t\t\t\t<div class=\"elementor-widget-container\">\n\t\t\t\t\t<h4 class=\"elementor-heading-title elementor-size-default\">Ressourcen<\/h4>\t\t\t\t<\/div>\n\t\t\t\t<\/div>\n\t\t\t\t<div class=\"elementor-element elementor-element-0a25242 elementor-widget elementor-widget-text-editor\" data-id=\"0a25242\" data-element_type=\"widget\" data-e-type=\"widget\" data-widget_type=\"text-editor.default\">\n\t\t\t\t<div class=\"elementor-widget-container\">\n\t\t\t\t\t\t\t\t\t<p><a href=\"https:\/\/swofi.net:30000\/free\/welcome\">SWOFI<\/a><\/p>\t\t\t\t\t\t\t\t<\/div>\n\t\t\t\t<\/div>\n\t\t\t\t\t<\/div>\n\t\t<\/div>\n\t\t\t\t\t<\/div>\n\t\t<\/section>\n\t\t\t\t<section class=\"elementor-section elementor-inner-section elementor-element elementor-element-21817d54 animated-fast glass-blur-2 elementor-section-boxed elementor-section-height-default elementor-section-height-default elementor-invisible\" data-id=\"21817d54\" data-element_type=\"section\" data-e-type=\"section\" data-settings=\"{&quot;background_background&quot;:&quot;classic&quot;,&quot;animation&quot;:&quot;fadeIn&quot;}\">\n\t\t\t\t\t\t<div class=\"elementor-container elementor-column-gap-default\">\n\t\t\t\t\t<div class=\"elementor-column elementor-col-100 elementor-inner-column elementor-element elementor-element-1263845\" data-id=\"1263845\" data-element_type=\"column\" data-e-type=\"column\">\n\t\t\t<div class=\"elementor-widget-wrap elementor-element-populated\">\n\t\t\t\t\t\t<div class=\"elementor-element elementor-element-76472651 elementor-widget elementor-widget-heading\" data-id=\"76472651\" data-element_type=\"widget\" data-e-type=\"widget\" data-widget_type=\"heading.default\">\n\t\t\t\t<div class=\"elementor-widget-container\">\n\t\t\t\t\t<h4 class=\"elementor-heading-title elementor-size-default\">Studieng\u00e4nge<\/h4>\t\t\t\t<\/div>\n\t\t\t\t<\/div>\n\t\t\t\t<div class=\"elementor-element elementor-element-13504aae elementor-widget elementor-widget-text-editor\" data-id=\"13504aae\" data-element_type=\"widget\" data-e-type=\"widget\" data-widget_type=\"text-editor.default\">\n\t\t\t\t<div class=\"elementor-widget-container\">\n\t\t\t\t\t\t\t\t\t<ul><li>Master Informatik<\/li><li>Master Data Science<\/li><li>Master Media Informatics<\/li><li>Master Software Systems Engeneering<\/li><li>Master Mensch-Technik-Interaktion und -Kommunikation<\/li><\/ul>\t\t\t\t\t\t\t\t<\/div>\n\t\t\t\t<\/div>\n\t\t\t\t\t<\/div>\n\t\t<\/div>\n\t\t\t\t\t<\/div>\n\t\t<\/section>\n\t\t\t\t\t<\/div>\n\t\t<\/div>\n\t\t\t\t\t<\/div>\n\t\t<\/section>\n\t\t\t\t<section class=\"elementor-section elementor-top-section elementor-element elementor-element-69bb864 elementor-reverse-mobile elementor-section-boxed elementor-section-height-default elementor-section-height-default\" data-id=\"69bb864\" data-element_type=\"section\" data-e-type=\"section\">\n\t\t\t\t\t\t<div class=\"elementor-container elementor-column-gap-wide\">\n\t\t\t\t\t<div class=\"elementor-column elementor-col-100 elementor-top-column elementor-element elementor-element-990c100\" data-id=\"990c100\" data-element_type=\"column\" data-e-type=\"column\">\n\t\t\t<div class=\"elementor-widget-wrap elementor-element-populated\">\n\t\t\t\t\t\t<div class=\"elementor-element elementor-element-1c181399 elementor-widget elementor-widget-heading\" data-id=\"1c181399\" data-element_type=\"widget\" data-e-type=\"widget\" data-widget_type=\"heading.default\">\n\t\t\t\t<div class=\"elementor-widget-container\">\n\t\t\t\t\t<h2 class=\"elementor-heading-title elementor-size-default\">Benotung<\/h2>\t\t\t\t<\/div>\n\t\t\t\t<\/div>\n\t\t\t\t<div class=\"elementor-element elementor-element-747ef585 elementor-widget__width-auto elementor-widget elementor-widget-text-editor\" data-id=\"747ef585\" data-element_type=\"widget\" data-e-type=\"widget\" data-widget_type=\"text-editor.default\">\n\t\t\t\t<div class=\"elementor-widget-container\">\n\t\t\t\t\t\t\t\t\t<p>Die Note setzt sich zusammen aus:<\/p><ul><li>schriftlicher Ausarbeitung (Zwischenabgaben + Paper): 60%<\/li><li>Pr\u00e4sentation + Diskussion: 40%<\/li><\/ul>\t\t\t\t\t\t\t\t<\/div>\n\t\t\t\t<\/div>\n\t\t\t\t<div class=\"elementor-element elementor-element-9cfba97 elementor-widget elementor-widget-spacer\" data-id=\"9cfba97\" data-element_type=\"widget\" data-e-type=\"widget\" data-widget_type=\"spacer.default\">\n\t\t\t\t<div class=\"elementor-widget-container\">\n\t\t\t\t\t\t\t<div class=\"elementor-spacer\">\n\t\t\t<div class=\"elementor-spacer-inner\"><\/div>\n\t\t<\/div>\n\t\t\t\t\t\t<\/div>\n\t\t\t\t<\/div>\n\t\t\t\t<div class=\"elementor-element elementor-element-aaafbb1 elementor-widget elementor-widget-heading\" data-id=\"aaafbb1\" data-element_type=\"widget\" data-e-type=\"widget\" data-widget_type=\"heading.default\">\n\t\t\t\t<div class=\"elementor-widget-container\">\n\t\t\t\t\t<h2 class=\"elementor-heading-title elementor-size-default\">Anwesenheit<\/h2>\t\t\t\t<\/div>\n\t\t\t\t<\/div>\n\t\t\t\t<div class=\"elementor-element elementor-element-e00a4df elementor-widget__width-auto elementor-widget elementor-widget-text-editor\" data-id=\"e00a4df\" data-element_type=\"widget\" data-e-type=\"widget\" data-widget_type=\"text-editor.default\">\n\t\t\t\t<div class=\"elementor-widget-container\">\n\t\t\t\t\t\t\t\t\t<p>Zum Bestehen ist die Teilnahme an Kick-off, den individuellen Meetings sowie den Pr\u00e4sentationen verpflichtend.<\/p>\t\t\t\t\t\t\t\t<\/div>\n\t\t\t\t<\/div>\n\t\t\t\t<div class=\"elementor-element elementor-element-e5fc267 elementor-widget elementor-widget-spacer\" data-id=\"e5fc267\" data-element_type=\"widget\" data-e-type=\"widget\" data-widget_type=\"spacer.default\">\n\t\t\t\t<div class=\"elementor-widget-container\">\n\t\t\t\t\t\t\t<div class=\"elementor-spacer\">\n\t\t\t<div class=\"elementor-spacer-inner\"><\/div>\n\t\t<\/div>\n\t\t\t\t\t\t<\/div>\n\t\t\t\t<\/div>\n\t\t\t\t<div class=\"elementor-element elementor-element-9a1bf17 elementor-widget elementor-widget-heading\" data-id=\"9a1bf17\" data-element_type=\"widget\" data-e-type=\"widget\" data-widget_type=\"heading.default\">\n\t\t\t\t<div class=\"elementor-widget-container\">\n\t\t\t\t\t<h2 class=\"elementor-heading-title elementor-size-default\">Meilensteine und Abgaben<\/h2>\t\t\t\t<\/div>\n\t\t\t\t<\/div>\n\t\t\t\t<div class=\"elementor-element elementor-element-29bf575 elementor-widget elementor-widget-text-editor\" data-id=\"29bf575\" data-element_type=\"widget\" data-e-type=\"widget\" data-widget_type=\"text-editor.default\">\n\t\t\t\t<div class=\"elementor-widget-container\">\n\t\t\t\t\t\t\t\t\t<p><strong>Die Deadline f\u00fcr alle Abgaben ist Montag 08:00 Uhr.<\/strong><\/p><ul><li>Initial Literature: 27.10.2025<\/li><li>Topic and Research Questions: 03.11.2025<\/li><li>Extended Collection: 10.11.2025<\/li><li>Idea: 17.11.2025<\/li><li>Literature Contribution + Visualization: 24.11.2025<\/li><li>Visualization: 01.12.2025<\/li><li>Skeleton: 08.12.2025<\/li><li>Writing: 15.12.2025<\/li><li>Finished Paper for Review: 12.01.2026<\/li><li>Review: 19.01.2026<\/li><li>Presentation: 02.02.2026<\/li><li>Camera-Ready: 09.02.2026<\/li><li>Polished Paper: 02.03.2026<\/li><\/ul>\t\t\t\t\t\t\t\t<\/div>\n\t\t\t\t<\/div>\n\t\t\t\t<div class=\"elementor-element elementor-element-3a212c3 elementor-widget elementor-widget-heading\" data-id=\"3a212c3\" data-element_type=\"widget\" data-e-type=\"widget\" data-widget_type=\"heading.default\">\n\t\t\t\t<div class=\"elementor-widget-container\">\n\t\t\t\t\t<h2 class=\"elementor-heading-title elementor-size-default\">Termine<\/h2>\t\t\t\t<\/div>\n\t\t\t\t<\/div>\n\t\t\t\t<div class=\"elementor-element elementor-element-abddf3d elementor-widget elementor-widget-text-editor\" data-id=\"abddf3d\" data-element_type=\"widget\" data-e-type=\"widget\" data-widget_type=\"text-editor.default\">\n\t\t\t\t<div class=\"elementor-widget-container\">\n\t\t\t\t\t\t\t\t\t<p><strong>Kickoff Meeting: <\/strong><\/p><ul><li>Montag, 13.10.2025\u00a0<\/li><\/ul><p><strong>Thema und Forschungsfragen &#8211; Individuelle Termine (30 Minuten, 2-3 Personen pro Termin):<\/strong><\/p><ul><li>Montag, 03.11.2025; Dienstag, 04.11.2025<\/li><\/ul><p><strong>Visualisierung- Individuelle Termine (30 Minuten, 2-3 Personen pro Termin):<\/strong><\/p><ul><li>Montag, 01.12.2025; Dienstag, 02.12.2025<\/li><\/ul><p><strong>Ausgestaltung Vortrag &#8211; Individuelle Termine (30 Minuten, 1 Person pro Termin): <\/strong><\/p><ul><li>Montag, 02.02.2026; Dienstag, 03.02.2026<\/li><\/ul><p><strong>Konferenz: <\/strong><\/p><ul><li>Dienstag, 10.02.2026 (09:00 Uhr &#8211; 16:00 Uhr)<\/li><\/ul>\t\t\t\t\t\t\t\t<\/div>\n\t\t\t\t<\/div>\n\t\t\t\t<div class=\"elementor-element elementor-element-fefe4c6 elementor-widget elementor-widget-spacer\" data-id=\"fefe4c6\" data-element_type=\"widget\" data-e-type=\"widget\" data-widget_type=\"spacer.default\">\n\t\t\t\t<div class=\"elementor-widget-container\">\n\t\t\t\t\t\t\t<div class=\"elementor-spacer\">\n\t\t\t<div class=\"elementor-spacer-inner\"><\/div>\n\t\t<\/div>\n\t\t\t\t\t\t<\/div>\n\t\t\t\t<\/div>\n\t\t\t\t<div class=\"elementor-element elementor-element-9cf9921 elementor-widget elementor-widget-heading\" data-id=\"9cf9921\" data-element_type=\"widget\" data-e-type=\"widget\" data-widget_type=\"heading.default\">\n\t\t\t\t<div class=\"elementor-widget-container\">\n\t\t\t\t\t<h2 class=\"elementor-heading-title elementor-size-default\">Themen<\/h2>\t\t\t\t<\/div>\n\t\t\t\t<\/div>\n\t\t\t\t<div class=\"elementor-element elementor-element-cafef88 elementor-widget elementor-widget-text-editor\" data-id=\"cafef88\" data-element_type=\"widget\" data-e-type=\"widget\" data-widget_type=\"text-editor.default\">\n\t\t\t\t<div class=\"elementor-widget-container\">\n\t\t\t\t\t\t\t\t\t<p>\u00a0Alle Themen werden doppelt vergeben. Die Bearbeitung erfolgt in Einzelarbeit. Die angegebenen Beispiele sollen nur als Orientierung dienen, die Ausgestaltung Ihres Themas ist jedoch nicht auf diese Beispiele beschr\u00e4nkt.<\/p><ul><li>Technologie<ul><li>Bei diesem Thema befassen Sie sich mit dem Aspekt der Technologie. Die Technologie ist hier bei das Werkzeug. Sie befassen sich z. B. damit, welche Technologie in Kontext von digital Learning benutzt werden, unter welchen Bedingungen, welche Anforderungen an Lehrende oder Lernende bei dem Einsatz dieser Technologie entstehen, &#8230;<\/li><\/ul><\/li><li>Digitale Inhalte<ul><li>Bei diesem Thema befassen Sie sich mit dem Aspekt der digialen Inhalte. Dabei handelt es sich um digitale Lernmaterialien, die mit Hilfe von Technologie bereitgestellt werden. Sie befassen sich z. B. damit, welche Arten von digitalen Inhalten bereits eingesetzt werden, welche weiteren Inhalte in welchem Kontext eingesetzt werden k\u00f6nnten, welche Anforderungen an Technologie bestehen um die digitalen Inhalte bereitzustellen, welche Inhalte sich f\u00fcr welche Zielgruppen eignen, &#8230;<\/li><\/ul><\/li><li>Instruktion<ul><li>Bei diesem Thema befassen Sie sich mit dem Aspekt der Instruktion. Durch digital Learning ver\u00e4ndert sich die Rolle der Lehrenden. Sie befassen sich z. B. damit wie sich die Rolle der Lehrenden ver\u00e4ndert, welche Herausforderungen dies mit sich bringt, wie sich digital Learning in traditionelle Lehre integrieren l\u00e4sst, &#8230;<\/li><\/ul><\/li><li>Feedback<ul><li>Bei diesem Thema befassen Sie sich z. B. damit wie Feedback gegeben werden kann, wie Feedback automatisiert werden kann, wie die Qualit\u00e4t des Feedbacks gesichert werden kann, &#8230;<\/li><\/ul><\/li><li>Potenziale und Herausforderungen f\u00fcr beeintr\u00e4chtigte und technikferne Lernende<ul><li>Bei diesem Thema befassen Sie sich mit den Potentialen und Herausforderung von digital Learning f\u00fcr beeintr\u00e4chtige und technikferne Lernende. Dabei befassen Sie sich z. B. damit, wie assistive Technologien eingesetzt werden k\u00f6nnen, welche Anforderungen Personen Ihrer Zielgruppe an digital Learning haben, &#8230;<\/li><\/ul><\/li><\/ul>\t\t\t\t\t\t\t\t<\/div>\n\t\t\t\t<\/div>\n\t\t\t\t<div class=\"elementor-element elementor-element-ee083d3 elementor-widget elementor-widget-heading\" data-id=\"ee083d3\" data-element_type=\"widget\" data-e-type=\"widget\" data-widget_type=\"heading.default\">\n\t\t\t\t<div class=\"elementor-widget-container\">\n\t\t\t\t\t<h2 class=\"elementor-heading-title elementor-size-default\">Fr\u00fchere Veranstaltungen<\/h2>\t\t\t\t<\/div>\n\t\t\t\t<\/div>\n\t\t\t\t<div class=\"elementor-element elementor-element-93b3570 elementor-widget elementor-widget-text-editor\" data-id=\"93b3570\" data-element_type=\"widget\" data-e-type=\"widget\" data-widget_type=\"text-editor.default\">\n\t\t\t\t<div class=\"elementor-widget-container\">\n\t\t\t\t\t\t\t\t\t<ul><li><a href=\"https:\/\/sc.informatik.rwth-aachen.de\/lehre\/digital-learning2425\/\">Selected Topics in Digital Learning (WS 24\/25)<\/a><\/li><li><a href=\"https:\/\/sc.informatik.rwth-aachen.de\/de\/lehre\/digital-learning-23-24\/\">Selected Topics in Digital Learning (WS 23\/24)<\/a><\/li><li><a href=\"https:\/\/sc.informatik.rwth-aachen.de\/lehre\/digital-learning22-23\/\">Selected Topics in Digital Learning (WS 22\/23)<\/a><\/li><\/ul>\t\t\t\t\t\t\t\t<\/div>\n\t\t\t\t<\/div>\n\t\t\t\t\t<\/div>\n\t\t<\/div>\n\t\t\t\t\t<\/div>\n\t\t<\/section>\n\t\t\t\t<\/div>\n\t\t","protected":false},"excerpt":{"rendered":"<p>Selected Topics in Digital Learning Winter 2025\/2026 Digital Learning ist ein Oberbegriff f\u00fcr alle Arten des technologiegest\u00fctzten Lernens. Sowohl Distance Learning als auch In-Person Learning k\u00f6nnen in unterschiedlichem Ma\u00dfe dazugeh\u00f6ren. Alle k\u00f6nnen auf die eine oder andere Weise Digital Learning beinhalten. Nach Georgiagov besteht Digital Learning aus den drei Aspekten Technologie, Digitale Inhalte sowie Instruktion. [&hellip;]<\/p>\n","protected":false},"author":8,"featured_media":0,"parent":5024,"menu_order":0,"comment_status":"closed","ping_status":"closed","template":"","meta":{"inline_featured_image":false,"footnotes":""},"class_list":["post-21591","page","type-page","status-publish","hentry"],"_links":{"self":[{"href":"https:\/\/sc.informatik.rwth-aachen.de\/de\/wp-json\/wp\/v2\/pages\/21591","targetHints":{"allow":["GET"]}}],"collection":[{"href":"https:\/\/sc.informatik.rwth-aachen.de\/de\/wp-json\/wp\/v2\/pages"}],"about":[{"href":"https:\/\/sc.informatik.rwth-aachen.de\/de\/wp-json\/wp\/v2\/types\/page"}],"author":[{"embeddable":true,"href":"https:\/\/sc.informatik.rwth-aachen.de\/de\/wp-json\/wp\/v2\/users\/8"}],"replies":[{"embeddable":true,"href":"https:\/\/sc.informatik.rwth-aachen.de\/de\/wp-json\/wp\/v2\/comments?post=21591"}],"version-history":[{"count":8,"href":"https:\/\/sc.informatik.rwth-aachen.de\/de\/wp-json\/wp\/v2\/pages\/21591\/revisions"}],"predecessor-version":[{"id":21619,"href":"https:\/\/sc.informatik.rwth-aachen.de\/de\/wp-json\/wp\/v2\/pages\/21591\/revisions\/21619"}],"up":[{"embeddable":true,"href":"https:\/\/sc.informatik.rwth-aachen.de\/de\/wp-json\/wp\/v2\/pages\/5024"}],"wp:attachment":[{"href":"https:\/\/sc.informatik.rwth-aachen.de\/de\/wp-json\/wp\/v2\/media?parent=21591"}],"curies":[{"name":"wp","href":"https:\/\/api.w.org\/{rel}","templated":true}]}}