{"id":21321,"date":"2025-06-26T16:03:39","date_gmt":"2025-06-26T14:03:39","guid":{"rendered":"https:\/\/sc.informatik.rwth-aachen.de\/?page_id=21321"},"modified":"2026-01-23T15:11:44","modified_gmt":"2026-01-23T14:11:44","slug":"mentoring-kontakt","status":"publish","type":"page","link":"https:\/\/sc.informatik.rwth-aachen.de\/de\/mentoring-kontakt\/","title":{"rendered":"Mentoring-Kontaktseite"},"content":{"rendered":"\t\t<div data-elementor-type=\"wp-page\" data-elementor-id=\"21321\" class=\"elementor elementor-21321\" data-elementor-post-type=\"page\">\n\t\t\t\t\t\t<section class=\"elementor-section elementor-top-section elementor-element elementor-element-5ba1737 elementor-section-height-min-height elementor-section-boxed elementor-section-height-default elementor-section-items-middle\" data-id=\"5ba1737\" data-element_type=\"section\" data-e-type=\"section\" data-settings=\"{&quot;background_background&quot;:&quot;classic&quot;}\">\n\t\t\t\t\t\t\t<div class=\"elementor-background-overlay\"><\/div>\n\t\t\t\t\t\t\t<div class=\"elementor-container elementor-column-gap-default\">\n\t\t\t\t\t<div class=\"elementor-column elementor-col-100 elementor-top-column elementor-element elementor-element-8d5e3a2 glass-blur\" data-id=\"8d5e3a2\" data-element_type=\"column\" data-e-type=\"column\" data-settings=\"{&quot;background_background&quot;:&quot;classic&quot;}\">\n\t\t\t<div class=\"elementor-widget-wrap elementor-element-populated\">\n\t\t\t\t\t\t<div class=\"elementor-element elementor-element-4036514 elementor-widget elementor-widget-text-editor\" data-id=\"4036514\" data-element_type=\"widget\" data-e-type=\"widget\" data-settings=\"{&quot;motion_fx_motion_fx_scrolling&quot;:&quot;yes&quot;,&quot;motion_fx_devices&quot;:[&quot;desktop&quot;,&quot;tablet&quot;,&quot;mobile&quot;]}\" data-widget_type=\"text-editor.default\">\n\t\t\t\t<div class=\"elementor-widget-container\">\n\t\t\t\t\t\t\t\t\t<p>Das Informatik-Mentoring \u00a0versteht sich als Erg\u00e4nzung zur Fachstudienberatung mit Blick auf die gesamte Studien- und Lebenssituation. Wir begleiten dich nicht nur im Rahmen unserer Mentoring-Module durch das erste Studienjahr, sondern laden dich herzlich ein, dich w\u00e4hrend des gesamten Bachelor-Studiums bei Belastungen und Schwierigkeiten, die sich auf deinen Studienverlauf auswirken, von uns beraten zu lassen.\u00a0<\/p>\t\t\t\t\t\t\t\t<\/div>\n\t\t\t\t<\/div>\n\t\t\t\t\t<\/div>\n\t\t<\/div>\n\t\t\t\t\t<\/div>\n\t\t<\/section>\n\t\t\t\t<section class=\"elementor-section elementor-top-section elementor-element elementor-element-a153aba elementor-section-boxed elementor-section-height-default elementor-section-height-default\" data-id=\"a153aba\" data-element_type=\"section\" data-e-type=\"section\">\n\t\t\t\t\t\t<div class=\"elementor-container elementor-column-gap-default\">\n\t\t\t\t\t<div class=\"elementor-column elementor-col-100 elementor-top-column elementor-element elementor-element-c46295d\" data-id=\"c46295d\" data-element_type=\"column\" data-e-type=\"column\">\n\t\t\t<div class=\"elementor-widget-wrap elementor-element-populated\">\n\t\t\t\t\t\t<div class=\"elementor-element elementor-element-84256b1 elementor-widget__width-auto elementor-widget elementor-widget-table-of-contents\" data-id=\"84256b1\" data-element_type=\"widget\" data-e-type=\"widget\" data-settings=\"{&quot;headings_by_tags&quot;:[&quot;h1&quot;],&quot;exclude_headings_by_selector&quot;:[],&quot;marker_view&quot;:&quot;bullets&quot;,&quot;icon&quot;:{&quot;value&quot;:&quot;&quot;,&quot;library&quot;:&quot;&quot;},&quot;no_headings_message&quot;:&quot;No headings were found on this page.&quot;,&quot;hierarchical_view&quot;:&quot;yes&quot;,&quot;min_height&quot;:{&quot;unit&quot;:&quot;px&quot;,&quot;size&quot;:&quot;&quot;,&quot;sizes&quot;:[]},&quot;min_height_tablet&quot;:{&quot;unit&quot;:&quot;px&quot;,&quot;size&quot;:&quot;&quot;,&quot;sizes&quot;:[]},&quot;min_height_mobile&quot;:{&quot;unit&quot;:&quot;px&quot;,&quot;size&quot;:&quot;&quot;,&quot;sizes&quot;:[]}}\" data-widget_type=\"table-of-contents.default\">\n\t\t\t\t<div class=\"elementor-widget-container\">\n\t\t\t\t\t\t\t\t\t<div class=\"elementor-toc__header\">\n\t\t\t\t\t\t<h4 class=\"elementor-toc__header-title\">\n\t\t\t\tDirekt zu\t\t\t<\/h4>\n\t\t\t\t\t\t\t\t<\/div>\n\t\t\t\t<div id=\"elementor-toc__84256b1\" class=\"elementor-toc__body\">\n\t\t\t<div class=\"elementor-toc__spinner-container\">\n\t\t\t\t<i class=\"elementor-toc__spinner eicon-animation-spin eicon-loading\" aria-hidden=\"true\"><\/i>\t\t\t<\/div>\n\t\t<\/div>\n\t\t\t\t\t\t<\/div>\n\t\t\t\t<\/div>\n\t\t\t\t\t<\/div>\n\t\t<\/div>\n\t\t\t\t\t<\/div>\n\t\t<\/section>\n\t\t\t\t<section class=\"elementor-section elementor-top-section elementor-element elementor-element-6fc0140 elementor-section-boxed elementor-section-height-default elementor-section-height-default\" data-id=\"6fc0140\" data-element_type=\"section\" data-e-type=\"section\">\n\t\t\t\t\t\t<div class=\"elementor-container elementor-column-gap-default\">\n\t\t\t\t\t<div class=\"elementor-column elementor-col-50 elementor-top-column elementor-element elementor-element-2d1c00b\" data-id=\"2d1c00b\" data-element_type=\"column\" data-e-type=\"column\" data-settings=\"{&quot;background_background&quot;:&quot;classic&quot;}\">\n\t\t\t<div class=\"elementor-widget-wrap elementor-element-populated\">\n\t\t\t\t\t\t<div class=\"elementor-element elementor-element-ac843b7 elementor-widget elementor-widget-heading\" data-id=\"ac843b7\" data-element_type=\"widget\" data-e-type=\"widget\" data-widget_type=\"heading.default\">\n\t\t\t\t<div class=\"elementor-widget-container\">\n\t\t\t\t\t<h1 class=\"elementor-heading-title elementor-size-default\">Mentoring-Team<\/h1>\t\t\t\t<\/div>\n\t\t\t\t<\/div>\n\t\t\t\t\t<\/div>\n\t\t<\/div>\n\t\t\t\t<div class=\"elementor-column elementor-col-50 elementor-top-column elementor-element elementor-element-cba38a4\" data-id=\"cba38a4\" data-element_type=\"column\" data-e-type=\"column\">\n\t\t\t<div class=\"elementor-widget-wrap\">\n\t\t\t\t\t\t\t<\/div>\n\t\t<\/div>\n\t\t\t\t\t<\/div>\n\t\t<\/section>\n\t\t\t\t<section class=\"elementor-section elementor-top-section elementor-element elementor-element-26ad4f3 elementor-section-content-middle elementor-section-boxed elementor-section-height-default elementor-section-height-default\" data-id=\"26ad4f3\" data-element_type=\"section\" data-e-type=\"section\">\n\t\t\t\t\t\t<div class=\"elementor-container elementor-column-gap-default\">\n\t\t\t\t\t<div class=\"elementor-column elementor-col-50 elementor-top-column elementor-element elementor-element-a985917\" data-id=\"a985917\" data-element_type=\"column\" data-e-type=\"column\">\n\t\t\t<div class=\"elementor-widget-wrap elementor-element-populated\">\n\t\t\t\t\t\t<div class=\"elementor-element elementor-element-2177fef elementor-widget__width-initial elementor-widget elementor-widget-heading\" data-id=\"2177fef\" data-element_type=\"widget\" data-e-type=\"widget\" data-widget_type=\"heading.default\">\n\t\t\t\t<div class=\"elementor-widget-container\">\n\t\t\t\t\t<h3 class=\"elementor-heading-title elementor-size-default\">Uwe Naumannn<\/h3>\t\t\t\t<\/div>\n\t\t\t\t<\/div>\n\t\t\t\t<div class=\"elementor-element elementor-element-7be4e5e elementor-widget__width-initial elementor-widget elementor-widget-text-editor\" data-id=\"7be4e5e\" data-element_type=\"widget\" data-e-type=\"widget\" data-widget_type=\"text-editor.default\">\n\t\t\t\t<div class=\"elementor-widget-container\">\n\t\t\t\t\t\t\t\t\t<p>Prof. Dr. rer. nat.<\/p><p><strong>Professoraler Mentoring-Beauftragter<\/strong><\/p>\t\t\t\t\t\t\t\t<\/div>\n\t\t\t\t<\/div>\n\t\t\t\t<div class=\"elementor-element elementor-element-f399097 elementor-widget__width-initial elementor-widget elementor-widget-image\" data-id=\"f399097\" data-element_type=\"widget\" data-e-type=\"widget\" data-widget_type=\"image.default\">\n\t\t\t\t<div class=\"elementor-widget-container\">\n\t\t\t\t\t\t\t\t\t\t\t\t\t\t\t<img fetchpriority=\"high\" decoding=\"async\" width=\"200\" height=\"300\" src=\"https:\/\/sc.informatik.rwth-aachen.de\/wp-content\/uploads\/2025\/06\/Uwe-Naumann-200x300.jpg\" class=\"attachment-medium size-medium wp-image-21176\" alt=\"\" srcset=\"https:\/\/sc.informatik.rwth-aachen.de\/wp-content\/uploads\/2025\/06\/Uwe-Naumann-200x300.jpg 200w, https:\/\/sc.informatik.rwth-aachen.de\/wp-content\/uploads\/2025\/06\/Uwe-Naumann-683x1024.jpg 683w, https:\/\/sc.informatik.rwth-aachen.de\/wp-content\/uploads\/2025\/06\/Uwe-Naumann-768x1152.jpg 768w, https:\/\/sc.informatik.rwth-aachen.de\/wp-content\/uploads\/2025\/06\/Uwe-Naumann-1024x1536.jpg 1024w, https:\/\/sc.informatik.rwth-aachen.de\/wp-content\/uploads\/2025\/06\/Uwe-Naumann-8x12.jpg 8w, https:\/\/sc.informatik.rwth-aachen.de\/wp-content\/uploads\/2025\/06\/Uwe-Naumann.jpg 1080w\" sizes=\"(max-width: 200px) 100vw, 200px\" \/>\t\t\t\t\t\t\t\t\t\t\t\t\t\t\t<\/div>\n\t\t\t\t<\/div>\n\t\t\t\t\t<\/div>\n\t\t<\/div>\n\t\t\t\t<div class=\"elementor-column elementor-col-50 elementor-top-column elementor-element elementor-element-37183ed\" data-id=\"37183ed\" data-element_type=\"column\" data-e-type=\"column\">\n\t\t\t<div class=\"elementor-widget-wrap elementor-element-populated\">\n\t\t\t\t\t\t<section class=\"elementor-section elementor-inner-section elementor-element elementor-element-90632fb elementor-section-height-min-height elementor-section-boxed elementor-section-height-default\" data-id=\"90632fb\" data-element_type=\"section\" data-e-type=\"section\">\n\t\t\t\t\t\t<div class=\"elementor-container elementor-column-gap-default\">\n\t\t\t\t\t<div class=\"elementor-column elementor-col-50 elementor-inner-column elementor-element elementor-element-66b9038\" data-id=\"66b9038\" data-element_type=\"column\" data-e-type=\"column\" data-settings=\"{&quot;background_background&quot;:&quot;classic&quot;}\">\n\t\t\t<div class=\"elementor-widget-wrap\">\n\t\t\t\t\t\t\t<\/div>\n\t\t<\/div>\n\t\t\t\t<div class=\"elementor-column elementor-col-50 elementor-inner-column elementor-element elementor-element-0bbb7c0\" data-id=\"0bbb7c0\" data-element_type=\"column\" data-e-type=\"column\">\n\t\t\t<div class=\"elementor-widget-wrap elementor-element-populated\">\n\t\t\t\t\t\t<div class=\"elementor-element elementor-element-1f887ef elementor-widget__width-initial elementor-widget elementor-widget-heading\" data-id=\"1f887ef\" data-element_type=\"widget\" data-e-type=\"widget\" data-widget_type=\"heading.default\">\n\t\t\t\t<div class=\"elementor-widget-container\">\n\t\t\t\t\t<h3 class=\"elementor-heading-title elementor-size-default\">Brandt-R\u00f6hrig, Marion<\/h3>\t\t\t\t<\/div>\n\t\t\t\t<\/div>\n\t\t\t\t<div class=\"elementor-element elementor-element-fdcdf7d elementor-widget__width-initial elementor-widget elementor-widget-text-editor\" data-id=\"fdcdf7d\" data-element_type=\"widget\" data-e-type=\"widget\" data-widget_type=\"text-editor.default\">\n\t\t\t\t<div class=\"elementor-widget-container\">\n\t\t\t\t\t\t\t\t\t<p>M. A.<\/p><p><strong>Leitung Mentoring<\/strong><\/p>\t\t\t\t\t\t\t\t<\/div>\n\t\t\t\t<\/div>\n\t\t\t\t<div class=\"elementor-element elementor-element-facc3c0 elementor-widget__width-initial elementor-widget elementor-widget-text-editor\" data-id=\"facc3c0\" data-element_type=\"widget\" data-e-type=\"widget\" data-widget_type=\"text-editor.default\">\n\t\t\t\t<div class=\"elementor-widget-container\">\n\t\t\t\t\t\t\t\t\t<p>Tel.: <strong>+49 241 80 21007<\/strong><\/p><p>Mail: <a href=\"mailto:mentoring@informatik.rwth-aachen.de\">mentoring<\/a><a href=\"mailto:mentoring@informatik.rwth-aachen.de\">@informatik.rwth-aachen.de<\/a><\/p><p><a href=\"https:\/\/www.informatik.rwth-aachen.de\/cms\/informatik\/studium\/Im-Studium\/Mentoring\/~mjfv\/Beratung\/\">Beratungsgespr\u00e4che buchen<\/a><\/p><p>Weiterf\u00fchrende Informationen:<\/p><ul><li>Mentoring-Module<\/li><li><a href=\"https:\/\/sc.informatik.rwth-aachen.de\/de\/studium\/bachelor\/informatik\/\">Beratungsangebot<\/a><\/li><li>Mentor\/Mentorin werden<\/li><li>Mentoring-Konzept<\/li><\/ul>\t\t\t\t\t\t\t\t<\/div>\n\t\t\t\t<\/div>\n\t\t\t\t\t<\/div>\n\t\t<\/div>\n\t\t\t\t\t<\/div>\n\t\t<\/section>\n\t\t\t\t\t<\/div>\n\t\t<\/div>\n\t\t\t\t\t<\/div>\n\t\t<\/section>\n\t\t\t\t<section class=\"elementor-section elementor-top-section elementor-element elementor-element-5e12f44 elementor-section-boxed elementor-section-height-default elementor-section-height-default\" data-id=\"5e12f44\" data-element_type=\"section\" data-e-type=\"section\">\n\t\t\t\t\t\t<div class=\"elementor-container elementor-column-gap-default\">\n\t\t\t\t\t<div class=\"elementor-column elementor-col-100 elementor-top-column elementor-element elementor-element-63f5ec2\" data-id=\"63f5ec2\" data-element_type=\"column\" data-e-type=\"column\" data-settings=\"{&quot;background_background&quot;:&quot;classic&quot;}\">\n\t\t\t<div class=\"elementor-widget-wrap elementor-element-populated\">\n\t\t\t\t\t\t<div class=\"elementor-element elementor-element-5799d2d elementor-widget elementor-widget-heading\" data-id=\"5799d2d\" data-element_type=\"widget\" data-e-type=\"widget\" data-widget_type=\"heading.default\">\n\t\t\t\t<div class=\"elementor-widget-container\">\n\t\t\t\t\t<h1 class=\"elementor-heading-title elementor-size-default\">Lageplan Mentoring-Flur<\/h1>\t\t\t\t<\/div>\n\t\t\t\t<\/div>\n\t\t\t\t<div class=\"elementor-element elementor-element-71901a8 elementor-widget elementor-widget-text-editor\" data-id=\"71901a8\" data-element_type=\"widget\" data-e-type=\"widget\" data-widget_type=\"text-editor.default\">\n\t\t\t\t<div class=\"elementor-widget-container\">\n\t\t\t\t\t\t\t\t\t<section class=\"elementor-section elementor-top-section elementor-element elementor-element-0b19d01 elementor-section-boxed elementor-section-height-default elementor-section-height-default\" data-id=\"0b19d01\" data-element_type=\"section\"><div class=\"elementor-container elementor-column-gap-default\"><div class=\"elementor-column elementor-col-100 elementor-top-column elementor-element elementor-element-a98511f\" data-id=\"a98511f\" data-element_type=\"column\"><div class=\"elementor-widget-wrap elementor-element-populated\"><div class=\"elementor-element elementor-element-becdf89 elementor-widget elementor-widget-text-editor\" data-id=\"becdf89\" data-element_type=\"widget\" data-widget_type=\"text-editor.default\"><div class=\"elementor-widget-container\"><h4>Hier kannst du uns finden\u2026<\/h4><p>Informatikzentrum auf der H\u00f6rn, Erweiterungsbau E2 (Geb\u00e4udenummer 2356), Untergeschoss, Mentoring-Flur (R\u00e4ume 6U07 bis 6U011).<\/p><p>In RWTHonline findest du die R\u00e4ume unter der Notation: 2356|U107 bis 2356|U111.<\/p><p>Der k\u00fcrzeste Weg zu uns f\u00fchrt \u00fcber den Haupteingang des Informatikzentrums auf der Mies-van-der-Rohe-Stra\u00dfe, links neben der Zufahrt zum Parkplatz.<\/p><p><strong>Unsere Postadresse:<\/strong><\/p><p>RWTH Aachen, Mentoring Informatik, Ahornstr. 55, 52074 Aachen<\/p><\/div><\/div><\/div><\/div><\/div><\/section>\t\t\t\t\t\t\t\t<\/div>\n\t\t\t\t<\/div>\n\t\t\t\t<div class=\"elementor-element elementor-element-d50d36c elementor-widget elementor-widget-image\" data-id=\"d50d36c\" data-element_type=\"widget\" data-e-type=\"widget\" data-widget_type=\"image.default\">\n\t\t\t\t<div class=\"elementor-widget-container\">\n\t\t\t\t\t\t\t\t\t\t\t\t\t\t\t<img decoding=\"async\" width=\"800\" height=\"464\" src=\"https:\/\/sc.informatik.rwth-aachen.de\/wp-content\/uploads\/2025\/06\/Mentoring-Informatik-Position-aus-der-Vogelperspektive-1024x594.png\" class=\"attachment-large size-large wp-image-21177\" alt=\"\" srcset=\"https:\/\/sc.informatik.rwth-aachen.de\/wp-content\/uploads\/2025\/06\/Mentoring-Informatik-Position-aus-der-Vogelperspektive-1024x594.png 1024w, https:\/\/sc.informatik.rwth-aachen.de\/wp-content\/uploads\/2025\/06\/Mentoring-Informatik-Position-aus-der-Vogelperspektive-300x174.png 300w, https:\/\/sc.informatik.rwth-aachen.de\/wp-content\/uploads\/2025\/06\/Mentoring-Informatik-Position-aus-der-Vogelperspektive-768x445.png 768w, https:\/\/sc.informatik.rwth-aachen.de\/wp-content\/uploads\/2025\/06\/Mentoring-Informatik-Position-aus-der-Vogelperspektive-18x10.png 18w, https:\/\/sc.informatik.rwth-aachen.de\/wp-content\/uploads\/2025\/06\/Mentoring-Informatik-Position-aus-der-Vogelperspektive.png 1092w\" sizes=\"(max-width: 800px) 100vw, 800px\" \/>\t\t\t\t\t\t\t\t\t\t\t\t\t\t\t<\/div>\n\t\t\t\t<\/div>\n\t\t\t\t\t<\/div>\n\t\t<\/div>\n\t\t\t\t\t<\/div>\n\t\t<\/section>\n\t\t\t\t<section class=\"elementor-section elementor-top-section elementor-element elementor-element-57aef1c elementor-section-boxed elementor-section-height-default elementor-section-height-default\" data-id=\"57aef1c\" data-element_type=\"section\" data-e-type=\"section\">\n\t\t\t\t\t\t<div class=\"elementor-container elementor-column-gap-default\">\n\t\t\t\t\t<div class=\"elementor-column elementor-col-50 elementor-top-column elementor-element elementor-element-eb649f6\" data-id=\"eb649f6\" data-element_type=\"column\" data-e-type=\"column\">\n\t\t\t<div class=\"elementor-widget-wrap\">\n\t\t\t\t\t\t\t<\/div>\n\t\t<\/div>\n\t\t\t\t<div class=\"elementor-column elementor-col-50 elementor-top-column elementor-element elementor-element-873121f\" data-id=\"873121f\" data-element_type=\"column\" data-e-type=\"column\">\n\t\t\t<div class=\"elementor-widget-wrap\">\n\t\t\t\t\t\t\t<\/div>\n\t\t<\/div>\n\t\t\t\t\t<\/div>\n\t\t<\/section>\n\t\t\t\t<\/div>\n\t\t","protected":false},"excerpt":{"rendered":"<p>Das Informatik-Mentoring \u00a0versteht sich als Erg\u00e4nzung zur Fachstudienberatung mit Blick auf die gesamte Studien- und Lebenssituation. Wir begleiten dich nicht nur im Rahmen unserer Mentoring-Module durch das erste Studienjahr, sondern laden dich herzlich ein, dich w\u00e4hrend des gesamten Bachelor-Studiums bei Belastungen und Schwierigkeiten, die sich auf deinen Studienverlauf auswirken, von uns beraten zu lassen.\u00a0 Direkt [&hellip;]<\/p>\n","protected":false},"author":31,"featured_media":0,"parent":0,"menu_order":0,"comment_status":"closed","ping_status":"closed","template":"","meta":{"inline_featured_image":false,"footnotes":""},"class_list":["post-21321","page","type-page","status-publish","hentry"],"_links":{"self":[{"href":"https:\/\/sc.informatik.rwth-aachen.de\/de\/wp-json\/wp\/v2\/pages\/21321","targetHints":{"allow":["GET"]}}],"collection":[{"href":"https:\/\/sc.informatik.rwth-aachen.de\/de\/wp-json\/wp\/v2\/pages"}],"about":[{"href":"https:\/\/sc.informatik.rwth-aachen.de\/de\/wp-json\/wp\/v2\/types\/page"}],"author":[{"embeddable":true,"href":"https:\/\/sc.informatik.rwth-aachen.de\/de\/wp-json\/wp\/v2\/users\/31"}],"replies":[{"embeddable":true,"href":"https:\/\/sc.informatik.rwth-aachen.de\/de\/wp-json\/wp\/v2\/comments?post=21321"}],"version-history":[{"count":10,"href":"https:\/\/sc.informatik.rwth-aachen.de\/de\/wp-json\/wp\/v2\/pages\/21321\/revisions"}],"predecessor-version":[{"id":21912,"href":"https:\/\/sc.informatik.rwth-aachen.de\/de\/wp-json\/wp\/v2\/pages\/21321\/revisions\/21912"}],"wp:attachment":[{"href":"https:\/\/sc.informatik.rwth-aachen.de\/de\/wp-json\/wp\/v2\/media?parent=21321"}],"curies":[{"name":"wp","href":"https:\/\/api.w.org\/{rel}","templated":true}]}}