{"id":21114,"date":"2025-06-08T13:50:01","date_gmt":"2025-06-08T11:50:01","guid":{"rendered":"https:\/\/sc.informatik.rwth-aachen.de\/?page_id=21114"},"modified":"2025-07-07T10:12:11","modified_gmt":"2025-07-07T08:12:11","slug":"mentor_in-werden","status":"publish","type":"page","link":"https:\/\/sc.informatik.rwth-aachen.de\/de\/studium\/bachelor\/mentoring\/mentor_in-werden\/","title":{"rendered":"Mentorin\/Mentor werden"},"content":{"rendered":"\t\t<div data-elementor-type=\"wp-page\" data-elementor-id=\"21114\" class=\"elementor elementor-21114\" data-elementor-post-type=\"page\">\n\t\t\t\t\t\t<section class=\"elementor-section elementor-top-section elementor-element elementor-element-6488ac0 elementor-section-boxed elementor-section-height-default elementor-section-height-default\" data-id=\"6488ac0\" data-element_type=\"section\" data-e-type=\"section\">\n\t\t\t\t\t\t<div class=\"elementor-container elementor-column-gap-default\">\n\t\t\t\t\t<div class=\"elementor-column elementor-col-100 elementor-top-column elementor-element elementor-element-02fa026\" data-id=\"02fa026\" data-element_type=\"column\" data-e-type=\"column\">\n\t\t\t<div class=\"elementor-widget-wrap elementor-element-populated\">\n\t\t\t\t\t\t<div class=\"elementor-element elementor-element-68e2605 elementor-widget elementor-widget-template\" data-id=\"68e2605\" data-element_type=\"widget\" data-e-type=\"widget\" data-widget_type=\"template.default\">\n\t\t\t\t<div class=\"elementor-widget-container\">\n\t\t\t\t\t\t\t<div class=\"elementor-template\">\n\t\t\t\t\t<div data-elementor-type=\"page\" data-elementor-id=\"21043\" class=\"elementor elementor-21043\" data-elementor-post-type=\"elementor_library\">\n\t\t\t\t\t\t<section class=\"elementor-section elementor-top-section elementor-element elementor-element-1d5eedc0 elementor-section-boxed elementor-section-height-default elementor-section-height-default\" data-id=\"1d5eedc0\" data-element_type=\"section\" data-e-type=\"section\">\n\t\t\t\t\t\t<div class=\"elementor-container elementor-column-gap-default\">\n\t\t\t\t\t<div class=\"elementor-column elementor-col-100 elementor-top-column elementor-element elementor-element-cb5e063\" data-id=\"cb5e063\" data-element_type=\"column\" data-e-type=\"column\">\n\t\t\t<div class=\"elementor-widget-wrap elementor-element-populated\">\n\t\t\t\t\t\t<div class=\"elementor-element elementor-element-41d4a326 elementor-widget elementor-widget-heading\" data-id=\"41d4a326\" data-element_type=\"widget\" data-e-type=\"widget\" data-widget_type=\"heading.default\">\n\t\t\t\t<div class=\"elementor-widget-container\">\n\t\t\t\t\t<h2 class=\"elementor-heading-title elementor-size-default\">Mentoring Bachelor Informatik<\/h2>\t\t\t\t<\/div>\n\t\t\t\t<\/div>\n\t\t\t\t<div class=\"elementor-element elementor-element-4c15ffcd elementor-nav-menu__align-center elementor-nav-menu--dropdown-none elementor-widget__width-auto elementor-widget elementor-widget-nav-menu\" data-id=\"4c15ffcd\" data-element_type=\"widget\" data-e-type=\"widget\" data-settings=\"{&quot;layout&quot;:&quot;horizontal&quot;,&quot;submenu_icon&quot;:{&quot;value&quot;:&quot;&lt;i class=\\&quot;fas fa-caret-down\\&quot; aria-hidden=\\&quot;true\\&quot;&gt;&lt;\\\/i&gt;&quot;,&quot;library&quot;:&quot;fa-solid&quot;}}\" data-widget_type=\"nav-menu.default\">\n\t\t\t\t<div class=\"elementor-widget-container\">\n\t\t\t\t\t\t\t\t<nav aria-label=\"Men\u00fc\" class=\"elementor-nav-menu--main elementor-nav-menu__container elementor-nav-menu--layout-horizontal e--pointer-background e--animation-fade\">\n\t\t\t\t<ul id=\"menu-1-4c15ffcd\" class=\"elementor-nav-menu\"><li class=\"menu-item menu-item-type-post_type menu-item-object-page menu-item-21040\"><a href=\"https:\/\/sc.informatik.rwth-aachen.de\/de\/studium\/bachelor\/mentoring\/\" class=\"elementor-item\">\u00dcbersicht<\/a><\/li>\n<li class=\"menu-item menu-item-type-post_type menu-item-object-page menu-item-21135\"><a href=\"https:\/\/sc.informatik.rwth-aachen.de\/de\/studium\/bachelor\/mentoring\/beratung\/\" class=\"elementor-item\">Beratung<\/a><\/li>\n<li class=\"menu-item menu-item-type-post_type menu-item-object-page menu-item-21131\"><a href=\"https:\/\/sc.informatik.rwth-aachen.de\/de\/studium\/bachelor\/mentoring\/mentoring-konzept\/\" class=\"elementor-item\">Mentoring Konzept<\/a><\/li>\n<li class=\"menu-item menu-item-type-post_type menu-item-object-page menu-item-21164\"><a href=\"https:\/\/sc.informatik.rwth-aachen.de\/de\/studium\/bachelor\/mentoring\/faq\/\" class=\"elementor-item\">FAQ \u2013 H\u00e4ufig Gestellte Fragen<\/a><\/li>\n<li class=\"menu-item menu-item-type-post_type menu-item-object-page menu-item-21130\"><a href=\"https:\/\/sc.informatik.rwth-aachen.de\/de\/studium\/bachelor\/mentoring\/mentor_in-werden\/\" class=\"elementor-item\">Mentorin\/Mentor werden<\/a><\/li>\n<li class=\"menu-item menu-item-type-post_type menu-item-object-page menu-item-22306\"><a href=\"https:\/\/sc.informatik.rwth-aachen.de\/de\/studium\/bachelor\/mentoring\/mentoring-team-2\/\" class=\"elementor-item\">Team &#038; Kontakt<\/a><\/li>\n<\/ul>\t\t\t<\/nav>\n\t\t\t\t\t\t<nav class=\"elementor-nav-menu--dropdown elementor-nav-menu__container\" aria-hidden=\"true\">\n\t\t\t\t<ul id=\"menu-2-4c15ffcd\" class=\"elementor-nav-menu\"><li class=\"menu-item menu-item-type-post_type menu-item-object-page menu-item-21040\"><a href=\"https:\/\/sc.informatik.rwth-aachen.de\/de\/studium\/bachelor\/mentoring\/\" class=\"elementor-item\" tabindex=\"-1\">\u00dcbersicht<\/a><\/li>\n<li class=\"menu-item menu-item-type-post_type menu-item-object-page menu-item-21135\"><a href=\"https:\/\/sc.informatik.rwth-aachen.de\/de\/studium\/bachelor\/mentoring\/beratung\/\" class=\"elementor-item\" tabindex=\"-1\">Beratung<\/a><\/li>\n<li class=\"menu-item menu-item-type-post_type menu-item-object-page menu-item-21131\"><a href=\"https:\/\/sc.informatik.rwth-aachen.de\/de\/studium\/bachelor\/mentoring\/mentoring-konzept\/\" class=\"elementor-item\" tabindex=\"-1\">Mentoring Konzept<\/a><\/li>\n<li class=\"menu-item menu-item-type-post_type menu-item-object-page menu-item-21164\"><a href=\"https:\/\/sc.informatik.rwth-aachen.de\/de\/studium\/bachelor\/mentoring\/faq\/\" class=\"elementor-item\" tabindex=\"-1\">FAQ \u2013 H\u00e4ufig Gestellte Fragen<\/a><\/li>\n<li class=\"menu-item menu-item-type-post_type menu-item-object-page menu-item-21130\"><a href=\"https:\/\/sc.informatik.rwth-aachen.de\/de\/studium\/bachelor\/mentoring\/mentor_in-werden\/\" class=\"elementor-item\" tabindex=\"-1\">Mentorin\/Mentor werden<\/a><\/li>\n<li class=\"menu-item menu-item-type-post_type menu-item-object-page menu-item-22306\"><a href=\"https:\/\/sc.informatik.rwth-aachen.de\/de\/studium\/bachelor\/mentoring\/mentoring-team-2\/\" class=\"elementor-item\" tabindex=\"-1\">Team &#038; Kontakt<\/a><\/li>\n<\/ul>\t\t\t<\/nav>\n\t\t\t\t\t\t<\/div>\n\t\t\t\t<\/div>\n\t\t\t\t\t<\/div>\n\t\t<\/div>\n\t\t\t\t\t<\/div>\n\t\t<\/section>\n\t\t\t\t<\/div>\n\t\t\t\t<\/div>\n\t\t\t\t\t\t<\/div>\n\t\t\t\t<\/div>\n\t\t\t\t\t<\/div>\n\t\t<\/div>\n\t\t\t\t\t<\/div>\n\t\t<\/section>\n\t\t\t\t<section class=\"elementor-section elementor-top-section elementor-element elementor-element-bbc6a14 elementor-section-boxed elementor-section-height-default elementor-section-height-default\" data-id=\"bbc6a14\" data-element_type=\"section\" data-e-type=\"section\">\n\t\t\t\t\t\t<div class=\"elementor-container elementor-column-gap-default\">\n\t\t\t\t\t<div class=\"elementor-column elementor-col-66 elementor-top-column elementor-element elementor-element-d350e0b\" data-id=\"d350e0b\" data-element_type=\"column\" data-e-type=\"column\">\n\t\t\t<div class=\"elementor-widget-wrap elementor-element-populated\">\n\t\t\t\t\t\t<div class=\"elementor-element elementor-element-2437b4d elementor-widget elementor-widget-heading\" data-id=\"2437b4d\" data-element_type=\"widget\" data-e-type=\"widget\" data-widget_type=\"heading.default\">\n\t\t\t\t<div class=\"elementor-widget-container\">\n\t\t\t\t\t<h2 class=\"elementor-heading-title elementor-size-default\"><h3>Wie werde ich studentische Mentorin bzw. studentischer Mentor?<\/h3><\/h2>\t\t\t\t<\/div>\n\t\t\t\t<\/div>\n\t\t\t\t<div class=\"elementor-element elementor-element-b74bd01 elementor-widget elementor-widget-text-editor\" data-id=\"b74bd01\" data-element_type=\"widget\" data-e-type=\"widget\" data-widget_type=\"text-editor.default\">\n\t\t\t\t<div class=\"elementor-widget-container\">\n\t\t\t\t\t\t\t\t\t<p>Wenn du f\u00fcr das kommende Wintersemester nach einem interessanten nicht-technischen Wahlfach oder alternativ nach einem kleinen Hiwi-Job (6 Stunden pro Woche f\u00fcr 5 Monate) suchst, bei dem du dich f\u00fcr andere engagieren und ganz nebenbei deine F\u00fchrungs-, Pr\u00e4sentations- und Kommunikationskompetenzen verbessern kannst, bist du beim Informatik-Mentoring genau richtig.<\/p><p>\u00a0<\/p>\t\t\t\t\t\t\t\t<\/div>\n\t\t\t\t<\/div>\n\t\t\t\t\t<\/div>\n\t\t<\/div>\n\t\t\t\t<div class=\"elementor-column elementor-col-33 elementor-top-column elementor-element elementor-element-833d4fc\" data-id=\"833d4fc\" data-element_type=\"column\" data-e-type=\"column\">\n\t\t\t<div class=\"elementor-widget-wrap elementor-element-populated\">\n\t\t\t\t\t\t<div class=\"elementor-element elementor-element-41ce2fd elementor-alert elementor-alert-success elementor-widget elementor-widget-text-editor\" data-id=\"41ce2fd\" data-element_type=\"widget\" data-e-type=\"widget\" data-widget_type=\"text-editor.default\">\n\t\t\t\t<div class=\"elementor-widget-container\">\n\t\t\t\t\t\t\t\t\t<p><strong>Unser Tipp<\/strong><\/p><p>Wir f\u00fchren eine Warte- und Nachr\u00fcckliste. Es lohnt sich, uns auch au\u00dferhalb der Bewerbungsfrist per E-Mail zu kontaktieren.<\/p><p><a title=\"E-Mail schreiben an Marion Brandt-R\u00f6hrig\" href=\"mailto:brandt@informatik.rwth-aachen.de\">E-Mail schreiben<\/a><\/p>\t\t\t\t\t\t\t\t<\/div>\n\t\t\t\t<\/div>\n\t\t\t\t\t<\/div>\n\t\t<\/div>\n\t\t\t\t\t<\/div>\n\t\t<\/section>\n\t\t\t\t<section class=\"elementor-section elementor-top-section elementor-element elementor-element-0717cbd elementor-section-boxed elementor-section-height-default elementor-section-height-default\" data-id=\"0717cbd\" data-element_type=\"section\" data-e-type=\"section\">\n\t\t\t\t\t\t<div class=\"elementor-container elementor-column-gap-default\">\n\t\t\t\t\t<div class=\"elementor-column elementor-col-100 elementor-top-column elementor-element elementor-element-a157d45\" data-id=\"a157d45\" data-element_type=\"column\" data-e-type=\"column\">\n\t\t\t<div class=\"elementor-widget-wrap elementor-element-populated\">\n\t\t\t\t\t\t<div class=\"elementor-element elementor-element-456dee0 elementor-widget elementor-widget-text-editor\" data-id=\"456dee0\" data-element_type=\"widget\" data-e-type=\"widget\" data-widget_type=\"text-editor.default\">\n\t\t\t\t<div class=\"elementor-widget-container\">\n\t\t\t\t\t\t\t\t\t<p><strong>Folgende Voraussetzungen solltest du erf\u00fcllen:<\/strong><\/p><ul><li>Du studierst Informatik (Bachelor, Lehramt, MTIK) ab dem 3. Semester und verf\u00fcgst \u00fcber sehr gute Deutsch-Kenntnisse in Wort und Schrift.<\/li><li>Du kannst an der MentorInnen-Schulung am <strong>02.-03.09.2025 <\/strong>teilnehmen.<\/li><li>Du hast Lust und Zeit, dich angemessen in Themen einzuarbeiten, die f\u00fcr Studienanf\u00e4ngerInnen wichtig sind, und diese Themen in einem w\u00f6chentlichen Gruppentermin mit deiner Studierendengruppe zu bearbeiten.<\/li><li>Dein eigener Studienplan erlaubt es, <strong>einmal <\/strong>pro Woche an einem MentorInnen-Briefing von ca. 2 Stunden teilzunehmen, in dem wir euch auf den Gruppentermin vorbereiten.<\/li><li>Du besitzt eine offene und freundliche Art und freust dich darauf, den Erstsemester-Studierenden den Studienanfang zu erleichtern.<\/li><\/ul><p><strong>Interesse geweckt? <\/strong><\/p><p>Schick einfach eine E-Mail an <a class=\"email\" href=\"mailto:mentoring@informatik.rwth-aachen.de?subject=Mentor%20werden\">mentoring@informatik.rwth-aachen.de<\/a> mit<\/p><ul><li>einem kurzen, tabellarischen Lebenslauf,<\/li><li>wenigen S\u00e4tzen zu deiner Motivation, als Mentorin oder Mentor arbeiten zu wollen,<\/li><li>der Angabe, ob du dich f\u00fcr das NTW oder einen Hiwi-Job interessierst.<\/li><\/ul><p>Wir laden dich nach Erhalt der E-Mail zu einem Gespr\u00e4ch ein, bei dem wir weitere Details und deine Fragen besprechen k\u00f6nnen.<\/p><p>Wir freuen uns auf deine E-Mail.<\/p><p>Dein Mentoring-Team<\/p>\t\t\t\t\t\t\t\t<\/div>\n\t\t\t\t<\/div>\n\t\t\t\t\t<\/div>\n\t\t<\/div>\n\t\t\t\t\t<\/div>\n\t\t<\/section>\n\t\t\t\t<\/div>\n\t\t","protected":false},"excerpt":{"rendered":"<p>Wie werde ich studentische Mentorin bzw. studentischer Mentor? Wenn du f\u00fcr das kommende Wintersemester nach einem interessanten nicht-technischen Wahlfach oder alternativ nach einem kleinen Hiwi-Job (6 Stunden pro Woche f\u00fcr 5 Monate) suchst, bei dem du dich f\u00fcr andere engagieren und ganz nebenbei deine F\u00fchrungs-, Pr\u00e4sentations- und Kommunikationskompetenzen verbessern kannst, bist du beim Informatik-Mentoring genau [&hellip;]<\/p>\n","protected":false},"author":12,"featured_media":0,"parent":20988,"menu_order":0,"comment_status":"closed","ping_status":"closed","template":"","meta":{"inline_featured_image":false,"footnotes":""},"class_list":["post-21114","page","type-page","status-publish","hentry"],"_links":{"self":[{"href":"https:\/\/sc.informatik.rwth-aachen.de\/de\/wp-json\/wp\/v2\/pages\/21114","targetHints":{"allow":["GET"]}}],"collection":[{"href":"https:\/\/sc.informatik.rwth-aachen.de\/de\/wp-json\/wp\/v2\/pages"}],"about":[{"href":"https:\/\/sc.informatik.rwth-aachen.de\/de\/wp-json\/wp\/v2\/types\/page"}],"author":[{"embeddable":true,"href":"https:\/\/sc.informatik.rwth-aachen.de\/de\/wp-json\/wp\/v2\/users\/12"}],"replies":[{"embeddable":true,"href":"https:\/\/sc.informatik.rwth-aachen.de\/de\/wp-json\/wp\/v2\/comments?post=21114"}],"version-history":[{"count":16,"href":"https:\/\/sc.informatik.rwth-aachen.de\/de\/wp-json\/wp\/v2\/pages\/21114\/revisions"}],"predecessor-version":[{"id":21359,"href":"https:\/\/sc.informatik.rwth-aachen.de\/de\/wp-json\/wp\/v2\/pages\/21114\/revisions\/21359"}],"up":[{"embeddable":true,"href":"https:\/\/sc.informatik.rwth-aachen.de\/de\/wp-json\/wp\/v2\/pages\/20988"}],"wp:attachment":[{"href":"https:\/\/sc.informatik.rwth-aachen.de\/de\/wp-json\/wp\/v2\/media?parent=21114"}],"curies":[{"name":"wp","href":"https:\/\/api.w.org\/{rel}","templated":true}]}}