{"id":21035,"date":"2025-05-15T17:30:04","date_gmt":"2025-05-15T15:30:04","guid":{"rendered":"https:\/\/sc.informatik.rwth-aachen.de\/?page_id=21035"},"modified":"2025-06-28T17:25:29","modified_gmt":"2025-06-28T15:25:29","slug":"mentoring-konzept","status":"publish","type":"page","link":"https:\/\/sc.informatik.rwth-aachen.de\/de\/studium\/bachelor\/mentoring\/mentoring-konzept\/","title":{"rendered":"Mentoring Konzept"},"content":{"rendered":"\t\t<div data-elementor-type=\"wp-page\" data-elementor-id=\"21035\" class=\"elementor elementor-21035\" data-elementor-post-type=\"page\">\n\t\t\t\t\t\t<section class=\"elementor-section elementor-top-section elementor-element elementor-element-4168ad4 elementor-section-boxed elementor-section-height-default elementor-section-height-default\" data-id=\"4168ad4\" data-element_type=\"section\" data-e-type=\"section\">\n\t\t\t\t\t\t<div class=\"elementor-container elementor-column-gap-default\">\n\t\t\t\t\t<div class=\"elementor-column elementor-col-100 elementor-top-column elementor-element elementor-element-174fd6b\" data-id=\"174fd6b\" data-element_type=\"column\" data-e-type=\"column\">\n\t\t\t<div class=\"elementor-widget-wrap elementor-element-populated\">\n\t\t\t\t\t\t<div class=\"elementor-element elementor-element-1cce138 elementor-widget elementor-widget-template\" data-id=\"1cce138\" data-element_type=\"widget\" data-e-type=\"widget\" data-widget_type=\"template.default\">\n\t\t\t\t<div class=\"elementor-widget-container\">\n\t\t\t\t\t\t\t<div class=\"elementor-template\">\n\t\t\t\t\t<div data-elementor-type=\"page\" data-elementor-id=\"21043\" class=\"elementor elementor-21043\" data-elementor-post-type=\"elementor_library\">\n\t\t\t\t\t\t<section class=\"elementor-section elementor-top-section elementor-element elementor-element-1d5eedc0 elementor-section-boxed elementor-section-height-default elementor-section-height-default\" data-id=\"1d5eedc0\" data-element_type=\"section\" data-e-type=\"section\">\n\t\t\t\t\t\t<div class=\"elementor-container elementor-column-gap-default\">\n\t\t\t\t\t<div class=\"elementor-column elementor-col-100 elementor-top-column elementor-element elementor-element-cb5e063\" data-id=\"cb5e063\" data-element_type=\"column\" data-e-type=\"column\">\n\t\t\t<div class=\"elementor-widget-wrap elementor-element-populated\">\n\t\t\t\t\t\t<div class=\"elementor-element elementor-element-41d4a326 elementor-widget elementor-widget-heading\" data-id=\"41d4a326\" data-element_type=\"widget\" data-e-type=\"widget\" data-widget_type=\"heading.default\">\n\t\t\t\t<div class=\"elementor-widget-container\">\n\t\t\t\t\t<h2 class=\"elementor-heading-title elementor-size-default\">Mentoring Bachelor Informatik<\/h2>\t\t\t\t<\/div>\n\t\t\t\t<\/div>\n\t\t\t\t<div class=\"elementor-element elementor-element-4c15ffcd elementor-nav-menu__align-center elementor-nav-menu--dropdown-none elementor-widget__width-auto elementor-widget elementor-widget-nav-menu\" data-id=\"4c15ffcd\" data-element_type=\"widget\" data-e-type=\"widget\" data-settings=\"{&quot;layout&quot;:&quot;horizontal&quot;,&quot;submenu_icon&quot;:{&quot;value&quot;:&quot;&lt;i class=\\&quot;fas fa-caret-down\\&quot; aria-hidden=\\&quot;true\\&quot;&gt;&lt;\\\/i&gt;&quot;,&quot;library&quot;:&quot;fa-solid&quot;}}\" data-widget_type=\"nav-menu.default\">\n\t\t\t\t<div class=\"elementor-widget-container\">\n\t\t\t\t\t\t\t\t<nav aria-label=\"Men\u00fc\" class=\"elementor-nav-menu--main elementor-nav-menu__container elementor-nav-menu--layout-horizontal e--pointer-background e--animation-fade\">\n\t\t\t\t<ul id=\"menu-1-4c15ffcd\" class=\"elementor-nav-menu\"><li class=\"menu-item menu-item-type-post_type menu-item-object-page menu-item-21040\"><a href=\"https:\/\/sc.informatik.rwth-aachen.de\/de\/studium\/bachelor\/mentoring\/\" class=\"elementor-item\">\u00dcbersicht<\/a><\/li>\n<li class=\"menu-item menu-item-type-post_type menu-item-object-page menu-item-21135\"><a href=\"https:\/\/sc.informatik.rwth-aachen.de\/de\/studium\/bachelor\/mentoring\/beratung\/\" class=\"elementor-item\">Beratung<\/a><\/li>\n<li class=\"menu-item menu-item-type-post_type menu-item-object-page menu-item-21131\"><a href=\"https:\/\/sc.informatik.rwth-aachen.de\/de\/studium\/bachelor\/mentoring\/mentoring-konzept\/\" class=\"elementor-item\">Mentoring Konzept<\/a><\/li>\n<li class=\"menu-item menu-item-type-post_type menu-item-object-page menu-item-21164\"><a href=\"https:\/\/sc.informatik.rwth-aachen.de\/de\/studium\/bachelor\/mentoring\/faq\/\" class=\"elementor-item\">FAQ \u2013 H\u00e4ufig Gestellte Fragen<\/a><\/li>\n<li class=\"menu-item menu-item-type-post_type menu-item-object-page menu-item-21130\"><a href=\"https:\/\/sc.informatik.rwth-aachen.de\/de\/studium\/bachelor\/mentoring\/mentor_in-werden\/\" class=\"elementor-item\">Mentorin\/Mentor werden<\/a><\/li>\n<li class=\"menu-item menu-item-type-post_type menu-item-object-page menu-item-22306\"><a href=\"https:\/\/sc.informatik.rwth-aachen.de\/de\/studium\/bachelor\/mentoring\/mentoring-team-2\/\" class=\"elementor-item\">Team &#038; Kontakt<\/a><\/li>\n<\/ul>\t\t\t<\/nav>\n\t\t\t\t\t\t<nav class=\"elementor-nav-menu--dropdown elementor-nav-menu__container\" aria-hidden=\"true\">\n\t\t\t\t<ul id=\"menu-2-4c15ffcd\" class=\"elementor-nav-menu\"><li class=\"menu-item menu-item-type-post_type menu-item-object-page menu-item-21040\"><a href=\"https:\/\/sc.informatik.rwth-aachen.de\/de\/studium\/bachelor\/mentoring\/\" class=\"elementor-item\" tabindex=\"-1\">\u00dcbersicht<\/a><\/li>\n<li class=\"menu-item menu-item-type-post_type menu-item-object-page menu-item-21135\"><a href=\"https:\/\/sc.informatik.rwth-aachen.de\/de\/studium\/bachelor\/mentoring\/beratung\/\" class=\"elementor-item\" tabindex=\"-1\">Beratung<\/a><\/li>\n<li class=\"menu-item menu-item-type-post_type menu-item-object-page menu-item-21131\"><a href=\"https:\/\/sc.informatik.rwth-aachen.de\/de\/studium\/bachelor\/mentoring\/mentoring-konzept\/\" class=\"elementor-item\" tabindex=\"-1\">Mentoring Konzept<\/a><\/li>\n<li class=\"menu-item menu-item-type-post_type menu-item-object-page menu-item-21164\"><a href=\"https:\/\/sc.informatik.rwth-aachen.de\/de\/studium\/bachelor\/mentoring\/faq\/\" class=\"elementor-item\" tabindex=\"-1\">FAQ \u2013 H\u00e4ufig Gestellte Fragen<\/a><\/li>\n<li class=\"menu-item menu-item-type-post_type menu-item-object-page menu-item-21130\"><a href=\"https:\/\/sc.informatik.rwth-aachen.de\/de\/studium\/bachelor\/mentoring\/mentor_in-werden\/\" class=\"elementor-item\" tabindex=\"-1\">Mentorin\/Mentor werden<\/a><\/li>\n<li class=\"menu-item menu-item-type-post_type menu-item-object-page menu-item-22306\"><a href=\"https:\/\/sc.informatik.rwth-aachen.de\/de\/studium\/bachelor\/mentoring\/mentoring-team-2\/\" class=\"elementor-item\" tabindex=\"-1\">Team &#038; Kontakt<\/a><\/li>\n<\/ul>\t\t\t<\/nav>\n\t\t\t\t\t\t<\/div>\n\t\t\t\t<\/div>\n\t\t\t\t\t<\/div>\n\t\t<\/div>\n\t\t\t\t\t<\/div>\n\t\t<\/section>\n\t\t\t\t<\/div>\n\t\t\t\t<\/div>\n\t\t\t\t\t\t<\/div>\n\t\t\t\t<\/div>\n\t\t\t\t\t<\/div>\n\t\t<\/div>\n\t\t\t\t\t<\/div>\n\t\t<\/section>\n\t\t\t\t<section class=\"elementor-section elementor-top-section elementor-element elementor-element-1569812 elementor-section-boxed elementor-section-height-default elementor-section-height-default\" data-id=\"1569812\" data-element_type=\"section\" data-e-type=\"section\">\n\t\t\t\t\t\t<div class=\"elementor-container elementor-column-gap-default\">\n\t\t\t\t\t<div class=\"elementor-column elementor-col-100 elementor-top-column elementor-element elementor-element-bd731ab\" data-id=\"bd731ab\" data-element_type=\"column\" data-e-type=\"column\">\n\t\t\t<div class=\"elementor-widget-wrap elementor-element-populated\">\n\t\t\t\t\t\t<div class=\"elementor-element elementor-element-3c2f42c elementor-widget elementor-widget-heading\" data-id=\"3c2f42c\" data-element_type=\"widget\" data-e-type=\"widget\" data-widget_type=\"heading.default\">\n\t\t\t\t<div class=\"elementor-widget-container\">\n\t\t\t\t\t<h2 class=\"elementor-heading-title elementor-size-default\">Mentoring in der Studiengansphase - ein Pflichtmodul im ersten und zweiten Semester<\/h2>\t\t\t\t<\/div>\n\t\t\t\t<\/div>\n\t\t\t\t\t<\/div>\n\t\t<\/div>\n\t\t\t\t\t<\/div>\n\t\t<\/section>\n\t\t\t\t<section class=\"elementor-section elementor-top-section elementor-element elementor-element-9232a4d elementor-section-boxed elementor-section-height-default elementor-section-height-default\" data-id=\"9232a4d\" data-element_type=\"section\" data-e-type=\"section\">\n\t\t\t\t\t\t<div class=\"elementor-container elementor-column-gap-default\">\n\t\t\t\t\t<div class=\"elementor-column elementor-col-100 elementor-top-column elementor-element elementor-element-b8853aa\" data-id=\"b8853aa\" data-element_type=\"column\" data-e-type=\"column\">\n\t\t\t<div class=\"elementor-widget-wrap elementor-element-populated\">\n\t\t\t\t\t\t<div class=\"elementor-element elementor-element-bcd8659 elementor-widget elementor-widget-text-editor\" data-id=\"bcd8659\" data-element_type=\"widget\" data-e-type=\"widget\" data-widget_type=\"text-editor.default\">\n\t\t\t\t<div class=\"elementor-widget-container\">\n\t\t\t\t\t\t\t\t\t<h5>Konzept und Ziele<\/h5><p>In der Studieneingangsphase werden die Grundlagen f\u00fcr ein erfolgreiches Studium gelegt. Mit unserem Erst-\/Zweitsemester-Programm m\u00f6chten wir dazu beitragen, die Studienerfolgsquote zu steigern und die Studienqualit\u00e4t zu verbessern. Die Teilnahme ist f\u00fcr Studierende im ersten und zweiten Semester verpflichtend.<\/p><h5 class=\"Unterueberschrift\">Weichenstellung f\u00fcr einen erfolgreichen Studienverlauf<\/h5><p>Unser Programm zielt darauf, unseren Studienanf\u00e4ngerinnen und -anf\u00e4ngern den Einstieg ins Studium zu erleichtern und bei Problemen schnell und kompetent zu helfen. Um dies zu erreichen, werden die Studierenden w\u00e4hrend des ersten Semesters in w\u00f6chentlichen Gruppentreffen und sp\u00e4ter in Lernworkshops intensiv betreut. Zus\u00e4tzlich k\u00f6nnen die Studierenden individuelle Beratungsgespr\u00e4che mit Blick auf die gesamte Studien- und Lebenssituation wahrnehmen.<\/p><h5 class=\"Unterueberschrift\">Reduzierung der Studienabbrecherquote in der Eingangsphase<\/h5><p class=\"a11y-focus a11y-focus-widget\">Die Mehrheit der Studienabbrecher bricht das Studium am Anfang ab. Eine erfolgreiche Begleitung in dieser Phase senkt das Risiko, dass es in h\u00f6heren Semestern zu einem Abbruch kommt. Im Erst-\/Zweitsemesterprogramm wird ein breites Themenspektrum abgedeckt, das die Studierenden fr\u00fchzeitig f\u00fcr die speziellen Herausforderungen im Studium sensibilisieren soll und sie in die Lage versetzen soll, diese zu meistern.<\/p><h5 class=\"Unterueberschrift\">Alternativen aufzeigen &#8211; Entscheidungsprozess begleiten<\/h5><p class=\"a11y-focus\">Studierende, die sich dennoch f\u00fcr einen Studienabbruch entscheiden, aus eigener Motivation oder weil eine Fortsetzung des Studiums nicht ratsam oder m\u00f6glich ist, erhalten auf dem schwierigen Weg einer Neuorientierung Hilfe und Informationen, so dass die Zeit bis zum Studienabbruch verk\u00fcrzt werden kann. Wir helfen dabei Alternativen und Perspektiven zu finden, die eher den Neigungen und der Begabung des Studierenden entsprechen, angefangen bei dem Studienfachwechsel \u00fcber den Wechsel der Institution (Fachhochschule\/Berufsakademie) bis zur Aufnahme eines dualen Studiums oder einer qualifizierten Ausbildung.<\/p>\t\t\t\t\t\t\t\t<\/div>\n\t\t\t\t<\/div>\n\t\t\t\t\t<\/div>\n\t\t<\/div>\n\t\t\t\t\t<\/div>\n\t\t<\/section>\n\t\t\t\t<section class=\"elementor-section elementor-top-section elementor-element elementor-element-9cec518 elementor-section-boxed elementor-section-height-default elementor-section-height-default\" data-id=\"9cec518\" data-element_type=\"section\" data-e-type=\"section\">\n\t\t\t\t\t\t<div class=\"elementor-container elementor-column-gap-default\">\n\t\t\t\t\t<div class=\"elementor-column elementor-col-100 elementor-top-column elementor-element elementor-element-7cde3ae\" data-id=\"7cde3ae\" data-element_type=\"column\" data-e-type=\"column\">\n\t\t\t<div class=\"elementor-widget-wrap elementor-element-populated\">\n\t\t\t\t\t\t<div class=\"elementor-element elementor-element-386928e elementor-widget elementor-widget-heading\" data-id=\"386928e\" data-element_type=\"widget\" data-e-type=\"widget\" data-widget_type=\"heading.default\">\n\t\t\t\t<div class=\"elementor-widget-container\">\n\t\t\t\t\t<h2 class=\"elementor-heading-title elementor-size-default\">Pflichtveranstaltung Mentoring - warum?<\/h2>\t\t\t\t<\/div>\n\t\t\t\t<\/div>\n\t\t\t\t<div class=\"elementor-element elementor-element-17d4a77 elementor-widget elementor-widget-text-editor\" data-id=\"17d4a77\" data-element_type=\"widget\" data-e-type=\"widget\" data-widget_type=\"text-editor.default\">\n\t\t\t\t<div class=\"elementor-widget-container\">\n\t\t\t\t\t\t\t\t\t<h5 class=\"Zwischenueberschrift\">Mentoring &#8211; eine von 5 Pflichtverstaltungen<\/h5><p>Neben den Informatik- und Mathematik-Vorlesungen gibt es im ersten und zweiten Semester eine weitere Pflichtveranstaltung, die Sie besuchen m\u00fcssen: das Informatik-Mentoring. Das Mentoring hilft dir dabei, dich an der Uni zurecht zu finden und die ersten Semester erfolgreich zu meistern.<\/p><h5 class=\"Unterueberschrift\">Fragst du dich jetzt, was das soll?<\/h5><p>Auf der einen Seite wissen wir, dass ein schlechter Start ins Studium sich tendenziell negativ auf den weiteren Studienverlauf auswirkt. Dies zeigt sich bspw. in l\u00e4ngeren Studienzeiten und schlechteren Noten. Auf der anderen Seite berichten viele Studierende, dass sie sich am Anfang des Studiums verloren gef\u00fchlt oder sie die fachlichen und pers\u00f6nlichen Anforderungen im Studium schlichtweg untersch\u00e4tzt haben.<\/p><p>Das ist mehr als verst\u00e4ndlich, da Uni ganz anders funktioniert als Schule. Von Anfang an bist du selbst f\u00fcr dein Studium und dessen Verlauf verantwortlich. Du musst dich neu organisieren, viele Entscheidungen treffen, selbst die Initiative ergreifen. Hinzu kommt, dass sich bei vielen Studierenden auf einen Schlag das gesamte pers\u00f6nliche Umfeld \u00e4ndert: die erste eigene Wohnung, Freunde und Familie sind weit weg, alles ist neu. Auch diese Situation wird von vielen Studierenden im ersten Studienjahr als sehr belastend empfunden.<\/p><p>Aus diesen Gr\u00fcnden hat die Fachgruppe Informatik zusammen mit der Fachschaft \u00fcberlegt, wie sie Studienanf\u00e4ngerinnen und Studienanf\u00e4nger besser unterst\u00fctzen kann, damit sie besser ins Studium hineinfinden der Studienstart gelingt. Das Ergebnis war die Entwicklung eines Mentoring-Programms f\u00fcr Erstsemester, bei dem die Erstsemester-Studierenden direkt ab der Einf\u00fchrungswoche \u00fcber das gesamte erste Semester hinweg in kleineren Gruppen von studentischen Mentorinnen und Mentoren, das sind Informatik-Studierende aus h\u00f6heren Semestern, begleitet und unterst\u00fctzt werden.<\/p><h5 class=\"Unterueberschrift\">Was passiert beim Mentoring?<\/h5><p>W\u00e4hrend der w\u00f6chentlichen Mentoring-Termine besch\u00e4ftigst du dich in der Gruppe mit Themen des Studienalltags. Gemeinsam r\u00e4umt ihr Stolpersteine aus dem Weg und entwickelt L\u00f6sungen und Strategien, die euch dabei helfen k\u00f6nnen, die Herausforderungen des Studiums erfolgreich zu bew\u00e4ltigen. Neben den Gruppenterminen hast du die M\u00f6glichkeit, pers\u00f6nliche Probleme und Schwierigkeiten unter vier Augen mit deinem Mentor bzw. deiner Mentorin zu besprechen. Das Ganze hat den positiven Nebeneffekt, dass du schnell und einfach beim Mentoring neue Leute kennenlernen und du dich von Anfang an gut vernetzen kannst. Du wirst sehen: Auch der Spa\u00df kommt nicht zu kurz, ob beim Lasertag, Grillen oder gem\u00fctlichen Kneipenabend.<\/p><p>\u00a0<\/p><p>Die Veranstaltung findet in kleineren Gruppen statt. Das Modul ist mit einem ECTS Credit bewertet. Es gibt kein alternatives Modul, mit dem du diesen Credit erwerben kannst. Da das Programm auf die Bed\u00fcrfnisse der Studienanf\u00e4ngerinnen und Studienanf\u00e4nger zugeschnitten ist, ergibt es keinen Sinn, das Modul in ein sp\u00e4teres Semester zu verschieben. Deshalb ist das Modul eine harte Voraussetzung f\u00fcr alle Pflichtveranstaltungen ab dem vierten Semester.<\/p>\t\t\t\t\t\t\t\t<\/div>\n\t\t\t\t<\/div>\n\t\t\t\t\t<\/div>\n\t\t<\/div>\n\t\t\t\t\t<\/div>\n\t\t<\/section>\n\t\t\t\t<section class=\"elementor-section elementor-top-section elementor-element elementor-element-f39db4b elementor-section-boxed elementor-section-height-default elementor-section-height-default\" data-id=\"f39db4b\" data-element_type=\"section\" data-e-type=\"section\">\n\t\t\t\t\t\t<div class=\"elementor-container elementor-column-gap-default\">\n\t\t\t\t\t<div class=\"elementor-column elementor-col-66 elementor-top-column elementor-element elementor-element-9d5368f\" data-id=\"9d5368f\" data-element_type=\"column\" data-e-type=\"column\">\n\t\t\t<div class=\"elementor-widget-wrap elementor-element-populated\">\n\t\t\t\t\t\t<div class=\"elementor-element elementor-element-95a5531 elementor-widget elementor-widget-text-editor\" data-id=\"95a5531\" data-element_type=\"widget\" data-e-type=\"widget\" data-widget_type=\"text-editor.default\">\n\t\t\t\t<div class=\"elementor-widget-container\">\n\t\t\t\t\t\t\t\t\t<h5 class=\"Unterueberschrift\">Welche Themen werden bearbeitet?<\/h5><p id=\"yui_3_17_2_1_1599664905877_661\">Das Mentoring-Programm setzt an den Punkten an, die von Studierenden in den ersten Semestern als schwierig empfunden werden. Es werden die Themen behandelt, die dich fit f\u00fcr das Studium machen werden:<\/p><ol><li><strong>Studieneinstieg:<\/strong> Wie funktioiniert das Studieren an der RWTH? Was muss ich alles wissen, um meinen Student-Life-Cycle zu managen und mich neu zu organiseren?<\/li><li><strong>Lernen im Studium:<\/strong> Was \u00e4ndert sich im Vergleich zur Schule? Wie kann ich das hohe Niveau und die Menge an Stoffe besser bew\u00e4ltigen?<\/li><li><strong>Klausurvorbereitung:<\/strong> Wie bereite ich mich auf Pr\u00fcfungen vor? Welche Startegien und Hilfen gibt es?<\/li><li><strong>Alles zum Informatikstudium: <\/strong>Was ist eine Pr\u00fcfungsordnung? Wie unterscheiden sich ZPA und PA? Welche Rechte habe ich? Welche Pflichten?<\/li><\/ol>\t\t\t\t\t\t\t\t<\/div>\n\t\t\t\t<\/div>\n\t\t\t\t\t<\/div>\n\t\t<\/div>\n\t\t\t\t<div class=\"elementor-column elementor-col-33 elementor-top-column elementor-element elementor-element-259e7a8\" data-id=\"259e7a8\" data-element_type=\"column\" data-e-type=\"column\">\n\t\t\t<div class=\"elementor-widget-wrap elementor-element-populated\">\n\t\t\t\t\t\t<div class=\"elementor-element elementor-element-676ffe3 elementor-alert elementor-alert-success elementor-widget elementor-widget-text-editor\" data-id=\"676ffe3\" data-element_type=\"widget\" data-e-type=\"widget\" data-widget_type=\"text-editor.default\">\n\t\t\t\t<div class=\"elementor-widget-container\">\n\t\t\t\t\t\t\t\t\t<p><strong>Selber Mentor*in werden<\/strong><\/p><p>Wenn dir das Mentoring gef\u00e4llt und du dich f\u00fcr andere engagieren m\u00f6chtest, kannst du sp\u00e4ter selbst Mentor bzw. Mentorin werden, entweder im Rahmen deines <a href=\"https:\/\/sc.informatik.rwth-aachen.de\/de\/studium\/bachelor\/informatik\/aufbau-und-ablauf\/?preview_id=5017&amp;preview_nonce=ba75c72c60&amp;preview=true\">Nicht-Technischen Wahlfachs<\/a> oder als kleiner Hiwi-Job.<\/p><p><a href=\"https:\/\/sc.informatik.rwth-aachen.de\/de\/studium\/bachelor\/mentoring\/mentorin-mentor-werden\/\">Mentor werden<\/a><\/p>\t\t\t\t\t\t\t\t<\/div>\n\t\t\t\t<\/div>\n\t\t\t\t\t<\/div>\n\t\t<\/div>\n\t\t\t\t\t<\/div>\n\t\t<\/section>\n\t\t\t\t<\/div>\n\t\t","protected":false},"excerpt":{"rendered":"<p>Mentoring in der Studiengansphase &#8211; ein Pflichtmodul im ersten und zweiten Semester Konzept und Ziele In der Studieneingangsphase werden die Grundlagen f\u00fcr ein erfolgreiches Studium gelegt. Mit unserem Erst-\/Zweitsemester-Programm m\u00f6chten wir dazu beitragen, die Studienerfolgsquote zu steigern und die Studienqualit\u00e4t zu verbessern. Die Teilnahme ist f\u00fcr Studierende im ersten und zweiten Semester verpflichtend. Weichenstellung f\u00fcr [&hellip;]<\/p>\n","protected":false},"author":12,"featured_media":0,"parent":20988,"menu_order":0,"comment_status":"closed","ping_status":"closed","template":"","meta":{"inline_featured_image":false,"footnotes":""},"class_list":["post-21035","page","type-page","status-publish","hentry"],"_links":{"self":[{"href":"https:\/\/sc.informatik.rwth-aachen.de\/de\/wp-json\/wp\/v2\/pages\/21035","targetHints":{"allow":["GET"]}}],"collection":[{"href":"https:\/\/sc.informatik.rwth-aachen.de\/de\/wp-json\/wp\/v2\/pages"}],"about":[{"href":"https:\/\/sc.informatik.rwth-aachen.de\/de\/wp-json\/wp\/v2\/types\/page"}],"author":[{"embeddable":true,"href":"https:\/\/sc.informatik.rwth-aachen.de\/de\/wp-json\/wp\/v2\/users\/12"}],"replies":[{"embeddable":true,"href":"https:\/\/sc.informatik.rwth-aachen.de\/de\/wp-json\/wp\/v2\/comments?post=21035"}],"version-history":[{"count":17,"href":"https:\/\/sc.informatik.rwth-aachen.de\/de\/wp-json\/wp\/v2\/pages\/21035\/revisions"}],"predecessor-version":[{"id":21332,"href":"https:\/\/sc.informatik.rwth-aachen.de\/de\/wp-json\/wp\/v2\/pages\/21035\/revisions\/21332"}],"up":[{"embeddable":true,"href":"https:\/\/sc.informatik.rwth-aachen.de\/de\/wp-json\/wp\/v2\/pages\/20988"}],"wp:attachment":[{"href":"https:\/\/sc.informatik.rwth-aachen.de\/de\/wp-json\/wp\/v2\/media?parent=21035"}],"curies":[{"name":"wp","href":"https:\/\/api.w.org\/{rel}","templated":true}]}}