{"id":20988,"date":"2025-05-15T17:20:50","date_gmt":"2025-05-15T15:20:50","guid":{"rendered":"https:\/\/sc.informatik.rwth-aachen.de\/?page_id=20988"},"modified":"2026-03-04T08:17:34","modified_gmt":"2026-03-04T07:17:34","slug":"mentoring","status":"publish","type":"page","link":"https:\/\/sc.informatik.rwth-aachen.de\/de\/studium\/bachelor\/mentoring\/","title":{"rendered":"Mentoring"},"content":{"rendered":"\t\t<div data-elementor-type=\"wp-page\" data-elementor-id=\"20988\" class=\"elementor elementor-20988\" data-elementor-post-type=\"page\">\n\t\t\t\t\t\t<section class=\"elementor-section elementor-top-section elementor-element elementor-element-795172d elementor-section-boxed elementor-section-height-default elementor-section-height-default\" data-id=\"795172d\" data-element_type=\"section\" data-e-type=\"section\">\n\t\t\t\t\t\t<div class=\"elementor-container elementor-column-gap-default\">\n\t\t\t\t\t<div class=\"elementor-column elementor-col-100 elementor-top-column elementor-element elementor-element-b3144a5\" data-id=\"b3144a5\" data-element_type=\"column\" data-e-type=\"column\">\n\t\t\t<div class=\"elementor-widget-wrap elementor-element-populated\">\n\t\t\t\t\t\t<div class=\"elementor-element elementor-element-c88e4b1 elementor-widget elementor-widget-template\" data-id=\"c88e4b1\" data-element_type=\"widget\" data-e-type=\"widget\" data-widget_type=\"template.default\">\n\t\t\t\t<div class=\"elementor-widget-container\">\n\t\t\t\t\t\t\t<div class=\"elementor-template\">\n\t\t\t\t\t<div data-elementor-type=\"page\" data-elementor-id=\"21043\" class=\"elementor elementor-21043\" data-elementor-post-type=\"elementor_library\">\n\t\t\t\t\t\t<section class=\"elementor-section elementor-top-section elementor-element elementor-element-1d5eedc0 elementor-section-boxed elementor-section-height-default elementor-section-height-default\" data-id=\"1d5eedc0\" data-element_type=\"section\" data-e-type=\"section\">\n\t\t\t\t\t\t<div class=\"elementor-container elementor-column-gap-default\">\n\t\t\t\t\t<div class=\"elementor-column elementor-col-100 elementor-top-column elementor-element elementor-element-cb5e063\" data-id=\"cb5e063\" data-element_type=\"column\" data-e-type=\"column\">\n\t\t\t<div class=\"elementor-widget-wrap elementor-element-populated\">\n\t\t\t\t\t\t<div class=\"elementor-element elementor-element-41d4a326 elementor-widget elementor-widget-heading\" data-id=\"41d4a326\" data-element_type=\"widget\" data-e-type=\"widget\" data-widget_type=\"heading.default\">\n\t\t\t\t<div class=\"elementor-widget-container\">\n\t\t\t\t\t<h2 class=\"elementor-heading-title elementor-size-default\">Mentoring Bachelor Informatik<\/h2>\t\t\t\t<\/div>\n\t\t\t\t<\/div>\n\t\t\t\t<div class=\"elementor-element elementor-element-4c15ffcd elementor-nav-menu__align-center elementor-nav-menu--dropdown-none elementor-widget__width-auto elementor-widget elementor-widget-nav-menu\" data-id=\"4c15ffcd\" data-element_type=\"widget\" data-e-type=\"widget\" data-settings=\"{&quot;layout&quot;:&quot;horizontal&quot;,&quot;submenu_icon&quot;:{&quot;value&quot;:&quot;&lt;i class=\\&quot;fas fa-caret-down\\&quot; aria-hidden=\\&quot;true\\&quot;&gt;&lt;\\\/i&gt;&quot;,&quot;library&quot;:&quot;fa-solid&quot;}}\" data-widget_type=\"nav-menu.default\">\n\t\t\t\t<div class=\"elementor-widget-container\">\n\t\t\t\t\t\t\t\t<nav aria-label=\"Men\u00fc\" class=\"elementor-nav-menu--main elementor-nav-menu__container elementor-nav-menu--layout-horizontal e--pointer-background e--animation-fade\">\n\t\t\t\t<ul id=\"menu-1-4c15ffcd\" class=\"elementor-nav-menu\"><li class=\"menu-item menu-item-type-post_type menu-item-object-page menu-item-21040\"><a href=\"https:\/\/sc.informatik.rwth-aachen.de\/de\/studium\/bachelor\/mentoring\/\" class=\"elementor-item\">\u00dcbersicht<\/a><\/li>\n<li class=\"menu-item menu-item-type-post_type menu-item-object-page menu-item-21135\"><a href=\"https:\/\/sc.informatik.rwth-aachen.de\/de\/studium\/bachelor\/mentoring\/beratung\/\" class=\"elementor-item\">Beratung<\/a><\/li>\n<li class=\"menu-item menu-item-type-post_type menu-item-object-page menu-item-21131\"><a href=\"https:\/\/sc.informatik.rwth-aachen.de\/de\/studium\/bachelor\/mentoring\/mentoring-konzept\/\" class=\"elementor-item\">Mentoring Konzept<\/a><\/li>\n<li class=\"menu-item menu-item-type-post_type menu-item-object-page menu-item-21164\"><a href=\"https:\/\/sc.informatik.rwth-aachen.de\/de\/studium\/bachelor\/mentoring\/faq\/\" class=\"elementor-item\">FAQ \u2013 H\u00e4ufig Gestellte Fragen<\/a><\/li>\n<li class=\"menu-item menu-item-type-post_type menu-item-object-page menu-item-21130\"><a href=\"https:\/\/sc.informatik.rwth-aachen.de\/de\/studium\/bachelor\/mentoring\/mentor_in-werden\/\" class=\"elementor-item\">Mentorin\/Mentor werden<\/a><\/li>\n<li class=\"menu-item menu-item-type-post_type menu-item-object-page menu-item-22306\"><a href=\"https:\/\/sc.informatik.rwth-aachen.de\/de\/studium\/bachelor\/mentoring\/mentoring-team-2\/\" class=\"elementor-item\">Team &#038; Kontakt<\/a><\/li>\n<\/ul>\t\t\t<\/nav>\n\t\t\t\t\t\t<nav class=\"elementor-nav-menu--dropdown elementor-nav-menu__container\" aria-hidden=\"true\">\n\t\t\t\t<ul id=\"menu-2-4c15ffcd\" class=\"elementor-nav-menu\"><li class=\"menu-item menu-item-type-post_type menu-item-object-page menu-item-21040\"><a href=\"https:\/\/sc.informatik.rwth-aachen.de\/de\/studium\/bachelor\/mentoring\/\" class=\"elementor-item\" tabindex=\"-1\">\u00dcbersicht<\/a><\/li>\n<li class=\"menu-item menu-item-type-post_type menu-item-object-page menu-item-21135\"><a href=\"https:\/\/sc.informatik.rwth-aachen.de\/de\/studium\/bachelor\/mentoring\/beratung\/\" class=\"elementor-item\" tabindex=\"-1\">Beratung<\/a><\/li>\n<li class=\"menu-item menu-item-type-post_type menu-item-object-page menu-item-21131\"><a href=\"https:\/\/sc.informatik.rwth-aachen.de\/de\/studium\/bachelor\/mentoring\/mentoring-konzept\/\" class=\"elementor-item\" tabindex=\"-1\">Mentoring Konzept<\/a><\/li>\n<li class=\"menu-item menu-item-type-post_type menu-item-object-page menu-item-21164\"><a href=\"https:\/\/sc.informatik.rwth-aachen.de\/de\/studium\/bachelor\/mentoring\/faq\/\" class=\"elementor-item\" tabindex=\"-1\">FAQ \u2013 H\u00e4ufig Gestellte Fragen<\/a><\/li>\n<li class=\"menu-item menu-item-type-post_type menu-item-object-page menu-item-21130\"><a href=\"https:\/\/sc.informatik.rwth-aachen.de\/de\/studium\/bachelor\/mentoring\/mentor_in-werden\/\" class=\"elementor-item\" tabindex=\"-1\">Mentorin\/Mentor werden<\/a><\/li>\n<li class=\"menu-item menu-item-type-post_type menu-item-object-page menu-item-22306\"><a href=\"https:\/\/sc.informatik.rwth-aachen.de\/de\/studium\/bachelor\/mentoring\/mentoring-team-2\/\" class=\"elementor-item\" tabindex=\"-1\">Team &#038; Kontakt<\/a><\/li>\n<\/ul>\t\t\t<\/nav>\n\t\t\t\t\t\t<\/div>\n\t\t\t\t<\/div>\n\t\t\t\t\t<\/div>\n\t\t<\/div>\n\t\t\t\t\t<\/div>\n\t\t<\/section>\n\t\t\t\t<\/div>\n\t\t\t\t<\/div>\n\t\t\t\t\t\t<\/div>\n\t\t\t\t<\/div>\n\t\t\t\t\t<\/div>\n\t\t<\/div>\n\t\t\t\t\t<\/div>\n\t\t<\/section>\n\t\t\t\t<section class=\"elementor-section elementor-top-section elementor-element elementor-element-1569812 elementor-section-boxed elementor-section-height-default elementor-section-height-default\" data-id=\"1569812\" data-element_type=\"section\" data-e-type=\"section\">\n\t\t\t\t\t\t<div class=\"elementor-container elementor-column-gap-default\">\n\t\t\t\t\t<div class=\"elementor-column elementor-col-100 elementor-top-column elementor-element elementor-element-bd731ab\" data-id=\"bd731ab\" data-element_type=\"column\" data-e-type=\"column\">\n\t\t\t<div class=\"elementor-widget-wrap elementor-element-populated\">\n\t\t\t\t\t\t<div class=\"elementor-element elementor-element-3c2f42c elementor-widget elementor-widget-heading\" data-id=\"3c2f42c\" data-element_type=\"widget\" data-e-type=\"widget\" data-widget_type=\"heading.default\">\n\t\t\t\t<div class=\"elementor-widget-container\">\n\t\t\t\t\t<h2 class=\"elementor-heading-title elementor-size-default\">Mentoring Informatik<\/h2>\t\t\t\t<\/div>\n\t\t\t\t<\/div>\n\t\t\t\t\t<\/div>\n\t\t<\/div>\n\t\t\t\t\t<\/div>\n\t\t<\/section>\n\t\t\t\t<section class=\"elementor-section elementor-top-section elementor-element elementor-element-9232a4d elementor-section-boxed elementor-section-height-default elementor-section-height-default\" data-id=\"9232a4d\" data-element_type=\"section\" data-e-type=\"section\">\n\t\t\t\t\t\t<div class=\"elementor-container elementor-column-gap-default\">\n\t\t\t\t\t<div class=\"elementor-column elementor-col-100 elementor-top-column elementor-element elementor-element-b8853aa\" data-id=\"b8853aa\" data-element_type=\"column\" data-e-type=\"column\">\n\t\t\t<div class=\"elementor-widget-wrap elementor-element-populated\">\n\t\t\t\t\t\t<div class=\"elementor-element elementor-element-bcd8659 elementor-widget elementor-widget-text-editor\" data-id=\"bcd8659\" data-element_type=\"widget\" data-e-type=\"widget\" data-widget_type=\"text-editor.default\">\n\t\t\t\t<div class=\"elementor-widget-container\">\n\t\t\t\t\t\t\t\t\t<p>Das Informatik-Mentoring wurde im Rahmen der RWTH-weiten Initiative Zukunftskonzept exzellente Lehre zur Verbesserung der Studienbedingungen in Zusammenarbeit der Fachgruppe Informatik mit der Fachschaft entwickelt. Unser Angebot erweitert und erg\u00e4nzt die Angebote der Fachstudienberatung und der Fachschaft um eine pers\u00f6nliche, individuelle Begleitung durch das Studium.<\/p>\t\t\t\t\t\t\t\t<\/div>\n\t\t\t\t<\/div>\n\t\t\t\t\t<\/div>\n\t\t<\/div>\n\t\t\t\t\t<\/div>\n\t\t<\/section>\n\t\t\t\t<section class=\"elementor-section elementor-top-section elementor-element elementor-element-6fb9cee elementor-section-boxed elementor-section-height-default elementor-section-height-default\" data-id=\"6fb9cee\" data-element_type=\"section\" data-e-type=\"section\">\n\t\t\t\t\t\t<div class=\"elementor-container elementor-column-gap-default\">\n\t\t\t\t\t<div class=\"elementor-column elementor-col-100 elementor-top-column elementor-element elementor-element-dc26387\" data-id=\"dc26387\" data-element_type=\"column\" data-e-type=\"column\">\n\t\t\t<div class=\"elementor-widget-wrap\">\n\t\t\t\t\t\t\t<\/div>\n\t\t<\/div>\n\t\t\t\t\t<\/div>\n\t\t<\/section>\n\t\t\t\t<section class=\"elementor-section elementor-top-section elementor-element elementor-element-db11edd elementor-section-boxed elementor-section-height-default elementor-section-height-default\" data-id=\"db11edd\" data-element_type=\"section\" data-e-type=\"section\">\n\t\t\t\t\t\t<div class=\"elementor-container elementor-column-gap-default\">\n\t\t\t\t\t<div class=\"elementor-column elementor-col-66 elementor-top-column elementor-element elementor-element-d5d71fc\" data-id=\"d5d71fc\" data-element_type=\"column\" data-e-type=\"column\">\n\t\t\t<div class=\"elementor-widget-wrap elementor-element-populated\">\n\t\t\t\t\t\t<div class=\"elementor-element elementor-element-ddcff2e elementor-widget elementor-widget-text-editor\" data-id=\"ddcff2e\" data-element_type=\"widget\" data-e-type=\"widget\" data-widget_type=\"text-editor.default\">\n\t\t\t\t<div class=\"elementor-widget-container\">\n\t\t\t\t\t\t\t\t\t<h3>Kurz und Knapp<\/h3>\n<p>Wir begleiten unsere Informatik-Studierenden durch das gesamte Bachelor-Studium. Ein besonderer Fokus liegt auf unserem Erst-\/Zweitsemesterprogramm. Unser Ziel ist es, unseren Studienanf\u00e4ngerinnen und Studienanf\u00e4ngern den Einstieg ins Studium zu erleichtern und bei Problemen schnell und kompetent zu helfen. Dazu werden die Studierenden w\u00e4hrend der ersten beiden Semester in w\u00f6chentlichen Gruppentreffen und Lernworkshops intensiv betreut, um ihre Studierf\u00e4higkeit auszubilden. W\u00e4hrend des gesamten Bachelor-Studiums k\u00f6nnen die Studierenden Beratungsgespr\u00e4che mit Blick auf die gesamte Studien- und Lebenssituation wahrnehmen.<\/p>\n<p>\u00a0<\/p>\t\t\t\t\t\t\t\t<\/div>\n\t\t\t\t<\/div>\n\t\t\t\t\t<\/div>\n\t\t<\/div>\n\t\t\t\t<div class=\"elementor-column elementor-col-33 elementor-top-column elementor-element elementor-element-52ae2ac\" data-id=\"52ae2ac\" data-element_type=\"column\" data-e-type=\"column\">\n\t\t\t<div class=\"elementor-widget-wrap elementor-element-populated\">\n\t\t\t\t\t\t<div class=\"elementor-element elementor-element-e906a3a elementor-widget elementor-widget-image\" data-id=\"e906a3a\" data-element_type=\"widget\" data-e-type=\"widget\" data-widget_type=\"image.default\">\n\t\t\t\t<div class=\"elementor-widget-container\">\n\t\t\t\t\t\t\t\t\t\t\t\t\t\t\t<img fetchpriority=\"high\" decoding=\"async\" width=\"800\" height=\"226\" src=\"https:\/\/sc.informatik.rwth-aachen.de\/wp-content\/uploads\/2025\/05\/logo_mentoring_informatik-1024x289.jpg\" class=\"attachment-large size-large wp-image-20990\" alt=\"\" srcset=\"https:\/\/sc.informatik.rwth-aachen.de\/wp-content\/uploads\/2025\/05\/logo_mentoring_informatik-1024x289.jpg 1024w, https:\/\/sc.informatik.rwth-aachen.de\/wp-content\/uploads\/2025\/05\/logo_mentoring_informatik-300x85.jpg 300w, https:\/\/sc.informatik.rwth-aachen.de\/wp-content\/uploads\/2025\/05\/logo_mentoring_informatik-768x217.jpg 768w, https:\/\/sc.informatik.rwth-aachen.de\/wp-content\/uploads\/2025\/05\/logo_mentoring_informatik-18x5.jpg 18w, https:\/\/sc.informatik.rwth-aachen.de\/wp-content\/uploads\/2025\/05\/logo_mentoring_informatik.jpg 1339w\" sizes=\"(max-width: 800px) 100vw, 800px\" \/>\t\t\t\t\t\t\t\t\t\t\t\t\t\t\t<\/div>\n\t\t\t\t<\/div>\n\t\t\t\t<div class=\"elementor-element elementor-element-afc43c7 elementor-alert elementor-alert-success elementor-widget elementor-widget-text-editor\" data-id=\"afc43c7\" data-element_type=\"widget\" data-e-type=\"widget\" data-widget_type=\"text-editor.default\">\n\t\t\t\t<div class=\"elementor-widget-container\">\n\t\t\t\t\t\t\t\t\t<p><strong>F\u00fcr Studierende<\/strong><\/p>\n<p>Informationen f\u00fcr Studienanf\u00e4nger*innen zum Studienstart im Wintersemester findest du <a href=\"https:\/\/sc.informatik.rwth-aachen.de\/de\/studium\/bachelor\/informatik\/start-ins-studium\/\">hier<\/a>.<\/p><p>F\u00fcr Bachelor-Studierende:&nbsp;<a href=\"https:\/\/sc.informatik.rwth-aachen.de\/de\/studium\/bachelor\/mentoring\/beratung\/\">Hier<\/a> kannst du ein Beratungsgespr\u00e4ch buchen.<\/p>\t\t\t\t\t\t\t\t<\/div>\n\t\t\t\t<\/div>\n\t\t\t\t\t<\/div>\n\t\t<\/div>\n\t\t\t\t\t<\/div>\n\t\t<\/section>\n\t\t\t\t<section class=\"elementor-section elementor-top-section elementor-element elementor-element-29aa295 elementor-section-boxed elementor-section-height-default elementor-section-height-default\" data-id=\"29aa295\" data-element_type=\"section\" data-e-type=\"section\">\n\t\t\t\t\t\t<div class=\"elementor-container elementor-column-gap-default\">\n\t\t\t\t\t<div class=\"elementor-column elementor-col-100 elementor-top-column elementor-element elementor-element-867b0d8\" data-id=\"867b0d8\" data-element_type=\"column\" data-e-type=\"column\">\n\t\t\t<div class=\"elementor-widget-wrap elementor-element-populated\">\n\t\t\t\t\t\t<div class=\"elementor-element elementor-element-25ce3a1 elementor-widget elementor-widget-text-editor\" data-id=\"25ce3a1\" data-element_type=\"widget\" data-e-type=\"widget\" data-widget_type=\"text-editor.default\">\n\t\t\t\t<div class=\"elementor-widget-container\">\n\t\t\t\t\t\t\t\t\t<p>Neben der individuellen Beratung unterst\u00fctzen wir die Studierenden mit zielgruppenspezifischen und bedarfsorientierten Ma\u00dfnahmen, u.a. im Hinblick auf Studierende mit Lern\u2013 und Erfolgsdefiziten, besonders erfolgreiche Studierende (Bestenf\u00f6rderung) sowie Frauen in der Informatik.<\/p><p>Zu unserem Angebot z\u00e4hlen IT-Rundfahrten zu den IT-Firmen in der Region, Themen-Workshops und Informationsangebote. Unser Angebot wird kontinuierlich weiterentwickelt.<\/p><div class=\"text-block\"><p>In dieser Rubrik findet ihr Informationen \u00fcber die Konzepte des Informatik-Mentorings und unsere Angebote. Wir laden euch herzlich ein, diese wahrzunehmen.<\/p><p>Viel Spa\u00df beim St\u00f6bern. Wir freuen uns \u00fcber Feedback, \u00fcber Anregungen und W\u00fcnsche.<\/p><\/div>\t\t\t\t\t\t\t\t<\/div>\n\t\t\t\t<\/div>\n\t\t\t\t\t<\/div>\n\t\t<\/div>\n\t\t\t\t\t<\/div>\n\t\t<\/section>\n\t\t\t\t<section class=\"elementor-section elementor-top-section elementor-element elementor-element-e9b8380 elementor-section-boxed elementor-section-height-default elementor-section-height-default\" data-id=\"e9b8380\" data-element_type=\"section\" data-e-type=\"section\">\n\t\t\t\t\t\t<div class=\"elementor-container elementor-column-gap-default\">\n\t\t\t\t\t<div class=\"elementor-column elementor-col-100 elementor-top-column elementor-element elementor-element-763f838\" data-id=\"763f838\" data-element_type=\"column\" data-e-type=\"column\">\n\t\t\t<div class=\"elementor-widget-wrap elementor-element-populated\">\n\t\t\t\t\t\t<div class=\"elementor-element elementor-element-efd680b elementor-widget elementor-widget-heading\" data-id=\"efd680b\" data-element_type=\"widget\" data-e-type=\"widget\" data-widget_type=\"heading.default\">\n\t\t\t\t<div class=\"elementor-widget-container\">\n\t\t\t\t\t<h2 class=\"elementor-heading-title elementor-size-default\">Mentoring im Master<\/h2>\t\t\t\t<\/div>\n\t\t\t\t<\/div>\n\t\t\t\t<div class=\"elementor-element elementor-element-5fe9408 elementor-widget elementor-widget-text-editor\" data-id=\"5fe9408\" data-element_type=\"widget\" data-e-type=\"widget\" data-widget_type=\"text-editor.default\">\n\t\t\t\t<div class=\"elementor-widget-container\">\n\t\t\t\t\t\t\t\t\t<p>Du hast dich entschlossen, den Masterstudiengang Informatik der RWTH zu studieren? Wir wollen, dass du dein Studium zielstrebig und erfolgreich absolvierst. Dazu bietet die Fachgruppe Informatik &#8211; zus\u00e4tzlich zu den vorhandenen Informationsangeboten &#8211; ein <a class=\"external\" href=\"https:\/\/sc.informatik.rwth-aachen.de\/de\/studium\/master\/informatik\/mentoring-im-master\/\">Master Mentoring Programm<\/a>\u00a0an.<\/p>\t\t\t\t\t\t\t\t<\/div>\n\t\t\t\t<\/div>\n\t\t\t\t\t<\/div>\n\t\t<\/div>\n\t\t\t\t\t<\/div>\n\t\t<\/section>\n\t\t\t\t<\/div>\n\t\t","protected":false},"excerpt":{"rendered":"<p>Mentoring Informatik Das Informatik-Mentoring wurde im Rahmen der RWTH-weiten Initiative Zukunftskonzept exzellente Lehre zur Verbesserung der Studienbedingungen in Zusammenarbeit der Fachgruppe Informatik mit der Fachschaft entwickelt. Unser Angebot erweitert und erg\u00e4nzt die Angebote der Fachstudienberatung und der Fachschaft um eine pers\u00f6nliche, individuelle Begleitung durch das Studium. Kurz und Knapp Wir begleiten unsere Informatik-Studierenden durch das [&hellip;]<\/p>\n","protected":false},"author":12,"featured_media":0,"parent":11547,"menu_order":0,"comment_status":"closed","ping_status":"closed","template":"","meta":{"inline_featured_image":false,"footnotes":""},"class_list":["post-20988","page","type-page","status-publish","hentry"],"_links":{"self":[{"href":"https:\/\/sc.informatik.rwth-aachen.de\/de\/wp-json\/wp\/v2\/pages\/20988","targetHints":{"allow":["GET"]}}],"collection":[{"href":"https:\/\/sc.informatik.rwth-aachen.de\/de\/wp-json\/wp\/v2\/pages"}],"about":[{"href":"https:\/\/sc.informatik.rwth-aachen.de\/de\/wp-json\/wp\/v2\/types\/page"}],"author":[{"embeddable":true,"href":"https:\/\/sc.informatik.rwth-aachen.de\/de\/wp-json\/wp\/v2\/users\/12"}],"replies":[{"embeddable":true,"href":"https:\/\/sc.informatik.rwth-aachen.de\/de\/wp-json\/wp\/v2\/comments?post=20988"}],"version-history":[{"count":42,"href":"https:\/\/sc.informatik.rwth-aachen.de\/de\/wp-json\/wp\/v2\/pages\/20988\/revisions"}],"predecessor-version":[{"id":22378,"href":"https:\/\/sc.informatik.rwth-aachen.de\/de\/wp-json\/wp\/v2\/pages\/20988\/revisions\/22378"}],"up":[{"embeddable":true,"href":"https:\/\/sc.informatik.rwth-aachen.de\/de\/wp-json\/wp\/v2\/pages\/11547"}],"wp:attachment":[{"href":"https:\/\/sc.informatik.rwth-aachen.de\/de\/wp-json\/wp\/v2\/media?parent=20988"}],"curies":[{"name":"wp","href":"https:\/\/api.w.org\/{rel}","templated":true}]}}