{"id":1593,"date":"2021-04-30T11:39:05","date_gmt":"2021-04-30T09:39:05","guid":{"rendered":"https:\/\/sc.informatik.rwth-aachen.de\/?page_id=1593"},"modified":"2026-01-19T09:35:30","modified_gmt":"2026-01-19T08:35:30","slug":"rensinghof","status":"publish","type":"page","link":"https:\/\/sc.informatik.rwth-aachen.de\/de\/rensinghof\/","title":{"rendered":"Ina Rensinghof"},"content":{"rendered":"\t\t<div data-elementor-type=\"wp-page\" data-elementor-id=\"1593\" class=\"elementor elementor-1593\" data-elementor-post-type=\"page\">\n\t\t\t\t\t\t<section class=\"elementor-section elementor-top-section elementor-element elementor-element-4cb5eb7 elementor-section-boxed elementor-section-height-default elementor-section-height-default\" data-id=\"4cb5eb7\" data-element_type=\"section\" data-e-type=\"section\">\n\t\t\t\t\t\t<div class=\"elementor-container elementor-column-gap-default\">\n\t\t\t\t\t<div class=\"elementor-column elementor-col-33 elementor-top-column elementor-element elementor-element-5d13a144\" data-id=\"5d13a144\" data-element_type=\"column\" data-e-type=\"column\">\n\t\t\t<div class=\"elementor-widget-wrap elementor-element-populated\">\n\t\t\t\t\t\t<div class=\"elementor-element elementor-element-1a82c565 elementor-widget elementor-widget-image\" data-id=\"1a82c565\" data-element_type=\"widget\" data-e-type=\"widget\" data-widget_type=\"image.default\">\n\t\t\t\t<div class=\"elementor-widget-container\">\n\t\t\t\t\t\t\t\t\t\t\t\t\t\t\t<img decoding=\"async\" src=\"https:\/\/sc.informatik.rwth-aachen.de\/wp-content\/uploads\/2021\/04\/rensinghof_img.png\" title=\"\" alt=\"\" loading=\"lazy\" \/>\t\t\t\t\t\t\t\t\t\t\t\t\t\t\t<\/div>\n\t\t\t\t<\/div>\n\t\t\t\t\t<\/div>\n\t\t<\/div>\n\t\t\t\t<div class=\"elementor-column elementor-col-66 elementor-top-column elementor-element elementor-element-3cf46918\" data-id=\"3cf46918\" data-element_type=\"column\" data-e-type=\"column\">\n\t\t\t<div class=\"elementor-widget-wrap elementor-element-populated\">\n\t\t\t\t\t\t<section class=\"elementor-section elementor-inner-section elementor-element elementor-element-478e66eb elementor-section-boxed elementor-section-height-default elementor-section-height-default\" data-id=\"478e66eb\" data-element_type=\"section\" data-e-type=\"section\">\n\t\t\t\t\t\t<div class=\"elementor-container elementor-column-gap-default\">\n\t\t\t\t\t<div class=\"elementor-column elementor-col-100 elementor-inner-column elementor-element elementor-element-7b692353\" data-id=\"7b692353\" data-element_type=\"column\" data-e-type=\"column\">\n\t\t\t<div class=\"elementor-widget-wrap elementor-element-populated\">\n\t\t\t\t\t\t<div class=\"elementor-element elementor-element-24cd2a48 elementor-widget elementor-widget-heading\" data-id=\"24cd2a48\" data-element_type=\"widget\" data-e-type=\"widget\" data-widget_type=\"heading.default\">\n\t\t\t\t<div class=\"elementor-widget-container\">\n\t\t\t\t\t<h1 class=\"elementor-heading-title elementor-size-default\">Ina Rensinghof<\/h1>\t\t\t\t<\/div>\n\t\t\t\t<\/div>\n\t\t\t\t<div class=\"elementor-element elementor-element-78df3d11 elementor-widget elementor-widget-text-editor\" data-id=\"78df3d11\" data-element_type=\"widget\" data-e-type=\"widget\" data-widget_type=\"text-editor.default\">\n\t\t\t\t<div class=\"elementor-widget-container\">\n\t\t\t\t\t\t\t\t\t<p>Besch\u00e4ftigte im Studiencenter der Fachgruppe Informatik<\/p><p>Promotionsb\u00fcro der Fakult\u00e4t f\u00fcr Informatik<\/p>\t\t\t\t\t\t\t\t<\/div>\n\t\t\t\t<\/div>\n\t\t\t\t\t<\/div>\n\t\t<\/div>\n\t\t\t\t\t<\/div>\n\t\t<\/section>\n\t\t\t\t<section class=\"elementor-section elementor-inner-section elementor-element elementor-element-34298009 elementor-section-boxed elementor-section-height-default elementor-section-height-default\" data-id=\"34298009\" data-element_type=\"section\" data-e-type=\"section\">\n\t\t\t\t\t\t<div class=\"elementor-container elementor-column-gap-default\">\n\t\t\t\t\t<div class=\"elementor-column elementor-col-100 elementor-inner-column elementor-element elementor-element-3d548efc\" data-id=\"3d548efc\" data-element_type=\"column\" data-e-type=\"column\">\n\t\t\t<div class=\"elementor-widget-wrap elementor-element-populated\">\n\t\t\t\t\t\t<div class=\"elementor-element elementor-element-3999cfb7 elementor-widget elementor-widget-text-editor\" data-id=\"3999cfb7\" data-element_type=\"widget\" data-e-type=\"widget\" data-widget_type=\"text-editor.default\">\n\t\t\t\t<div class=\"elementor-widget-container\">\n\t\t\t\t\t\t\t\t\t<p>Mail f\u00fcr Verwaltung und Abschlussarbeiten:&nbsp;<a href=\"mailto: rensinghof@cs.rwth-aachen.de\" target=\"_blank\" rel=\"noopener\">rensinghof@cs.rwth-aachen.de<\/a><\/p>\n<p>Mail f\u00fcr Promotionsangelegenheiten: <a href=\"promotionen@informatik.rwth-aachen.de\">promotionen@informatik.rwth-aachen.de<\/a>&nbsp;<\/p>\n<p>Phone:&nbsp;+49 241 80 21015<\/p>\n<p>Ahornstra\u00dfe 55, E3, R. 9218<br>D-52074 Aachen\/Germany<\/p>\t\t\t\t\t\t\t\t<\/div>\n\t\t\t\t<\/div>\n\t\t\t\t\t<\/div>\n\t\t<\/div>\n\t\t\t\t\t<\/div>\n\t\t<\/section>\n\t\t\t\t\t<\/div>\n\t\t<\/div>\n\t\t\t\t\t<\/div>\n\t\t<\/section>\n\t\t\t\t<section class=\"elementor-section elementor-top-section elementor-element elementor-element-168a8a elementor-section-boxed elementor-section-height-default elementor-section-height-default\" data-id=\"168a8a\" data-element_type=\"section\" data-e-type=\"section\">\n\t\t\t\t\t\t<div class=\"elementor-container elementor-column-gap-default\">\n\t\t\t\t\t<div class=\"elementor-column elementor-col-100 elementor-top-column elementor-element elementor-element-599ea97f\" data-id=\"599ea97f\" data-element_type=\"column\" data-e-type=\"column\">\n\t\t\t<div class=\"elementor-widget-wrap elementor-element-populated\">\n\t\t\t\t\t\t<div class=\"elementor-element elementor-element-c2af432 elementor-widget elementor-widget-heading\" data-id=\"c2af432\" data-element_type=\"widget\" data-e-type=\"widget\" data-widget_type=\"heading.default\">\n\t\t\t\t<div class=\"elementor-widget-container\">\n\t\t\t\t\t<h2 class=\"elementor-heading-title elementor-size-default\">Aufgabenbereiche<\/h2>\t\t\t\t<\/div>\n\t\t\t\t<\/div>\n\t\t\t\t<div class=\"elementor-element elementor-element-aece967 elementor-widget elementor-widget-text-editor\" data-id=\"aece967\" data-element_type=\"widget\" data-e-type=\"widget\" data-widget_type=\"text-editor.default\">\n\t\t\t\t<div class=\"elementor-widget-container\">\n\t\t\t\t\t\t\t\t\t<ul><li>Promotionsb\u00fcro der Fakult\u00e4t f\u00fcr Informatik<\/li><li>Alles rund um Abschlussarbeiten<\/li><li>Pr\u00fcfungsausschuss-Angelegenheiten<\/li><li>Verwaltungsaufgaben Studiencenter Informatik<\/li><\/ul>\t\t\t\t\t\t\t\t<\/div>\n\t\t\t\t<\/div>\n\t\t\t\t\t<\/div>\n\t\t<\/div>\n\t\t\t\t\t<\/div>\n\t\t<\/section>\n\t\t\t\t<\/div>\n\t\t","protected":false},"excerpt":{"rendered":"<p>Ina Rensinghof Besch\u00e4ftigte im Studiencenter der Fachgruppe Informatik Promotionsb\u00fcro der Fakult\u00e4t f\u00fcr Informatik Mail f\u00fcr Verwaltung und Abschlussarbeiten:&nbsp;rensinghof@cs.rwth-aachen.de Mail f\u00fcr Promotionsangelegenheiten: promotionen@informatik.rwth-aachen.de&nbsp; Phone:&nbsp;+49 241 80 21015 Ahornstra\u00dfe 55, E3, R. 9218D-52074 Aachen\/Germany Aufgabenbereiche Promotionsb\u00fcro der Fakult\u00e4t f\u00fcr Informatik Alles rund um Abschlussarbeiten Pr\u00fcfungsausschuss-Angelegenheiten Verwaltungsaufgaben Studiencenter Informatik<\/p>\n","protected":false},"author":2,"featured_media":0,"parent":0,"menu_order":0,"comment_status":"closed","ping_status":"closed","template":"","meta":{"inline_featured_image":false,"footnotes":""},"class_list":["post-1593","page","type-page","status-publish","hentry"],"_links":{"self":[{"href":"https:\/\/sc.informatik.rwth-aachen.de\/de\/wp-json\/wp\/v2\/pages\/1593","targetHints":{"allow":["GET"]}}],"collection":[{"href":"https:\/\/sc.informatik.rwth-aachen.de\/de\/wp-json\/wp\/v2\/pages"}],"about":[{"href":"https:\/\/sc.informatik.rwth-aachen.de\/de\/wp-json\/wp\/v2\/types\/page"}],"author":[{"embeddable":true,"href":"https:\/\/sc.informatik.rwth-aachen.de\/de\/wp-json\/wp\/v2\/users\/2"}],"replies":[{"embeddable":true,"href":"https:\/\/sc.informatik.rwth-aachen.de\/de\/wp-json\/wp\/v2\/comments?post=1593"}],"version-history":[{"count":56,"href":"https:\/\/sc.informatik.rwth-aachen.de\/de\/wp-json\/wp\/v2\/pages\/1593\/revisions"}],"predecessor-version":[{"id":22272,"href":"https:\/\/sc.informatik.rwth-aachen.de\/de\/wp-json\/wp\/v2\/pages\/1593\/revisions\/22272"}],"wp:attachment":[{"href":"https:\/\/sc.informatik.rwth-aachen.de\/de\/wp-json\/wp\/v2\/media?parent=1593"}],"curies":[{"name":"wp","href":"https:\/\/api.w.org\/{rel}","templated":true}]}}