{"id":15671,"date":"2023-07-25T13:30:08","date_gmt":"2023-07-25T11:30:08","guid":{"rendered":"https:\/\/sc.informatik.rwth-aachen.de\/?page_id=15671"},"modified":"2025-09-25T10:43:32","modified_gmt":"2025-09-25T08:43:32","slug":"pos-und-modulhandbuecher","status":"publish","type":"page","link":"https:\/\/sc.informatik.rwth-aachen.de\/de\/pos-und-modulhandbuecher\/","title":{"rendered":"POs und Modulhandb\u00fccher"},"content":{"rendered":"\t\t<div data-elementor-type=\"wp-page\" data-elementor-id=\"15671\" class=\"elementor elementor-15671\" data-elementor-post-type=\"page\">\n\t\t\t\t\t\t<section class=\"elementor-section elementor-top-section elementor-element elementor-element-95b2076 elementor-section-boxed elementor-section-height-default elementor-section-height-default\" data-id=\"95b2076\" data-element_type=\"section\" data-e-type=\"section\">\n\t\t\t\t\t\t<div class=\"elementor-container elementor-column-gap-default\">\n\t\t\t\t\t<div class=\"elementor-column elementor-col-100 elementor-top-column elementor-element elementor-element-33f8300\" data-id=\"33f8300\" data-element_type=\"column\" data-e-type=\"column\">\n\t\t\t<div class=\"elementor-widget-wrap elementor-element-populated\">\n\t\t\t\t\t\t<div class=\"elementor-element elementor-element-fa1c5ac elementor-widget elementor-widget-heading\" data-id=\"fa1c5ac\" data-element_type=\"widget\" data-e-type=\"widget\" data-widget_type=\"heading.default\">\n\t\t\t\t<div class=\"elementor-widget-container\">\n\t\t\t\t\t<h2 class=\"elementor-heading-title elementor-size-default\"><span style=\"font-size: 2rem\">Modulhandb\u00fccher und Pr\u00fcfungsordnungen<\/span><\/h2>\t\t\t\t<\/div>\n\t\t\t\t<\/div>\n\t\t\t\t<section class=\"elementor-section elementor-inner-section elementor-element elementor-element-b7269f4 elementor-section-boxed elementor-section-height-default elementor-section-height-default\" data-id=\"b7269f4\" data-element_type=\"section\" data-e-type=\"section\">\n\t\t\t\t\t\t<div class=\"elementor-container elementor-column-gap-default\">\n\t\t\t\t\t<div class=\"elementor-column elementor-col-50 elementor-inner-column elementor-element elementor-element-50f74da\" data-id=\"50f74da\" data-element_type=\"column\" data-e-type=\"column\">\n\t\t\t<div class=\"elementor-widget-wrap elementor-element-populated\">\n\t\t\t\t\t\t<div class=\"elementor-element elementor-element-dd91bb3 elementor-widget__width-initial elementor-widget elementor-widget-text-editor\" data-id=\"dd91bb3\" data-element_type=\"widget\" data-e-type=\"widget\" data-widget_type=\"text-editor.default\">\n\t\t\t\t<div class=\"elementor-widget-container\">\n\t\t\t\t\t\t\t\t\t<p>Eine <strong>Pr\u00fcfungsordnung <\/strong>(PO) ist ein rechtlich verbindliches Regelwerk, das die Rahmenbedingungen und Anforderungen f\u00fcr Pr\u00fcfungen an Universit\u00e4ten festlegt und beschreibt die Zulassungsvoraussetzungen, die Pr\u00fcfungsarten, -ablauf und -inhalte, die Bewertungskriterien, die R\u00fccktritts- und Wiederholungsregelungen sowie die Reglungen zum Zeugnis.\u00a0<br \/><span style=\"color: var( --e-global-color-text ); font-size: 1rem;\">Somit ist sie eine wichtige Grundlage f\u00fcr die Rechte und Pflichten aller am Studium Beteiligten sowohl Lehrende als auch Studierende.\u00a0<\/span><\/p><p>Ein <strong>Modulhandbuch<\/strong> fasst alle Lehrveranstaltungen (Module) eines Studiengangs\u00a0 zusammen, beschreibt die einzelnen Module und gibt eine Struktur zum Aufbau des Studiengangs und den Pr\u00fcfungen.\u00a0<br \/><span style=\"color: var( --e-global-color-text ); font-size: 1rem;\">Das Modulhandbuch ist eine wichtige Grundlage f\u00fcr die eigene Studienplanung und -organisation: Es ist ratsam, das Modulhandbuch regelm\u00e4\u00dfig zu konsultieren, um sicherzustellen, dass man den richtigen Studienverlauf einh\u00e4lt und \u00fcber aktuelle \u00c4nderungen im Studienangebot informiert ist, da sie jedes Semester neu aufgelegt werden.\u00a0<\/span><\/p><p><span style=\"color: var( --e-global-color-text ); font-size: 1rem;\">\u00a0<\/span><\/p><p><span style=\"color: var( --e-global-color-text ); font-size: 1rem;\">\u00a0<\/span><\/p><p><span style=\"color: var( --e-global-color-text ); font-size: 1rem;\">\u00a0<\/span><\/p><p>Die POs und die Modulh\u00e4ndb\u00fccher f\u00fcr die Studieng\u00e4nge der Informatik\u00a0 sind in der Tabelle abrufbar.\u00a0<\/p>\t\t\t\t\t\t\t\t<\/div>\n\t\t\t\t<\/div>\n\t\t\t\t\t<\/div>\n\t\t<\/div>\n\t\t\t\t<div class=\"elementor-column elementor-col-50 elementor-inner-column elementor-element elementor-element-dfde6e2\" data-id=\"dfde6e2\" data-element_type=\"column\" data-e-type=\"column\">\n\t\t\t<div class=\"elementor-widget-wrap elementor-element-populated\">\n\t\t\t\t\t\t<div class=\"elementor-element elementor-element-ad323f5 elementor-alert elementor-alert-info elementor-widget elementor-widget-text-editor\" data-id=\"ad323f5\" data-element_type=\"widget\" data-e-type=\"widget\" data-widget_type=\"text-editor.default\">\n\t\t\t\t<div class=\"elementor-widget-container\">\n\t\t\t\t\t\t\t\t\t<p>Die Gesuchte ist nicht dabei?\u00a0<\/p><ul><li><span style=\"background-color: var(--rwth-info); font-size: 1rem;\">Alle Modulhandb\u00fccher der RWTH \u00fcber <\/span><a style=\"font-size: 1rem;\" href=\"https:\/\/wiki-intern.rwth-aachen.de\/display\/RD\/Modulhandbuch+herunterladen\">RWTHonline\u00a0<\/a><\/li><li><span style=\"background-color: var(--rwth-info); font-size: 1rem;\">Die RWTH-weite Liste aller <\/span><a style=\"font-size: 1rem;\" href=\"https:\/\/www.rwth-aachen.de\/go\/id\/xhf\" target=\"_blank\" rel=\"noopener\">aktuellen\u00a0<\/a><span style=\"background-color: var(--rwth-info); font-size: 1rem;\">und\u00a0<\/span><a style=\"font-size: 1rem;\" href=\"https:\/\/www.rwth-aachen.de\/go\/id\/xhf\" target=\"_blank\" rel=\"noopener\">ausgelaufenen\u00a0<\/a><span style=\"background-color: var(--rwth-info); font-size: 1rem;\">POs<\/span><\/li><li><span style=\"background-color: var(--rwth-info); font-size: 1rem;\"><a href=\"https:\/\/www.rwth-aachen.de\/cms\/root\/studium\/Im-Studium\/Pruefungsangelegenheiten\/~wfzny\/Pruefungsordnungen\/\">Zusammenfassung<\/a> wie POs, \u00fcbergreifende und fachspezifische POs zusammenspielen<\/span><\/li><\/ul>\t\t\t\t\t\t\t\t<\/div>\n\t\t\t\t<\/div>\n\t\t\t\t<div class=\"elementor-element elementor-element-cf99b32 elementor-alert elementor-alert-info elementor-widget elementor-widget-text-editor\" data-id=\"cf99b32\" data-element_type=\"widget\" data-e-type=\"widget\" data-widget_type=\"text-editor.default\">\n\t\t\t\t<div class=\"elementor-widget-container\">\n\t\t\t\t\t\t\t\t\t<p>Die RWTH ist zurzeit dabei, die POs ins Englische zu \u00fcbersetzt; die der Informatik liegen leider noch nicht vor. <br>Die Modulhandb\u00fccher sind in deutscher und englischer Sprache verf\u00fcgbar.&nbsp;<\/p>\t\t\t\t\t\t\t\t<\/div>\n\t\t\t\t<\/div>\n\t\t\t\t\t<\/div>\n\t\t<\/div>\n\t\t\t\t\t<\/div>\n\t\t<\/section>\n\t\t\t\t\t<\/div>\n\t\t<\/div>\n\t\t\t\t\t<\/div>\n\t\t<\/section>\n\t\t\t\t<section class=\"elementor-section elementor-top-section elementor-element elementor-element-7ad198f elementor-section-boxed elementor-section-height-default elementor-section-height-default\" data-id=\"7ad198f\" data-element_type=\"section\" data-e-type=\"section\">\n\t\t\t\t\t\t<div class=\"elementor-container elementor-column-gap-default\">\n\t\t\t\t\t<div class=\"elementor-column elementor-col-100 elementor-top-column elementor-element elementor-element-96b8094\" data-id=\"96b8094\" data-element_type=\"column\" data-e-type=\"column\">\n\t\t\t<div class=\"elementor-widget-wrap elementor-element-populated\">\n\t\t\t\t\t\t<div class=\"elementor-element elementor-element-b370721 elementor-widget elementor-widget-text-editor\" data-id=\"b370721\" data-element_type=\"widget\" data-e-type=\"widget\" data-widget_type=\"text-editor.default\">\n\t\t\t\t<div class=\"elementor-widget-container\">\n\t\t\t\t\t\t\t\t\t<table border=\"1\"><tbody><!-- Erste Zeile --><tr><td><strong>Studiengang<\/strong><\/td><td><strong>Pr\u00fcfungsordnung &amp; Modulhandbuch<\/strong><\/td><td><strong>Kontakt<\/strong><\/td><\/tr><tr><td><i class=\"fas fa-arrow-alt-circle-right\"><\/i> <a href=\"https:\/\/sc.informatik.rwth-aachen.de\/de\/studium\/bachelor\/informatik\/\" target=\"_blank\" rel=\"noopener\">Bachelor Informatik<\/a><\/td><td><i class=\"fas fa-download\"><\/i> <a href=\"https:\/\/www.rwth-aachen.de\/global\/show_document.asp?id=aaaaaaaadfeffqs\" target=\"_blank\" rel=\"noopener\">PO(2022<\/a>):\u00a0<i class=\"fas fa-arrow-alt-circle-right\"><\/i> <a href=\"https:\/\/online.rwth-aachen.de\/RWTHonline\/pl\/ui\/$ctx;design=pl;header=max;lang=de\/wbModhbReport.downloadPublicMHBVersion?pOrgNr=14194&amp;pStpStpNr=1970\" target=\"_blank\" rel=\"noopener\">Modulhandbuch<\/a><br \/><i class=\"fas fa-download\"><\/i> <a href=\"https:\/\/www.rwth-aachen.de\/global\/show_document.asp?id=aaaaaaaadfeeqkd\">PO(2018)<\/a>:\u00a0<i class=\"fas fa-arrow-alt-circle-right\"><\/i> <a href=\"https:\/\/online.rwth-aachen.de\/RWTHonline\/pl\/ui\/$ctx;design=pl;header=max;lang=de\/wbModhbReport.downloadPublicMHBVersion?pOrgNr=14194&amp;pStpStpNr=1768\" target=\"_blank\" rel=\"noopener\">Modulhandbuch<\/a><\/td><td><i class=\"fas fa-envelope\"><\/i> <a href=\"Mailto:bachelor@informatik.rwth-aachen.de\" target=\"_blank\" rel=\"noopener\">bachelor@informatik.rwth-aachen.de<\/a><\/td><\/tr><tr><td><i class=\"fas fa-arrow-alt-circle-right\"><\/i> <a href=\"https:\/\/sc.informatik.rwth-aachen.de\/de\/studium\/master\/informatik\/\" target=\"_blank\" rel=\"noopener\">Master Informatik<\/a><\/td><td><i class=\"fas fa-download\"><\/i> <a href=\"https:\/\/www.rwth-aachen.de\/global\/show_document.asp?id=aaaaaaaadfeqdnv\" target=\"_blank\" rel=\"noopener\">PO(2023<\/a>):\u00a0<i class=\"fas fa-arrow-alt-circle-right\"><\/i> <a href=\"https:\/\/online.rwth-aachen.de\/RWTHonline\/pl\/ui\/$ctx;design=pl;header=max;lang=de\/wbModhbReport.downloadPublicMHBVersion?pOrgNr=14194&amp;pStpStpNr=1975\" target=\"_blank\" rel=\"noopener\">Modulhandbuch<\/a><br \/><i class=\"fas fa-download\"><\/i> <a href=\"https:\/\/www.rwth-aachen.de\/global\/show_document.asp?id=aaaaaaaadfepdyf\">PO(2015<\/a>):\u00a0<i class=\"fas fa-arrow-alt-circle-right\"><\/i> <a href=\"https:\/\/online.rwth-aachen.de\/RWTHonline\/pl\/ui\/$ctx;design=pl;header=max;lang=de\/wbModhbReport.downloadPublicMHBVersion?pOrgNr=14194&amp;pStpStpNr=583\" target=\"_blank\" rel=\"noopener\">Modulhandbuch<\/a><br \/><a href=\"https:\/\/www.rwth-aachen.de\/cms\/root\/Die-RWTH\/Aktuell\/~xhf\/Amtliche-Bekanntmachungen\/?search=Pr%FCfungsordnung+Informatik%2C+Master%2C+Berichtigung&amp;page=&amp;showall=1\">Berichtigungen der POs<\/a><\/td><td><i class=\"fas fa-envelope\"><\/i> <a href=\"mailto:master@informatik.rwth-aachen.de\">master@informatik.rwth-aachen.de<\/a><\/td><\/tr><tr><td><i class=\"fas fa-arrow-alt-circle-right\"><\/i> <a href=\"https:\/\/sc.informatik.rwth-aachen.de\/de\/studium\/master\/media-informatics\/\" target=\"_blank\" rel=\"noopener\">Master Human-Centered Intelligent Systems<\/a><\/td><td><a href=\"https:\/\/www.rwth-aachen.de\/global\/show_document.asp?id=aaaaaaaadfenwro\">PO(2025)<\/a>:\u00a0 <a href=\"https:\/\/online.rwth-aachen.de\/RWTHonline\/pl\/ui\/$ctx\/wbModhbReport.downloadPublicMHBVersion?pOrgNr=14194&amp;pStpStpNr=2053\">Modulhandbuch<\/a>\u00a0<\/td><td><i class=\"fas fa-envelope\"><\/i> <a href=\"mailto:msc-mi@b-it-center.de\">msc-mi@b-it-center.de<\/a><\/td><\/tr><tr><td><i class=\"fas fa-arrow-alt-circle-right\"><\/i> <a href=\"https:\/\/sc.informatik.rwth-aachen.de\/de\/studium\/master\/media-informatics\/\" target=\"_blank\" rel=\"noopener\">Master Media Informatics<\/a><\/td><td><i class=\"fas fa-download\"><\/i> <a href=\"https:\/\/www.rwth-aachen.de\/global\/show_document.asp?id=aaaaaaaadffofnh\">PO(2019)<\/a>:\u00a0<i class=\"fas fa-arrow-alt-circle-right\"><\/i> <a href=\"https:\/\/online.rwth-aachen.de\/RWTHonline\/pl\/ui\/$ctx;design=pl;header=max;lang=de\/wbModhbReport.downloadPublicMHBVersion?pOrgNr=14194&amp;pStpStpNr=1815\" target=\"_blank\" rel=\"noopener\">Modulhandbuch<\/a><\/td><td><i class=\"fas fa-envelope\"><\/i> <a href=\"mailto:msc-mi@b-it-center.de\">msc-mi@b-it-center.de<\/a><\/td><\/tr><tr><td><i class=\"fas fa-arrow-alt-circle-right\"><\/i> <a href=\"https:\/\/sc.informatik.rwth-aachen.de\/de\/studium\/master\/sse\/\" target=\"_blank\" rel=\"noopener\">Master Software Systems Engineering<\/a><\/td><td><p><i class=\"fas fa-download\"><\/i> <a href=\"https:\/\/www.rwth-aachen.de\/global\/show_document.asp?id=aaaaaaaadffrhwj\" target=\"_blank\" rel=\"noopener\">PO(2025<\/a><a href=\"https:\/\/www.rwth-aachen.de\/global\/show_document.asp?id=aaaaaaaacufdngu\">):\u00a0<i class=\"fas fa-arrow-alt-circle-right\"><\/i> <\/a><a href=\"https:\/\/online.rwth-aachen.de\/RWTHonline\/ee\/ui\/ca2\/app\/desktop\/#\/pl\/ui\/$ctx\/wbModhbReport.downloadPublicMHBVersion?$ctx=design=ca2;header=max&amp;pOrgNr=1&amp;pStpStpNr=2054\" target=\"_blank\" rel=\"noopener\">Modulhandbuch\u00a0<\/a><\/p><p><i class=\"fas fa-download\"><\/i> <a href=\"https:\/\/www.rwth-aachen.de\/global\/show_document.asp?id=aaaaaaaadffpizq\" target=\"_blank\" rel=\"noopener\">PO(2011<\/a><a href=\"https:\/\/www.rwth-aachen.de\/global\/show_document.asp?id=aaaaaaaacufdngu\">):\u00a0<\/a><i class=\"fas fa-arrow-alt-circle-right\"><a href=\"https:\/\/online.rwth-aachen.de\/RWTHonline\/pl\/ui\/$ctx;design=pl;header=max;lang=de\/wbModhbReport.downloadPublicMHBVersion?pOrgNr=14194&amp;pStpStpNr=586\" target=\"_blank\" rel=\"noopener\">Modulhandbuch<\/a><\/i><\/p><p><a href=\"https:\/\/online.rwth-aachen.de\/RWTHonline\/pl\/ui\/$ctx;design=pl;header=max;lang=de\/wbModhbReport.downloadPublicMHBVersion?pOrgNr=14194&amp;pStpStpNr=586\" target=\"_blank\" rel=\"noopener\">Berichtigungen der POs<\/a><\/p><\/td><td><i class=\"fas fa-envelope\"><\/i> <a href=\"mailto:sse@cs.rwth-aachen.de\">sse@cs.rwth-aachen.de<\/a><\/td><\/tr><tr><td><i class=\"fas fa-arrow-alt-circle-right\"><\/i> <a href=\"https:\/\/sc.informatik.rwth-aachen.de\/de\/studium\/master\/master-data-science\/\">Master Data Science<\/a><\/td><td><i class=\"fas fa-download\"><\/i>\u00a0<a href=\"https:\/\/www.rwth-aachen.de\/global\/show_document.asp?id=aaaaaaaadfenkhb\" target=\"_blank\" rel=\"noopener\">PO(2018<\/a>):\u00a0<i class=\"fas fa-arrow-alt-circle-right\"><\/i> <a href=\"https:\/\/online.rwth-aachen.de\/RWTHonline\/pl\/ui\/$ctx;design=pl;header=max;lang=de\/wbModhbReport.downloadPublicMHBVersion?pOrgNr=14194&amp;pStpStpNr=1690\" target=\"_blank\" rel=\"noopener\">Modulhandbuch<\/a><\/td><td><i class=\"fas fa-envelope\"><\/i> <a href=\"mailto:data-science@cs.rwth-aachen.de\"> data-science@cs.rwth-aachen.de<\/a><\/td><\/tr><tr><td><i class=\"fas fa-arrow-alt-circle-right\"><\/i> <a href=\"https:\/\/sc.informatik.rwth-aachen.de\/de\/studium\/master\/lehramt-informatik\/\">Bachelor Lehramt an Gymnasien und Gesamtschulen<\/a><\/td><td><i class=\"fas fa-download\"><\/i>\u00a0<a href=\"https:\/\/www.rwth-aachen.de\/global\/show_document.asp?id=aaaaaaaadfekkho\">PO(2023)<\/a>: <i class=\"fas fa-arrow-alt-circle-right\"><\/i> <a href=\"https:\/\/online.rwth-aachen.de\/RWTHonline\/pl\/ui\/$ctx;design=pl;header=max;lang=de\/wbModhbReport.downloadPublicMHBVersion?pOrgNr=14194&amp;pStpStpNr=1979\">Modulhandbuch<\/a><br \/><i class=\"fas fa-download\"><\/i>\u00a0<a href=\"https:\/\/www.rwth-aachen.de\/global\/show_document.asp?id=aaaaaaaadfejpyk\">PO(2017<\/a>): <i class=\"fas fa-arrow-alt-circle-right\"><\/i> <a href=\"https:\/\/online.rwth-aachen.de\/RWTHonline\/pl\/ui\/$ctx;design=pl;header=max;lang=de\/wbModhbReport.downloadPublicMHBVersion?pOrgNr=14194&amp;pStpStpNr=398\">Modulhandbuch<\/a><\/td><td><i class=\"fas fa-envelope\"><\/i> <a href=\"mailto:lehramt@informatik.rwth-aachen.de\">lehramt@informatik.rwth-aachen.de<\/a><\/td><\/tr><tr><td><i class=\"fas fa-arrow-alt-circle-right\"><\/i> <a href=\"https:\/\/sc.informatik.rwth-aachen.de\/de\/studium\/master\/lehramt-informatik\/\">Bachelor Lehramt an Berufskollegs<\/a><\/td><td><i class=\"fas fa-download\"><\/i>\u00a0<a href=\"https:\/\/www.rwth-aachen.de\/global\/show_document.asp?id=aaaaaaaadfejbqe\">PO(2023<\/a>): <i class=\"fas fa-arrow-alt-circle-right\"><\/i> <a href=\"https:\/\/online.rwth-aachen.de\/RWTHonline\/pl\/ui\/$ctx;design=pl;header=max;lang=de\/wbModhbReport.downloadPublicMHBVersion?pOrgNr=14194&amp;pStpStpNr=1978\">Modulhandbuch<\/a><br \/><i class=\"fas fa-download\"><\/i>\u00a0<a href=\"https:\/\/www.rwth-aachen.de\/global\/show_document.asp?id=aaaaaaaadfefyyv\">PO(2017<\/a>): <i class=\"fas fa-arrow-alt-circle-right\"><\/i> <a href=\"https:\/\/online.rwth-aachen.de\/RWTHonline\/pl\/ui\/$ctx;design=pl;header=max;lang=de\/wbModhbReport.downloadPublicMHBVersion?pOrgNr=14194&amp;pStpStpNr=385\">Modulhandbuch<\/a><\/td><td><i class=\"fas fa-envelope\"><\/i> <a href=\"mailto:lehramt@informatik.rwth-aachen.de\">lehramt@informatik.rwth-aachen.de<\/a><\/td><\/tr><tr><td><i class=\"fas fa-arrow-alt-circle-right\"><\/i> <a href=\"https:\/\/sc.informatik.rwth-aachen.de\/de\/studium\/master\/lehramt-informatik\/\">Master Lehramt an Gymnasien und Gesamtschulen<\/a><\/td><td><i class=\"fas fa-download\"><\/i>\u00a0<a href=\"https:\/\/www.rwth-aachen.de\/global\/show_document.asp?id=aaaaaaaadfemvud\">PO(2017)<\/a>: <i class=\"fas fa-arrow-alt-circle-right\"><\/i> <a href=\"https:\/\/online.rwth-aachen.de\/RWTHonline\/pl\/ui\/$ctx;design=pl;header=max;lang=de\/wbModhbReport.downloadPublicMHBVersion?pOrgNr=14194&amp;pStpStpNr=426\">Modulhandbuch<\/a><\/td><td><i class=\"fas fa-envelope\"><\/i> <a href=\"mailto:lehramt@informatik.rwth-aachen.de\">lehramt@informatik.rwth-aachen.de<\/a><\/td><\/tr><tr><td><i class=\"fas fa-arrow-alt-circle-right\"><\/i> <a href=\"https:\/\/sc.informatik.rwth-aachen.de\/de\/studium\/master\/lehramt-informatik\/\">Master Lehramt an Berufskollegs<\/a><\/td><td><i class=\"fas fa-download\"><\/i>\u00a0<a href=\"https:\/\/www.rwth-aachen.de\/global\/show_document.asp?id=aaaaaaaadfemgdb\">PO(2017)<\/a>: <i class=\"fas fa-arrow-alt-circle-right\"><\/i> <a href=\"https:\/\/online.rwth-aachen.de\/RWTHonline\/pl\/ui\/$ctx;design=pl;header=max;lang=de\/wbModhbReport.downloadPublicMHBVersion?pOrgNr=14194&amp;pStpStpNr=412\">Modulhandbuch<\/a><\/td><td><i class=\"fas fa-envelope\"><\/i> <a href=\"mailto:lehramt@informatik.rwth-aachen.de\">lehramt@informatik.rwth-aachen.de<\/a><\/td><\/tr><\/tbody><\/table>\t\t\t\t\t\t\t\t<\/div>\n\t\t\t\t<\/div>\n\t\t\t\t\t<\/div>\n\t\t<\/div>\n\t\t\t\t\t<\/div>\n\t\t<\/section>\n\t\t\t\t<section class=\"elementor-section elementor-top-section elementor-element elementor-element-761c57d elementor-section-boxed elementor-section-height-default elementor-section-height-default\" data-id=\"761c57d\" data-element_type=\"section\" data-e-type=\"section\">\n\t\t\t\t\t\t<div class=\"elementor-container elementor-column-gap-default\">\n\t\t\t\t\t<div class=\"elementor-column elementor-col-100 elementor-top-column elementor-element elementor-element-0195ff3\" data-id=\"0195ff3\" data-element_type=\"column\" data-e-type=\"column\">\n\t\t\t<div class=\"elementor-widget-wrap elementor-element-populated\">\n\t\t\t\t\t\t<div class=\"elementor-element elementor-element-43b6e6e elementor-widget elementor-widget-text-editor\" data-id=\"43b6e6e\" data-element_type=\"widget\" data-e-type=\"widget\" data-widget_type=\"text-editor.default\">\n\t\t\t\t<div class=\"elementor-widget-container\">\n\t\t\t\t\t\t\t\t\t<p>Die <a href=\"https:\/\/www.rwth-aachen.de\/cms\/root\/Die-RWTH\/Aktuell\/~xhf\/Amtliche-Bekanntmachungen\/?search=%FCbergreifende+pr%FCfungsordnung&amp;page\"><b>\u00dcbergreifende Pr\u00fcfungsordnung<\/b><\/a> der RWTH f\u00fcr den Bachlor und Master und Lehramt sowie die <a href=\"https:\/\/www.rwth-aachen.de\/cms\/root\/Die-RWTH\/Aktuell\/~xhf\/Amtliche-Bekanntmachungen\/?search=%FCbergreifende+pr%FCfungsordnung&amp;page\"><b>Erg\u00e4nzungsbestimmungen zu den \u00dcbergreifenden Pr\u00fcfungsordnungen<\/b><\/a> ist auf der Seite der <a href=\"http:\/\/www.rwth-aachen.de\/go\/id\/xhf\/\">Amtlichen Bekanntmachungen<\/a> der RWTH zu finden.<\/p>\t\t\t\t\t\t\t\t<\/div>\n\t\t\t\t<\/div>\n\t\t\t\t\t<\/div>\n\t\t<\/div>\n\t\t\t\t\t<\/div>\n\t\t<\/section>\n\t\t\t\t<\/div>\n\t\t","protected":false},"excerpt":{"rendered":"<p>Modulhandb\u00fccher und Pr\u00fcfungsordnungen Eine Pr\u00fcfungsordnung (PO) ist ein rechtlich verbindliches Regelwerk, das die Rahmenbedingungen und Anforderungen f\u00fcr Pr\u00fcfungen an Universit\u00e4ten festlegt und beschreibt die Zulassungsvoraussetzungen, die Pr\u00fcfungsarten, -ablauf und -inhalte, die Bewertungskriterien, die R\u00fccktritts- und Wiederholungsregelungen sowie die Reglungen zum Zeugnis.\u00a0Somit ist sie eine wichtige Grundlage f\u00fcr die Rechte und Pflichten aller am Studium Beteiligten [&hellip;]<\/p>\n","protected":false},"author":11,"featured_media":0,"parent":0,"menu_order":0,"comment_status":"closed","ping_status":"closed","template":"","meta":{"inline_featured_image":false,"footnotes":""},"class_list":["post-15671","page","type-page","status-publish","hentry"],"_links":{"self":[{"href":"https:\/\/sc.informatik.rwth-aachen.de\/de\/wp-json\/wp\/v2\/pages\/15671","targetHints":{"allow":["GET"]}}],"collection":[{"href":"https:\/\/sc.informatik.rwth-aachen.de\/de\/wp-json\/wp\/v2\/pages"}],"about":[{"href":"https:\/\/sc.informatik.rwth-aachen.de\/de\/wp-json\/wp\/v2\/types\/page"}],"author":[{"embeddable":true,"href":"https:\/\/sc.informatik.rwth-aachen.de\/de\/wp-json\/wp\/v2\/users\/11"}],"replies":[{"embeddable":true,"href":"https:\/\/sc.informatik.rwth-aachen.de\/de\/wp-json\/wp\/v2\/comments?post=15671"}],"version-history":[{"count":131,"href":"https:\/\/sc.informatik.rwth-aachen.de\/de\/wp-json\/wp\/v2\/pages\/15671\/revisions"}],"predecessor-version":[{"id":21587,"href":"https:\/\/sc.informatik.rwth-aachen.de\/de\/wp-json\/wp\/v2\/pages\/15671\/revisions\/21587"}],"wp:attachment":[{"href":"https:\/\/sc.informatik.rwth-aachen.de\/de\/wp-json\/wp\/v2\/media?parent=15671"}],"curies":[{"name":"wp","href":"https:\/\/api.w.org\/{rel}","templated":true}]}}