{"id":14710,"date":"2023-05-25T11:46:27","date_gmt":"2023-05-25T09:46:27","guid":{"rendered":"https:\/\/sc.informatik.rwth-aachen.de\/?page_id=14710"},"modified":"2024-01-05T17:17:13","modified_gmt":"2024-01-05T16:17:13","slug":"lehramt","status":"publish","type":"page","link":"https:\/\/sc.informatik.rwth-aachen.de\/de\/studium\/lehramt\/","title":{"rendered":"Lehramt Informatik"},"content":{"rendered":"\t\t<div data-elementor-type=\"wp-page\" data-elementor-id=\"14710\" class=\"elementor elementor-14710\" data-elementor-post-type=\"page\">\n\t\t\t\t\t\t<section class=\"elementor-section elementor-top-section elementor-element elementor-element-1afc7b7 elementor-section-height-min-height elementor-section-boxed elementor-section-height-default elementor-section-items-middle\" data-id=\"1afc7b7\" data-element_type=\"section\" data-e-type=\"section\" data-settings=\"{&quot;background_background&quot;:&quot;classic&quot;}\">\n\t\t\t\t\t\t\t<div class=\"elementor-background-overlay\"><\/div>\n\t\t\t\t\t\t\t<div class=\"elementor-container elementor-column-gap-default\">\n\t\t\t\t\t<div class=\"elementor-column elementor-col-100 elementor-top-column elementor-element elementor-element-728f389\" data-id=\"728f389\" data-element_type=\"column\" data-e-type=\"column\">\n\t\t\t<div class=\"elementor-widget-wrap\">\n\t\t\t\t\t\t\t<\/div>\n\t\t<\/div>\n\t\t\t\t\t<\/div>\n\t\t<\/section>\n\t\t\t\t<section class=\"elementor-section elementor-top-section elementor-element elementor-element-7972d3d elementor-section-boxed elementor-section-height-default elementor-section-height-default\" data-id=\"7972d3d\" data-element_type=\"section\" data-e-type=\"section\">\n\t\t\t\t\t\t<div class=\"elementor-container elementor-column-gap-default\">\n\t\t\t\t\t<div class=\"elementor-column elementor-col-100 elementor-top-column elementor-element elementor-element-3830c9a animated-fast elementor-invisible\" data-id=\"3830c9a\" data-element_type=\"column\" data-e-type=\"column\" data-settings=\"{&quot;background_background&quot;:&quot;classic&quot;,&quot;animation&quot;:&quot;fadeIn&quot;}\">\n\t\t\t<div class=\"elementor-widget-wrap elementor-element-populated\">\n\t\t\t\t\t\t<div class=\"elementor-element elementor-element-45c2ca0 elementor-blockquote--skin-quotation elementor-blockquote--align-left elementor-widget elementor-widget-blockquote\" data-id=\"45c2ca0\" data-element_type=\"widget\" data-e-type=\"widget\" data-widget_type=\"blockquote.default\">\n\t\t\t\t<div class=\"elementor-widget-container\">\n\t\t\t\t\t\t\t<blockquote class=\"elementor-blockquote\">\n\t\t\t<p class=\"elementor-blockquote__content\">\n\t\t\t\tSeelenkenntnis ist die Grundlage der Lehrkunst.\t\t\t<\/p>\n\t\t\t\t\t\t\t<div class=\"e-q-footer\">\n\t\t\t\t\t\t\t\t\t\t\t<cite class=\"elementor-blockquote__author\">Friedrich Polack (1835 - 1915), deutscher P\u00e4dagoge und Schriftsteller, Kreisschulinspektor und Schulrat<\/cite>\n\t\t\t\t\t\t\t\t\t\t\t\t\t\t<\/div>\n\t\t\t\t\t<\/blockquote>\n\t\t\t\t\t\t<\/div>\n\t\t\t\t<\/div>\n\t\t\t\t<div class=\"elementor-element elementor-element-0bfbbce elementor-widget elementor-widget-text-editor\" data-id=\"0bfbbce\" data-element_type=\"widget\" data-e-type=\"widget\" data-widget_type=\"text-editor.default\">\n\t\t\t\t<div class=\"elementor-widget-container\">\n\t\t\t\t\t\t\t\t\t<p>Als angehende Lehrkraft im Fach Informatik geht es nicht nur darum, Wissen \u00fcber Computer und Technologien zu vermitteln. Es geht ebenso darum, die individuellen Bed\u00fcrfnisse, St\u00e4rken und Herausforderungen deiner Sch\u00fcler:innen zu erkennen, zu verstehen und sie entsprechend zu f\u00f6rdern.<\/p><p>In einer Welt, die zunehmend von Technologie und digitalen Medien gepr\u00e4gt ist, kommt dem Erwerb von Informatikkompetenzen eine immer gr\u00f6\u00dfere Bedeutung zu. Mit dem Lehramtsstudium mit dem Fach Informatik hast du die einzigartige M\u00f6glichkeit, junge Menschen auf ihrem Weg in die digitale Zukunft zu begleiten und sie f\u00fcr die faszinierende Welt der Informatik zu begeistern.<\/p><p><span style=\"color: var( --e-global-color-text ); font-size: 1rem;\">Die RWTH bietet das Lehramtsstudium verschiedene Schulformen in zwei Studieng\u00e4ngen an:\u00a0 <a href=\"https:\/\/www.lbz.rwth-aachen.de\/global\/show_document.asp?id=aaaaaaaaafvsewn&amp;download=1\">Berufskollegs (BK)<\/a> und <a href=\"https:\/\/www.lbz.rwth-aachen.de\/global\/show_document.asp?id=aaaaaaaaafvsewn&amp;download=1\">Gymnasien &amp; Gesamtschulen (GyGe)<\/a>. Das Ausbildung &#8211; ob BK oder GyGe &#8211; gliedert sich in drei Abschnitte: das 6-semestrige Bachelorstudium, das daran folgende 4-semestrige Masterstudium sowie der Vorbereitungsdienst (Referendariat), welcher in NRW 18 Monate dauert.\u00a0<\/span><\/p><p>Im <a href=\"https:\/\/www.lbz.rwth-aachen.de\/go\/id\/rfdt\">Lehramtsstudium f\u00fcr die Schulformen <strong>GyGe<\/strong><\/a> werden zwei Unterrichtsf\u00e4cher und obligatorisch das <em>bildungswissenschaftliche <\/em>Studium absolviert. Mit dem Fach Informatik k\u00f6nnen folgende F\u00e4cher kombiniert werden: <em>Biologie, Chemie, Deutsch, Englisch, Geschichte, Katholische Religionslehre, Mathematik <\/em>oder<em> Physik<\/em>.<\/p><p>Im <a href=\"https:\/\/www.lbz.rwth-aachen.de\/go\/id\/rfdu\">Lehramtsstudium f\u00fcr die Schulform <strong>BK<\/strong><\/a> kann das Fach Informatik im Studiengangmodell I mit einem der Unterrichtsf\u00e4cher B<em>iologie, Chemie, Deutsch, Englisch, Katholische Religionslehre, Mathematik, Physik, Politik, Wirtschaftslehre\/Politik<\/em> oder mit einer der beruflichen Fachrichtungen <em>Bautechnik, Elektrotechnik, Maschinenbautechnik, Textiltechnik <\/em>oder<em> Wirtschaftswissenschaft<\/em> kombiniert werden.<\/p>\t\t\t\t\t\t\t\t<\/div>\n\t\t\t\t<\/div>\n\t\t\t\t<div class=\"elementor-element elementor-element-824c430 elementor-widget elementor-widget-template\" data-id=\"824c430\" data-element_type=\"widget\" data-e-type=\"widget\" data-widget_type=\"template.default\">\n\t\t\t\t<div class=\"elementor-widget-container\">\n\t\t\t\t\t\t\t<div class=\"elementor-template\">\n\t\t\t\t\t<div data-elementor-type=\"section\" data-elementor-id=\"17263\" class=\"elementor elementor-17263\" data-elementor-post-type=\"elementor_library\">\n\t\t\t\t\t<section class=\"elementor-section elementor-top-section elementor-element elementor-element-73e9bf4 elementor-section-boxed elementor-section-height-default elementor-section-height-default\" data-id=\"73e9bf4\" data-element_type=\"section\" data-e-type=\"section\">\n\t\t\t\t\t\t<div class=\"elementor-container elementor-column-gap-default\">\n\t\t\t\t\t<div class=\"elementor-column elementor-col-100 elementor-top-column elementor-element elementor-element-f4fae31\" data-id=\"f4fae31\" data-element_type=\"column\" data-e-type=\"column\">\n\t\t\t<div class=\"elementor-widget-wrap elementor-element-populated\">\n\t\t\t\t\t\t<div class=\"elementor-element elementor-element-8a2a706 elementor-nav-menu__align-center elementor-nav-menu--dropdown-none elementor-widget__width-auto elementor-widget elementor-widget-nav-menu\" data-id=\"8a2a706\" data-element_type=\"widget\" data-e-type=\"widget\" data-settings=\"{&quot;layout&quot;:&quot;horizontal&quot;,&quot;submenu_icon&quot;:{&quot;value&quot;:&quot;&lt;i class=\\&quot;fas fa-caret-down\\&quot; aria-hidden=\\&quot;true\\&quot;&gt;&lt;\\\/i&gt;&quot;,&quot;library&quot;:&quot;fa-solid&quot;}}\" data-widget_type=\"nav-menu.default\">\n\t\t\t\t<div class=\"elementor-widget-container\">\n\t\t\t\t\t\t\t\t<nav aria-label=\"Men\u00fc\" class=\"elementor-nav-menu--main elementor-nav-menu__container elementor-nav-menu--layout-horizontal e--pointer-background e--animation-fade\">\n\t\t\t\t<ul id=\"menu-1-8a2a706\" class=\"elementor-nav-menu\"><li class=\"menu-item menu-item-type-post_type menu-item-object-page menu-item-16099\"><a href=\"https:\/\/sc.informatik.rwth-aachen.de\/de\/studium\/lehramt\/start-ins-studium\/\" class=\"elementor-item\">Start ins Lehramtsstudium<\/a><\/li>\n<li class=\"menu-item menu-item-type-post_type menu-item-object-page menu-item-16103\"><a href=\"https:\/\/sc.informatik.rwth-aachen.de\/de\/studium\/lehramt\/gymge-aufbau-und-ablauf\/\" class=\"elementor-item\">Aufbau und Ablauf Lehramt Informatik \u2013 Gymnasium und Gesamtschule<\/a><\/li>\n<li class=\"menu-item menu-item-type-post_type menu-item-object-page menu-item-16104\"><a href=\"https:\/\/sc.informatik.rwth-aachen.de\/de\/studium\/lehramt\/berufskolleg-aufbau-und-ablauf\/\" class=\"elementor-item\">Aufbau und Ablauf Lehramt Informatik \u2013 Berufskolleg<\/a><\/li>\n<li class=\"menu-item menu-item-type-post_type menu-item-object-page menu-item-16102\"><a href=\"https:\/\/sc.informatik.rwth-aachen.de\/de\/studium\/lehramt\/faq\/\" class=\"elementor-item\">H\u00e4ufig gestellte Fragen \u2013 Lehramt<\/a><\/li>\n<\/ul>\t\t\t<\/nav>\n\t\t\t\t\t\t<nav class=\"elementor-nav-menu--dropdown elementor-nav-menu__container\" aria-hidden=\"true\">\n\t\t\t\t<ul id=\"menu-2-8a2a706\" class=\"elementor-nav-menu\"><li class=\"menu-item menu-item-type-post_type menu-item-object-page menu-item-16099\"><a href=\"https:\/\/sc.informatik.rwth-aachen.de\/de\/studium\/lehramt\/start-ins-studium\/\" class=\"elementor-item\" tabindex=\"-1\">Start ins Lehramtsstudium<\/a><\/li>\n<li class=\"menu-item menu-item-type-post_type menu-item-object-page menu-item-16103\"><a href=\"https:\/\/sc.informatik.rwth-aachen.de\/de\/studium\/lehramt\/gymge-aufbau-und-ablauf\/\" class=\"elementor-item\" tabindex=\"-1\">Aufbau und Ablauf Lehramt Informatik \u2013 Gymnasium und Gesamtschule<\/a><\/li>\n<li class=\"menu-item menu-item-type-post_type menu-item-object-page menu-item-16104\"><a href=\"https:\/\/sc.informatik.rwth-aachen.de\/de\/studium\/lehramt\/berufskolleg-aufbau-und-ablauf\/\" class=\"elementor-item\" tabindex=\"-1\">Aufbau und Ablauf Lehramt Informatik \u2013 Berufskolleg<\/a><\/li>\n<li class=\"menu-item menu-item-type-post_type menu-item-object-page menu-item-16102\"><a href=\"https:\/\/sc.informatik.rwth-aachen.de\/de\/studium\/lehramt\/faq\/\" class=\"elementor-item\" tabindex=\"-1\">H\u00e4ufig gestellte Fragen \u2013 Lehramt<\/a><\/li>\n<\/ul>\t\t\t<\/nav>\n\t\t\t\t\t\t<\/div>\n\t\t\t\t<\/div>\n\t\t\t\t\t<\/div>\n\t\t<\/div>\n\t\t\t\t\t<\/div>\n\t\t<\/section>\n\t\t\t\t<\/div>\n\t\t\t\t<\/div>\n\t\t\t\t\t\t<\/div>\n\t\t\t\t<\/div>\n\t\t\t\t\t<\/div>\n\t\t<\/div>\n\t\t\t\t\t<\/div>\n\t\t<\/section>\n\t\t\t\t<\/div>\n\t\t","protected":false},"excerpt":{"rendered":"<p>Seelenkenntnis ist die Grundlage der Lehrkunst. Friedrich Polack (1835 &#8211; 1915), deutscher P\u00e4dagoge und Schriftsteller, Kreisschulinspektor und Schulrat Als angehende Lehrkraft im Fach Informatik geht es nicht nur darum, Wissen \u00fcber Computer und Technologien zu vermitteln. Es geht ebenso darum, die individuellen Bed\u00fcrfnisse, St\u00e4rken und Herausforderungen deiner Sch\u00fcler:innen zu erkennen, zu verstehen und sie entsprechend [&hellip;]<\/p>\n","protected":false},"author":11,"featured_media":0,"parent":738,"menu_order":0,"comment_status":"closed","ping_status":"closed","template":"","meta":{"inline_featured_image":false,"footnotes":""},"class_list":["post-14710","page","type-page","status-publish","hentry"],"_links":{"self":[{"href":"https:\/\/sc.informatik.rwth-aachen.de\/de\/wp-json\/wp\/v2\/pages\/14710","targetHints":{"allow":["GET"]}}],"collection":[{"href":"https:\/\/sc.informatik.rwth-aachen.de\/de\/wp-json\/wp\/v2\/pages"}],"about":[{"href":"https:\/\/sc.informatik.rwth-aachen.de\/de\/wp-json\/wp\/v2\/types\/page"}],"author":[{"embeddable":true,"href":"https:\/\/sc.informatik.rwth-aachen.de\/de\/wp-json\/wp\/v2\/users\/11"}],"replies":[{"embeddable":true,"href":"https:\/\/sc.informatik.rwth-aachen.de\/de\/wp-json\/wp\/v2\/comments?post=14710"}],"version-history":[{"count":125,"href":"https:\/\/sc.informatik.rwth-aachen.de\/de\/wp-json\/wp\/v2\/pages\/14710\/revisions"}],"predecessor-version":[{"id":17304,"href":"https:\/\/sc.informatik.rwth-aachen.de\/de\/wp-json\/wp\/v2\/pages\/14710\/revisions\/17304"}],"up":[{"embeddable":true,"href":"https:\/\/sc.informatik.rwth-aachen.de\/de\/wp-json\/wp\/v2\/pages\/738"}],"wp:attachment":[{"href":"https:\/\/sc.informatik.rwth-aachen.de\/de\/wp-json\/wp\/v2\/media?parent=14710"}],"curies":[{"name":"wp","href":"https:\/\/api.w.org\/{rel}","templated":true}]}}