{"id":14689,"date":"2023-05-25T10:47:55","date_gmt":"2023-05-25T08:47:55","guid":{"rendered":"https:\/\/sc.informatik.rwth-aachen.de\/?page_id=14689"},"modified":"2025-09-30T13:07:23","modified_gmt":"2025-09-30T11:07:23","slug":"digital-learning-gamebooks2425","status":"publish","type":"page","link":"https:\/\/sc.informatik.rwth-aachen.de\/de\/lehre\/digital-learning-gamebooks2425\/","title":{"rendered":"Digitales Lernen am Beispiel Digitaler Gamebooks (Winter 24\/25)"},"content":{"rendered":"\t\t<div data-elementor-type=\"wp-page\" data-elementor-id=\"14689\" class=\"elementor elementor-14689\" data-elementor-post-type=\"page\">\n\t\t\t\t\t\t<section class=\"elementor-section elementor-top-section elementor-element elementor-element-2f0a0e19 elementor-section-height-min-height elementor-section-boxed elementor-section-height-default elementor-section-items-middle\" data-id=\"2f0a0e19\" data-element_type=\"section\" data-e-type=\"section\" data-settings=\"{&quot;background_background&quot;:&quot;classic&quot;}\">\n\t\t\t\t\t\t<div class=\"elementor-container elementor-column-gap-default\">\n\t\t\t\t\t<div class=\"elementor-column elementor-col-100 elementor-top-column elementor-element elementor-element-6c87de5f\" data-id=\"6c87de5f\" data-element_type=\"column\" data-e-type=\"column\">\n\t\t\t<div class=\"elementor-widget-wrap\">\n\t\t\t\t\t\t\t<\/div>\n\t\t<\/div>\n\t\t\t\t\t<\/div>\n\t\t<\/section>\n\t\t\t\t<section class=\"elementor-section elementor-top-section elementor-element elementor-element-34646337 elementor-reverse-mobile elementor-section-boxed elementor-section-height-default elementor-section-height-default\" data-id=\"34646337\" data-element_type=\"section\" data-e-type=\"section\">\n\t\t\t\t\t\t<div class=\"elementor-container elementor-column-gap-wide\">\n\t\t\t\t\t<div class=\"elementor-column elementor-col-50 elementor-top-column elementor-element elementor-element-65956c04\" data-id=\"65956c04\" data-element_type=\"column\" data-e-type=\"column\">\n\t\t\t<div class=\"elementor-widget-wrap elementor-element-populated\">\n\t\t\t\t\t\t<div class=\"elementor-element elementor-element-617fd6ae elementor-widget elementor-widget-heading\" data-id=\"617fd6ae\" data-element_type=\"widget\" data-e-type=\"widget\" data-widget_type=\"heading.default\">\n\t\t\t\t<div class=\"elementor-widget-container\">\n\t\t\t\t\t<h1 class=\"elementor-heading-title elementor-size-default\">Digitales Lernen am Beispiel Digitaler Gamebooks<\/h1>\t\t\t\t<\/div>\n\t\t\t\t<\/div>\n\t\t\t\t<div class=\"elementor-element elementor-element-34771cb elementor-widget elementor-widget-heading\" data-id=\"34771cb\" data-element_type=\"widget\" data-e-type=\"widget\" data-widget_type=\"heading.default\">\n\t\t\t\t<div class=\"elementor-widget-container\">\n\t\t\t\t\t<h3 class=\"elementor-heading-title elementor-size-default\">Winter 2024\/2025<\/h3>\t\t\t\t<\/div>\n\t\t\t\t<\/div>\n\t\t\t\t<div class=\"elementor-element elementor-element-3e14bb5 elementor-widget__width-auto elementor-widget elementor-widget-text-editor\" data-id=\"3e14bb5\" data-element_type=\"widget\" data-e-type=\"widget\" data-widget_type=\"text-editor.default\">\n\t\t\t\t<div class=\"elementor-widget-container\">\n\t\t\t\t\t\t\t\t\t<p>Digital Learning ist ein Oberbegriff f\u00fcr alle Arten des technologiegest\u00fctzten Lernens. Sowohl Distance Learning als auch In-Person Learning k\u00f6nnen in unterschiedlichem Ma\u00dfe dazugeh\u00f6ren. Alle k\u00f6nnen auf die eine oder andere Weise Digital Learning beinhalten. Nach Georgiagov besteht Digital Learning aus den drei Aspekten Technologie, Digitale Inhalte sowie Instruktion.<\/p>\t\t\t\t\t\t\t\t<\/div>\n\t\t\t\t<\/div>\n\t\t\t\t<div class=\"elementor-element elementor-element-7e82181 elementor-widget__width-auto elementor-widget elementor-widget-text-editor\" data-id=\"7e82181\" data-element_type=\"widget\" data-e-type=\"widget\" data-widget_type=\"text-editor.default\">\n\t\t\t\t<div class=\"elementor-widget-container\">\n\t\t\t\t\t\t\t\t\t<p>Studierende im Bachelor werden sich mit einem ausgew\u00e4hlten Aspekt von <b>digitalen Gamebooks<\/b> als konkretes Beispiel vertieft auseinandersetzen. Digitale Gamebooks bieten ein gro\u00dfes Potenzial im Kontext von Lehre. Hierbei werden die Lernmaterialien in digitaler Form bereitgestellt und k\u00f6nnen von den Lernenden individuell erkundet werden. Im Rahmen des Seminars werden Sie sich mit einem der Aspekte Learning Analytics, Autorenwerkzeuge, zielgruppenspezifische Darstellung, Gamification-Elemente oder Aufgabentypen\u00a0im Kontext von digitalen Gamebooks in der Lehre auseinandersetzen.<\/p>\t\t\t\t\t\t\t\t<\/div>\n\t\t\t\t<\/div>\n\t\t\t\t<div class=\"elementor-element elementor-element-9700a08 elementor-widget elementor-widget-spacer\" data-id=\"9700a08\" data-element_type=\"widget\" data-e-type=\"widget\" data-widget_type=\"spacer.default\">\n\t\t\t\t<div class=\"elementor-widget-container\">\n\t\t\t\t\t\t\t<div class=\"elementor-spacer\">\n\t\t\t<div class=\"elementor-spacer-inner\"><\/div>\n\t\t<\/div>\n\t\t\t\t\t\t<\/div>\n\t\t\t\t<\/div>\n\t\t\t\t<div class=\"elementor-element elementor-element-10fc866 elementor-widget elementor-widget-heading\" data-id=\"10fc866\" data-element_type=\"widget\" data-e-type=\"widget\" data-widget_type=\"heading.default\">\n\t\t\t\t<div class=\"elementor-widget-container\">\n\t\t\t\t\t<h2 class=\"elementor-heading-title elementor-size-default\">Kontakt<\/h2>\t\t\t\t<\/div>\n\t\t\t\t<\/div>\n\t\t\t\t<div class=\"elementor-element elementor-element-2191a5da elementor-widget__width-auto elementor-widget elementor-widget-image\" data-id=\"2191a5da\" data-element_type=\"widget\" data-e-type=\"widget\" data-widget_type=\"image.default\">\n\t\t\t\t<div class=\"elementor-widget-container\">\n\t\t\t\t\t\t\t\t\t\t\t\t<figure class=\"wp-caption\">\n\t\t\t\t\t\t\t\t\t\t\t<a href=\"https:\/\/sc.informatik.rwth-aachen.de\/noichl\/\">\n\t\t\t\t\t\t\t<img decoding=\"async\" src=\"https:\/\/sc.informatik.rwth-aachen.de\/wp-content\/uploads\/elementor\/thumbs\/noichl-phuqio8ja68uskm2z5lfeg7yhfr34azbr34lytx97g.png\" title=\"noichl\" alt=\"noichl\" loading=\"lazy\" \/>\t\t\t\t\t\t\t\t<\/a>\n\t\t\t\t\t\t\t\t\t\t\t<figcaption class=\"widget-image-caption wp-caption-text\">Dr. Svenja Noichl<\/figcaption>\n\t\t\t\t\t\t\t\t\t\t<\/figure>\n\t\t\t\t\t\t\t\t\t<\/div>\n\t\t\t\t<\/div>\n\t\t\t\t<div class=\"elementor-element elementor-element-53c9e92 elementor-widget elementor-widget-spacer\" data-id=\"53c9e92\" data-element_type=\"widget\" data-e-type=\"widget\" data-widget_type=\"spacer.default\">\n\t\t\t\t<div class=\"elementor-widget-container\">\n\t\t\t\t\t\t\t<div class=\"elementor-spacer\">\n\t\t\t<div class=\"elementor-spacer-inner\"><\/div>\n\t\t<\/div>\n\t\t\t\t\t\t<\/div>\n\t\t\t\t<\/div>\n\t\t\t\t\t<\/div>\n\t\t<\/div>\n\t\t\t\t<div class=\"elementor-column elementor-col-50 elementor-top-column elementor-element elementor-element-6ea043f0\" data-id=\"6ea043f0\" data-element_type=\"column\" data-e-type=\"column\">\n\t\t\t<div class=\"elementor-widget-wrap elementor-element-populated\">\n\t\t\t\t\t\t<section class=\"elementor-section elementor-inner-section elementor-element elementor-element-a45caea animated-fast elementor-section-boxed elementor-section-height-default elementor-section-height-default elementor-invisible\" data-id=\"a45caea\" data-element_type=\"section\" data-e-type=\"section\" data-settings=\"{&quot;background_background&quot;:&quot;classic&quot;,&quot;animation&quot;:&quot;fadeIn&quot;}\">\n\t\t\t\t\t\t<div class=\"elementor-container elementor-column-gap-default\">\n\t\t\t\t\t<div class=\"elementor-column elementor-col-100 elementor-inner-column elementor-element elementor-element-3353bfa\" data-id=\"3353bfa\" data-element_type=\"column\" data-e-type=\"column\">\n\t\t\t<div class=\"elementor-widget-wrap elementor-element-populated\">\n\t\t\t\t\t\t<div class=\"elementor-element elementor-element-d2d9ca8 elementor-widget elementor-widget-heading\" data-id=\"d2d9ca8\" data-element_type=\"widget\" data-e-type=\"widget\" data-widget_type=\"heading.default\">\n\t\t\t\t<div class=\"elementor-widget-container\">\n\t\t\t\t\t<h4 class=\"elementor-heading-title elementor-size-default\">Kurs<\/h4>\t\t\t\t<\/div>\n\t\t\t\t<\/div>\n\t\t\t\t<div class=\"elementor-element elementor-element-671dd70 elementor-widget elementor-widget-text-editor\" data-id=\"671dd70\" data-element_type=\"widget\" data-e-type=\"widget\" data-widget_type=\"text-editor.default\">\n\t\t\t\t<div class=\"elementor-widget-container\">\n\t\t\t\t\t\t\t\t\t<p><strong>Sprache<\/strong><\/p><p>Deutsch\/Englisch<\/p><p><strong>Credits<\/strong><\/p><p>4ECTS\/5ECTS<\/p>\t\t\t\t\t\t\t\t<\/div>\n\t\t\t\t<\/div>\n\t\t\t\t\t<\/div>\n\t\t<\/div>\n\t\t\t\t\t<\/div>\n\t\t<\/section>\n\t\t\t\t<section class=\"elementor-section elementor-inner-section elementor-element elementor-element-5fc2bdd animated-fast elementor-section-boxed elementor-section-height-default elementor-section-height-default elementor-invisible\" data-id=\"5fc2bdd\" data-element_type=\"section\" data-e-type=\"section\" data-settings=\"{&quot;background_background&quot;:&quot;classic&quot;,&quot;animation&quot;:&quot;fadeIn&quot;}\">\n\t\t\t\t\t\t<div class=\"elementor-container elementor-column-gap-default\">\n\t\t\t\t\t<div class=\"elementor-column elementor-col-100 elementor-inner-column elementor-element elementor-element-37a9a058\" data-id=\"37a9a058\" data-element_type=\"column\" data-e-type=\"column\">\n\t\t\t<div class=\"elementor-widget-wrap elementor-element-populated\">\n\t\t\t\t\t\t<div class=\"elementor-element elementor-element-53efdcc5 elementor-widget elementor-widget-heading\" data-id=\"53efdcc5\" data-element_type=\"widget\" data-e-type=\"widget\" data-widget_type=\"heading.default\">\n\t\t\t\t<div class=\"elementor-widget-container\">\n\t\t\t\t\t<h4 class=\"elementor-heading-title elementor-size-default\">Daten<\/h4>\t\t\t\t<\/div>\n\t\t\t\t<\/div>\n\t\t\t\t<div class=\"elementor-element elementor-element-1404f742 elementor-widget elementor-widget-text-editor\" data-id=\"1404f742\" data-element_type=\"widget\" data-e-type=\"widget\" data-widget_type=\"text-editor.default\">\n\t\t\t\t<div class=\"elementor-widget-container\">\n\t\t\t\t\t\t\t\t\t<p><strong>Kickoff Meeting<\/strong><\/p><p>07.10.2024, t.b.a.<\/p><p>\u00a0<\/p><p><strong>Pr\u00e4sentationen<\/strong><\/p><p>03.02.2025, 9-16\u00a0<\/p>\t\t\t\t\t\t\t\t<\/div>\n\t\t\t\t<\/div>\n\t\t\t\t\t<\/div>\n\t\t<\/div>\n\t\t\t\t\t<\/div>\n\t\t<\/section>\n\t\t\t\t<section class=\"elementor-section elementor-inner-section elementor-element elementor-element-6ed251ad animated-fast elementor-section-boxed elementor-section-height-default elementor-section-height-default elementor-invisible\" data-id=\"6ed251ad\" data-element_type=\"section\" data-e-type=\"section\" data-settings=\"{&quot;background_background&quot;:&quot;classic&quot;,&quot;animation&quot;:&quot;fadeIn&quot;}\">\n\t\t\t\t\t\t<div class=\"elementor-container elementor-column-gap-default\">\n\t\t\t\t\t<div class=\"elementor-column elementor-col-100 elementor-inner-column elementor-element elementor-element-21162677\" data-id=\"21162677\" data-element_type=\"column\" data-e-type=\"column\">\n\t\t\t<div class=\"elementor-widget-wrap elementor-element-populated\">\n\t\t\t\t\t\t<div class=\"elementor-element elementor-element-79c194ca elementor-widget elementor-widget-heading\" data-id=\"79c194ca\" data-element_type=\"widget\" data-e-type=\"widget\" data-widget_type=\"heading.default\">\n\t\t\t\t<div class=\"elementor-widget-container\">\n\t\t\t\t\t<h4 class=\"elementor-heading-title elementor-size-default\">Ressourcen<\/h4>\t\t\t\t<\/div>\n\t\t\t\t<\/div>\n\t\t\t\t<div class=\"elementor-element elementor-element-0a25242 elementor-widget elementor-widget-text-editor\" data-id=\"0a25242\" data-element_type=\"widget\" data-e-type=\"widget\" data-widget_type=\"text-editor.default\">\n\t\t\t\t<div class=\"elementor-widget-container\">\n\t\t\t\t\t\t\t\t\t<p><a href=\"https:\/\/swofi.net:30000\/free\/welcome\">SWOFI<\/a><\/p>\t\t\t\t\t\t\t\t<\/div>\n\t\t\t\t<\/div>\n\t\t\t\t\t<\/div>\n\t\t<\/div>\n\t\t\t\t\t<\/div>\n\t\t<\/section>\n\t\t\t\t<section class=\"elementor-section elementor-inner-section elementor-element elementor-element-21817d54 animated-fast elementor-section-boxed elementor-section-height-default elementor-section-height-default elementor-invisible\" data-id=\"21817d54\" data-element_type=\"section\" data-e-type=\"section\" data-settings=\"{&quot;background_background&quot;:&quot;classic&quot;,&quot;animation&quot;:&quot;fadeIn&quot;}\">\n\t\t\t\t\t\t<div class=\"elementor-container elementor-column-gap-default\">\n\t\t\t\t\t<div class=\"elementor-column elementor-col-100 elementor-inner-column elementor-element elementor-element-1263845\" data-id=\"1263845\" data-element_type=\"column\" data-e-type=\"column\">\n\t\t\t<div class=\"elementor-widget-wrap elementor-element-populated\">\n\t\t\t\t\t\t<div class=\"elementor-element elementor-element-76472651 elementor-widget elementor-widget-heading\" data-id=\"76472651\" data-element_type=\"widget\" data-e-type=\"widget\" data-widget_type=\"heading.default\">\n\t\t\t\t<div class=\"elementor-widget-container\">\n\t\t\t\t\t<h4 class=\"elementor-heading-title elementor-size-default\">Studieng\u00e4nge<\/h4>\t\t\t\t<\/div>\n\t\t\t\t<\/div>\n\t\t\t\t<div class=\"elementor-element elementor-element-13504aae elementor-widget elementor-widget-text-editor\" data-id=\"13504aae\" data-element_type=\"widget\" data-e-type=\"widget\" data-widget_type=\"text-editor.default\">\n\t\t\t\t<div class=\"elementor-widget-container\">\n\t\t\t\t\t\t\t\t\t<ul><li>Bachelor Informatik<\/li><\/ul>\t\t\t\t\t\t\t\t<\/div>\n\t\t\t\t<\/div>\n\t\t\t\t\t<\/div>\n\t\t<\/div>\n\t\t\t\t\t<\/div>\n\t\t<\/section>\n\t\t\t\t\t<\/div>\n\t\t<\/div>\n\t\t\t\t\t<\/div>\n\t\t<\/section>\n\t\t\t\t<section class=\"elementor-section elementor-top-section elementor-element elementor-element-69bb864 elementor-reverse-mobile elementor-section-boxed elementor-section-height-default elementor-section-height-default\" data-id=\"69bb864\" data-element_type=\"section\" data-e-type=\"section\">\n\t\t\t\t\t\t<div class=\"elementor-container elementor-column-gap-wide\">\n\t\t\t\t\t<div class=\"elementor-column elementor-col-100 elementor-top-column elementor-element elementor-element-990c100\" data-id=\"990c100\" data-element_type=\"column\" data-e-type=\"column\">\n\t\t\t<div class=\"elementor-widget-wrap elementor-element-populated\">\n\t\t\t\t\t\t<div class=\"elementor-element elementor-element-1c181399 elementor-widget elementor-widget-heading\" data-id=\"1c181399\" data-element_type=\"widget\" data-e-type=\"widget\" data-widget_type=\"heading.default\">\n\t\t\t\t<div class=\"elementor-widget-container\">\n\t\t\t\t\t<h2 class=\"elementor-heading-title elementor-size-default\">Benotung<\/h2>\t\t\t\t<\/div>\n\t\t\t\t<\/div>\n\t\t\t\t<div class=\"elementor-element elementor-element-747ef585 elementor-widget__width-auto elementor-widget elementor-widget-text-editor\" data-id=\"747ef585\" data-element_type=\"widget\" data-e-type=\"widget\" data-widget_type=\"text-editor.default\">\n\t\t\t\t<div class=\"elementor-widget-container\">\n\t\t\t\t\t\t\t\t\t<p>Die Note setzt sich zusammen aus:<\/p><ul><li>schriftlicher Ausarbeitung (Zwischenabgaben + Paper): 60%<\/li><li>Pr\u00e4sentation + Diskussion: 40%<\/li><\/ul>\t\t\t\t\t\t\t\t<\/div>\n\t\t\t\t<\/div>\n\t\t\t\t<div class=\"elementor-element elementor-element-9cfba97 elementor-widget elementor-widget-spacer\" data-id=\"9cfba97\" data-element_type=\"widget\" data-e-type=\"widget\" data-widget_type=\"spacer.default\">\n\t\t\t\t<div class=\"elementor-widget-container\">\n\t\t\t\t\t\t\t<div class=\"elementor-spacer\">\n\t\t\t<div class=\"elementor-spacer-inner\"><\/div>\n\t\t<\/div>\n\t\t\t\t\t\t<\/div>\n\t\t\t\t<\/div>\n\t\t\t\t<div class=\"elementor-element elementor-element-aaafbb1 elementor-widget elementor-widget-heading\" data-id=\"aaafbb1\" data-element_type=\"widget\" data-e-type=\"widget\" data-widget_type=\"heading.default\">\n\t\t\t\t<div class=\"elementor-widget-container\">\n\t\t\t\t\t<h2 class=\"elementor-heading-title elementor-size-default\">Anwesenheit<\/h2>\t\t\t\t<\/div>\n\t\t\t\t<\/div>\n\t\t\t\t<div class=\"elementor-element elementor-element-e00a4df elementor-widget__width-auto elementor-widget elementor-widget-text-editor\" data-id=\"e00a4df\" data-element_type=\"widget\" data-e-type=\"widget\" data-widget_type=\"text-editor.default\">\n\t\t\t\t<div class=\"elementor-widget-container\">\n\t\t\t\t\t\t\t\t\t<p>Zum Bestehen ist die Teilnahme an Kick-off, den individuellen Meetings sowie den Pr\u00e4sentationen verpflichtend.<\/p>\t\t\t\t\t\t\t\t<\/div>\n\t\t\t\t<\/div>\n\t\t\t\t<div class=\"elementor-element elementor-element-e5fc267 elementor-widget elementor-widget-spacer\" data-id=\"e5fc267\" data-element_type=\"widget\" data-e-type=\"widget\" data-widget_type=\"spacer.default\">\n\t\t\t\t<div class=\"elementor-widget-container\">\n\t\t\t\t\t\t\t<div class=\"elementor-spacer\">\n\t\t\t<div class=\"elementor-spacer-inner\"><\/div>\n\t\t<\/div>\n\t\t\t\t\t\t<\/div>\n\t\t\t\t<\/div>\n\t\t\t\t<div class=\"elementor-element elementor-element-9a1bf17 elementor-widget elementor-widget-heading\" data-id=\"9a1bf17\" data-element_type=\"widget\" data-e-type=\"widget\" data-widget_type=\"heading.default\">\n\t\t\t\t<div class=\"elementor-widget-container\">\n\t\t\t\t\t<h2 class=\"elementor-heading-title elementor-size-default\">Meilensteine und Abgaben<\/h2>\t\t\t\t<\/div>\n\t\t\t\t<\/div>\n\t\t\t\t<div class=\"elementor-element elementor-element-f6d0b15 elementor-widget elementor-widget-text-editor\" data-id=\"f6d0b15\" data-element_type=\"widget\" data-e-type=\"widget\" data-widget_type=\"text-editor.default\">\n\t\t\t\t<div class=\"elementor-widget-container\">\n\t\t\t\t\t\t\t\t\t<p><strong>Die Deadline f\u00fcr alle Abgaben ist Montag 08:00 Uhr.<\/strong><\/p><ul><li>Initial Literature: 21.10.2024<\/li><li>Topic and Research Questions: 28.10.2024<\/li><li>Extended Collection: 04.11.2024<\/li><li>Idea: 10.11.2024<\/li><li>Literature Contribution + Visualization: 18.11.2024<\/li><li>Visualization: 25.11.2024<\/li><li>Skeleton: 02.12.2024<\/li><li>Writing: 16.12.2024<\/li><li>Finished Paper for Review: 06.01.2025<\/li><li>Review: 13.01.2025<\/li><li>Presentation: 27.01.2025<\/li><li>Camera-Ready: 03.02.2025<\/li><li>Polished Paper: 24.02.2025<\/li><\/ul>\t\t\t\t\t\t\t\t<\/div>\n\t\t\t\t<\/div>\n\t\t\t\t<div class=\"elementor-element elementor-element-83a25e4 elementor-widget elementor-widget-spacer\" data-id=\"83a25e4\" data-element_type=\"widget\" data-e-type=\"widget\" data-widget_type=\"spacer.default\">\n\t\t\t\t<div class=\"elementor-widget-container\">\n\t\t\t\t\t\t\t<div class=\"elementor-spacer\">\n\t\t\t<div class=\"elementor-spacer-inner\"><\/div>\n\t\t<\/div>\n\t\t\t\t\t\t<\/div>\n\t\t\t\t<\/div>\n\t\t\t\t<div class=\"elementor-element elementor-element-3a212c3 elementor-widget elementor-widget-heading\" data-id=\"3a212c3\" data-element_type=\"widget\" data-e-type=\"widget\" data-widget_type=\"heading.default\">\n\t\t\t\t<div class=\"elementor-widget-container\">\n\t\t\t\t\t<h2 class=\"elementor-heading-title elementor-size-default\">Termine<\/h2>\t\t\t\t<\/div>\n\t\t\t\t<\/div>\n\t\t\t\t<div class=\"elementor-element elementor-element-abddf3d elementor-widget elementor-widget-text-editor\" data-id=\"abddf3d\" data-element_type=\"widget\" data-e-type=\"widget\" data-widget_type=\"text-editor.default\">\n\t\t\t\t<div class=\"elementor-widget-container\">\n\t\t\t\t\t\t\t\t\t<p><strong>Kickoff Meeting: <\/strong><\/p><ul><li>Montag, 07.10.2024\u00a0<\/li><\/ul><p><strong>Thema und Forschungsfragen &#8211; Individuelle Termine (30 Minuten, 2-3 Personen pro Termin):<\/strong><\/p><ul><li>Montag, 28.10.2024; Dienstag, 29.10.2024<\/li><\/ul><p><strong>Visualisierung- Individuelle Termine (30 Minuten, 2-3 Personen pro Termin):<\/strong><\/p><ul><li>Montag, 25.11.2025; Dienstag, 26.11.2025<\/li><\/ul><p><strong>Ausgestaltung Vortrag &#8211; Individuelle Termine (30 Minuten, 1 Person pro Termin): <\/strong><\/p><ul><li>Montag, 27.01.2025; Dienstag, 28.01.2025<\/li><\/ul><p><strong>Konferenz: <\/strong><\/p><ul><li>Montag, 03.02.2025 (09:00 Uhr &#8211; 16:00 Uhr)\u00a0<\/li><\/ul>\t\t\t\t\t\t\t\t<\/div>\n\t\t\t\t<\/div>\n\t\t\t\t<div class=\"elementor-element elementor-element-fefe4c6 elementor-widget elementor-widget-spacer\" data-id=\"fefe4c6\" data-element_type=\"widget\" data-e-type=\"widget\" data-widget_type=\"spacer.default\">\n\t\t\t\t<div class=\"elementor-widget-container\">\n\t\t\t\t\t\t\t<div class=\"elementor-spacer\">\n\t\t\t<div class=\"elementor-spacer-inner\"><\/div>\n\t\t<\/div>\n\t\t\t\t\t\t<\/div>\n\t\t\t\t<\/div>\n\t\t\t\t<div class=\"elementor-element elementor-element-9cf9921 elementor-widget elementor-widget-heading\" data-id=\"9cf9921\" data-element_type=\"widget\" data-e-type=\"widget\" data-widget_type=\"heading.default\">\n\t\t\t\t<div class=\"elementor-widget-container\">\n\t\t\t\t\t<h2 class=\"elementor-heading-title elementor-size-default\">Themen<\/h2>\t\t\t\t<\/div>\n\t\t\t\t<\/div>\n\t\t\t\t<div class=\"elementor-element elementor-element-cafef88 elementor-widget elementor-widget-text-editor\" data-id=\"cafef88\" data-element_type=\"widget\" data-e-type=\"widget\" data-widget_type=\"text-editor.default\">\n\t\t\t\t<div class=\"elementor-widget-container\">\n\t\t\t\t\t\t\t\t\t<p>Alle Themen werden doppelt vergeben. Die Bearbeitung erfolgt in Einzelarbeit. Die angegebenen Beispiele sollen nur als Orientierung dienen, die Ausgestaltung Ihres Themas ist jedoch nicht auf diese Beispiele beschr\u00e4nkt.<\/p><ul><li>Learning Analytics f\u00fcr digitale Gamebooks:<ul><li>Bei diesem Thema befassen Sie sich z. B. damit, wie Learning Analytics f\u00fcr digitale Gamebooks genutzt werden kann, welche Daten analysiert werden k\u00f6nnen, f\u00fcr wen die Analyse von Lerndaten im Kontext digitaler Gamebooks sinnvoll sind bzw. wozu sie genutzt werden k\u00f6nnen, &#8230;<\/li><\/ul><\/li><li>Autorenwerkzeuge f\u00fcr digitale Gamebooks<ul><li>Bei diesem Thema befassen Sie sich z. B. mit existierenden Autorenwerkzeugen f\u00fcr die Erstellung von digitalen Gamebooks, der Analyse von Anforderungen an solche Autorenwerkzeuge, den Einschr\u00e4nkungen bestehender L\u00f6sungen, &#8230;<\/li><\/ul><\/li><li>Zielgruppengerechte Darstellung von digitalen Gamebooks<ul><li>Bei diesem Thema befassen Sie sich z. B. mit der Identifikation von Anforderungen verschiedener Zielgruppen an die Darstellung der Inhalte von digitalen Gamebooks, so dass diese von der jeweiligen Zielgruppe verst\u00e4ndlich, nutzbar, bedienbar, motivierend,&#8230; sind, &#8230;<\/li><\/ul><\/li><li>Gamification Elemente in digitalen Gamebooks<ul><li>Bei diesem Thema befassen Sie sich z. B. damit, welche Spielelemente sich wie in digitale Gamebooks f\u00fcr den Einsatz in der Lehre einsetzen lassen, welche Vorteile oder Nachteile ein solcher Einsatz hat, &#8230;<\/li><\/ul><\/li><li>Aufgabentypen in digitalen Gamebooks<ul><li>Bei diesem Thema befassen Sie sich z. B. damit, welche Aufgabentypen es bereits in digitalen Gamebooks gibt, welche Aufgabentypen sich in digitalen Gamebooks abbilden lassen w\u00fcrden, &#8230;<\/li><\/ul><\/li><\/ul><ul><li style=\"list-style-type: none;\">\u00a0<\/li><\/ul>\t\t\t\t\t\t\t\t<\/div>\n\t\t\t\t<\/div>\n\t\t\t\t<div class=\"elementor-element elementor-element-1ed76d2 elementor-widget elementor-widget-heading\" data-id=\"1ed76d2\" data-element_type=\"widget\" data-e-type=\"widget\" data-widget_type=\"heading.default\">\n\t\t\t\t<div class=\"elementor-widget-container\">\n\t\t\t\t\t<h2 class=\"elementor-heading-title elementor-size-default\">Fr\u00fchere Veranstaltungen<\/h2>\t\t\t\t<\/div>\n\t\t\t\t<\/div>\n\t\t\t\t<div class=\"elementor-element elementor-element-14c2992 elementor-widget elementor-widget-text-editor\" data-id=\"14c2992\" data-element_type=\"widget\" data-e-type=\"widget\" data-widget_type=\"text-editor.default\">\n\t\t\t\t<div class=\"elementor-widget-container\">\n\t\t\t\t\t\t\t\t\t<ul><li><a href=\"https:\/\/sc.informatik.rwth-aachen.de\/lehre\/digital-learning-gamebooks-23-24\/\">Digitales Lernen am Beispiel Digitaler Gamebooks (WiSe 23\/24)<\/a><\/li><\/ul><ul><li style=\"list-style-type: none;\">\u00a0<\/li><\/ul>\t\t\t\t\t\t\t\t<\/div>\n\t\t\t\t<\/div>\n\t\t\t\t\t<\/div>\n\t\t<\/div>\n\t\t\t\t\t<\/div>\n\t\t<\/section>\n\t\t\t\t<\/div>\n\t\t","protected":false},"excerpt":{"rendered":"<p>Digitales Lernen am Beispiel Digitaler Gamebooks Winter 2024\/2025 Digital Learning ist ein Oberbegriff f\u00fcr alle Arten des technologiegest\u00fctzten Lernens. Sowohl Distance Learning als auch In-Person Learning k\u00f6nnen in unterschiedlichem Ma\u00dfe dazugeh\u00f6ren. Alle k\u00f6nnen auf die eine oder andere Weise Digital Learning beinhalten. Nach Georgiagov besteht Digital Learning aus den drei Aspekten Technologie, Digitale Inhalte sowie [&hellip;]<\/p>\n","protected":false},"author":8,"featured_media":0,"parent":5024,"menu_order":0,"comment_status":"closed","ping_status":"closed","template":"","meta":{"inline_featured_image":false,"footnotes":""},"class_list":["post-14689","page","type-page","status-publish","hentry"],"_links":{"self":[{"href":"https:\/\/sc.informatik.rwth-aachen.de\/de\/wp-json\/wp\/v2\/pages\/14689","targetHints":{"allow":["GET"]}}],"collection":[{"href":"https:\/\/sc.informatik.rwth-aachen.de\/de\/wp-json\/wp\/v2\/pages"}],"about":[{"href":"https:\/\/sc.informatik.rwth-aachen.de\/de\/wp-json\/wp\/v2\/types\/page"}],"author":[{"embeddable":true,"href":"https:\/\/sc.informatik.rwth-aachen.de\/de\/wp-json\/wp\/v2\/users\/8"}],"replies":[{"embeddable":true,"href":"https:\/\/sc.informatik.rwth-aachen.de\/de\/wp-json\/wp\/v2\/comments?post=14689"}],"version-history":[{"count":20,"href":"https:\/\/sc.informatik.rwth-aachen.de\/de\/wp-json\/wp\/v2\/pages\/14689\/revisions"}],"predecessor-version":[{"id":21604,"href":"https:\/\/sc.informatik.rwth-aachen.de\/de\/wp-json\/wp\/v2\/pages\/14689\/revisions\/21604"}],"up":[{"embeddable":true,"href":"https:\/\/sc.informatik.rwth-aachen.de\/de\/wp-json\/wp\/v2\/pages\/5024"}],"wp:attachment":[{"href":"https:\/\/sc.informatik.rwth-aachen.de\/de\/wp-json\/wp\/v2\/media?parent=14689"}],"curies":[{"name":"wp","href":"https:\/\/api.w.org\/{rel}","templated":true}]}}