{"id":12391,"date":"2022-12-20T14:09:22","date_gmt":"2022-12-20T13:09:22","guid":{"rendered":"https:\/\/sc.informatik.rwth-aachen.de\/?page_id=12391"},"modified":"2025-05-21T11:54:20","modified_gmt":"2025-05-21T09:54:20","slug":"supra","status":"publish","type":"page","link":"https:\/\/sc.informatik.rwth-aachen.de\/de\/supra\/","title":{"rendered":"Supra"},"content":{"rendered":"\t\t<div data-elementor-type=\"wp-page\" data-elementor-id=\"12391\" class=\"elementor elementor-12391\" data-elementor-post-type=\"page\">\n\t\t\t\t\t\t<section class=\"elementor-section elementor-top-section elementor-element elementor-element-ebfb80c elementor-section-height-min-height elementor-section-boxed elementor-section-height-default elementor-section-items-middle\" data-id=\"ebfb80c\" data-element_type=\"section\" data-e-type=\"section\" data-settings=\"{&quot;background_background&quot;:&quot;classic&quot;}\">\n\t\t\t\t\t\t<div class=\"elementor-container elementor-column-gap-default\">\n\t\t\t\t\t<div class=\"elementor-column elementor-col-100 elementor-top-column elementor-element elementor-element-83dcf59 animated-slow\" data-id=\"83dcf59\" data-element_type=\"column\" data-e-type=\"column\" data-settings=\"{&quot;animation&quot;:&quot;none&quot;}\">\n\t\t\t<div class=\"elementor-widget-wrap elementor-element-populated\">\n\t\t\t\t\t\t<div class=\"elementor-element elementor-element-a454795 elementor-absolute elementor-widget elementor-widget-text-editor\" data-id=\"a454795\" data-element_type=\"widget\" data-e-type=\"widget\" data-settings=\"{&quot;_position&quot;:&quot;absolute&quot;}\" data-widget_type=\"text-editor.default\">\n\t\t\t\t<div class=\"elementor-widget-container\">\n\t\t\t\t\t\t\t\t\t<p><span style=\"color: #999999;\">copyright: Martin Braun<\/span><\/p>\t\t\t\t\t\t\t\t<\/div>\n\t\t\t\t<\/div>\n\t\t\t\t\t<\/div>\n\t\t<\/div>\n\t\t\t\t\t<\/div>\n\t\t<\/section>\n\t\t\t\t<section class=\"elementor-section elementor-top-section elementor-element elementor-element-2461a82 elementor-section-boxed elementor-section-height-default elementor-section-height-default\" data-id=\"2461a82\" data-element_type=\"section\" data-e-type=\"section\" data-settings=\"{&quot;background_background&quot;:&quot;classic&quot;}\">\n\t\t\t\t\t\t\t<div class=\"elementor-background-overlay\"><\/div>\n\t\t\t\t\t\t\t<div class=\"elementor-container elementor-column-gap-default\">\n\t\t\t\t\t<div class=\"elementor-column elementor-col-100 elementor-top-column elementor-element elementor-element-9638b05 glass-blur\" data-id=\"9638b05\" data-element_type=\"column\" data-e-type=\"column\" data-settings=\"{&quot;background_background&quot;:&quot;classic&quot;}\">\n\t\t\t<div class=\"elementor-widget-wrap elementor-element-populated\">\n\t\t\t\t\t\t<div class=\"elementor-element elementor-element-451529e elementor-widget elementor-widget-heading\" data-id=\"451529e\" data-element_type=\"widget\" data-e-type=\"widget\" data-widget_type=\"heading.default\">\n\t\t\t\t<div class=\"elementor-widget-container\">\n\t\t\t\t\t<h2 class=\"elementor-heading-title elementor-size-default\">SuPra - Anmeldung f\u00fcr Seminare und Praktika<\/h2>\t\t\t\t<\/div>\n\t\t\t\t<\/div>\n\t\t\t\t<div class=\"elementor-element elementor-element-38d4d3d elementor-widget elementor-widget-text-editor\" data-id=\"38d4d3d\" data-element_type=\"widget\" data-e-type=\"widget\" data-widget_type=\"text-editor.default\">\n\t\t\t\t<div class=\"elementor-widget-container\">\n\t\t\t\t\t\t\t\t\t<p><span style=\"font-size: 10.5pt; line-height: 107%; font-family: Arial, sans-serif;\"><br \/><!--[endif]--><\/span><\/p>\t\t\t\t\t\t\t\t<\/div>\n\t\t\t\t<\/div>\n\t\t\t\t\t<\/div>\n\t\t<\/div>\n\t\t\t\t\t<\/div>\n\t\t<\/section>\n\t\t\t\t<section class=\"elementor-section elementor-top-section elementor-element elementor-element-4afd30f elementor-section-boxed elementor-section-height-default elementor-section-height-default\" data-id=\"4afd30f\" data-element_type=\"section\" data-e-type=\"section\">\n\t\t\t\t\t\t<div class=\"elementor-container elementor-column-gap-default\">\n\t\t\t\t\t<div class=\"elementor-column elementor-col-100 elementor-top-column elementor-element elementor-element-37f8238\" data-id=\"37f8238\" data-element_type=\"column\" data-e-type=\"column\">\n\t\t\t<div class=\"elementor-widget-wrap elementor-element-populated\">\n\t\t\t\t\t\t<section class=\"elementor-section elementor-inner-section elementor-element elementor-element-d2bd220 elementor-section-boxed elementor-section-height-default elementor-section-height-default\" data-id=\"d2bd220\" data-element_type=\"section\" data-e-type=\"section\">\n\t\t\t\t\t\t<div class=\"elementor-container elementor-column-gap-default\">\n\t\t\t\t\t<div class=\"elementor-column elementor-col-50 elementor-inner-column elementor-element elementor-element-73a1e68\" data-id=\"73a1e68\" data-element_type=\"column\" data-e-type=\"column\">\n\t\t\t<div class=\"elementor-widget-wrap elementor-element-populated\">\n\t\t\t\t\t\t<div class=\"elementor-element elementor-element-564b99e elementor-widget elementor-widget-text-editor\" data-id=\"564b99e\" data-element_type=\"widget\" data-e-type=\"widget\" data-widget_type=\"text-editor.default\">\n\t\t\t\t<div class=\"elementor-widget-container\">\n\t\t\t\t\t\t\t\t\t<p><span style=\"color: var( --e-global-color-text ); font-size: 1rem;\">Mehr als 1700 Praktika, Proseminar- und Seminarthemen werden von der Fachgruppe Informatik jedes Semester angeboten. Die Vielzahl und Breite erstreckt sich \u00fcber die gesamte F\u00e4cherauswahl, die wir in Aachen anbieten.\u00a0<\/span><span style=\"color: var( --e-global-color-text ); font-size: 1rem;\">Aus diesem gro\u00dfen Katalog kannst du w\u00e4hlen. Dabei mag es vorkommen, dass deinen favorisierten Wunsch auch andere Studierenden sehr attraktiv finden.\u00a0<\/span><\/p><p>Um daher eine faire Verteilung zu gew\u00e4hrleisten, veranlassen wir die Vergabe f\u00fcr Seminare und Praktika \u00fcber das Portal<a href=\"https:\/\/supra.informatik.rwth-aachen.de\"> SuPra<\/a>.<\/p><p><span style=\"color: var( --e-global-color-text ); font-size: 1rem;\">Gut zwei Monate vor dem jeweiligen Semesterstart sind alle Angebote sichtbar und du kannst deine W\u00fcnsche eintragen.<\/span><\/p>\t\t\t\t\t\t\t\t<\/div>\n\t\t\t\t<\/div>\n\t\t\t\t\t<\/div>\n\t\t<\/div>\n\t\t\t\t<div class=\"elementor-column elementor-col-50 elementor-inner-column elementor-element elementor-element-cdc4b1e\" data-id=\"cdc4b1e\" data-element_type=\"column\" data-e-type=\"column\">\n\t\t\t<div class=\"elementor-widget-wrap elementor-element-populated\">\n\t\t\t\t\t\t<div class=\"elementor-element elementor-element-be2eb43 elementor-alert elementor-alert-info elementor-widget elementor-widget-text-editor\" data-id=\"be2eb43\" data-element_type=\"widget\" data-e-type=\"widget\" data-widget_type=\"text-editor.default\">\n\t\t\t\t<div class=\"elementor-widget-container\">\n\t\t\t\t\t\t\t\t\t<p>Das Praktikum Systemprogrammierung wird nicht \u00fcber SuPra vergeben, sondern direkt \u00fcber den <a href=\"https:\/\/embedded.rwth-aachen.de\/\">ausf\u00fchrenden Lehrstuhl<\/a>.<\/p>\t\t\t\t\t\t\t\t<\/div>\n\t\t\t\t<\/div>\n\t\t\t\t<div class=\"elementor-element elementor-element-80f4beb elementor-alert elementor-alert-warning elementor-widget elementor-widget-text-editor\" data-id=\"80f4beb\" data-element_type=\"widget\" data-e-type=\"widget\" data-widget_type=\"text-editor.default\">\n\t\t\t\t<div class=\"elementor-widget-container\">\n\t\t\t\t\t\t\t\t\t<p><span style=\"background-color: var(--rwth-warning); font-family: -apple-system, BlinkMacSystemFont, 'Segoe UI', Roboto, 'Helvetica Neue', Arial, 'Noto Sans', sans-serif, 'Apple Color Emoji', 'Segoe UI Emoji', 'Segoe UI Symbol', 'Noto Color Emoji'; font-size: 1rem;\">Achte auf die angegebenen <\/span><strong style=\"background-color: var(--rwth-warning); font-family: -apple-system, BlinkMacSystemFont, 'Segoe UI', Roboto, 'Helvetica Neue', Arial, 'Noto Sans', sans-serif, 'Apple Color Emoji', 'Segoe UI Emoji', 'Segoe UI Symbol', 'Noto Color Emoji'; font-size: 1rem;\">Deadlines<\/strong><span style=\"background-color: var(--rwth-warning); font-family: -apple-system, BlinkMacSystemFont, 'Segoe UI', Roboto, 'Helvetica Neue', Arial, 'Noto Sans', sans-serif, 'Apple Color Emoji', 'Segoe UI Emoji', 'Segoe UI Symbol', 'Noto Color Emoji'; font-size: 1rem;\">. Deine Eingaben m\u00fcssen strikt in den angegebenen Zeitr\u00e4umen erfolgen.\u00a0<\/span><\/p><p>Mo., 16.06.25 08:00 \u2013 Mo., 23.06.25, 18:00: Wahlphase 1a<\/p><p>Mo., 23.06.25, 19:00 \u2013 Do., 26.06.25 12:00: Umwidmungsphase (wenn n\u00f6tig)<\/p><p>Do., 26.06.25, 13:00 \u2013 So., 29.06.25, 23:59: Wahlphase 1b (wenn n\u00f6tig)*<\/p><p>Mo., 30.06.25, 08:00 \u2013 Do., 03.07.25, 18:00:\u00a0 Verteilungsphase 1\u00a0\u00a0\u00a0\u00a0\u00a0\u00a0<\/p><p>Fr., 04.07.25,\u00a0 08:00 \u2013 Di., 08.07.25, 23:59: Wahlphase 2 *<\/p><p>Mi., 09.07.25, 08:00 \u2013 Fr., 11.07.25, 18:00: Verteilungsphase 2<\/p><p>*Teilnahme nur m\u00f6glich, wenn an Wahlphase 1a teilgenommen wurde<\/p>\t\t\t\t\t\t\t\t<\/div>\n\t\t\t\t<\/div>\n\t\t\t\t\t<\/div>\n\t\t<\/div>\n\t\t\t\t\t<\/div>\n\t\t<\/section>\n\t\t\t\t\t<\/div>\n\t\t<\/div>\n\t\t\t\t\t<\/div>\n\t\t<\/section>\n\t\t\t\t<section class=\"elementor-section elementor-top-section elementor-element elementor-element-ae3248a elementor-section-boxed elementor-section-height-default elementor-section-height-default\" data-id=\"ae3248a\" data-element_type=\"section\" data-e-type=\"section\">\n\t\t\t\t\t\t<div class=\"elementor-container elementor-column-gap-default\">\n\t\t\t\t\t<div class=\"elementor-column elementor-col-100 elementor-top-column elementor-element elementor-element-41872b4\" data-id=\"41872b4\" data-element_type=\"column\" data-e-type=\"column\">\n\t\t\t<div class=\"elementor-widget-wrap elementor-element-populated\">\n\t\t\t\t\t\t<div class=\"elementor-element elementor-element-7351593 elementor-widget elementor-widget-heading\" data-id=\"7351593\" data-element_type=\"widget\" data-e-type=\"widget\" data-widget_type=\"heading.default\">\n\t\t\t\t<div class=\"elementor-widget-container\">\n\t\t\t\t\t<h2 class=\"elementor-heading-title elementor-size-default\">Wahlphase<\/h2>\t\t\t\t<\/div>\n\t\t\t\t<\/div>\n\t\t\t\t<section class=\"elementor-section elementor-inner-section elementor-element elementor-element-c82403f elementor-section-boxed elementor-section-height-default elementor-section-height-default\" data-id=\"c82403f\" data-element_type=\"section\" data-e-type=\"section\">\n\t\t\t\t\t\t<div class=\"elementor-container elementor-column-gap-default\">\n\t\t\t\t\t<div class=\"elementor-column elementor-col-50 elementor-inner-column elementor-element elementor-element-4323f3f\" data-id=\"4323f3f\" data-element_type=\"column\" data-e-type=\"column\">\n\t\t\t<div class=\"elementor-widget-wrap elementor-element-populated\">\n\t\t\t\t\t\t<div class=\"elementor-element elementor-element-9479323 elementor-widget elementor-widget-text-editor\" data-id=\"9479323\" data-element_type=\"widget\" data-e-type=\"widget\" data-widget_type=\"text-editor.default\">\n\t\t\t\t<div class=\"elementor-widget-container\">\n\t\t\t\t\t\t\t\t\t<p>W\u00e4hrend der Wahlphase gibst du deinen Bedarf f\u00fcr bis zu zwei Modultypen (1. Modul, 2. Modul &#8211; Proseminar, SPP, Seminar oder Praktikum, je nach Studiengang) an, erstellst eine Merkliste aus den interessantesten Themen und priorisierst jeweils ein Angebot von 1 (h\u00f6chste) bis 3 (niedrig).\u00a0<\/p><p>Empfehlenswert f\u00fcr die <strong>drei<\/strong> h\u00f6chsten Priorit\u00e4ten bei den Modulen ist die <strong>Kommentarfunktion<\/strong> zu nutzen, um etwas \u00fcber dich, deine Eignung und dein Interesse zu schreiben.\u00a0<br \/>Deine abschlie\u00dfende Best\u00e4tigung der Eintragungen schlie\u00dft die Wahl ab und du nimmst am Vergabeverfahren teil.<\/p><p>Korrekturen k\u00f6nnen \u00fcbrigens solange die Wahlphase l\u00e4uft, durchgef\u00fchrt werden.\u00a0<\/p>\t\t\t\t\t\t\t\t<\/div>\n\t\t\t\t<\/div>\n\t\t\t\t\t<\/div>\n\t\t<\/div>\n\t\t\t\t<div class=\"elementor-column elementor-col-50 elementor-inner-column elementor-element elementor-element-479768c\" data-id=\"479768c\" data-element_type=\"column\" data-e-type=\"column\">\n\t\t\t<div class=\"elementor-widget-wrap elementor-element-populated\">\n\t\t\t\t\t\t<div class=\"elementor-element elementor-element-9282770 elementor-alert elementor-alert-info elementor-widget elementor-widget-text-editor\" data-id=\"9282770\" data-element_type=\"widget\" data-e-type=\"widget\" data-widget_type=\"text-editor.default\">\n\t\t\t\t<div class=\"elementor-widget-container\">\n\t\t\t\t\t\t\t\t\t<p><span style=\"background-color: var(--rwth-info); font-family: -apple-system, BlinkMacSystemFont, 'Segoe UI', Roboto, 'Helvetica Neue', Arial, 'Noto Sans', sans-serif, 'Apple Color Emoji', 'Segoe UI Emoji', 'Segoe UI Symbol', 'Noto Color Emoji'; font-size: 1rem;\">Dieses gilt nur f\u00fcr SPPs, Seminare und Praktika; Proseminare werden automatisch verteilt, daher entf\u00e4llt die Kommentarfunktion sowie die Priorisierung.<\/span><\/p>\t\t\t\t\t\t\t\t<\/div>\n\t\t\t\t<\/div>\n\t\t\t\t<div class=\"elementor-element elementor-element-56e9280 elementor-alert elementor-alert-warning elementor-widget elementor-widget-text-editor\" data-id=\"56e9280\" data-element_type=\"widget\" data-e-type=\"widget\" data-widget_type=\"text-editor.default\">\n\t\t\t\t<div class=\"elementor-widget-container\">\n\t\t\t\t\t\t\t\t\t<p>Pr\u00fcfe deine hinterlegte Mailadresse. Es kann sein, dass das noch immer die ist, mit der du dich immatrikuliert hast. In SuPra kannst du sie unter \u201ePers\u00f6nliche Daten\u201c anpassen.<\/p>\t\t\t\t\t\t\t\t<\/div>\n\t\t\t\t<\/div>\n\t\t\t\t\t<\/div>\n\t\t<\/div>\n\t\t\t\t\t<\/div>\n\t\t<\/section>\n\t\t\t\t\t<\/div>\n\t\t<\/div>\n\t\t\t\t\t<\/div>\n\t\t<\/section>\n\t\t\t\t<section class=\"elementor-section elementor-top-section elementor-element elementor-element-9f08993 elementor-section-boxed elementor-section-height-default elementor-section-height-default\" data-id=\"9f08993\" data-element_type=\"section\" data-e-type=\"section\">\n\t\t\t\t\t\t<div class=\"elementor-container elementor-column-gap-default\">\n\t\t\t\t\t<div class=\"elementor-column elementor-col-100 elementor-top-column elementor-element elementor-element-3eef00d\" data-id=\"3eef00d\" data-element_type=\"column\" data-e-type=\"column\">\n\t\t\t<div class=\"elementor-widget-wrap elementor-element-populated\">\n\t\t\t\t\t\t<div class=\"elementor-element elementor-element-0a6efd5 elementor-widget elementor-widget-heading\" data-id=\"0a6efd5\" data-element_type=\"widget\" data-e-type=\"widget\" data-widget_type=\"heading.default\">\n\t\t\t\t<div class=\"elementor-widget-container\">\n\t\t\t\t\t<h2 class=\"elementor-heading-title elementor-size-default\">Interne Verarbeitung &amp; Benachrichtigung<\/h2>\t\t\t\t<\/div>\n\t\t\t\t<\/div>\n\t\t\t\t\t<\/div>\n\t\t<\/div>\n\t\t\t\t\t<\/div>\n\t\t<\/section>\n\t\t\t\t<section class=\"elementor-section elementor-top-section elementor-element elementor-element-d49fadf elementor-section-boxed elementor-section-height-default elementor-section-height-default\" data-id=\"d49fadf\" data-element_type=\"section\" data-e-type=\"section\">\n\t\t\t\t\t\t<div class=\"elementor-container elementor-column-gap-default\">\n\t\t\t\t\t<div class=\"elementor-column elementor-col-100 elementor-top-column elementor-element elementor-element-3cbe1d9\" data-id=\"3cbe1d9\" data-element_type=\"column\" data-e-type=\"column\">\n\t\t\t<div class=\"elementor-widget-wrap elementor-element-populated\">\n\t\t\t\t\t\t<section class=\"elementor-section elementor-inner-section elementor-element elementor-element-ed91e9b elementor-section-boxed elementor-section-height-default elementor-section-height-default\" data-id=\"ed91e9b\" data-element_type=\"section\" data-e-type=\"section\">\n\t\t\t\t\t\t<div class=\"elementor-container elementor-column-gap-default\">\n\t\t\t\t\t<div class=\"elementor-column elementor-col-50 elementor-inner-column elementor-element elementor-element-cce4e85\" data-id=\"cce4e85\" data-element_type=\"column\" data-e-type=\"column\">\n\t\t\t<div class=\"elementor-widget-wrap elementor-element-populated\">\n\t\t\t\t\t\t<div class=\"elementor-element elementor-element-264e560 elementor-widget elementor-widget-text-editor\" data-id=\"264e560\" data-element_type=\"widget\" data-e-type=\"widget\" data-widget_type=\"text-editor.default\">\n\t\t\t\t<div class=\"elementor-widget-container\">\n\t\t\t\t\t\t\t\t\t<p>W\u00e4hrend der internen Verarbeitung aller angemeldeter Bedarfe werden diese mit den vorhandenen Angeboten verglichen. Sollte es hier ein gutes Gleichgewicht geben, wird mit der Zuteilung begonnen. Wenn nicht, wird die Fachgruppe versuchen die Angebote an den Bedarf anzupassen. In diesem Fall wird dir erm\u00f6glicht, deine Wahlen nochmal anzupassen.\u00a0<\/p><p>Nach der Bedarfserhebung werden in Verteilungsphase 1 deine Wahlen f\u00fcr das 1. Modul betrachtet und versucht, eine Zuteilung zu erreichen. \u00dcber den Abschluss dieser Phase wirst du per Mail informiert. Dann hast du nochmal Zeit, dir deine Wahlen f\u00fcr den 2. Modul anzusehen. Eventuell wurden schon einige Kurse in Verteilungsphase 1 komplett gef\u00fcllt, sodass du nochmal nachsehen kannst, ob du etwas neu priorisieren m\u00f6chtest, um keine Chance zu vergeben. Im Anschluss, der Verteilungsphase 2, werden dann diese Wahlen ber\u00fccksichtigt und auch hier versucht, dich zuzuteilen. Auch hier erfolgt am Ende wieder eine Benachrichtigung per Mail.<\/p>\t\t\t\t\t\t\t\t<\/div>\n\t\t\t\t<\/div>\n\t\t\t\t\t<\/div>\n\t\t<\/div>\n\t\t\t\t<div class=\"elementor-column elementor-col-50 elementor-inner-column elementor-element elementor-element-94e7c8f\" data-id=\"94e7c8f\" data-element_type=\"column\" data-e-type=\"column\">\n\t\t\t<div class=\"elementor-widget-wrap elementor-element-populated\">\n\t\t\t\t\t\t<div class=\"elementor-element elementor-element-0e0f355 elementor-alert elementor-alert-warning elementor-widget elementor-widget-text-editor\" data-id=\"0e0f355\" data-element_type=\"widget\" data-e-type=\"widget\" data-widget_type=\"text-editor.default\">\n\t\t\t\t<div class=\"elementor-widget-container\">\n\t\t\t\t\t\t\t\t\t<p>Der Bearbeitungsstand ist immer in <a href=\"https:\/\/supra.informatik.rwth-aachen.de\">SuPra<\/a> einsehbar. Sobald eine Zuteilung erfolgt ist oder eine m\u00f6gliche neue Wahlentscheidung ansteht, wirst du zus\u00e4tzlich per Mail informiert bzw. aufgefordert.\u00a0<\/p>\t\t\t\t\t\t\t\t<\/div>\n\t\t\t\t<\/div>\n\t\t\t\t\t<\/div>\n\t\t<\/div>\n\t\t\t\t\t<\/div>\n\t\t<\/section>\n\t\t\t\t\t<\/div>\n\t\t<\/div>\n\t\t\t\t\t<\/div>\n\t\t<\/section>\n\t\t\t\t<section class=\"elementor-section elementor-top-section elementor-element elementor-element-5e9a14b elementor-section-boxed elementor-section-height-default elementor-section-height-default\" data-id=\"5e9a14b\" data-element_type=\"section\" data-e-type=\"section\">\n\t\t\t\t\t\t<div class=\"elementor-container elementor-column-gap-default\">\n\t\t\t\t\t<div class=\"elementor-column elementor-col-100 elementor-top-column elementor-element elementor-element-876f374\" data-id=\"876f374\" data-element_type=\"column\" data-e-type=\"column\">\n\t\t\t<div class=\"elementor-widget-wrap elementor-element-populated\">\n\t\t\t\t\t\t<div class=\"elementor-element elementor-element-33826fd elementor-widget elementor-widget-heading\" data-id=\"33826fd\" data-element_type=\"widget\" data-e-type=\"widget\" data-widget_type=\"heading.default\">\n\t\t\t\t<div class=\"elementor-widget-container\">\n\t\t\t\t\t<h2 class=\"elementor-heading-title elementor-size-default\">M\u00f6glichkeit \"Freier Markt\"<\/h2>\t\t\t\t<\/div>\n\t\t\t\t<\/div>\n\t\t\t\t<section class=\"elementor-section elementor-inner-section elementor-element elementor-element-06f2316 elementor-section-boxed elementor-section-height-default elementor-section-height-default\" data-id=\"06f2316\" data-element_type=\"section\" data-e-type=\"section\">\n\t\t\t\t\t\t<div class=\"elementor-container elementor-column-gap-default\">\n\t\t\t\t\t<div class=\"elementor-column elementor-col-50 elementor-inner-column elementor-element elementor-element-b745130\" data-id=\"b745130\" data-element_type=\"column\" data-e-type=\"column\">\n\t\t\t<div class=\"elementor-widget-wrap elementor-element-populated\">\n\t\t\t\t\t\t<div class=\"elementor-element elementor-element-4fa699f elementor-widget elementor-widget-text-editor\" data-id=\"4fa699f\" data-element_type=\"widget\" data-e-type=\"widget\" data-widget_type=\"text-editor.default\">\n\t\t\t\t<div class=\"elementor-widget-container\">\n\t\t\t\t\t\t\t\t\t<p>Mit dem Ende aller Verteilungs- und Wahlschleifen, wird es vakante Kurse geben, die kein Match gefunden haben. Im\u00a0<span style=\"color: var( --e-global-color-text ); font-size: 1rem;\">&#8220;freien Markt&#8221; stehen diese f\u00fcr diejenigen offen, die keine Zuteilung bekommen haben.\u00a0\u00a0<\/span><\/p>\t\t\t\t\t\t\t\t<\/div>\n\t\t\t\t<\/div>\n\t\t\t\t\t<\/div>\n\t\t<\/div>\n\t\t\t\t<div class=\"elementor-column elementor-col-50 elementor-inner-column elementor-element elementor-element-52e3f75\" data-id=\"52e3f75\" data-element_type=\"column\" data-e-type=\"column\">\n\t\t\t<div class=\"elementor-widget-wrap\">\n\t\t\t\t\t\t\t<\/div>\n\t\t<\/div>\n\t\t\t\t\t<\/div>\n\t\t<\/section>\n\t\t\t\t\t<\/div>\n\t\t<\/div>\n\t\t\t\t\t<\/div>\n\t\t<\/section>\n\t\t\t\t<section class=\"elementor-section elementor-top-section elementor-element elementor-element-b5f519a elementor-section-boxed elementor-section-height-default elementor-section-height-default\" data-id=\"b5f519a\" data-element_type=\"section\" data-e-type=\"section\">\n\t\t\t\t\t\t<div class=\"elementor-container elementor-column-gap-default\">\n\t\t\t\t\t<div class=\"elementor-column elementor-col-100 elementor-top-column elementor-element elementor-element-ddaadd4\" data-id=\"ddaadd4\" data-element_type=\"column\" data-e-type=\"column\">\n\t\t\t<div class=\"elementor-widget-wrap elementor-element-populated\">\n\t\t\t\t\t\t<div class=\"elementor-element elementor-element-0c3d7a3 elementor-widget elementor-widget-text-editor\" data-id=\"0c3d7a3\" data-element_type=\"widget\" data-e-type=\"widget\" data-widget_type=\"text-editor.default\">\n\t\t\t\t<div class=\"elementor-widget-container\">\n\t\t\t\t\t\t\t\t\t<p>Sollten Fragen offen sein, es zu Schwierigkeiten &#8211; ob technischer oder inhaltlicher Art &#8211; kommen, hilft das <a href=\"mailto:supra@informatik.rwth-aachen.de\">SuPra-Team<\/a> weiter.\u00a0<br \/>Auch ist das Portal <a href=\"https:\/\/supra.informatik.rwth-aachen.de\">Supra<\/a> w\u00e4hrend des Verteilungsprozesses ge\u00f6ffnet: Hier findest du ebenfalls eine umfangreiche Anleitung.<\/p>\t\t\t\t\t\t\t\t<\/div>\n\t\t\t\t<\/div>\n\t\t\t\t\t<\/div>\n\t\t<\/div>\n\t\t\t\t\t<\/div>\n\t\t<\/section>\n\t\t\t\t<\/div>\n\t\t","protected":false},"excerpt":{"rendered":"<p>copyright: Martin Braun SuPra &#8211; Anmeldung f\u00fcr Seminare und Praktika Mehr als 1700 Praktika, Proseminar- und Seminarthemen werden von der Fachgruppe Informatik jedes Semester angeboten. Die Vielzahl und Breite erstreckt sich \u00fcber die gesamte F\u00e4cherauswahl, die wir in Aachen anbieten.\u00a0Aus diesem gro\u00dfen Katalog kannst du w\u00e4hlen. Dabei mag es vorkommen, dass deinen favorisierten Wunsch auch [&hellip;]<\/p>\n","protected":false},"author":11,"featured_media":0,"parent":0,"menu_order":0,"comment_status":"closed","ping_status":"closed","template":"","meta":{"inline_featured_image":false,"footnotes":""},"class_list":["post-12391","page","type-page","status-publish","hentry"],"_links":{"self":[{"href":"https:\/\/sc.informatik.rwth-aachen.de\/de\/wp-json\/wp\/v2\/pages\/12391","targetHints":{"allow":["GET"]}}],"collection":[{"href":"https:\/\/sc.informatik.rwth-aachen.de\/de\/wp-json\/wp\/v2\/pages"}],"about":[{"href":"https:\/\/sc.informatik.rwth-aachen.de\/de\/wp-json\/wp\/v2\/types\/page"}],"author":[{"embeddable":true,"href":"https:\/\/sc.informatik.rwth-aachen.de\/de\/wp-json\/wp\/v2\/users\/11"}],"replies":[{"embeddable":true,"href":"https:\/\/sc.informatik.rwth-aachen.de\/de\/wp-json\/wp\/v2\/comments?post=12391"}],"version-history":[{"count":134,"href":"https:\/\/sc.informatik.rwth-aachen.de\/de\/wp-json\/wp\/v2\/pages\/12391\/revisions"}],"predecessor-version":[{"id":21080,"href":"https:\/\/sc.informatik.rwth-aachen.de\/de\/wp-json\/wp\/v2\/pages\/12391\/revisions\/21080"}],"wp:attachment":[{"href":"https:\/\/sc.informatik.rwth-aachen.de\/de\/wp-json\/wp\/v2\/media?parent=12391"}],"curies":[{"name":"wp","href":"https:\/\/api.w.org\/{rel}","templated":true}]}}