{"id":12275,"date":"2022-12-15T11:51:10","date_gmt":"2022-12-15T10:51:10","guid":{"rendered":"https:\/\/sc.informatik.rwth-aachen.de\/?page_id=12275"},"modified":"2023-04-04T17:16:08","modified_gmt":"2023-04-04T15:16:08","slug":"gamedevelopmentlab","status":"publish","type":"page","link":"https:\/\/sc.informatik.rwth-aachen.de\/de\/gamedevelopmentlab\/","title":{"rendered":"Game Development Lab"},"content":{"rendered":"\t\t<div data-elementor-type=\"wp-page\" data-elementor-id=\"12275\" class=\"elementor elementor-12275\" data-elementor-post-type=\"page\">\n\t\t\t\t\t\t<section class=\"elementor-section elementor-top-section elementor-element elementor-element-430130b elementor-section-height-min-height elementor-section-boxed elementor-section-height-default elementor-section-items-middle\" data-id=\"430130b\" data-element_type=\"section\" data-e-type=\"section\" data-settings=\"{&quot;background_background&quot;:&quot;classic&quot;}\">\n\t\t\t\t\t\t<div class=\"elementor-container elementor-column-gap-default\">\n\t\t\t\t\t<div class=\"elementor-column elementor-col-100 elementor-top-column elementor-element elementor-element-e2cbeb4\" data-id=\"e2cbeb4\" data-element_type=\"column\" data-e-type=\"column\">\n\t\t\t<div class=\"elementor-widget-wrap\">\n\t\t\t\t\t\t\t<\/div>\n\t\t<\/div>\n\t\t\t\t\t<\/div>\n\t\t<\/section>\n\t\t\t\t<section class=\"elementor-section elementor-top-section elementor-element elementor-element-5dcae3e elementor-reverse-mobile elementor-section-boxed elementor-section-height-default elementor-section-height-default\" data-id=\"5dcae3e\" data-element_type=\"section\" data-e-type=\"section\">\n\t\t\t\t\t\t<div class=\"elementor-container elementor-column-gap-wide\">\n\t\t\t\t\t<div class=\"elementor-column elementor-col-50 elementor-top-column elementor-element elementor-element-45ea2bb\" data-id=\"45ea2bb\" data-element_type=\"column\" data-e-type=\"column\">\n\t\t\t<div class=\"elementor-widget-wrap elementor-element-populated\">\n\t\t\t\t\t\t<div class=\"elementor-element elementor-element-d1e00a7 elementor-widget elementor-widget-heading\" data-id=\"d1e00a7\" data-element_type=\"widget\" data-e-type=\"widget\" data-widget_type=\"heading.default\">\n\t\t\t\t<div class=\"elementor-widget-container\">\n\t\t\t\t\t<h1 class=\"elementor-heading-title elementor-size-default\">Game Development Lab<\/h1>\t\t\t\t<\/div>\n\t\t\t\t<\/div>\n\t\t\t\t<div class=\"elementor-element elementor-element-dbef0d4 elementor-widget__width-auto elementor-widget elementor-widget-text-editor\" data-id=\"dbef0d4\" data-element_type=\"widget\" data-e-type=\"widget\" data-widget_type=\"text-editor.default\">\n\t\t\t\t<div class=\"elementor-widget-container\">\n\t\t\t\t\t\t\t\t\t<p>In diesem Praktikum lernen die Teilnehmer, wie man Computerspiele entwickelt. Die Studierenden lernen die Grundlagen des Spieldesigns und der Entwicklung, einschlie\u00dflich Konzepten wie Spielmechanik, Leveldesign und Benutzererfahrung.<\/p><p>Der Schwerpunkt des Praktikums liegt auf der Praxis, wobei die Studierenden in Teams arbeiten, um ihr eigenes Spiel mit Hilfe von Spieleentwicklungssoftware wie Unity oder Godot zu entwickeln. Die Studierenden lernen, wie man mit diesen Tools Spielumgebungen, Charaktere und Objekte erstellt und wie man Spielmechanik und -logik implementiert, um interaktive und ansprechende Erlebnisse zu schaffen.<\/p><p>Das Praktikum beginnt mit einer Einf\u00fchrung in das Spieldesign und in die Arbeit mit einer Game Engine wie Godot oder Unity. Danach arbeiten die Teilnehmer an ihren eigenen Spielprojekten und erhalten Feedback von ihren Kommilitonen und uns.<\/p>\t\t\t\t\t\t\t\t<\/div>\n\t\t\t\t<\/div>\n\t\t\t\t<div class=\"elementor-element elementor-element-01688c1 elementor-widget elementor-widget-spacer\" data-id=\"01688c1\" data-element_type=\"widget\" data-e-type=\"widget\" data-widget_type=\"spacer.default\">\n\t\t\t\t<div class=\"elementor-widget-container\">\n\t\t\t\t\t\t\t<div class=\"elementor-spacer\">\n\t\t\t<div class=\"elementor-spacer-inner\"><\/div>\n\t\t<\/div>\n\t\t\t\t\t\t<\/div>\n\t\t\t\t<\/div>\n\t\t\t\t<div class=\"elementor-element elementor-element-8899a4a elementor-widget elementor-widget-heading\" data-id=\"8899a4a\" data-element_type=\"widget\" data-e-type=\"widget\" data-widget_type=\"heading.default\">\n\t\t\t\t<div class=\"elementor-widget-container\">\n\t\t\t\t\t<h2 class=\"elementor-heading-title elementor-size-default\">Kontakt<\/h2>\t\t\t\t<\/div>\n\t\t\t\t<\/div>\n\t\t\t\t<div class=\"elementor-element elementor-element-af12c44 elementor-widget__width-auto elementor-widget elementor-widget-image\" data-id=\"af12c44\" data-element_type=\"widget\" data-e-type=\"widget\" data-widget_type=\"image.default\">\n\t\t\t\t<div class=\"elementor-widget-container\">\n\t\t\t\t\t\t\t\t\t\t\t\t<figure class=\"wp-caption\">\n\t\t\t\t\t\t\t\t\t\t\t<a href=\"https:\/\/sc.informatik.rwth-aachen.de\/voelker\">\n\t\t\t\t\t\t\t<img decoding=\"async\" src=\"https:\/\/sc.informatik.rwth-aachen.de\/wp-content\/uploads\/elementor\/thumbs\/voelker_img-p6h0afpj7201l1pd4f8zz12a9hrgky378c36tr4o2k.png\" title=\"voelker_img\" alt=\"voelker_img\" loading=\"lazy\" \/>\t\t\t\t\t\t\t\t<\/a>\n\t\t\t\t\t\t\t\t\t\t\t<figcaption class=\"widget-image-caption wp-caption-text\">Dr. Simon V\u00f6lker<\/figcaption>\n\t\t\t\t\t\t\t\t\t\t<\/figure>\n\t\t\t\t\t\t\t\t\t<\/div>\n\t\t\t\t<\/div>\n\t\t\t\t<div class=\"elementor-element elementor-element-93df877 elementor-widget__width-auto elementor-widget elementor-widget-image\" data-id=\"93df877\" data-element_type=\"widget\" data-e-type=\"widget\" data-widget_type=\"image.default\">\n\t\t\t\t<div class=\"elementor-widget-container\">\n\t\t\t\t\t\t\t\t\t\t\t\t<figure class=\"wp-caption\">\n\t\t\t\t\t\t\t\t\t\t\t<a href=\"https:\/\/sc.informatik.rwth-aachen.de\/lim\">\n\t\t\t\t\t\t\t<img decoding=\"async\" src=\"https:\/\/sc.informatik.rwth-aachen.de\/wp-content\/uploads\/elementor\/thumbs\/lim_img-removebg-preview-p8rj0r34slg1au7or2207zyyv6zerkjtbgc1fmre1o.png\" title=\"lim_img-removebg-preview\" alt=\"lim_img-removebg-preview\" loading=\"lazy\" \/>\t\t\t\t\t\t\t\t<\/a>\n\t\t\t\t\t\t\t\t\t\t\t<figcaption class=\"widget-image-caption wp-caption-text\">Dr. Isaak Lim<\/figcaption>\n\t\t\t\t\t\t\t\t\t\t<\/figure>\n\t\t\t\t\t\t\t\t\t<\/div>\n\t\t\t\t<\/div>\n\t\t\t\t<div class=\"elementor-element elementor-element-bbe5789 elementor-widget__width-auto elementor-widget elementor-widget-image\" data-id=\"bbe5789\" data-element_type=\"widget\" data-e-type=\"widget\" data-widget_type=\"image.default\">\n\t\t\t\t<div class=\"elementor-widget-container\">\n\t\t\t\t\t\t\t\t\t\t\t\t<figure class=\"wp-caption\">\n\t\t\t\t\t\t\t\t\t\t\t<a href=\"https:\/\/sc.informatik.rwth-aachen.de\/busch\">\n\t\t\t\t\t\t\t<img decoding=\"async\" src=\"https:\/\/sc.informatik.rwth-aachen.de\/wp-content\/uploads\/elementor\/thumbs\/busch_img-p6h0adtutdxgxts3fefqu1jd2q0q5jvqk2s7v77gf0.png\" title=\"busch_img\" alt=\"busch_img\" loading=\"lazy\" \/>\t\t\t\t\t\t\t\t<\/a>\n\t\t\t\t\t\t\t\t\t\t\t<figcaption class=\"widget-image-caption wp-caption-text\">Florian Busch<\/figcaption>\n\t\t\t\t\t\t\t\t\t\t<\/figure>\n\t\t\t\t\t\t\t\t\t<\/div>\n\t\t\t\t<\/div>\n\t\t\t\t\t<\/div>\n\t\t<\/div>\n\t\t\t\t<div class=\"elementor-column elementor-col-50 elementor-top-column elementor-element elementor-element-f45777e\" data-id=\"f45777e\" data-element_type=\"column\" data-e-type=\"column\">\n\t\t\t<div class=\"elementor-widget-wrap elementor-element-populated\">\n\t\t\t\t\t\t<section class=\"elementor-section elementor-inner-section elementor-element elementor-element-6fa8109 animated-fast elementor-section-boxed elementor-section-height-default elementor-section-height-default elementor-invisible\" data-id=\"6fa8109\" data-element_type=\"section\" data-e-type=\"section\" data-settings=\"{&quot;background_background&quot;:&quot;classic&quot;,&quot;animation&quot;:&quot;fadeIn&quot;}\">\n\t\t\t\t\t\t<div class=\"elementor-container elementor-column-gap-default\">\n\t\t\t\t\t<div class=\"elementor-column elementor-col-100 elementor-inner-column elementor-element elementor-element-e7dedaf\" data-id=\"e7dedaf\" data-element_type=\"column\" data-e-type=\"column\">\n\t\t\t<div class=\"elementor-widget-wrap elementor-element-populated\">\n\t\t\t\t\t\t<div class=\"elementor-element elementor-element-6ccbc9c elementor-widget elementor-widget-heading\" data-id=\"6ccbc9c\" data-element_type=\"widget\" data-e-type=\"widget\" data-widget_type=\"heading.default\">\n\t\t\t\t<div class=\"elementor-widget-container\">\n\t\t\t\t\t<h4 class=\"elementor-heading-title elementor-size-default\">Kurs<\/h4>\t\t\t\t<\/div>\n\t\t\t\t<\/div>\n\t\t\t\t<div class=\"elementor-element elementor-element-b1d8307 elementor-widget elementor-widget-text-editor\" data-id=\"b1d8307\" data-element_type=\"widget\" data-e-type=\"widget\" data-widget_type=\"text-editor.default\">\n\t\t\t\t<div class=\"elementor-widget-container\">\n\t\t\t\t\t\t\t\t\t<div class=\"key-value-container\"><span class=\"key\">Lab<\/span><span class=\"value\">Dienstags 10:30 &#8211; 12:00<\/span><\/div><div class=\"key-value-container\"><span class=\"key\">Sprache<\/span><span class=\"value\">Deutsch\/Englisch<\/span><\/div><div class=\"key-value-container\"><span class=\"key\">Credits<\/span><span class=\"value\">7 ECTS<\/span><\/div>\t\t\t\t\t\t\t\t<\/div>\n\t\t\t\t<\/div>\n\t\t\t\t\t<\/div>\n\t\t<\/div>\n\t\t\t\t\t<\/div>\n\t\t<\/section>\n\t\t\t\t<section class=\"elementor-section elementor-inner-section elementor-element elementor-element-f4c574c animated-fast elementor-section-boxed elementor-section-height-default elementor-section-height-default elementor-invisible\" data-id=\"f4c574c\" data-element_type=\"section\" data-e-type=\"section\" data-settings=\"{&quot;background_background&quot;:&quot;classic&quot;,&quot;animation&quot;:&quot;fadeIn&quot;}\">\n\t\t\t\t\t\t<div class=\"elementor-container elementor-column-gap-default\">\n\t\t\t\t\t<div class=\"elementor-column elementor-col-100 elementor-inner-column elementor-element elementor-element-6a5c54d\" data-id=\"6a5c54d\" data-element_type=\"column\" data-e-type=\"column\">\n\t\t\t<div class=\"elementor-widget-wrap elementor-element-populated\">\n\t\t\t\t\t\t<div class=\"elementor-element elementor-element-fa3890c elementor-widget elementor-widget-heading\" data-id=\"fa3890c\" data-element_type=\"widget\" data-e-type=\"widget\" data-widget_type=\"heading.default\">\n\t\t\t\t<div class=\"elementor-widget-container\">\n\t\t\t\t\t<h4 class=\"elementor-heading-title elementor-size-default\">Termine<\/h4>\t\t\t\t<\/div>\n\t\t\t\t<\/div>\n\t\t\t\t<div class=\"elementor-element elementor-element-130b3ac elementor-widget elementor-widget-text-editor\" data-id=\"130b3ac\" data-element_type=\"widget\" data-e-type=\"widget\" data-widget_type=\"text-editor.default\">\n\t\t\t\t<div class=\"elementor-widget-container\">\n\t\t\t\t\t\t\t\t\t<div class=\"key-value-container\"><span class=\"key\">Kickoff<br \/><\/span><span class=\"value\">04.04.2023<\/span><\/div>\t\t\t\t\t\t\t\t<\/div>\n\t\t\t\t<\/div>\n\t\t\t\t\t<\/div>\n\t\t<\/div>\n\t\t\t\t\t<\/div>\n\t\t<\/section>\n\t\t\t\t<section class=\"elementor-section elementor-inner-section elementor-element elementor-element-dbd64b2 animated-fast elementor-section-boxed elementor-section-height-default elementor-section-height-default elementor-invisible\" data-id=\"dbd64b2\" data-element_type=\"section\" data-e-type=\"section\" data-settings=\"{&quot;background_background&quot;:&quot;classic&quot;,&quot;animation&quot;:&quot;fadeIn&quot;}\">\n\t\t\t\t\t\t<div class=\"elementor-container elementor-column-gap-default\">\n\t\t\t\t\t<div class=\"elementor-column elementor-col-100 elementor-inner-column elementor-element elementor-element-44d6d13\" data-id=\"44d6d13\" data-element_type=\"column\" data-e-type=\"column\">\n\t\t\t<div class=\"elementor-widget-wrap elementor-element-populated\">\n\t\t\t\t\t\t<div class=\"elementor-element elementor-element-fe1a62c elementor-widget elementor-widget-heading\" data-id=\"fe1a62c\" data-element_type=\"widget\" data-e-type=\"widget\" data-widget_type=\"heading.default\">\n\t\t\t\t<div class=\"elementor-widget-container\">\n\t\t\t\t\t<h4 class=\"elementor-heading-title elementor-size-default\">Materialien<\/h4>\t\t\t\t<\/div>\n\t\t\t\t<\/div>\n\t\t\t\t<div class=\"elementor-element elementor-element-8dd95e6 elementor-widget elementor-widget-text-editor\" data-id=\"8dd95e6\" data-element_type=\"widget\" data-e-type=\"widget\" data-widget_type=\"text-editor.default\">\n\t\t\t\t<div class=\"elementor-widget-container\">\n\t\t\t\t\t\t\t\t\t<ul><li><a href=\"https:\/\/moodle.rwth-aachen.de\/course\/view.php?id=31960\">Moodle<\/a><\/li><li><a href=\"https:\/\/git.rwth-aachen.de\/\">Git-Lab der RWTH<\/a><\/li><\/ul>\t\t\t\t\t\t\t\t<\/div>\n\t\t\t\t<\/div>\n\t\t\t\t\t<\/div>\n\t\t<\/div>\n\t\t\t\t\t<\/div>\n\t\t<\/section>\n\t\t\t\t<section class=\"elementor-section elementor-inner-section elementor-element elementor-element-7178084 animated-fast elementor-section-boxed elementor-section-height-default elementor-section-height-default elementor-invisible\" data-id=\"7178084\" data-element_type=\"section\" data-e-type=\"section\" data-settings=\"{&quot;background_background&quot;:&quot;classic&quot;,&quot;animation&quot;:&quot;fadeIn&quot;}\">\n\t\t\t\t\t\t<div class=\"elementor-container elementor-column-gap-default\">\n\t\t\t\t\t<div class=\"elementor-column elementor-col-100 elementor-inner-column elementor-element elementor-element-3609826\" data-id=\"3609826\" data-element_type=\"column\" data-e-type=\"column\">\n\t\t\t<div class=\"elementor-widget-wrap elementor-element-populated\">\n\t\t\t\t\t\t<div class=\"elementor-element elementor-element-18a53eb elementor-widget elementor-widget-heading\" data-id=\"18a53eb\" data-element_type=\"widget\" data-e-type=\"widget\" data-widget_type=\"heading.default\">\n\t\t\t\t<div class=\"elementor-widget-container\">\n\t\t\t\t\t<h4 class=\"elementor-heading-title elementor-size-default\">Studieng\u00e4nge\n<\/h4>\t\t\t\t<\/div>\n\t\t\t\t<\/div>\n\t\t\t\t<div class=\"elementor-element elementor-element-b8921f2 elementor-widget elementor-widget-text-editor\" data-id=\"b8921f2\" data-element_type=\"widget\" data-e-type=\"widget\" data-widget_type=\"text-editor.default\">\n\t\t\t\t<div class=\"elementor-widget-container\">\n\t\t\t\t\t\t\t\t\t<ul><li>Informatik (B.Sc.)<\/li><li>Angewandte Geographie (B. Sc.)<\/li><li>Technical Communication (B. Sc.)<\/li><\/ul>\t\t\t\t\t\t\t\t<\/div>\n\t\t\t\t<\/div>\n\t\t\t\t\t<\/div>\n\t\t<\/div>\n\t\t\t\t\t<\/div>\n\t\t<\/section>\n\t\t\t\t\t<\/div>\n\t\t<\/div>\n\t\t\t\t\t<\/div>\n\t\t<\/section>\n\t\t\t\t<section class=\"elementor-section elementor-top-section elementor-element elementor-element-1fcc041 elementor-section-boxed elementor-section-height-default elementor-section-height-default\" data-id=\"1fcc041\" data-element_type=\"section\" data-e-type=\"section\">\n\t\t\t\t\t\t<div class=\"elementor-container elementor-column-gap-default\">\n\t\t\t\t\t<div class=\"elementor-column elementor-col-100 elementor-top-column elementor-element elementor-element-2c2b8ef\" data-id=\"2c2b8ef\" data-element_type=\"column\" data-e-type=\"column\">\n\t\t\t<div class=\"elementor-widget-wrap elementor-element-populated\">\n\t\t\t\t\t\t<div class=\"elementor-element elementor-element-ec2168a elementor-widget elementor-widget-heading\" data-id=\"ec2168a\" data-element_type=\"widget\" data-e-type=\"widget\" data-widget_type=\"heading.default\">\n\t\t\t\t<div class=\"elementor-widget-container\">\n\t\t\t\t\t<h2 class=\"elementor-heading-title elementor-size-default\">Benotung<\/h2>\t\t\t\t<\/div>\n\t\t\t\t<\/div>\n\t\t\t\t<div class=\"elementor-element elementor-element-683c0e6 elementor-widget__width-auto elementor-widget elementor-widget-text-editor\" data-id=\"683c0e6\" data-element_type=\"widget\" data-e-type=\"widget\" data-widget_type=\"text-editor.default\">\n\t\t\t\t<div class=\"elementor-widget-container\">\n\t\t\t\t\t\t\t\t\t<p>\u00dcbungen und Aufgaben werden nach der folgenden Skala benotet:<\/p>\n<table border=\"0\">\n<tbody>\n<tr>\n<td>1.0<\/td>\n<td>Eine au\u00dfergew\u00f6hnliche Arbeit, die deutlich \u00fcber das hinausging, was in den Aufgaben vorgegeben war<\/td>\n<\/tr>\n<tr>\n<td>2.0<\/td>\n<td>Die Aufgaben wurden gem\u00e4\u00df der Aufgabenstellung zufriedenstellend abgeschlossen<\/td>\n<\/tr>\n<tr>\n<td>3.0<\/td>\n<td>Aufgaben wurden abgeschlossen, haben aber einige Probleme<\/td>\n<\/tr>\n<tr>\n<td>4.0<\/td>\n<td>Unvollst\u00e4ndige Abgaben<\/td>\n<\/tr>\n<tr>\n<td>5.0<\/td>\n<td>Wenig oder gar keine Anstrengungen f\u00fcr die Aufgaben unternommen wurden<\/td>\n<\/tr>\n<\/tbody>\n<\/table>\t\t\t\t\t\t\t\t<\/div>\n\t\t\t\t<\/div>\n\t\t\t\t\t<\/div>\n\t\t<\/div>\n\t\t\t\t\t<\/div>\n\t\t<\/section>\n\t\t\t\t<section class=\"elementor-section elementor-top-section elementor-element elementor-element-1b3c59c elementor-section-boxed elementor-section-height-default elementor-section-height-default\" data-id=\"1b3c59c\" data-element_type=\"section\" data-e-type=\"section\">\n\t\t\t\t\t\t<div class=\"elementor-container elementor-column-gap-default\">\n\t\t\t\t\t<div class=\"elementor-column elementor-col-100 elementor-top-column elementor-element elementor-element-2fce2f0\" data-id=\"2fce2f0\" data-element_type=\"column\" data-e-type=\"column\">\n\t\t\t<div class=\"elementor-widget-wrap elementor-element-populated\">\n\t\t\t\t\t\t<div class=\"elementor-element elementor-element-ff3ed4f elementor-widget elementor-widget-heading\" data-id=\"ff3ed4f\" data-element_type=\"widget\" data-e-type=\"widget\" data-widget_type=\"heading.default\">\n\t\t\t\t<div class=\"elementor-widget-container\">\n\t\t\t\t\t<h2 class=\"elementor-heading-title elementor-size-default\">Kursvergabe- und Anmeldeleitfaden<\/h2>\t\t\t\t<\/div>\n\t\t\t\t<\/div>\n\t\t\t\t<div class=\"elementor-element elementor-element-f28c589 elementor-widget__width-auto elementor-widget elementor-widget-text-editor\" data-id=\"f28c589\" data-element_type=\"widget\" data-e-type=\"widget\" data-widget_type=\"text-editor.default\">\n\t\t\t\t<div class=\"elementor-widget-container\">\n\t\t\t\t\t\t\t\t\t<p>Anzahl der SWS: P3 (Aachen)<br>ECTS Credits: 6<br>Sprache: Deutsch oder Englisch f\u00fcr alle Vorlesungen oder Meeting<\/p>\n<p><\/p>\t\t\t\t\t\t\t\t<\/div>\n\t\t\t\t<\/div>\n\t\t\t\t\t<\/div>\n\t\t<\/div>\n\t\t\t\t\t<\/div>\n\t\t<\/section>\n\t\t\t\t<\/div>\n\t\t","protected":false},"excerpt":{"rendered":"<p>Game Development Lab In diesem Praktikum lernen die Teilnehmer, wie man Computerspiele entwickelt. Die Studierenden lernen die Grundlagen des Spieldesigns und der Entwicklung, einschlie\u00dflich Konzepten wie Spielmechanik, Leveldesign und Benutzererfahrung. Der Schwerpunkt des Praktikums liegt auf der Praxis, wobei die Studierenden in Teams arbeiten, um ihr eigenes Spiel mit Hilfe von Spieleentwicklungssoftware wie Unity oder [&hellip;]<\/p>\n","protected":false},"author":2,"featured_media":0,"parent":0,"menu_order":0,"comment_status":"closed","ping_status":"closed","template":"","meta":{"inline_featured_image":false,"footnotes":""},"class_list":["post-12275","page","type-page","status-publish","hentry"],"_links":{"self":[{"href":"https:\/\/sc.informatik.rwth-aachen.de\/de\/wp-json\/wp\/v2\/pages\/12275","targetHints":{"allow":["GET"]}}],"collection":[{"href":"https:\/\/sc.informatik.rwth-aachen.de\/de\/wp-json\/wp\/v2\/pages"}],"about":[{"href":"https:\/\/sc.informatik.rwth-aachen.de\/de\/wp-json\/wp\/v2\/types\/page"}],"author":[{"embeddable":true,"href":"https:\/\/sc.informatik.rwth-aachen.de\/de\/wp-json\/wp\/v2\/users\/2"}],"replies":[{"embeddable":true,"href":"https:\/\/sc.informatik.rwth-aachen.de\/de\/wp-json\/wp\/v2\/comments?post=12275"}],"version-history":[{"count":22,"href":"https:\/\/sc.informatik.rwth-aachen.de\/de\/wp-json\/wp\/v2\/pages\/12275\/revisions"}],"predecessor-version":[{"id":14089,"href":"https:\/\/sc.informatik.rwth-aachen.de\/de\/wp-json\/wp\/v2\/pages\/12275\/revisions\/14089"}],"wp:attachment":[{"href":"https:\/\/sc.informatik.rwth-aachen.de\/de\/wp-json\/wp\/v2\/media?parent=12275"}],"curies":[{"name":"wp","href":"https:\/\/api.w.org\/{rel}","templated":true}]}}